{"id":5108,"date":"2024-07-10T12:54:30","date_gmt":"2024-07-10T10:54:30","guid":{"rendered":"https:\/\/formacionaiju.es\/home-2\/"},"modified":"2024-10-29T20:16:58","modified_gmt":"2024-10-29T18:16:58","slug":"home-2","status":"publish","type":"page","link":"https:\/\/formacionaiju.es\/en\/","title":{"rendered":"Home"},"content":{"rendered":"\t\t<div data-elementor-type=\"wp-post\" data-elementor-id=\"5108\" class=\"elementor elementor-5108 elementor-5078\">\n\t\t\t\t\t\t<section class=\"elementor-section elementor-top-section elementor-element elementor-element-f89c06e elementor-section-boxed elementor-section-height-default elementor-section-height-default\" data-id=\"f89c06e\" data-element_type=\"section\" data-e-type=\"section\">\n\t\t\t\t\t\t<div class=\"elementor-container elementor-column-gap-default\">\n\t\t\t\t\t<div class=\"elementor-column elementor-col-100 elementor-top-column elementor-element elementor-element-958a854\" data-id=\"958a854\" data-element_type=\"column\" data-e-type=\"column\">\n\t\t\t<div class=\"elementor-widget-wrap elementor-element-populated\">\n\t\t\t\t\t\t<section class=\"elementor-section elementor-inner-section elementor-element elementor-element-f3134e9 elementor-section-content-middle elementor-section-boxed elementor-section-height-default elementor-section-height-default\" data-id=\"f3134e9\" data-element_type=\"section\" data-e-type=\"section\">\n\t\t\t\t\t\t<div class=\"elementor-container elementor-column-gap-default\">\n\t\t\t\t\t<div class=\"elementor-column elementor-col-50 elementor-inner-column elementor-element elementor-element-ba64548\" data-id=\"ba64548\" data-element_type=\"column\" data-e-type=\"column\">\n\t\t\t<div class=\"elementor-widget-wrap elementor-element-populated\">\n\t\t\t\t\t\t<div class=\"elementor-element elementor-element-cde360a elementor-widget elementor-widget-text-editor\" data-id=\"cde360a\" data-element_type=\"widget\" data-e-type=\"widget\" data-widget_type=\"text-editor.default\">\n\t\t\t\t<div class=\"elementor-widget-container\">\n\t\t\t\t\t\t\t\t\t<h1 style=\"line-height: 0.6; font-size: 50px;\"><span style=\"color: #67666b;\">AIJU Formaci\u00f3n <\/span><\/h1>\n<p style=\"color: black;\"><span style=\"font-weight: 400;\">AIJU, Instituto Tecnol\u00f3gico de Productos Infantiles y Ocio, is a non-profit organization dedicated to promoting research, safety and quality in the industrial field. Since 1990, AIJU&#8217;s Training Area has focused on the continuous and occupational training of employees in the sector, with the aim of providing high quality training, improving their professional careers and promoting innovation and quality in companies.<\/span><\/p>\n<span style=\"font-weight: bold; color: black;\">What we offer<\/span>\n<ul style=\"color: black;\">\n \t<li>\n<p style=\"line-weight: 400; text-align: left; color: black;\">Wide range of specialized courses in technology, safety and regulations.<\/p>\n<\/li>\n \t<li>\n<p style=\"line-weight: 400; text-align: left; color: black;\">Thematic diversity: technology, processes, innovation, sustainability, safety and regulations.<\/p>\n<\/li>\n \t<li>\n<p style=\"line-weight: 400; text-align: left; color: black;\">Training modalities: classroom, online and in company.<\/p>\n<\/li>\n \t<li>\n<p style=\"line-weight: 400; text-align: left; color: black;\">Networking events to create professional networks.<\/p>\n<\/li>\n<\/ul>\n&nbsp;\n\n<span style=\"font-weight: bold; color: black;\">Why choose AIJU<\/span>\n<ul style=\"color: black;\">\n \t<li>\n<p style=\"line-weight: 400; text-align: left; color: black;\">Constantly updated training offer.<\/p>\n<\/li>\n \t<li>\n<p style=\"line-weight: 400; text-align: left; color: black;\">Adaptation to the characteristics of each organization.<\/p>\n<\/li>\n \t<li>\n<p style=\"line-weight: 400; text-align: left; color: black;\">More than 1,000 students benefited annually.<\/p>\n<\/li>\n \t<li>\n<p style=\"line-weight: 400; text-align: left; color: black;\">5700 hours of training organized each year.<\/p>\n<\/li>\n \t<li>\n<p style=\"line-weight: 400; text-align: left; color: black;\">Training provided by qualified experts.<\/p>\n<\/li>\n \t<li>\n<p style=\"line-weight: 400; text-align: left; color: black;\">Training with a bonus through FUNDAE.<\/p>\n<\/li>\n \t<li>\n<p style=\"line-weight: 400; text-align: left; color: black;\">Professional certificates aimed at the unemployed and subsidized by LABORA<\/p>\n<\/li>\n<\/ul>\t\t\t\t\t\t\t\t<\/div>\n\t\t\t\t<\/div>\n\t\t\t\t\t<\/div>\n\t\t<\/div>\n\t\t\t\t<div class=\"elementor-column elementor-col-50 elementor-inner-column elementor-element elementor-element-d826461\" data-id=\"d826461\" data-element_type=\"column\" data-e-type=\"column\">\n\t\t\t<div class=\"elementor-widget-wrap elementor-element-populated\">\n\t\t\t\t\t\t<div class=\"elementor-element elementor-element-c1d600f elementor-widget elementor-widget-image\" data-id=\"c1d600f\" data-element_type=\"widget\" data-e-type=\"widget\" data-widget_type=\"image.default\">\n\t\t\t\t<div class=\"elementor-widget-container\">\n\t\t\t\t\t\t\t\t\t\t\t\t\t\t\t<img fetchpriority=\"high\" decoding=\"async\" width=\"800\" height=\"800\" src=\"https:\/\/formacionaiju.es\/wp-content\/uploads\/2024\/07\/aijuformacion-1.jpg\" class=\"attachment-large size-large wp-image-5043\" alt=\"Imagen Portada AIJU\" srcset=\"https:\/\/formacionaiju.es\/wp-content\/uploads\/2024\/07\/aijuformacion-1.jpg 800w, https:\/\/formacionaiju.es\/wp-content\/uploads\/2024\/07\/aijuformacion-1-460x460.jpg 460w, https:\/\/formacionaiju.es\/wp-content\/uploads\/2024\/07\/aijuformacion-1-150x150.jpg 150w, https:\/\/formacionaiju.es\/wp-content\/uploads\/2024\/07\/aijuformacion-1-768x768.jpg 768w, https:\/\/formacionaiju.es\/wp-content\/uploads\/2024\/07\/aijuformacion-1-300x300.jpg 300w, https:\/\/formacionaiju.es\/wp-content\/uploads\/2024\/07\/aijuformacion-1-100x100.jpg 100w, https:\/\/formacionaiju.es\/wp-content\/uploads\/2024\/07\/aijuformacion-1-120x120.jpg 120w, https:\/\/formacionaiju.es\/wp-content\/uploads\/2024\/07\/aijuformacion-1-310x310.jpg 310w\" sizes=\"(max-width: 800px) 100vw, 800px\" \/>\t\t\t\t\t\t\t\t\t\t\t\t\t\t\t<\/div>\n\t\t\t\t<\/div>\n\t\t\t\t\t<\/div>\n\t\t<\/div>\n\t\t\t\t\t<\/div>\n\t\t<\/section>\n\t\t\t\t<div class=\"elementor-element elementor-element-d544280 elementor-widget elementor-widget-text-editor\" data-id=\"d544280\" data-element_type=\"widget\" data-e-type=\"widget\" data-widget_type=\"text-editor.default\">\n\t\t\t\t<div class=\"elementor-widget-container\">\n\t\t\t\t\t\t\t\t\t<strong><span style=\"color: black;\">Do you need something specific?<\/span><\/strong><br><br>\n\n<span style=\"color: black;\">If you do not find the training you require in our list of activities, do not hesitate to let us know and we will find a solution to your needs.<br>  We are here to help your company and improve the training of people.<\/span>\t\t\t\t\t\t\t\t<\/div>\n\t\t\t\t<\/div>\n\t\t\t\t\t<\/div>\n\t\t<\/div>\n\t\t\t\t\t<\/div>\n\t\t<\/section>\n\t\t\t\t<section class=\"elementor-section elementor-top-section elementor-element elementor-element-cf021a8 elementor-section-boxed elementor-section-height-default elementor-section-height-default\" data-id=\"cf021a8\" data-element_type=\"section\" data-e-type=\"section\">\n\t\t\t\t\t\t<div class=\"elementor-container elementor-column-gap-default\">\n\t\t\t\t\t<div class=\"elementor-column elementor-col-100 elementor-top-column elementor-element elementor-element-6da8966\" data-id=\"6da8966\" data-element_type=\"column\" data-e-type=\"column\">\n\t\t\t<div class=\"elementor-widget-wrap elementor-element-populated\">\n\t\t\t\t\t\t<div class=\"elementor-element elementor-element-60281d7 elementor-widget elementor-widget-text-editor\" data-id=\"60281d7\" data-element_type=\"widget\" data-e-type=\"widget\" data-widget_type=\"text-editor.default\">\n\t\t\t\t<div class=\"elementor-widget-container\">\n\t\t\t\t\t\t\t\t\t<h2 style=\"text-align: center;\"><span style=\"color: #67666b;\">Our Courses<\/span><\/h2>\n\t\t\t\t\t\t\t\t<\/div>\n\t\t\t\t<\/div>\n\t\t\t\t<div class=\"elementor-element elementor-element-c322773 elementor-widget elementor-widget-post grid\" data-id=\"c322773\" data-element_type=\"widget\" data-e-type=\"widget\" data-widget_type=\"post grid.default\">\n\t\t\t\t<div class=\"elementor-widget-container\">\n\t\t\t\t\t<div  class=\"v_module vibe_post_grid \" ><div class=\"vibe_grid  \" ><div class=\"wp_query_args\" style=\"display:none;\" data-max-pages=\"53\">{\"title\":\"\",\"show_title\":\"0\",\"post_type\":\"product\",\"taxonomy\":\"\",\"term\":\"0\",\"post_ids\":\"\",\"course_style\":\"featured\",\"featured_style\":\"blog_card\",\"masonry\":\"\",\"grid_columns\":\"clear3 col-md-4\",\"column_width\":\"353\",\"gutter\":\"30\",\"grid_number\":\"3\",\"infinite\":\"\",\"pagination\":\"\",\"grid_excerpt_length\":\"100\",\"grid_link\":\"1\",\"grid_search\":\"0\",\"course_type\":\"\",\"css_class\":\"\",\"container_css\":\"\",\"custom_css\":\"\"}<\/div><style>ul.grid{margin:0 -15px;}<\/style><ul class=\"grid row \" ><li class=\"clear3 col-md-4\" ><div class=\"block blog_card\"><div class=\"block_media\"><span class=\"overlay\"><\/span><a href=\"https:\/\/formacionaiju.es\/en\/product\/b1-preliminary-success-with-business\/\" class=\"hover-link hyperlink\"><i class=\"icon-hyperlink\"><\/i><\/a><a href=\"https:\/\/formacionaiju.es\/en\/product\/b1-preliminary-success-with-business\/\"><img decoding=\"async\" width=\"800\" height=\"600\" src=\"https:\/\/formacionaiju.es\/wp-content\/uploads\/2026\/03\/formato-imagenes-web-4.jpg\" class=\"attachment-full size-full wp-post-image\" alt=\"\" srcset=\"https:\/\/formacionaiju.es\/wp-content\/uploads\/2026\/03\/formato-imagenes-web-4.jpg 800w, https:\/\/formacionaiju.es\/wp-content\/uploads\/2026\/03\/formato-imagenes-web-4-460x345.jpg 460w, https:\/\/formacionaiju.es\/wp-content\/uploads\/2026\/03\/formato-imagenes-web-4-768x576.jpg 768w, https:\/\/formacionaiju.es\/wp-content\/uploads\/2026\/03\/formato-imagenes-web-4-300x225.jpg 300w, https:\/\/formacionaiju.es\/wp-content\/uploads\/2026\/03\/formato-imagenes-web-4-120x90.jpg 120w, https:\/\/formacionaiju.es\/wp-content\/uploads\/2026\/03\/formato-imagenes-web-4-310x233.jpg 310w\" sizes=\"(max-width: 800px) 100vw, 800px\" \/><\/a><\/div><div class=\"block_content\"><h4 class=\"block_title\"><a href=\"https:\/\/formacionaiju.es\/en\/product\/b1-preliminary-success-with-business\/\" title=\"B1 Preliminary - SUCCESS WITH BUSINESS\">B1 Preliminary - SUCCESS WITH BUSINESS<\/a><\/h4><div class=\"date\"><small> \/ <a href=\"https:\/\/formacionaiju.es\/en\/product-category\/bonificable\/\" rel=\"tag\">Bonificable 100% para asociados AIJU<\/a><\/small><\/div><div class=\"price\"><span class=\"woocommerce-Price-amount amount\"><bdi>165,00<span class=\"woocommerce-Price-currencySymbol\">&euro;<\/span><\/bdi><\/span><\/div>        <div class='descripcionTienda'><p>\u00bfQuieres mejorar las habilidades de ingl\u00e9s comercial tanto oral como escritas? Con este curso optimizar\u00e1s con ingl\u00e9s m\u00e1s avanzado la comunicaci\u00f3n en el idioma y mejorar\u00e1s la fluidez y precisi\u00f3n ling\u00fc\u00edstica.<\/p>\n<div>\n    <a id=\"btCarousel\" href=\"https:\/\/formacionaiju.es\/en\/product\/b1-preliminary-success-with-business\/\" class=\"button addtocartbutton\">Information<\/a><\/div><\/div><\/li><li class=\"clear3 col-md-4\" ><div class=\"block blog_card\"><div class=\"block_media\"><span class=\"overlay\"><\/span><a href=\"https:\/\/formacionaiju.es\/en\/product\/diseno-asistido-por-ordenador-con-nx-nivel-1\/\" class=\"hover-link hyperlink\"><i class=\"icon-hyperlink\"><\/i><\/a><a href=\"https:\/\/formacionaiju.es\/en\/product\/diseno-asistido-por-ordenador-con-nx-nivel-1\/\"><img decoding=\"async\" width=\"800\" height=\"600\" src=\"https:\/\/formacionaiju.es\/wp-content\/uploads\/2026\/03\/formato-imagenes-web-3.jpg\" class=\"attachment-full size-full wp-post-image\" alt=\"\" srcset=\"https:\/\/formacionaiju.es\/wp-content\/uploads\/2026\/03\/formato-imagenes-web-3.jpg 800w, https:\/\/formacionaiju.es\/wp-content\/uploads\/2026\/03\/formato-imagenes-web-3-460x345.jpg 460w, https:\/\/formacionaiju.es\/wp-content\/uploads\/2026\/03\/formato-imagenes-web-3-768x576.jpg 768w, https:\/\/formacionaiju.es\/wp-content\/uploads\/2026\/03\/formato-imagenes-web-3-300x225.jpg 300w, https:\/\/formacionaiju.es\/wp-content\/uploads\/2026\/03\/formato-imagenes-web-3-120x90.jpg 120w, https:\/\/formacionaiju.es\/wp-content\/uploads\/2026\/03\/formato-imagenes-web-3-310x233.jpg 310w\" sizes=\"(max-width: 800px) 100vw, 800px\" \/><\/a><\/div><div class=\"block_content\"><h4 class=\"block_title\"><a href=\"https:\/\/formacionaiju.es\/en\/product\/diseno-asistido-por-ordenador-con-nx-nivel-1\/\" title=\"Dise\u00f1o asistido por ordenador con NX. Nivel 1\">Dise\u00f1o asistido por ordenador con NX. Nivel 1<\/a><\/h4><div class=\"date\"><small> \/ <a href=\"https:\/\/formacionaiju.es\/en\/product-category\/bonificable\/\" rel=\"tag\">Bonificable 100% para asociados AIJU<\/a><\/small><\/div><div class=\"price\"><span class=\"woocommerce-Price-amount amount\"><bdi>390,00<span class=\"woocommerce-Price-currencySymbol\">&euro;<\/span><\/bdi><\/span><\/div>        <div class='descripcionTienda'><p>Formaci\u00f3n pr\u00e1ctica en Siemens NX para iniciarse en el dise\u00f1o CAD 3D, creando modelos y piezas con herramientas profesionales y adquiriendo competencias b\u00e1sicas en modelado y planos t\u00e9cnicos.<\/p>\n<div>\n    <a id=\"btCarousel\" href=\"https:\/\/formacionaiju.es\/en\/product\/diseno-asistido-por-ordenador-con-nx-nivel-1\/\" class=\"button addtocartbutton\">Information<\/a><\/div><\/div><\/li><li class=\"clear3 col-md-4\" ><div class=\"block blog_card\"><div class=\"block_media\"><span class=\"overlay\"><\/span><a href=\"https:\/\/formacionaiju.es\/en\/product\/uso-de-ia-generativa\/\" class=\"hover-link hyperlink\"><i class=\"icon-hyperlink\"><\/i><\/a><a href=\"https:\/\/formacionaiju.es\/en\/product\/uso-de-ia-generativa\/\"><img loading=\"lazy\" decoding=\"async\" width=\"800\" height=\"600\" src=\"https:\/\/formacionaiju.es\/wp-content\/uploads\/2026\/03\/formato-imagenes-web-2.jpg\" class=\"attachment-full size-full wp-post-image\" alt=\"\" srcset=\"https:\/\/formacionaiju.es\/wp-content\/uploads\/2026\/03\/formato-imagenes-web-2.jpg 800w, https:\/\/formacionaiju.es\/wp-content\/uploads\/2026\/03\/formato-imagenes-web-2-460x345.jpg 460w, https:\/\/formacionaiju.es\/wp-content\/uploads\/2026\/03\/formato-imagenes-web-2-768x576.jpg 768w, https:\/\/formacionaiju.es\/wp-content\/uploads\/2026\/03\/formato-imagenes-web-2-300x225.jpg 300w, https:\/\/formacionaiju.es\/wp-content\/uploads\/2026\/03\/formato-imagenes-web-2-120x90.jpg 120w, https:\/\/formacionaiju.es\/wp-content\/uploads\/2026\/03\/formato-imagenes-web-2-310x233.jpg 310w\" sizes=\"(max-width: 800px) 100vw, 800px\" \/><\/a><\/div><div class=\"block_content\"><h4 class=\"block_title\"><a href=\"https:\/\/formacionaiju.es\/en\/product\/uso-de-ia-generativa\/\" title=\"Uso de IA Generativa\">Uso de IA Generativa<\/a><\/h4><div class=\"date\"><small> \/ <a href=\"https:\/\/formacionaiju.es\/en\/product-category\/parcialmente-bonificable\/\" rel=\"tag\">Parcialmente Bonificable<\/a><\/small><\/div><div class=\"price\"><span class=\"woocommerce-Price-amount amount\"><bdi>100,00<span class=\"woocommerce-Price-currencySymbol\">&euro;<\/span><\/bdi><\/span><\/div>        <div class='descripcionTienda'><p>Curso pr\u00e1ctico de IA generativa para aprender a utilizar modelos como ChatGPT y dise\u00f1ar prompts eficaces aplicados a casos reales.<\/p>\n<div>\n    <a id=\"btCarousel\" href=\"https:\/\/formacionaiju.es\/en\/product\/uso-de-ia-generativa\/\" class=\"button addtocartbutton\">Information<\/a><\/div><\/div><\/li><\/ul><\/div><\/div>\t\t\t\t<\/div>\n\t\t\t\t<\/div>\n\t\t\t\t<div class=\"elementor-element elementor-element-1bceae6 elementor-align-right elementor-widget elementor-widget-button\" data-id=\"1bceae6\" data-element_type=\"widget\" data-e-type=\"widget\" data-widget_type=\"button.default\">\n\t\t\t\t<div class=\"elementor-widget-container\">\n\t\t\t\t\t\t\t\t\t<div class=\"elementor-button-wrapper\">\n\t\t\t\t\t<a class=\"elementor-button elementor-button-link elementor-size-xs\" href=\"https:\/\/formacionaiju.es\/cursos\/\" id=\"todoscursos\">\n\t\t\t\t\t\t<span class=\"elementor-button-content-wrapper\">\n\t\t\t\t\t\t\t\t\t<span class=\"elementor-button-text\">All courses<\/span>\n\t\t\t\t\t<\/span>\n\t\t\t\t\t<\/a>\n\t\t\t\t<\/div>\n\t\t\t\t\t\t\t\t<\/div>\n\t\t\t\t<\/div>\n\t\t\t\t\t<\/div>\n\t\t<\/div>\n\t\t\t\t\t<\/div>\n\t\t<\/section>\n\t\t\t\t<section class=\"elementor-section elementor-top-section elementor-element elementor-element-0b39902 elementor-section-boxed elementor-section-height-default elementor-section-height-default\" data-id=\"0b39902\" data-element_type=\"section\" data-e-type=\"section\">\n\t\t\t\t\t\t<div class=\"elementor-container elementor-column-gap-default\">\n\t\t\t\t\t<div class=\"elementor-column elementor-col-100 elementor-top-column elementor-element elementor-element-b1160b7\" data-id=\"b1160b7\" data-element_type=\"column\" data-e-type=\"column\">\n\t\t\t<div class=\"elementor-widget-wrap elementor-element-populated\">\n\t\t\t\t\t\t<div class=\"elementor-element elementor-element-9aca685 elementor-widget elementor-widget-text-editor\" data-id=\"9aca685\" data-element_type=\"widget\" data-e-type=\"widget\" data-widget_type=\"text-editor.default\">\n\t\t\t\t<div class=\"elementor-widget-container\">\n\t\t\t\t\t\t\t\t\t<h2 style=\"text-align: center;\"><span style=\"color: #67666b;\">Unemployed Courses<\/span><\/h2>\n\t\t\t\t\t\t\t\t<\/div>\n\t\t\t\t<\/div>\n\t\t\t\t<div class=\"elementor-element elementor-element-28bde64 elementor-grid-3 elementor-grid-tablet-2 elementor-grid-mobile-1 elementor-widget elementor-widget-elementor-blog-posts\" data-id=\"28bde64\" data-element_type=\"widget\" data-e-type=\"widget\" data-settings=\"{&quot;columns&quot;:&quot;3&quot;,&quot;columns_tablet&quot;:&quot;2&quot;,&quot;columns_mobile&quot;:&quot;1&quot;}\" data-widget_type=\"elementor-blog-posts.default\">\n\t\t\t\t<div class=\"elementor-widget-container\">\n\t\t\t\t\t\t\t<div class=\"wpcap-grid\">\n\t\t\t\t\t\t<div class=\"wpcap-grid-container elementor-grid wpcap-grid-desktop-3 wpcap-grid-tablet-2 wpcap-grid-mobile-1\">\n\n\t\t\t\t\n\t\t\t<\/div>\n\t\t<\/div>\n\t\t\t\t\t\t<\/div>\n\t\t\t\t<\/div>\n\t\t\t\t\t<\/div>\n\t\t<\/div>\n\t\t\t\t\t<\/div>\n\t\t<\/section>\n\t\t\t\t<section class=\"elementor-section elementor-top-section elementor-element elementor-element-5dfe9d1 elementor-section-boxed elementor-section-height-default elementor-section-height-default\" data-id=\"5dfe9d1\" data-element_type=\"section\" data-e-type=\"section\">\n\t\t\t\t\t\t<div class=\"elementor-container elementor-column-gap-default\">\n\t\t\t\t\t<div class=\"elementor-column elementor-col-100 elementor-top-column elementor-element elementor-element-4b172c6\" data-id=\"4b172c6\" data-element_type=\"column\" data-e-type=\"column\">\n\t\t\t<div class=\"elementor-widget-wrap elementor-element-populated\">\n\t\t\t\t\t\t<div class=\"elementor-element elementor-element-5930431 elementor-widget elementor-widget-text-editor\" data-id=\"5930431\" data-element_type=\"widget\" data-e-type=\"widget\" data-widget_type=\"text-editor.default\">\n\t\t\t\t<div class=\"elementor-widget-container\">\n\t\t\t\t\t\t\t\t\t<h2 style=\"text-align: center;\"><span style=\"color: #67666b;\">Other training and news<\/span><\/h2>\n\t\t\t\t\t\t\t\t<\/div>\n\t\t\t\t<\/div>\n\t\t\t\t<div class=\"elementor-element elementor-element-43aaf14 elementor-grid-3 elementor-grid-tablet-2 elementor-grid-mobile-1 elementor-widget elementor-widget-elementor-blog-posts\" data-id=\"43aaf14\" data-element_type=\"widget\" data-e-type=\"widget\" data-settings=\"{&quot;columns&quot;:&quot;3&quot;,&quot;columns_tablet&quot;:&quot;2&quot;,&quot;columns_mobile&quot;:&quot;1&quot;}\" data-widget_type=\"elementor-blog-posts.default\">\n\t\t\t\t<div class=\"elementor-widget-container\">\n\t\t\t\t\t\t\t<div class=\"wpcap-grid\">\n\t\t\t\t\t\t<div class=\"wpcap-grid-container elementor-grid wpcap-grid-desktop-3 wpcap-grid-tablet-2 wpcap-grid-mobile-1\">\n\n\t\t\t\t\n\t\t\t<\/div>\n\t\t<\/div>\n\t\t\t\t\t\t<\/div>\n\t\t\t\t<\/div>\n\t\t\t\t\t<\/div>\n\t\t<\/div>\n\t\t\t\t\t<\/div>\n\t\t<\/section>\n\t\t\t\t<\/div>\n\t\t","protected":false},"excerpt":{"rendered":"<p>AIJU Formaci\u00f3n AIJU, Instituto Tecnol\u00f3gico de Productos Infantiles y Ocio, is a non-profit organization dedicated to promoting research, safety and &hellip;<\/p>\n","protected":false},"author":1678,"featured_media":0,"parent":0,"menu_order":0,"comment_status":"closed","ping_status":"closed","template":"","meta":{"_acf_changed":false,"_vibebp_attr":"","_vibebp_dimensions":"","_vibebp_responsive_height":"","_vibebp_accordion_ie_support":"","footnotes":""},"class_list":["post-5108","page","type-page","status-publish","hentry"],"acf":[],"_links":{"self":[{"href":"https:\/\/formacionaiju.es\/en\/wp-json\/wp\/v2\/pages\/5108","targetHints":{"allow":["GET"]}}],"collection":[{"href":"https:\/\/formacionaiju.es\/en\/wp-json\/wp\/v2\/pages"}],"about":[{"href":"https:\/\/formacionaiju.es\/en\/wp-json\/wp\/v2\/types\/page"}],"author":[{"embeddable":true,"href":"https:\/\/formacionaiju.es\/en\/wp-json\/wp\/v2\/users\/1678"}],"replies":[{"embeddable":true,"href":"https:\/\/formacionaiju.es\/en\/wp-json\/wp\/v2\/comments?post=5108"}],"version-history":[{"count":2,"href":"https:\/\/formacionaiju.es\/en\/wp-json\/wp\/v2\/pages\/5108\/revisions"}],"predecessor-version":[{"id":5487,"href":"https:\/\/formacionaiju.es\/en\/wp-json\/wp\/v2\/pages\/5108\/revisions\/5487"}],"wp:attachment":[{"href":"https:\/\/formacionaiju.es\/en\/wp-json\/wp\/v2\/media?parent=5108"}],"curies":[{"name":"wp","href":"https:\/\/api.w.org\/{rel}","templated":true}]}}