{"id":2127,"date":"2020-09-26T16:08:12","date_gmt":"2020-09-26T14:08:12","guid":{"rendered":"https:\/\/formacionaiju.es\/product\/methods-and-timing-industrial-timekeeping-and-productivity-improvement\/"},"modified":"2023-01-19T14:26:30","modified_gmt":"2023-01-19T12:26:30","slug":"methods-and-timing-industrial-timekeeping-and-productivity-improvement","status":"publish","type":"product","link":"https:\/\/formacionaiju.es\/en\/product\/methods-and-timing-industrial-timekeeping-and-productivity-improvement\/","title":{"rendered":"Methods and timing. Industrial timekeeping and productivity improvement"},"content":{"rendered":"\r\n<p><strong>Teachers CV<\/strong> <br \/>MR. IGNACIO CORT: Founding partner of Consultores de Productividad y Log\u00edstica. Business Consultant since 1978. Jos\u00e9 M\u00aa Gil Suay Award in 2011 for Professional Activity granted by AECTA, Professor at the Escuela Superior de Estudios Empresariales (Valencia), Professor of the Master of Industrial Logistics of the EUITI of the UPV, and of the Master of Industrial Logistics of the CEU Herrera University of Valencia, among others. Professor at FUNDESEM&#8217;s MBA program and regular lecturer in the industrial field. He has been a consultant for many companies such as: Bayer Cropscience, Famosa, P\u00e9rez Cerd\u00e1, Anit\u00edn, Frudesa, Campofr\u00edo, Consum, El Pozo, Antiu Xixona, Mart\u00ednez Loriente, Incarlopsa, Industrias C\u00e1rnicas Tello, Industrias Ochoa, Flinsa, Industrias Saludes, Istobal, Pramac Ib\u00e9rica, Forflesa, Proderac, Relesa, Ripay, Somilar, Autoliv BKI, Autotrim Grupo Antolin, Bosal Espa\u00f1a, Deutz Diter, Faurecia, Ford Espa\u00f1a, Laboratorios Radio, Process &amp; Assembly, Schefenacker Visual Systems, Valeautomoci\u00f3n, Marina D&#8217;Or&#8230;<\/p>\r\n<p>&nbsp;<\/p>\r\n<p><strong>Addressees<\/strong> <br \/>&#8211; Technical personnel in the operations area.<br \/>&#8211; Middle management in the production area.<br \/>&#8211; Production managers.<\/p>\r\n<p>&nbsp;<\/p>\r\n<p><strong>Objectives<\/strong> <br \/>Attendees will acquire the knowledge and skills necessary to increase the productivity of their facilities through the technical analysis of their production and logistics processes. <br \/>For each topic there will be a theoretical presentation followed by a guided exercise and other practical exercises so that the attendees can consolidate their knowledge and transfer it to their organization with guaranteed success.<\/p>\r\n<p>&nbsp;<\/p>\r\n<p><strong>Content<\/strong> <br \/>Topic 1. Productivity. <br \/>Topic 2. Introduction to the study of methods. <br \/>Topic 3. Diagrams and movements. <br \/>Topic 4. Work methods and movements in the workplace. <br \/>Topic 5. Time study. <br \/>Topic 6. Time study: Study of the process and evaluation of the rhythm. <br \/>Topic 7. Fatigue coefficients. <br \/>Topic 8. Time study: from the data collected to the standard time.<\/p>\r\n<p>&nbsp;<\/p>\r\n","protected":false},"excerpt":{"rendered":"<p><!-- wp:paragraph --><\/p>\n<p>Do you want to improve productivity in your company? With this course you will learn how to perform a technical analysis of your production and logistics processes.<\/p>\n<p><!-- \/wp:paragraph --><\/p>\n","protected":false},"featured_media":1260,"comment_status":"closed","ping_status":"closed","template":"","meta":{"_acf_changed":false,"_vibebp_attr":"","_vibebp_dimensions":"","_vibebp_responsive_height":"","_vibebp_accordion_ie_support":""},"product_brand":[],"product_cat":[165,159],"product_tag":[],"class_list":{"0":"post-2127","1":"product","2":"type-product","3":"status-publish","4":"has-post-thumbnail","6":"product_cat-completed","7":"product_cat-partially-bonusable","9":"first","10":"instock","11":"shipping-taxable","12":"product-type-simple"},"acf":[],"_links":{"self":[{"href":"https:\/\/formacionaiju.es\/en\/wp-json\/wp\/v2\/product\/2127","targetHints":{"allow":["GET"]}}],"collection":[{"href":"https:\/\/formacionaiju.es\/en\/wp-json\/wp\/v2\/product"}],"about":[{"href":"https:\/\/formacionaiju.es\/en\/wp-json\/wp\/v2\/types\/product"}],"replies":[{"embeddable":true,"href":"https:\/\/formacionaiju.es\/en\/wp-json\/wp\/v2\/comments?post=2127"}],"version-history":[{"count":0,"href":"https:\/\/formacionaiju.es\/en\/wp-json\/wp\/v2\/product\/2127\/revisions"}],"wp:featuredmedia":[{"embeddable":true,"href":"https:\/\/formacionaiju.es\/en\/wp-json\/wp\/v2\/media\/1260"}],"wp:attachment":[{"href":"https:\/\/formacionaiju.es\/en\/wp-json\/wp\/v2\/media?parent=2127"}],"wp:term":[{"taxonomy":"product_brand","embeddable":true,"href":"https:\/\/formacionaiju.es\/en\/wp-json\/wp\/v2\/product_brand?post=2127"},{"taxonomy":"product_cat","embeddable":true,"href":"https:\/\/formacionaiju.es\/en\/wp-json\/wp\/v2\/product_cat?post=2127"},{"taxonomy":"product_tag","embeddable":true,"href":"https:\/\/formacionaiju.es\/en\/wp-json\/wp\/v2\/product_tag?post=2127"}],"curies":[{"name":"wp","href":"https:\/\/api.w.org\/{rel}","templated":true}]}}