{"id":2128,"date":"2020-09-27T10:50:25","date_gmt":"2020-09-27T08:50:25","guid":{"rendered":"https:\/\/formacionaiju.es\/product\/lean-logistics-optimum-warehouse-management\/"},"modified":"2023-01-19T14:37:01","modified_gmt":"2023-01-19T12:37:01","slug":"lean-logistics-optimum-warehouse-management","status":"publish","type":"product","link":"https:\/\/formacionaiju.es\/en\/product\/lean-logistics-optimum-warehouse-management\/","title":{"rendered":"LEAN LOGISTICS: Optimum Warehouse Management"},"content":{"rendered":"<div><strong>AIJU associates\/unemployed: 240 euros; 2nd assistant and following from the same company: 192 euros.<\/strong><br \/><strong>Not associated with AIJU: 288 euros; 2nd assistant and following from the same company: 240 euros.<\/strong><br \/><strong>Once your application has been accepted, AIJU will inform you when payment is due.<\/strong><\/div>\r\n<div>\u00a0<\/div>\r\n<div class=\"vibe_editor_rich_text\">\r\n<h2> <strong>CV Profesores<\/strong> <br \/>D. Rub\u00e9n Soler Escoda: Ingeniero de Organizaci\u00f3n Industrial e Ingeniero T\u00e9cnico Industrial especializado en electr\u00f3nica industrial. Cuenta adem\u00e1s con un M\u00e1ster MBA y con las certificaciones Lean Yellow Belt y Green Belt en Log\u00edstica y Supply Chain.<br \/>Ha trabajado en las siguientes multinacionales como Ingeniero de Planta (Procter&amp;Gamble), Responsable de Calidad de Producci\u00f3n (Famosa), Logistics Manager (Inditex) y Logistics Manager (Smurfit Kappa). <br \/>Sus dos \u00faltimas etapas profesionales han estado m\u00e1s ligadas al \u00e1rea de log\u00edstica, las cuales le han permitido profesionalizarse en log\u00edstica interna, liderando equipos de hasta 100 personas y coordinando las \u00e1reas de recepciones, expediciones y abastecimiento a producci\u00f3n utilizando tanto almacenes inteligentes como almacenes convencionales.<\/h2>\r\n<\/div>\r\n<div>\u00a0<\/div>\r\n<div>\r\n<p><strong>Addressees<\/strong> <br \/>Warehouse managers, storekeepers, middle managers and production managers<\/p>\r\n<p>&nbsp;<\/p>\r\n<p><strong>Objectives<\/strong> <br \/>To know the principles and tools of the lean philosophy applied to the logistics area.<\/p>\r\n<p>&nbsp;<\/p>\r\n<p><strong>Content<\/strong> <br \/>1-INTRODUCTION:<br \/>Objectives in Logistics &amp; Supply Chain<br \/>Management mechanisms.<br \/>LEAN METHODOLOGY Fundamentals<br \/>Added value VS waste<br \/>2-VALUE CHAIN<br \/>Operations Area: Logistics<br \/>3-CMI<br \/>Definition of logistics KPI&#8217;s<br \/>Proactive Control<br \/>Reaction rules<br \/>4-ORGANIZATION<br \/>OHP<br \/>GAP<br \/>GAP Communication: TOP 5, TOP 10 and TOP 60<br \/>Shift change meeting<br \/>5-GAP TOOLS:<br \/>5\u2019s<br \/>Improvement Ideas<br \/>Polyvalence Matrix<br \/>Marching Board<br \/>Kamishibai Audits<br \/>6-ACTION PLAN<br \/>PDCA Cycle<br \/>Kamban Board<br \/>SCRUM<br \/>7-PROCESS MAP<br \/>Work Standards: Operational Processes<br \/>Productivity tools<br \/>Action plan<br \/>GRP \u2013 A3<br \/>\u2022Brainstorming<br \/>\u2022Ishikawa Diagram<br \/>\u20225 whys<br \/>TPM<br \/>MIFA-VSM<br \/>JIT<br \/>8-PLANNING<br \/>Planning diagram<br \/>Load balancing<br \/>Inventory management<br \/>9-INVENTORIES<br \/>Inventory reliability<br \/>10-PULL SYSTEM<br \/>PULL VS PUSH<br \/>SHOPSTOCK<br \/>ZPC<br \/>11-SUPPLY LOGISTICS<br \/>Milkrun<br \/>Logistic protocols with suppliers<br \/>12- INTERNAL LOGISTICS<br \/>Reception<br \/>Supply<br \/>Expedition<br \/>13-STORAGE<br \/>Warehouse design.<\/p>\r\n<p>&nbsp;<\/p>\r\n<p><strong>IMPORTANT<\/strong>: The pre-enrollment application is also a commitment to pay in case of being admitted to the training action. Cancellations with the right to a refund or cancellation of payment will only be accepted if they are communicated to AIJU at least 5 working days before the start date. Once the student&#8217;s place has been confirmed, if he\/she does not attend the course and does not notify it, he\/she will be charged the full amount of the course.<\/p>\r\n<p><strong>* COURSE BONUS<\/strong>: the cost of this course can be partially subsidized if requested from FUNDAE (formerly Fundaci\u00f3n Tripartita). Management of the free bonus by AIJU. Contact us.<br \/>AIJU reserves the right to cancel or postpone this course if the minimum enrollment is not reached.<\/p>\r\n<\/div>\r\n<p>&nbsp;<\/p>","protected":false},"excerpt":{"rendered":"<p>Do you want to learn about the Lean philosophy applied to logistics? In this course you will learn the principles and tools of Lean Logistics.<\/p>\n","protected":false},"featured_media":1259,"comment_status":"closed","ping_status":"closed","template":"","meta":{"_acf_changed":false,"_vibebp_attr":"","_vibebp_dimensions":"","_vibebp_responsive_height":"","_vibebp_accordion_ie_support":""},"product_brand":[],"product_cat":[165,159],"product_tag":[],"class_list":{"0":"post-2128","1":"product","2":"type-product","3":"status-publish","4":"has-post-thumbnail","6":"product_cat-completed","7":"product_cat-partially-bonusable","9":"first","10":"instock","11":"shipping-taxable","12":"product-type-simple"},"acf":[],"_links":{"self":[{"href":"https:\/\/formacionaiju.es\/en\/wp-json\/wp\/v2\/product\/2128","targetHints":{"allow":["GET"]}}],"collection":[{"href":"https:\/\/formacionaiju.es\/en\/wp-json\/wp\/v2\/product"}],"about":[{"href":"https:\/\/formacionaiju.es\/en\/wp-json\/wp\/v2\/types\/product"}],"replies":[{"embeddable":true,"href":"https:\/\/formacionaiju.es\/en\/wp-json\/wp\/v2\/comments?post=2128"}],"version-history":[{"count":0,"href":"https:\/\/formacionaiju.es\/en\/wp-json\/wp\/v2\/product\/2128\/revisions"}],"wp:featuredmedia":[{"embeddable":true,"href":"https:\/\/formacionaiju.es\/en\/wp-json\/wp\/v2\/media\/1259"}],"wp:attachment":[{"href":"https:\/\/formacionaiju.es\/en\/wp-json\/wp\/v2\/media?parent=2128"}],"wp:term":[{"taxonomy":"product_brand","embeddable":true,"href":"https:\/\/formacionaiju.es\/en\/wp-json\/wp\/v2\/product_brand?post=2128"},{"taxonomy":"product_cat","embeddable":true,"href":"https:\/\/formacionaiju.es\/en\/wp-json\/wp\/v2\/product_cat?post=2128"},{"taxonomy":"product_tag","embeddable":true,"href":"https:\/\/formacionaiju.es\/en\/wp-json\/wp\/v2\/product_tag?post=2128"}],"curies":[{"name":"wp","href":"https:\/\/api.w.org\/{rel}","templated":true}]}}