{"id":2180,"date":"2023-01-23T18:03:02","date_gmt":"2023-01-23T16:03:02","guid":{"rendered":"https:\/\/formacionaiju.es\/?post_type=product&#038;p=2180"},"modified":"2023-11-14T11:57:03","modified_gmt":"2023-11-14T09:57:03","slug":"programa-de-especializacion-en-produccion-y-liderazgo-enfoque-en-demanda-irregular-2","status":"publish","type":"product","link":"https:\/\/formacionaiju.es\/en\/product\/programa-de-especializacion-en-produccion-y-liderazgo-enfoque-en-demanda-irregular-2\/","title":{"rendered":"Programa de especializaci\u00f3n en producci\u00f3n y liderazgo. Enfoque en demanda Irregular."},"content":{"rendered":"<p><strong>Destinatarios\/as<\/strong><br \/>\n&#8211; Directivo\/a o responsable del \u00e1rea: directores de producci\u00f3n, supervisores, mandos intermedios,<br \/>\ningenieros de proceso, mantenimiento, etc.<br \/>\n&#8211; Cualquier profesional que busque mejorar su liderazgo en una planta industrial.<br \/>\n&#8211; Cualquier profesional a cargo del desarrollo de personas o nuevos l\u00edderes.<\/p>\n<p>&nbsp;<\/p>\n<p><strong>Objetivos<\/strong><\/p>\n<p>Las empresas del sector industrial se encuentran en un momento cr\u00edtico. Los entornos complejos en los que tienen que competir actualmente requieren hacer frente a una demanda cambiante e imprevisible, a un mix de productos m\u00e1s personalizado y de menor volumen con ciclos de vida cortos, lo cual hace muy complicada la planificaci\u00f3n de los recursos. Al mismo tiempo, nos encontramos con estructuras demasiado grandes y caras, y normalmente con altos niveles de desmotivaci\u00f3n.<br \/>\nCon amplia experiencia contrastada en la industria, QRM Institute presenta este programa que es una combinaci\u00f3n de dos de sus formaciones estrella: el de Especializaci\u00f3n en Producci\u00f3n Industrial y el de Liderazgo y coaching de equipos, con un claro enfoque a la producci\u00f3n en entornos de demanda irregular.<br \/>\nLa finalidad de este programa es la de proporcionar a los responsables de f\u00e1brica y mandos intermedios los conocimientos y herramientas necesarias para poder hacer frente a esos entornos con soluciones basadas en la agilidad y flexibilidad, as\u00ed como desarrollar equipos altamente implicados.<br \/>\nTras el programa ser\u00e1s capaz de responder a las siguientes preguntas:<br \/>\n&#8211; \u00bfQu\u00e9 estrategia debo implementar en mi f\u00e1brica o en mi secci\u00f3n para tener \u00e9xito?<br \/>\n&#8211; \u00bfQu\u00e9 herramientas existen y c\u00f3mo debo implementarlas para aplicar mejores pr\u00e1cticas en mi planta productiva?<br \/>\n&#8211; \u00bfC\u00f3mo puedo crear el entorno de trabajo id\u00f3neo para conseguir la implicaci\u00f3n de todo el equipo? \u00bfC\u00f3mo puedo liderarlos mejor?<br \/>\n&#8211; \u00bfC\u00f3mo puedo alinear Calidad, Producci\u00f3n y Mantenimiento para conseguir un mismo prop\u00f3sito juntos?<br \/>\n&#8211; \u00bfC\u00f3mo puedo optimizar los tiempos de flujo de las \u00f3rdenes de trabajo de mis diversas l\u00edneas de productos?<\/p>\n<p>&nbsp;<\/p>\n<p><strong>Contenido<\/strong><\/p>\n<p>Los contenidos se desarrollan mediante din\u00e1micas, ejercicios pr\u00e1cticos, v\u00eddeos y talleres, por lo que el formato de aprendizaje permite poner en pr\u00e1ctica lo aprendido pr\u00e1cticamente al d\u00eda siguiente.<br \/>\nAl final del programa se desarrolla un Proyecto en el que el alumno pone en marcha lo aprendido en una propuesta tangible para la empresa.<br \/>\nDetalle de los contenidos:<br \/>\n<strong>Bloque de \u2018Habilidades Blandas (soft skills)\u2019<\/strong><br \/>\n&#8211; Liderazgo e Implicaci\u00f3n en la empresa (3h)<br \/>\na. Impacto del engagement en la empresa.<br \/>\nb. Desarrollo de entornos de confianza.<br \/>\nc. Inteligencia Emocional. Autoconocimiento y empat\u00eda.<br \/>\nd. Comunicaci\u00f3n No Violenta.<br \/>\n&#8211; Ejecuci\u00f3n de la Estrategia (3h)<br \/>\na. Alineamiento de objetivos con OKR.<br \/>\nb. Recompensas e incentivos.<br \/>\n&#8211; Taller desarrollo de equipos de alto rendimiento (3h)<br \/>\na. Kata Coaching.<br \/>\nb. Establecer acuerdos de equipo.<br \/>\nc. Facilitaci\u00f3n de reuniones realmente efectivas (estructuras liberadoras).<br \/>\n<strong>Bloque de herramientas para la PRODUCCI\u00d3N CON DEMANDA IRREGULAR<\/strong><br \/>\n&#8211; Estrategia Operacional. (3h)<br \/>\na. Factores ganadores vs Factores calificadores.<br \/>\nb. Volumen (ABC) y Variabilidad (XYZ).<br \/>\nc. Optimizaci\u00f3n de estocs.<br \/>\nd. Entornos de demanda regular e irregular<br \/>\n&#8211; Estrategias para entornos de demanda irregular: QRM (3h)<br \/>\na. Eficiencia de Recurso vs Eficiencia de Flujo.<br \/>\nb. Gesti\u00f3n del Tiempo.<br \/>\nc. Estructura Organizativa \u00c1gil<br \/>\nd. Din\u00e1mica de sistemas.<br \/>\n&#8211; Taller de Flujo \u2013 PULL System. POLCA &#8211; KANBAN &#8211; ConWIP (3h)<br \/>\n&#8211; Optimizaci\u00f3n del Flujo de trabajo con mapas de tiempo (MCT) (3h)<br \/>\na. Control de tiempos de Lead Time (MCT)<br \/>\nb. Ejemplos de casos Reales<br \/>\n&#8211; Presentaci\u00f3n de proyectos y plan de trabajo en la empresa propia (3h)<\/p>\n<p>&nbsp;<\/p>\n<p><strong>CV Profesorado<\/strong><\/p>\n<p>D. Pablo Rodr\u00edguez M\u00e1\u00f1ez: Formador y Consultor senior experto en estrategias Agile para gesti\u00f3n de proyectos, Quick Response Manufacturing, Lean, y Lean Change Management. Facilitador del cambio en las organizaciones mediante marcos de trabajo \u00e1giles (Scrum y Kanban), QRM y Management 3.0; Scrum Master y Agile Coach certificado por la Europeanscrum Alliance y Scrum Manager. PRO.PLAY Certified Facilitator. Certified Facilitator LEGO\u00ae SERIOUS PLAY\u00ae Trainer por Scrum Manager. Facilitador Certificado MBA por la FOM Hochschule f\u00fcr Oekonomie &amp; Management de Berl\u00edn, Ingeniero en Organizaci\u00f3n Industrial e Ing. T\u00e9cnico Industrial por la UPV, y Master en Direcci\u00f3n de la Producci\u00f3n y Mejora de Procesos Industriales por EAE, y Digital Business Transformation Management certificado por CXO Transform. Con m\u00e1s de 15 a\u00f1os de experiencia en plantas industriales de diferentes sectores. Colabora como profesor en Edvance Business School y en el Master de Direcci\u00f3n de Plantas Industriales de la Universitat de Girona.<\/p>\n<p>D. Youssef Oufaska: Consultor y formador, gran entusiasta de la tecnolog\u00eda y de la mejora continua. Cuenta con una amplia experiencia en empresas del \u00e1mbito internacional en la facilitaci\u00f3n y formaci\u00f3n para implementar los m\u00e9todos Kanban, Scrum y Management 3.0. Actualmente, su enfoque est\u00e1 en conseguir equipos autogestionados en las organizaciones aplicando sus conocimientos como Trainer de Kanban, Scrum, SAFe, Management 3.0, adem\u00e1s de otros m\u00e9todos y marcos de trabajo como Design Thinking, Lean Startup, eXtreme programming, Nexus, pues le apasiona descubrir y experimentar enfoques nuevos para el dise\u00f1o de productos y servicios. Youssef es un profesional certificado en Scrum Master I\/II, Agile Coach, Professional Scrum Product Owner, Team Kanban Practitioner, Kanban System Design, SAFe &#8211; Agilist, Management 3.0 y Lean Change Management.<\/p>\n<p>&nbsp;<\/p>\n<p><strong>Precio<\/strong><br \/>\nAsociados\/as AIJU: 675 euros<br \/>\nNo asociados\/as AIJU: 750 euros.<br \/>\nSegundas inscripciones, e inscripciones anticipadas (3 semanas antes) Dto. 10% (no acumulables)<\/p>\n<p>&nbsp;<\/p>\n<p><strong>Observaciones<\/strong><br \/>\nUna vez aceptada su solicitud, AIJU le indicar\u00e1 cu\u00e1ndo debe efectuar el pago.<br \/>\nIMPORTANTE: La solicitud de preinscripci\u00f3n es tambi\u00e9n un compromiso de pago en caso de ser admitido en la acci\u00f3n formativa. S\u00f3lo se admitir\u00e1n cancelaciones con derecho a devoluci\u00f3n o anulaci\u00f3n del pago, si se comunican a AIJU con al menos 5 d\u00edas laborables de antelaci\u00f3n a la fecha de inicio. Una vez confirmada la plaza al alumno\/a, si \u00e9ste no asistiera al curso y no lo notifica, se le cobrar\u00e1 el importe integro del mismo.<br \/>\n* BONIFICACI\u00d3N CURSOS: el importe de este curso puede bonificarse si se solicita a la FUNDAE. Gesti\u00f3n de la bonificaci\u00f3n gratuita por parte de AIJU. Cons\u00faltenos.<\/p>\n","protected":false},"excerpt":{"rendered":"<p>Conoce los conocimientos y herramientas necesarias para poder hacer frente a nuevos entornos con soluciones basadas en el agilidad y flexibilidad.<\/p>\n<p><strong>Inicio:<\/strong> 14 de marzo 2023.<\/p>\n","protected":false},"featured_media":2312,"comment_status":"closed","ping_status":"closed","template":"","meta":{"_acf_changed":false,"_vibebp_attr":"","_vibebp_dimensions":"","_vibebp_responsive_height":"","_vibebp_accordion_ie_support":""},"product_brand":[],"product_cat":[161,36],"product_tag":[],"class_list":{"0":"post-2180","1":"product","2":"type-product","3":"status-publish","4":"has-post-thumbnail","6":"product_cat-finalizado","7":"product_cat-parcialmente-bonificable","9":"first","10":"instock","11":"shipping-taxable","12":"product-type-simple"},"acf":[],"_links":{"self":[{"href":"https:\/\/formacionaiju.es\/en\/wp-json\/wp\/v2\/product\/2180","targetHints":{"allow":["GET"]}}],"collection":[{"href":"https:\/\/formacionaiju.es\/en\/wp-json\/wp\/v2\/product"}],"about":[{"href":"https:\/\/formacionaiju.es\/en\/wp-json\/wp\/v2\/types\/product"}],"replies":[{"embeddable":true,"href":"https:\/\/formacionaiju.es\/en\/wp-json\/wp\/v2\/comments?post=2180"}],"version-history":[{"count":2,"href":"https:\/\/formacionaiju.es\/en\/wp-json\/wp\/v2\/product\/2180\/revisions"}],"predecessor-version":[{"id":3881,"href":"https:\/\/formacionaiju.es\/en\/wp-json\/wp\/v2\/product\/2180\/revisions\/3881"}],"wp:featuredmedia":[{"embeddable":true,"href":"https:\/\/formacionaiju.es\/en\/wp-json\/wp\/v2\/media\/2312"}],"wp:attachment":[{"href":"https:\/\/formacionaiju.es\/en\/wp-json\/wp\/v2\/media?parent=2180"}],"wp:term":[{"taxonomy":"product_brand","embeddable":true,"href":"https:\/\/formacionaiju.es\/en\/wp-json\/wp\/v2\/product_brand?post=2180"},{"taxonomy":"product_cat","embeddable":true,"href":"https:\/\/formacionaiju.es\/en\/wp-json\/wp\/v2\/product_cat?post=2180"},{"taxonomy":"product_tag","embeddable":true,"href":"https:\/\/formacionaiju.es\/en\/wp-json\/wp\/v2\/product_tag?post=2180"}],"curies":[{"name":"wp","href":"https:\/\/api.w.org\/{rel}","templated":true}]}}