{"id":2267,"date":"2023-02-02T18:15:42","date_gmt":"2023-02-02T16:15:42","guid":{"rendered":"https:\/\/formacionaiju.es\/?post_type=product&#038;p=2267"},"modified":"2023-04-19T15:34:05","modified_gmt":"2023-04-19T13:34:05","slug":"programacion-basica-de-automatas","status":"publish","type":"product","link":"https:\/\/formacionaiju.es\/en\/product\/programacion-basica-de-automatas\/","title":{"rendered":"Programaci\u00f3n b\u00e1sica de aut\u00f3matas"},"content":{"rendered":"<p><strong>Destinatarios\/as<\/strong><\/p>\n<p>Trabajadores en activo, desempleados.<\/p>\n<p>&nbsp;<\/p>\n<p><strong>Objetivos<\/strong><\/p>\n<p>&#8211; Obtener una formaci\u00f3n general sobre las posibilidades de los PLC\u2019s en la automatizaci\u00f3n de procesos b\u00e1sicos.<br \/>\n&#8211; Elaborar y visualizar programas desde un ordenador mediante el software CX-Programmer.<br \/>\n&#8211; Introducir el lenguaje de definici\u00f3n de automatismos GRAFCET.<\/p>\n<p>&nbsp;<\/p>\n<p><strong>Contenido<\/strong><\/p>\n<p>1.- Componentes de un sistema automatizado para la transformaci\u00f3n de pol\u00edmeros.<br \/>\nFundamentos del control programable.<br \/>\nEstructura de un PLC.<br \/>\nConexionado de PLCs OMRON<br \/>\n2.- Programaci\u00f3n de aut\u00f3matas.<br \/>\nProgramaci\u00f3n b\u00e1sica de aut\u00f3matas.<br \/>\nProgramaci\u00f3n de dispositivos HMI.<br \/>\n3.- GRAFCET.<br \/>\nIntroducci\u00f3n al GRAFCET.<\/p>\n<p>&nbsp;<\/p>\n<p><strong>CV Profesorado<\/strong><\/p>\n<p>D. Emilio Torres: Ingeniero en Organizaci\u00f3n Industrial e Ingeniero T\u00e9cnico Industrial, con la especialidad en electr\u00f3nica Industrial. Es Consultor colaborador de la Universitat Oberta de Catalunya (UOC). Fue profesor asociado de la Universidad Polit\u00e9cnica de Valencia y consultor de organizaci\u00f3n industrial aut\u00f3nomo. Durante 6 a\u00f1os trabaj\u00f3 en la empresa Feber como adjunto al director de producci\u00f3n y como responsable de log\u00edstica interna. Es profesor T\u00e9cnico de Formaci\u00f3n Profesional en la especialidad de Instalaciones Electrot\u00e9cnicas desde el a\u00f1o 2004, docente en ciclos formativos de Formaci\u00f3n Profesional en los m\u00f3dulos de Automatismos Industriales, Instalaciones Dom\u00f3ticas e Instalaciones de Interior. En el \u00e1mbito industrial tambi\u00e9n es docente habitual, realizando tanto formaci\u00f3n a medida como cursos en abierto para trabajadores y desempleados.<\/p>\n<p>&nbsp;<\/p>\n<p><strong>Precio<\/strong><br \/>\nGRATUITO. Formaci\u00f3n sin coste, totalmente subvencionada por el Ministerio de Educaci\u00f3n y Formaci\u00f3n Profesional, Fondos UE-Next Generation gestionados por LABORA a trav\u00e9s de REDIT, la Red de Institutos Tecnol\u00f3gicos de la Comunidad Valenciana y cuenta con acreditaci\u00f3n oficial.<\/p>\n<p><img decoding=\"async\" class=\"alignnone wp-image-1945\" src=\"https:\/\/formacionaiju.es\/wp-content\/uploads\/2022\/12\/LOGOS-TODOS-22-UP-460x31.png\" sizes=\"(max-width: 853px) 100vw, 853px\" srcset=\"https:\/\/formacionaiju.es\/wp-content\/uploads\/2022\/12\/LOGOS-TODOS-22-UP-460x31.png 460w, https:\/\/formacionaiju.es\/wp-content\/uploads\/2022\/12\/LOGOS-TODOS-22-UP-1024x70.png 1024w, https:\/\/formacionaiju.es\/wp-content\/uploads\/2022\/12\/LOGOS-TODOS-22-UP-768x53.png 768w, https:\/\/formacionaiju.es\/wp-content\/uploads\/2022\/12\/LOGOS-TODOS-22-UP-1536x105.png 1536w, https:\/\/formacionaiju.es\/wp-content\/uploads\/2022\/12\/LOGOS-TODOS-22-UP-2048x140.png 2048w, https:\/\/formacionaiju.es\/wp-content\/uploads\/2022\/12\/LOGOS-TODOS-22-UP-300x21.png 300w, https:\/\/formacionaiju.es\/wp-content\/uploads\/2022\/12\/LOGOS-TODOS-22-UP-120x8.png 120w, https:\/\/formacionaiju.es\/wp-content\/uploads\/2022\/12\/LOGOS-TODOS-22-UP-310x21.png 310w\" alt=\"\" width=\"853\" height=\"58\" \/><\/p>\n","protected":false},"excerpt":{"rendered":"<p>Obt\u00e9n con este curso una formaci\u00f3n general sobre las posibilidades de los PLC\u2019s en la automatizaci\u00f3n de procesos b\u00e1sicos.<\/p>\n","protected":false},"featured_media":2270,"comment_status":"closed","ping_status":"closed","template":"","meta":{"_acf_changed":false,"_vibebp_attr":"","_vibebp_dimensions":"","_vibebp_responsive_height":"","_vibebp_accordion_ie_support":""},"product_brand":[],"product_cat":[162,136],"product_tag":[],"class_list":{"0":"post-2267","1":"product","2":"type-product","3":"status-publish","4":"has-post-thumbnail","6":"product_cat-en-marcha","7":"product_cat-subvencionados","9":"first","10":"instock","11":"shipping-taxable","12":"product-type-simple"},"acf":[],"_links":{"self":[{"href":"https:\/\/formacionaiju.es\/en\/wp-json\/wp\/v2\/product\/2267","targetHints":{"allow":["GET"]}}],"collection":[{"href":"https:\/\/formacionaiju.es\/en\/wp-json\/wp\/v2\/product"}],"about":[{"href":"https:\/\/formacionaiju.es\/en\/wp-json\/wp\/v2\/types\/product"}],"replies":[{"embeddable":true,"href":"https:\/\/formacionaiju.es\/en\/wp-json\/wp\/v2\/comments?post=2267"}],"version-history":[{"count":3,"href":"https:\/\/formacionaiju.es\/en\/wp-json\/wp\/v2\/product\/2267\/revisions"}],"predecessor-version":[{"id":2699,"href":"https:\/\/formacionaiju.es\/en\/wp-json\/wp\/v2\/product\/2267\/revisions\/2699"}],"wp:featuredmedia":[{"embeddable":true,"href":"https:\/\/formacionaiju.es\/en\/wp-json\/wp\/v2\/media\/2270"}],"wp:attachment":[{"href":"https:\/\/formacionaiju.es\/en\/wp-json\/wp\/v2\/media?parent=2267"}],"wp:term":[{"taxonomy":"product_brand","embeddable":true,"href":"https:\/\/formacionaiju.es\/en\/wp-json\/wp\/v2\/product_brand?post=2267"},{"taxonomy":"product_cat","embeddable":true,"href":"https:\/\/formacionaiju.es\/en\/wp-json\/wp\/v2\/product_cat?post=2267"},{"taxonomy":"product_tag","embeddable":true,"href":"https:\/\/formacionaiju.es\/en\/wp-json\/wp\/v2\/product_tag?post=2267"}],"curies":[{"name":"wp","href":"https:\/\/api.w.org\/{rel}","templated":true}]}}