{"id":2318,"date":"2023-02-14T19:19:37","date_gmt":"2023-02-14T17:19:37","guid":{"rendered":"https:\/\/formacionaiju.es\/?post_type=product&#038;p=2318"},"modified":"2023-11-14T11:02:05","modified_gmt":"2023-11-14T09:02:05","slug":"inyeccion-de-materiales-plasticos","status":"publish","type":"product","link":"https:\/\/formacionaiju.es\/en\/product\/inyeccion-de-materiales-plasticos\/","title":{"rendered":"Inyecci\u00f3n de materiales pl\u00e1sticos."},"content":{"rendered":"<p><strong>Destinatarios\/as<\/strong><\/p>\n<p>Trabajadores en activo prioritariamente del sector pl\u00e1stico-qu\u00edmico, desempleados.<\/p>\n<p>&nbsp;<\/p>\n<p><strong>Objetivos<\/strong><\/p>\n<p>&#8211; Realizar la puesta en marcha o parada de las instalaciones actuando seg\u00fan las normas internas de trabajo.<\/p>\n<p>&#8211; Controlar el proceso de transformaci\u00f3n de pol\u00edmeros termopl\u00e1sticos para mantener el r\u00e9gimen de operaci\u00f3n de acuerdo a las especificaciones del producto que se desea obtener, atendiendo a criterios de calidad y medioambientales.<\/p>\n<p>&nbsp;<\/p>\n<p><strong>Contenido<\/strong><\/p>\n<p>M\u00e9todos de transformaci\u00f3n de termopl\u00e1sticos y normativa aplicable.<\/p>\n<p>&#8211; Principios fundamentales de la transformaci\u00f3n.<\/p>\n<p>&#8211; Principios de funcionamiento de los equipos. Sistemas de control. Par\u00e1metros de operaci\u00f3n y control.<\/p>\n<p>Procesos de inyecci\u00f3n<\/p>\n<p>&nbsp;<\/p>\n<p><strong>CV Profesorado<\/strong><\/p>\n<p>D. Manuel Guindo: Titulado T\u00e9cnico Superior en Pl\u00e1stico y Caucho. Ha realizado formaci\u00f3n complementaria sobre gesti\u00f3n y control de calidad, planificaci\u00f3n, organizaci\u00f3n y control de la producci\u00f3n, automatismos y electromec\u00e1nica, corriente continua, etc. Cuenta con 11 a\u00f1os de experiencia profesional en la empresa FEBER (Ibi-Alicante), desempe\u00f1ando, entre otras, funciones de responsable de montaje de juguetes o responsable de calidad. Posteriormente trabaj\u00f3 en la empresa GAVIOTA SIMBAC (Sax-Alicante) ocup\u00e1ndose de la puesta en marcha y optimizaci\u00f3n de la planta de inyecci\u00f3n de termopl\u00e1sticos y ejerciendo tambi\u00e9n las funciones de jefe de planta. Posteriormente fue jefe de planta de inyecci\u00f3n de termopl\u00e1sticos, inyecci\u00f3n con IML y programaci\u00f3n de robots en la empresa INYECTADOS ALCOY, S.L. Seguidamente fue responsable de la planta de inyecci\u00f3n de la empresa IMPRESIONES SEYCA (Ibi-Alicante). Actualmente es responsable de planta en la empresa VICEDO MART\u00cd (Ibi-Alicante). Es docente habitual en cursos sobre inyecci\u00f3n, realizando tambi\u00e9n formaci\u00f3n a medida para empresas. As\u00ed mismo, ha ejercicio de profesor de formaci\u00f3n reglada, colaborando en la impartici\u00f3n de los ciclos formativos de T\u00e9cnico de Transformaci\u00f3n de Pl\u00e1sticos y Caucho desde el a\u00f1o 2006.<\/p>\n<p>D. Javier Vicent: Desde 2008 pertenece al Servicio T\u00e9cnico de C\u00e1maras Calientes para moldes de la empresa BRU Y RUBIO, S.L. en Ibi (Alicante), realizando funciones como montaje, mantenimiento y reparaci\u00f3n de sistemas de c\u00e1maras calientes tanto neum\u00e1ticas como hidr\u00e1ulicas para inyecci\u00f3n de materiales pl\u00e1sticos, soporte en controladores de temperatura convencionales, t\u00e1ctiles y controladores secu\u00e9nciales para inyecci\u00f3n, colaboraci\u00f3n con oficina t\u00e9cnica, soporte a clientes tanto en los arranques de los sistemas como en la optimizaci\u00f3n del proceso de inyecci\u00f3n, etc. Anteriormente desarroll\u00f3 su labor profesional en MATRICER\u00cdA RAYEN, como oficial de 1\u00aa, mec\u00e1nico ajustador, fresador, torno y banco; en TALLERES CERVANTES como oficial mec\u00e1nico ajustador y banco; y la empresa Inyecci\u00f3n de termopl\u00e1sticos Cervantes, como oficial de 1\u00aa en mantenimiento de m\u00e1quinas y moldes. Colaborador docente en formaci\u00f3n para el \u00e1mbito empresarial.<\/p>\n<p>&nbsp;<\/p>\n<p><strong>Precio<\/strong><br \/>\nGRATUITO. Formaci\u00f3n sin coste, totalmente subvencionada por el Ministerio de Educaci\u00f3n y Formaci\u00f3n Profesional, Fondos UE-Next Generation gestionados por LABORA a trav\u00e9s de REDIT, la Red de Institutos Tecnol\u00f3gicos de la Comunidad Valenciana y cuenta con acreditaci\u00f3n oficial.<\/p>\n<p>&nbsp;<\/p>\n<p><img decoding=\"async\" class=\"alignnone wp-image-2319\" src=\"https:\/\/formacionaiju.es\/wp-content\/uploads\/2023\/02\/LOGOS-TODOS-22-UP-460x31.png\" alt=\"\" width=\"735\" height=\"49\" srcset=\"https:\/\/formacionaiju.es\/wp-content\/uploads\/2023\/02\/LOGOS-TODOS-22-UP-460x31.png 460w, https:\/\/formacionaiju.es\/wp-content\/uploads\/2023\/02\/LOGOS-TODOS-22-UP-300x21.png 300w, https:\/\/formacionaiju.es\/wp-content\/uploads\/2023\/02\/LOGOS-TODOS-22-UP-1024x70.png 1024w, https:\/\/formacionaiju.es\/wp-content\/uploads\/2023\/02\/LOGOS-TODOS-22-UP-1536x105.png 1536w, https:\/\/formacionaiju.es\/wp-content\/uploads\/2023\/02\/LOGOS-TODOS-22-UP-2048x140.png 2048w, https:\/\/formacionaiju.es\/wp-content\/uploads\/2023\/02\/LOGOS-TODOS-22-UP-120x8.png 120w, https:\/\/formacionaiju.es\/wp-content\/uploads\/2023\/02\/LOGOS-TODOS-22-UP-310x21.png 310w\" sizes=\"(max-width: 735px) 100vw, 735px\" \/><\/p>\n","protected":false},"excerpt":{"rendered":"<p>Consigue formaci\u00f3n demandada por la industria del pl\u00e1stico. Aprende a controlar el proceso de transformaci\u00f3n de termopl\u00e1sticos.<\/p>\n","protected":false},"featured_media":2749,"comment_status":"closed","ping_status":"closed","template":"","meta":{"_acf_changed":false,"_vibebp_attr":"","_vibebp_dimensions":"","_vibebp_responsive_height":"","_vibebp_accordion_ie_support":""},"product_brand":[],"product_cat":[161,136],"product_tag":[],"class_list":{"0":"post-2318","1":"product","2":"type-product","3":"status-publish","4":"has-post-thumbnail","6":"product_cat-finalizado","7":"product_cat-subvencionados","9":"first","10":"instock","11":"shipping-taxable","12":"product-type-simple"},"acf":[],"_links":{"self":[{"href":"https:\/\/formacionaiju.es\/en\/wp-json\/wp\/v2\/product\/2318","targetHints":{"allow":["GET"]}}],"collection":[{"href":"https:\/\/formacionaiju.es\/en\/wp-json\/wp\/v2\/product"}],"about":[{"href":"https:\/\/formacionaiju.es\/en\/wp-json\/wp\/v2\/types\/product"}],"replies":[{"embeddable":true,"href":"https:\/\/formacionaiju.es\/en\/wp-json\/wp\/v2\/comments?post=2318"}],"version-history":[{"count":4,"href":"https:\/\/formacionaiju.es\/en\/wp-json\/wp\/v2\/product\/2318\/revisions"}],"predecessor-version":[{"id":2327,"href":"https:\/\/formacionaiju.es\/en\/wp-json\/wp\/v2\/product\/2318\/revisions\/2327"}],"wp:featuredmedia":[{"embeddable":true,"href":"https:\/\/formacionaiju.es\/en\/wp-json\/wp\/v2\/media\/2749"}],"wp:attachment":[{"href":"https:\/\/formacionaiju.es\/en\/wp-json\/wp\/v2\/media?parent=2318"}],"wp:term":[{"taxonomy":"product_brand","embeddable":true,"href":"https:\/\/formacionaiju.es\/en\/wp-json\/wp\/v2\/product_brand?post=2318"},{"taxonomy":"product_cat","embeddable":true,"href":"https:\/\/formacionaiju.es\/en\/wp-json\/wp\/v2\/product_cat?post=2318"},{"taxonomy":"product_tag","embeddable":true,"href":"https:\/\/formacionaiju.es\/en\/wp-json\/wp\/v2\/product_tag?post=2318"}],"curies":[{"name":"wp","href":"https:\/\/api.w.org\/{rel}","templated":true}]}}