{"id":2590,"date":"2023-03-22T17:08:52","date_gmt":"2023-03-22T15:08:52","guid":{"rendered":"https:\/\/formacionaiju.es\/?post_type=product&#038;p=2590"},"modified":"2023-11-14T10:59:32","modified_gmt":"2023-11-14T08:59:32","slug":"sistemas-neumaticos-e-hidraulicos-en-equipos-e-instalaciones-para-la-transformacion-de-polimeros","status":"publish","type":"product","link":"https:\/\/formacionaiju.es\/en\/product\/sistemas-neumaticos-e-hidraulicos-en-equipos-e-instalaciones-para-la-transformacion-de-polimeros\/","title":{"rendered":"Sistemas neum\u00e1ticos e hidr\u00e1ulicos en equipos e instalaciones para la transformaci\u00f3n de pol\u00edmeros"},"content":{"rendered":"<p><strong>Destinatarios\/as<\/strong><\/p>\n<p>Trabajadores en activo, desempleados.<\/p>\n<p>&nbsp;<\/p>\n<p><strong>Objetivos<\/strong><\/p>\n<p>&#8211; Controlar los sistemas de alimentaci\u00f3n de energ\u00eda y fluidos (calefacci\u00f3n, refrigeraci\u00f3n, hidr\u00e1ulicos o neum\u00e1ticos de las m\u00e1quinas e instalaciones b\u00e1sicas o auxiliares) considerando los tiempos, secuencia del proceso, valores, entre otros, para la transformaci\u00f3n de pol\u00edmeros seg\u00fan normativa de riesgos laborales y de calidad.<br \/>\n&#8211; Realizar el mantenimiento de primer nivel relativo a las m\u00e1quinas utilizadas en la transformaci\u00f3n de pol\u00edmeros para garantizar su funcionamiento aplicando la normativa de riesgos laborales.<\/p>\n<p>&nbsp;<\/p>\n<p><strong>Contenido<\/strong><\/p>\n<p>1. Sistemas neum\u00e1ticos, electroneum\u00e1ticos e hidr\u00e1ulicos aplicados a la transformaci\u00f3n de pol\u00edmeros.<br \/>\n&#8211; Circuitos el\u00e9ctricos, identificaci\u00f3n de componentes en un plano. Montaje de circuitos. Medici\u00f3n de par\u00e1metros: resistencia, intensidades, tensi\u00f3n y otros.<br \/>\n&#8211; Tecnolog\u00eda neum\u00e1tica.<br \/>\n&#8211; Tecnolog\u00eda hidr\u00e1ulica.<br \/>\n&#8211; Automatizaci\u00f3n de sistemas neum\u00e1ticos y oleohidr\u00e1ulicos.<\/p>\n<p>2. Mantenimiento.<br \/>\n&#8211; Conceptos de mantenimiento<br \/>\n&#8211; Mantenimiento preventivo.<br \/>\n&#8211; Mantenimiento correctivo.<\/p>\n<p>3. Seguridad en sistemas neum\u00e1ticos, electro-neum\u00e1ticos, hidr\u00e1ulicos y electro-hidr\u00e1ulicos en equipos e instalaciones para la transformaci\u00f3n de pol\u00edmeros.<\/p>\n<p>&nbsp;<\/p>\n<p><strong>CV Profesorado<\/strong><\/p>\n<p>D. Jos\u00e9 Carlos Torregrosa Gim\u00e9nez: Ingeniero t\u00e9cnico Industrial, especialidad en Electr\u00f3nica industrial (EPSA), master t\u00e9cnico superior en Prevenci\u00f3n de riesgos laborales, especialidad seguridad en el trabajo y Curso de aptitud Pedag\u00f3gica (CAP). Desde 1995 responsable de mantenimiento industrial en diversos sectores. Desde 1998 complementa su experiencia profesional con la docente en distintos centros de formaci\u00f3n p\u00fablicos y privados dando cursos t\u00e9cnicos para el SERVEF, particulares y empresas.<\/p>\n<p>D. Rafael Segu\u00ed Revert: Ingeniero t\u00e9cnico Industrial, especialidad en electr\u00f3nica industrial (EPSA), finalizando estudios de grado en ingenier\u00eda qu\u00edmica. Involucrado en la automatizaci\u00f3n industrial desde hace m\u00e1s de 20 a\u00f1os, especialista en sistemas PLC y control autom\u00e1tico, es el responsable del departamento de I+D de Aesis, empresa dedicada a implementar soluciones de control y autom\u00e1tica industrial. En continua formaci\u00f3n tanto docente como profesional, ha realizado cursos de formaci\u00f3n en el \u00e1mbito del control industrial, inform\u00e1tica, sistemas operativos Linux, desarrollo web, y aut\u00f3matas programables.<\/p>\n<p>&nbsp;<\/p>\n<p><strong>Precio<\/strong><br \/>\nGRATUITO. Formaci\u00f3n sin coste, totalmente subvencionada por el Ministerio de Educaci\u00f3n y Formaci\u00f3n Profesional, Fondos UE-Next Generation gestionados por LABORA a trav\u00e9s de REDIT, la Red de Institutos Tecnol\u00f3gicos de la Comunidad Valenciana y cuenta con acreditaci\u00f3n oficial.<\/p>\n<p><img decoding=\"async\" class=\"alignnone wp-image-1945\" src=\"https:\/\/formacionaiju.es\/wp-content\/uploads\/2022\/12\/LOGOS-TODOS-22-UP-460x31.png\" sizes=\"(max-width: 853px) 100vw, 853px\" srcset=\"https:\/\/formacionaiju.es\/wp-content\/uploads\/2022\/12\/LOGOS-TODOS-22-UP-460x31.png 460w, https:\/\/formacionaiju.es\/wp-content\/uploads\/2022\/12\/LOGOS-TODOS-22-UP-1024x70.png 1024w, https:\/\/formacionaiju.es\/wp-content\/uploads\/2022\/12\/LOGOS-TODOS-22-UP-768x53.png 768w, https:\/\/formacionaiju.es\/wp-content\/uploads\/2022\/12\/LOGOS-TODOS-22-UP-1536x105.png 1536w, https:\/\/formacionaiju.es\/wp-content\/uploads\/2022\/12\/LOGOS-TODOS-22-UP-2048x140.png 2048w, https:\/\/formacionaiju.es\/wp-content\/uploads\/2022\/12\/LOGOS-TODOS-22-UP-300x21.png 300w, https:\/\/formacionaiju.es\/wp-content\/uploads\/2022\/12\/LOGOS-TODOS-22-UP-120x8.png 120w, https:\/\/formacionaiju.es\/wp-content\/uploads\/2022\/12\/LOGOS-TODOS-22-UP-310x21.png 310w\" alt=\"\" width=\"853\" height=\"58\" \/><\/p>\n","protected":false},"excerpt":{"rendered":"<p>Aprende, conoce y controla los sistemas de alimentaci\u00f3n de energ\u00eda y fluidos para la transformaci\u00f3n de pol\u00edmeros seg\u00fan normativa de riesgos laborales y de calidad.<\/p>\n","protected":false},"featured_media":2767,"comment_status":"closed","ping_status":"closed","template":"","meta":{"_acf_changed":false,"_vibebp_attr":"","_vibebp_dimensions":"","_vibebp_responsive_height":"","_vibebp_accordion_ie_support":""},"product_brand":[],"product_cat":[161,136],"product_tag":[],"class_list":{"0":"post-2590","1":"product","2":"type-product","3":"status-publish","4":"has-post-thumbnail","6":"product_cat-finalizado","7":"product_cat-subvencionados","9":"first","10":"instock","11":"shipping-taxable","12":"product-type-simple"},"acf":[],"_links":{"self":[{"href":"https:\/\/formacionaiju.es\/en\/wp-json\/wp\/v2\/product\/2590","targetHints":{"allow":["GET"]}}],"collection":[{"href":"https:\/\/formacionaiju.es\/en\/wp-json\/wp\/v2\/product"}],"about":[{"href":"https:\/\/formacionaiju.es\/en\/wp-json\/wp\/v2\/types\/product"}],"replies":[{"embeddable":true,"href":"https:\/\/formacionaiju.es\/en\/wp-json\/wp\/v2\/comments?post=2590"}],"version-history":[{"count":3,"href":"https:\/\/formacionaiju.es\/en\/wp-json\/wp\/v2\/product\/2590\/revisions"}],"predecessor-version":[{"id":3882,"href":"https:\/\/formacionaiju.es\/en\/wp-json\/wp\/v2\/product\/2590\/revisions\/3882"}],"wp:featuredmedia":[{"embeddable":true,"href":"https:\/\/formacionaiju.es\/en\/wp-json\/wp\/v2\/media\/2767"}],"wp:attachment":[{"href":"https:\/\/formacionaiju.es\/en\/wp-json\/wp\/v2\/media?parent=2590"}],"wp:term":[{"taxonomy":"product_brand","embeddable":true,"href":"https:\/\/formacionaiju.es\/en\/wp-json\/wp\/v2\/product_brand?post=2590"},{"taxonomy":"product_cat","embeddable":true,"href":"https:\/\/formacionaiju.es\/en\/wp-json\/wp\/v2\/product_cat?post=2590"},{"taxonomy":"product_tag","embeddable":true,"href":"https:\/\/formacionaiju.es\/en\/wp-json\/wp\/v2\/product_tag?post=2590"}],"curies":[{"name":"wp","href":"https:\/\/api.w.org\/{rel}","templated":true}]}}