{"id":2601,"date":"2023-03-23T17:19:28","date_gmt":"2023-03-23T15:19:28","guid":{"rendered":"https:\/\/formacionaiju.es\/?post_type=product&#038;p=2601"},"modified":"2023-12-05T18:05:23","modified_gmt":"2023-12-05T16:05:23","slug":"materiales-termoplasticos-y-su-uso-en-la-industria","status":"publish","type":"product","link":"https:\/\/formacionaiju.es\/en\/product\/materiales-termoplasticos-y-su-uso-en-la-industria\/","title":{"rendered":"Materiales termopl\u00e1sticos y su uso en la industria"},"content":{"rendered":"<p><strong>Destinatarios\/as<\/strong><\/p>\n<p>Trabajadores en activo, desempleados.<\/p>\n<p>&nbsp;<\/p>\n<p><strong>Objetivos<\/strong><\/p>\n<p>Conocer las materias primas polim\u00e9ricas y sus aditivos, preparar mezclas de materiales de acuerdo a \u00f3rdenes de trabajo, conocer los ensayos de calidad de materia prima y producto acabado, recuperar materiales de desecho de la transformaci\u00f3n, operar los sistemas de secado para acondicionar los materiales termopl\u00e1sticos para su transformaci\u00f3n.<\/p>\n<p>&nbsp;<\/p>\n<p><strong>Contenido<\/strong><\/p>\n<p><strong>1.<\/strong> Materias primas: pol\u00edmeros y aditivos.<br \/>\nTeor\u00eda at\u00f3mico-molecular. Sistema peri\u00f3dico. El \u00e1tomo y sus enlaces.<br \/>\nEl lenguaje qu\u00edmico. Formulaci\u00f3n y nomenclatura de compuestos qu\u00edmicos. Reglas de I.U.P.A.C.<br \/>\nQu\u00edmica del carbono. Enlaces del carbono.<br \/>\nMacromol\u00e9culas: Mon\u00f3meros, pol\u00edmeros.<br \/>\nReacciones de polimerizaci\u00f3n.<br \/>\nDescripci\u00f3n, caracter\u00edsticas y clasificaci\u00f3n de las principales familias de pl\u00e1sticos. Acr\u00f3nimos m\u00e1s usuales. Poliolefinas (polietileno, polipropileno, otras poliolefinas y copol\u00edmeros)<br \/>\nPolicloruro de vinilo y sus compuestos<br \/>\nPoliestireno y copol\u00edmeros (ABS, HIPS, SAN)<br \/>\nPoliacrilatos y metacrilatos<br \/>\nPoliamidas (Nylons)<br \/>\nPolicarbonato<br \/>\nPoli\u00e9steres<br \/>\nPl\u00e1sticos de ingenier\u00eda (POM, PEK, PEEK, PPO y otros)<br \/>\nAditivos e ingredientes de mezcla. Efectos sobre las propiedades finales.<\/p>\n<p><strong>2.<\/strong> Preparaci\u00f3n de mezclas:<br \/>\nFormulaci\u00f3n de una mezcla: Expresi\u00f3n y c\u00e1lculos.<br \/>\nMedida de masas y vol\u00famenes de los componentes de una mezcla.<br \/>\nOperaciones previas y procedimiento de mezclado. Sistemas de dosificaci\u00f3n (gravim\u00e9tricos y volum\u00e9tricos)<br \/>\nConsecuencias de la humedad y posibles contaminantes.<br \/>\nT\u00e9cnicas de mezclado: Fundamentos y equipos, mezcladores internos y externos.<br \/>\nProcedimientos y t\u00e9cnicas de operaci\u00f3n. Ciclo de mezclado. Control de variables y orden de adici\u00f3n de ingredientes.<br \/>\nRealizaci\u00f3n de mezclas de pol\u00edmeros. Mezcladores de l\u00edquidos. Mezcladores internos en fundido (discontinuos) Extrusoras de mezclado (mezcladores en fundido continuos)<br \/>\nVentajas en inconvenientes de cada sistema de mezclado<br \/>\nPreparaci\u00f3n de concentrados de color y otros.<br \/>\nUtilizaci\u00f3n de materiales reciclados: condicionantes y l\u00edmites.<\/p>\n<p><strong>3.<\/strong> Otros procesos de transformaci\u00f3n.<\/p>\n<p>&nbsp;<\/p>\n<p><strong>CV Profesorado<\/strong><\/p>\n<p><strong>D\u00f1a. Asunci\u00f3n Mart\u00ednez<\/strong>: Doctora en Ciencias Qu\u00edmicas. M\u00e1ster en Administraci\u00f3n de Empresas. Investigadora principal en proyectos de investigaci\u00f3n nacionales y europeos sobre desarrollo de formulaciones de materiales pl\u00e1sticos, procesado de pl\u00e1sticos, fabricaci\u00f3n aditiva, moldes de inyecci\u00f3n, tratamiento de superficies, caracterizaci\u00f3n de termopl\u00e1sticos, etc. Profesora de la asignatura de materiales pl\u00e1sticos del Ciclo Medio y Ciclo Superior de \u201cT\u00e9cnico en operaciones de transformaci\u00f3n de pl\u00e1stico y caucho\u201d, as\u00ed como de otros cursos organizados por AIJU sobre materiales pl\u00e1sticos. Actualmente es <strong>responsable del \u00c1rea de Materiales Innovadores y Procesos de AIJU<\/strong>, realizando principalmente tareas de gesti\u00f3n de proyectos y servicios a las empresas. Posee experiencia en el desarrollo de nuevos materiales pl\u00e1sticos y su procesado para diversos sectores, en especial el juguete. Es docente habitual, ponente en conferencias y jornadas nacionales e internacionales y miembro del Comit\u00e9 de normalizaci\u00f3n ISO TC261 \u00abFabricaci\u00f3n aditiva\u00bb. Ha realizado diferentes publicaciones, dirigido proyectos de fin de carrera sobre pol\u00edmeros y procesado, etc.<\/p>\n<p><strong>D. Mehdi Dhia.<\/strong><\/p>\n<p><strong>D. Juan Luis G\u00e1mez: <\/strong>Doctor por la universidad Polit\u00e9cnica de Valencia (UPV), ingeniero T\u00e9cnico industrial, Profesor asociado en la UPV impartiendo clases en la Universidad polit\u00e9cnica de Valencia en el departamento de Ingenier\u00eda Gr\u00e1fica, Responsable del Departamento t\u00e9cnico en distintas empresas, Especialista en moldes y matrices y en procesos de transformaci\u00f3n de pol\u00edmeros, Asesor y formador para empresas de Inyecci\u00f3n de termopl\u00e1sticos. 20 a\u00f1os de experiencia en diversas empresas en el sector de la transformaci\u00f3n del pl\u00e1sticos y fabricaci\u00f3n de moldes<\/p>\n<p>&nbsp;<\/p>\n<p><strong>Precio<\/strong><br \/>\nGRATUITO. Formaci\u00f3n sin coste, totalmente subvencionada por el Ministerio de Educaci\u00f3n y Formaci\u00f3n Profesional, Fondos UE-Next Generation gestionados por LABORA a trav\u00e9s de REDIT, la Red de Institutos Tecnol\u00f3gicos de la Comunidad Valenciana y cuenta con acreditaci\u00f3n oficial.<\/p>\n<p><img decoding=\"async\" class=\"alignnone wp-image-1945\" src=\"https:\/\/formacionaiju.es\/wp-content\/uploads\/2022\/12\/LOGOS-TODOS-22-UP-460x31.png\" sizes=\"(max-width: 853px) 100vw, 853px\" srcset=\"https:\/\/formacionaiju.es\/wp-content\/uploads\/2022\/12\/LOGOS-TODOS-22-UP-460x31.png 460w, https:\/\/formacionaiju.es\/wp-content\/uploads\/2022\/12\/LOGOS-TODOS-22-UP-1024x70.png 1024w, https:\/\/formacionaiju.es\/wp-content\/uploads\/2022\/12\/LOGOS-TODOS-22-UP-768x53.png 768w, https:\/\/formacionaiju.es\/wp-content\/uploads\/2022\/12\/LOGOS-TODOS-22-UP-1536x105.png 1536w, https:\/\/formacionaiju.es\/wp-content\/uploads\/2022\/12\/LOGOS-TODOS-22-UP-2048x140.png 2048w, https:\/\/formacionaiju.es\/wp-content\/uploads\/2022\/12\/LOGOS-TODOS-22-UP-300x21.png 300w, https:\/\/formacionaiju.es\/wp-content\/uploads\/2022\/12\/LOGOS-TODOS-22-UP-120x8.png 120w, https:\/\/formacionaiju.es\/wp-content\/uploads\/2022\/12\/LOGOS-TODOS-22-UP-310x21.png 310w\" alt=\"\" width=\"853\" height=\"58\" \/><\/p>\n","protected":false},"excerpt":{"rendered":"<p>\u00bfQuieres conocer m\u00e1s sobre los materiales termopl\u00e1sticos? Conoce las materias primas y sus aditivos, as\u00ed como la preparaci\u00f3n de mezclas.<\/p>\n","protected":false},"featured_media":2770,"comment_status":"closed","ping_status":"closed","template":"","meta":{"_acf_changed":false,"_vibebp_attr":"","_vibebp_dimensions":"","_vibebp_responsive_height":"","_vibebp_accordion_ie_support":""},"product_brand":[],"product_cat":[161,136],"product_tag":[],"class_list":{"0":"post-2601","1":"product","2":"type-product","3":"status-publish","4":"has-post-thumbnail","6":"product_cat-finalizado","7":"product_cat-subvencionados","9":"first","10":"instock","11":"shipping-taxable","12":"product-type-simple"},"acf":[],"_links":{"self":[{"href":"https:\/\/formacionaiju.es\/en\/wp-json\/wp\/v2\/product\/2601","targetHints":{"allow":["GET"]}}],"collection":[{"href":"https:\/\/formacionaiju.es\/en\/wp-json\/wp\/v2\/product"}],"about":[{"href":"https:\/\/formacionaiju.es\/en\/wp-json\/wp\/v2\/types\/product"}],"replies":[{"embeddable":true,"href":"https:\/\/formacionaiju.es\/en\/wp-json\/wp\/v2\/comments?post=2601"}],"version-history":[{"count":6,"href":"https:\/\/formacionaiju.es\/en\/wp-json\/wp\/v2\/product\/2601\/revisions"}],"predecessor-version":[{"id":3476,"href":"https:\/\/formacionaiju.es\/en\/wp-json\/wp\/v2\/product\/2601\/revisions\/3476"}],"wp:featuredmedia":[{"embeddable":true,"href":"https:\/\/formacionaiju.es\/en\/wp-json\/wp\/v2\/media\/2770"}],"wp:attachment":[{"href":"https:\/\/formacionaiju.es\/en\/wp-json\/wp\/v2\/media?parent=2601"}],"wp:term":[{"taxonomy":"product_brand","embeddable":true,"href":"https:\/\/formacionaiju.es\/en\/wp-json\/wp\/v2\/product_brand?post=2601"},{"taxonomy":"product_cat","embeddable":true,"href":"https:\/\/formacionaiju.es\/en\/wp-json\/wp\/v2\/product_cat?post=2601"},{"taxonomy":"product_tag","embeddable":true,"href":"https:\/\/formacionaiju.es\/en\/wp-json\/wp\/v2\/product_tag?post=2601"}],"curies":[{"name":"wp","href":"https:\/\/api.w.org\/{rel}","templated":true}]}}