{"id":2607,"date":"2023-03-24T10:15:44","date_gmt":"2023-03-24T08:15:44","guid":{"rendered":"https:\/\/formacionaiju.es\/?post_type=product&#038;p=2607"},"modified":"2023-11-14T10:58:14","modified_gmt":"2023-11-14T08:58:14","slug":"metrologia-en-moldes-y-matrices","status":"publish","type":"product","link":"https:\/\/formacionaiju.es\/en\/product\/metrologia-en-moldes-y-matrices\/","title":{"rendered":"Metrolog\u00eda en moldes y matrices"},"content":{"rendered":"<p><strong>Destinatarios\/as<\/strong><\/p>\n<p>Trabajadores en activo, desempleados.<\/p>\n<p>&nbsp;<\/p>\n<p><strong>Objetivos<\/strong><\/p>\n<p>Verificar la forma, dimensiones y acabados superficiales de los componentes del molde, para asegurar la calidad de los mismos, seg\u00fan los procedimientos establecidos y cumpliendo las normas de prevenci\u00f3n de riesgos laborales y protecci\u00f3n del medio ambiente.<\/p>\n<p>&nbsp;<\/p>\n<p><strong>Contenido<\/strong><\/p>\n<p>Verificaci\u00f3n de la funcionalidad<br \/>\n&#8211; Acondicionamiento de las piezas para su medici\u00f3n.<br \/>\n&#8211; Instrumentos de verificaci\u00f3n.<br \/>\n&#8211; Calibraci\u00f3n de los instrumentos de verificaci\u00f3n: Comprobaci\u00f3n de la calibraci\u00f3n de los instrumentos de verificaci\u00f3n.<br \/>\n&#8211; Procedimientos de verificaci\u00f3n de piezas en laboratorio de metrolog\u00eda: Verificaci\u00f3n dimensional, Verificaci\u00f3n superficial, Verificaci\u00f3n de formas complejas.<br \/>\n&#8211; M\u00e1quinas de medici\u00f3n por coordenadas.<br \/>\n&#8211; Rugos\u00edmetros.<br \/>\n&#8211; Verificaci\u00f3n por visi\u00f3n artificial.<br \/>\n&#8211; Ensayos destructivos y no destructivos para troqueles.<br \/>\n&#8211; Normas de verificaci\u00f3n<br \/>\n&#8211; Calidad en el proceso de verificaci\u00f3n.<br \/>\n&#8211; Prevenci\u00f3n de Riesgos Laborales en la verificaci\u00f3n de componentes de troqueles o moldes.<br \/>\n&#8211; Protecci\u00f3n del Medio Ambiente en la verificaci\u00f3n de componentes de troqueles o moldes.<\/p>\n<p>&nbsp;<\/p>\n<p><strong>CV Profesorado<\/strong><\/p>\n<p>D. Antonio Vicent: Ingeniero T\u00e9cnico Industrial, ejerce como profesor de Formaci\u00f3n Profesional para el Empleo y en cursos habilitantes ante Industria y otras administraciones, tambi\u00e9n como profesional libre en todo tipo de proyectos. Con amplia experiencia en diferente materia y su procesado-acabado. Durante m\u00e1s de diez a\u00f1os ha desarrollado los sistemas de producci\u00f3n en empresas vinculadas al pl\u00e1stico y su transformaci\u00f3n, participando en la investigaci\u00f3n y creaci\u00f3n de nuevos procesos y usos. Formaci\u00f3n multidisciplinar enfocada a crear, optimizar y dirigir grupos para llevar a cabo estrategias eficientemente y de acuerdo con los objetivos de desarrollo sostenible.<\/p>\n<p>&nbsp;<\/p>\n<p><strong>Precio<\/strong><br \/>\nGRATUITO. Formaci\u00f3n sin coste, totalmente subvencionada por el Ministerio de Educaci\u00f3n y Formaci\u00f3n Profesional, Fondos UE-Next Generation gestionados por LABORA a trav\u00e9s de REDIT, la Red de Institutos Tecnol\u00f3gicos de la Comunidad Valenciana y cuenta con acreditaci\u00f3n oficial.<\/p>\n<p><img decoding=\"async\" class=\"alignnone wp-image-1945\" src=\"https:\/\/formacionaiju.es\/wp-content\/uploads\/2022\/12\/LOGOS-TODOS-22-UP-460x31.png\" sizes=\"(max-width: 853px) 100vw, 853px\" srcset=\"https:\/\/formacionaiju.es\/wp-content\/uploads\/2022\/12\/LOGOS-TODOS-22-UP-460x31.png 460w, https:\/\/formacionaiju.es\/wp-content\/uploads\/2022\/12\/LOGOS-TODOS-22-UP-1024x70.png 1024w, https:\/\/formacionaiju.es\/wp-content\/uploads\/2022\/12\/LOGOS-TODOS-22-UP-768x53.png 768w, https:\/\/formacionaiju.es\/wp-content\/uploads\/2022\/12\/LOGOS-TODOS-22-UP-1536x105.png 1536w, https:\/\/formacionaiju.es\/wp-content\/uploads\/2022\/12\/LOGOS-TODOS-22-UP-2048x140.png 2048w, https:\/\/formacionaiju.es\/wp-content\/uploads\/2022\/12\/LOGOS-TODOS-22-UP-300x21.png 300w, https:\/\/formacionaiju.es\/wp-content\/uploads\/2022\/12\/LOGOS-TODOS-22-UP-120x8.png 120w, https:\/\/formacionaiju.es\/wp-content\/uploads\/2022\/12\/LOGOS-TODOS-22-UP-310x21.png 310w\" alt=\"\" width=\"853\" height=\"58\" \/><\/p>\n","protected":false},"excerpt":{"rendered":"<p>Asegura la calidad de los moldes verificando formas, dimensiones y acabados seg\u00fan los procedimientos establecidos y cumpliendo las normas.<\/p>\n","protected":false},"featured_media":2773,"comment_status":"closed","ping_status":"closed","template":"","meta":{"_acf_changed":false,"_vibebp_attr":"","_vibebp_dimensions":"","_vibebp_responsive_height":"","_vibebp_accordion_ie_support":""},"product_brand":[],"product_cat":[161,136],"product_tag":[],"class_list":{"0":"post-2607","1":"product","2":"type-product","3":"status-publish","4":"has-post-thumbnail","6":"product_cat-finalizado","7":"product_cat-subvencionados","9":"first","10":"instock","11":"shipping-taxable","12":"product-type-simple"},"acf":[],"_links":{"self":[{"href":"https:\/\/formacionaiju.es\/en\/wp-json\/wp\/v2\/product\/2607","targetHints":{"allow":["GET"]}}],"collection":[{"href":"https:\/\/formacionaiju.es\/en\/wp-json\/wp\/v2\/product"}],"about":[{"href":"https:\/\/formacionaiju.es\/en\/wp-json\/wp\/v2\/types\/product"}],"replies":[{"embeddable":true,"href":"https:\/\/formacionaiju.es\/en\/wp-json\/wp\/v2\/comments?post=2607"}],"version-history":[{"count":6,"href":"https:\/\/formacionaiju.es\/en\/wp-json\/wp\/v2\/product\/2607\/revisions"}],"predecessor-version":[{"id":3113,"href":"https:\/\/formacionaiju.es\/en\/wp-json\/wp\/v2\/product\/2607\/revisions\/3113"}],"wp:featuredmedia":[{"embeddable":true,"href":"https:\/\/formacionaiju.es\/en\/wp-json\/wp\/v2\/media\/2773"}],"wp:attachment":[{"href":"https:\/\/formacionaiju.es\/en\/wp-json\/wp\/v2\/media?parent=2607"}],"wp:term":[{"taxonomy":"product_brand","embeddable":true,"href":"https:\/\/formacionaiju.es\/en\/wp-json\/wp\/v2\/product_brand?post=2607"},{"taxonomy":"product_cat","embeddable":true,"href":"https:\/\/formacionaiju.es\/en\/wp-json\/wp\/v2\/product_cat?post=2607"},{"taxonomy":"product_tag","embeddable":true,"href":"https:\/\/formacionaiju.es\/en\/wp-json\/wp\/v2\/product_tag?post=2607"}],"curies":[{"name":"wp","href":"https:\/\/api.w.org\/{rel}","templated":true}]}}