{"id":2621,"date":"2023-03-27T17:51:24","date_gmt":"2023-03-27T15:51:24","guid":{"rendered":"https:\/\/formacionaiju.es\/?post_type=product&#038;p=2621"},"modified":"2023-11-14T10:57:09","modified_gmt":"2023-11-14T08:57:09","slug":"gestion-de-calidad-y-prevencion-de-riesgos-laborales-y-medioambientales-2","status":"publish","type":"product","link":"https:\/\/formacionaiju.es\/en\/product\/gestion-de-calidad-y-prevencion-de-riesgos-laborales-y-medioambientales-2\/","title":{"rendered":"Gesti\u00f3n de calidad y prevenci\u00f3n de riesgos laborales y medioambientales"},"content":{"rendered":"<p><strong>Destinatarios\/as<\/strong><\/p>\n<p>Trabajadores en activo, desempleados.<\/p>\n<p>&nbsp;<\/p>\n<p><strong>Objetivos<\/strong><\/p>\n<p>Identificar las medidas de seguridad, de prevenci\u00f3n de riesgos laborales y medioambientales relacionadas con la transformaci\u00f3n de pol\u00edmeros.<\/p>\n<p>Aplicar las normas de correcta fabricaci\u00f3n en los procesos de transformaci\u00f3n de pol\u00edmeros y materiales compuestos de matriz polim\u00e9rica.<\/p>\n<p>Analizar las medidas de prevenci\u00f3n y de seguridad respecto a las actuaciones de la manipulaci\u00f3n de las instalaciones y equipos, contenidas en los planes de seguridad de las empresas del sector.<\/p>\n<p>&nbsp;<\/p>\n<p><strong>Contenido<\/strong><\/p>\n<p>1. Fundamentos de gesti\u00f3n de calidad en la transformaci\u00f3n de materiales polim\u00e9ricos<br \/>\n\u2212 Sistemas de calidad<br \/>\n\u2212 Conceptos de estad\u00edstica aplicada.<br \/>\n\u2212 Riesgos de la no calidad. Costes de la no calidad.<br \/>\n\u2212 Auditor\u00edas de calidad.<\/p>\n<p>2. Seguridad y prevenci\u00f3n de riesgos laborales en la transformaci\u00f3n de materiales<br \/>\npolim\u00e9ricos<br \/>\n\u2212 Riesgos profesionales.<br \/>\n\u2212 Ley de prevenci\u00f3n de riesgos profesionales.<br \/>\n\u2212 Plan de emergencias.<br \/>\n\u2212 Condiciones de seguridad en el entorno de trabajo.<br \/>\n\u2212 Protecciones obligatorias en m\u00e1quinas.<br \/>\n\u2212 Equipos de protecci\u00f3n individual.<br \/>\n\u2212 Se\u00f1alizaciones.<br \/>\n\u2212 Orden y limpieza en el entorno laboral.<br \/>\n\u2212 Auditor\u00edas de prevenci\u00f3n.<\/p>\n<p>&nbsp;<\/p>\n<p><strong>CV Profesorado<\/strong><\/p>\n<p><strong>D. Enrique Gramaje Gisbert:<\/strong> MBA Executive por la Universidad CEU Cardenal Herrera y Fundesem Business School. Master en Direcci\u00f3n Comercial y Marketing por Fundesem Business School. Diplomado en Ciencias Empresariales por la Universidad de Valencia. Curso de Aptitud Pedag\u00f3gica (CAP) por la Universidad Polit\u00e9cnica de Valencia. Auditor externo cualificado, de Sistemas de Gesti\u00f3n de la Calidad por AENOR. Tutor y asesor de Innovaci\u00f3n en el programa INNOCAMARAS del Consejo Superior de C\u00e1maras. Gestor de Innovaci\u00f3n por FEDIT. Actualmente desarrolla su labor profesional como consultor Senior de organizaci\u00f3n y gesti\u00f3n del departamento de innovaci\u00f3n y sostenibilidad del Centro tecnol\u00f3gico AIJU, desde 1.999. T\u00e9cnico en proyectos nacionales y regionales relacionados con la gesti\u00f3n de la innovaci\u00f3n y TIC. Consultor y asesor en materia de calidad, organizaci\u00f3n, gesti\u00f3n e innovaci\u00f3n y desarrollo de productos, en m\u00e1s de 40 empresas. Docente durante m\u00e1s de 18 a\u00f1os en temas de calidad, innovaci\u00f3n, organizaci\u00f3n y gesti\u00f3n, mediante cursos de formaci\u00f3n ocupacional y de reciclaje profesional.<\/p>\n<p><strong>D\u00f1a. M\u00aa Jos\u00e9 Gisbert:<\/strong> Licenciada en psicolog\u00eda, M\u00e1ster en seguridad y salud en la empresa. Experta en higiene y seguridad industrial. Master en direcci\u00f3n de recursos humanos. Desde 2003 es t\u00e9cnico en prevenci\u00f3n de riesgos en Valora Prevenci\u00f3n y anteriormente realiz\u00f3 la misma funci\u00f3n en la Fundaci\u00f3n de Prevenci\u00f3n de riesgos de la Comunidad Valenciana. Realiza tareas de asesoramiento a empresas y a delegados de prevenci\u00f3n en materia de seguridad y salud. Es asesora de empresas y formadora habitual en relaci\u00f3n con estas tem\u00e1ticas, habiendo impartido tambi\u00e9n cursos para la acreditaci\u00f3n de delegados de prevenci\u00f3n.<\/p>\n<p>&nbsp;<\/p>\n<p><strong>Precio<\/strong><br \/>\nGRATUITO. Formaci\u00f3n sin coste, totalmente subvencionada por el Ministerio de Educaci\u00f3n y Formaci\u00f3n Profesional, Fondos UE-Next Generation gestionados por LABORA a trav\u00e9s de REDIT, la Red de Institutos Tecnol\u00f3gicos de la Comunidad Valenciana y cuenta con acreditaci\u00f3n oficial.<\/p>\n<p><img decoding=\"async\" class=\"alignnone wp-image-1945\" src=\"https:\/\/formacionaiju.es\/wp-content\/uploads\/2022\/12\/LOGOS-TODOS-22-UP-460x31.png\" sizes=\"(max-width: 853px) 100vw, 853px\" srcset=\"https:\/\/formacionaiju.es\/wp-content\/uploads\/2022\/12\/LOGOS-TODOS-22-UP-460x31.png 460w, https:\/\/formacionaiju.es\/wp-content\/uploads\/2022\/12\/LOGOS-TODOS-22-UP-1024x70.png 1024w, https:\/\/formacionaiju.es\/wp-content\/uploads\/2022\/12\/LOGOS-TODOS-22-UP-768x53.png 768w, https:\/\/formacionaiju.es\/wp-content\/uploads\/2022\/12\/LOGOS-TODOS-22-UP-1536x105.png 1536w, https:\/\/formacionaiju.es\/wp-content\/uploads\/2022\/12\/LOGOS-TODOS-22-UP-2048x140.png 2048w, https:\/\/formacionaiju.es\/wp-content\/uploads\/2022\/12\/LOGOS-TODOS-22-UP-300x21.png 300w, https:\/\/formacionaiju.es\/wp-content\/uploads\/2022\/12\/LOGOS-TODOS-22-UP-120x8.png 120w, https:\/\/formacionaiju.es\/wp-content\/uploads\/2022\/12\/LOGOS-TODOS-22-UP-310x21.png 310w\" alt=\"\" width=\"853\" height=\"58\" \/><\/p>\n","protected":false},"excerpt":{"rendered":"<p>Conoce todo lo que engloba la gesti\u00f3n de la calidad y sus riesgos laborales y medioambientales.<\/p>\n","protected":false},"featured_media":2776,"comment_status":"closed","ping_status":"closed","template":"","meta":{"_acf_changed":false,"_vibebp_attr":"","_vibebp_dimensions":"","_vibebp_responsive_height":"","_vibebp_accordion_ie_support":""},"product_brand":[],"product_cat":[161,136],"product_tag":[],"class_list":{"0":"post-2621","1":"product","2":"type-product","3":"status-publish","4":"has-post-thumbnail","6":"product_cat-finalizado","7":"product_cat-subvencionados","9":"first","10":"instock","11":"shipping-taxable","12":"product-type-simple"},"acf":[],"_links":{"self":[{"href":"https:\/\/formacionaiju.es\/en\/wp-json\/wp\/v2\/product\/2621","targetHints":{"allow":["GET"]}}],"collection":[{"href":"https:\/\/formacionaiju.es\/en\/wp-json\/wp\/v2\/product"}],"about":[{"href":"https:\/\/formacionaiju.es\/en\/wp-json\/wp\/v2\/types\/product"}],"replies":[{"embeddable":true,"href":"https:\/\/formacionaiju.es\/en\/wp-json\/wp\/v2\/comments?post=2621"}],"version-history":[{"count":2,"href":"https:\/\/formacionaiju.es\/en\/wp-json\/wp\/v2\/product\/2621\/revisions"}],"predecessor-version":[{"id":3116,"href":"https:\/\/formacionaiju.es\/en\/wp-json\/wp\/v2\/product\/2621\/revisions\/3116"}],"wp:featuredmedia":[{"embeddable":true,"href":"https:\/\/formacionaiju.es\/en\/wp-json\/wp\/v2\/media\/2776"}],"wp:attachment":[{"href":"https:\/\/formacionaiju.es\/en\/wp-json\/wp\/v2\/media?parent=2621"}],"wp:term":[{"taxonomy":"product_brand","embeddable":true,"href":"https:\/\/formacionaiju.es\/en\/wp-json\/wp\/v2\/product_brand?post=2621"},{"taxonomy":"product_cat","embeddable":true,"href":"https:\/\/formacionaiju.es\/en\/wp-json\/wp\/v2\/product_cat?post=2621"},{"taxonomy":"product_tag","embeddable":true,"href":"https:\/\/formacionaiju.es\/en\/wp-json\/wp\/v2\/product_tag?post=2621"}],"curies":[{"name":"wp","href":"https:\/\/api.w.org\/{rel}","templated":true}]}}