{"id":2789,"date":"2023-04-20T11:28:19","date_gmt":"2023-04-20T09:28:19","guid":{"rendered":"https:\/\/formacionaiju.es\/?post_type=product&#038;p=2789"},"modified":"2023-12-05T18:05:10","modified_gmt":"2023-12-05T16:05:10","slug":"defectos-en-piezas-de-plastico-inyectadas","status":"publish","type":"product","link":"https:\/\/formacionaiju.es\/en\/product\/defectos-en-piezas-de-plastico-inyectadas\/","title":{"rendered":"Defectos en piezas de pl\u00e1stico inyectadas"},"content":{"rendered":"<p><strong>Destinatarios\/as<\/strong><\/p>\n<p>Trabajadores en activo, desempleados.<\/p>\n<p>&nbsp;<\/p>\n<p><strong>Objetivos<\/strong><\/p>\n<p>Conocer los principales defectos en piezas inyectadas y aprender a valorar posibles causas y soluciones a los mismos.<\/p>\n<p>&nbsp;<\/p>\n<p><strong>Contenido<\/strong><\/p>\n<p>1. Procesos convencionales de transformaci\u00f3n de termopl\u00e1sticos:<br \/>\n&#8211; Compresi\u00f3n: Materiales, equipos, utillajes y procedimientos operativos. Defectos m\u00e1s frecuentes y forma de evitarlos.<br \/>\n&#8211; Transferencia: Materiales, equipos, utillajes y procedimientos operativos. Defectos m\u00e1s frecuentes y forma de evitarlos.<br \/>\n&#8211; Inyecci\u00f3n: Materiales, equipos, utillajes y procedimientos operativos. Defectos m\u00e1s frecuentes y forma de evitarlos.<\/p>\n<p>&nbsp;<\/p>\n<p><strong>CV Profesorado<\/strong><\/p>\n<p>D. Juan Luis G\u00e1mez Mart\u00ednez. Doctor por la universidad Polit\u00e9cnica de Valencia (UPV), ingeniero T\u00e9cnico industrial, Profesor asociado en la UPV impartiendo clases en la Universidad polit\u00e9cnica de Valencia en el departamento de Ingenier\u00eda Gr\u00e1fica, Responsable del Departamento t\u00e9cnico en distintas empresas, Especialista en moldes y matrices y en procesos de transformaci\u00f3n de pol\u00edmeros, Asesor y formador para empresas de Inyecci\u00f3n de termopl\u00e1sticos. 20 a\u00f1os de experiencia en diversas empresas en el sector de la transformaci\u00f3n del pl\u00e1sticos y fabricaci\u00f3n de moldes.<\/p>\n<p>D. Manuel Guindo: Titulado T\u00e9cnico Superior en Pl\u00e1stico y Caucho. Ha realizado formaci\u00f3n complementaria sobre gesti\u00f3n y control de calidad, planificaci\u00f3n, organizaci\u00f3n y control de la producci\u00f3n, automatismos y electromec\u00e1nica, corriente continua, etc. Cuenta con 11 a\u00f1os de experiencia profesional en la empresa FEBER (Ibi-Alicante), desempe\u00f1ando, entre otras, funciones de responsable de montaje de juguetes o responsable de calidad. Posteriormente trabaj\u00f3 en la empresa GAVIOTA SIMBAC (Sax-Alicante) ocup\u00e1ndose de la puesta en marcha y optimizaci\u00f3n de la planta de inyecci\u00f3n de termopl\u00e1sticos y ejerciendo tambi\u00e9n las funciones de jefe de planta. Posteriormente fue jefe de planta de inyecci\u00f3n de termopl\u00e1sticos, inyecci\u00f3n con IML y programaci\u00f3n de robots en la empresa INYECTADOS ALCOY, S.L. Seguidamente fue responsable de la planta de inyecci\u00f3n de la empresa IMPRESIONES SEYCA (Ibi-Alicante). Actualmente es responsable de planta en la empresa Vicedo Mart\u00ed (Ibi-Alicante). Es docente habitual en cursos sobre inyecci\u00f3n, realizando tambi\u00e9n formaci\u00f3n a medida para empresas. As\u00ed mismo, ha ejercicio de profesor de formaci\u00f3n reglada, colaborando en la impartici\u00f3n de los ciclos formativos de T\u00e9cnico de Transformaci\u00f3n de Pl\u00e1sticos y Caucho desde el a\u00f1o 2006.<\/p>\n<p>&nbsp;<\/p>\n<p><strong>Precio<\/strong><br \/>\nGRATUITO. Formaci\u00f3n sin coste, totalmente subvencionada por el Ministerio de Educaci\u00f3n y Formaci\u00f3n Profesional, Fondos UE-Next Generation gestionados por LABORA a trav\u00e9s de REDIT, la Red de Institutos Tecnol\u00f3gicos de la Comunidad Valenciana y cuenta con acreditaci\u00f3n oficial.<\/p>\n<p><img decoding=\"async\" class=\"alignnone wp-image-1945\" src=\"https:\/\/formacionaiju.es\/wp-content\/uploads\/2022\/12\/LOGOS-TODOS-22-UP-460x31.png\" sizes=\"(max-width: 853px) 100vw, 853px\" srcset=\"https:\/\/formacionaiju.es\/wp-content\/uploads\/2022\/12\/LOGOS-TODOS-22-UP-460x31.png 460w, https:\/\/formacionaiju.es\/wp-content\/uploads\/2022\/12\/LOGOS-TODOS-22-UP-1024x70.png 1024w, https:\/\/formacionaiju.es\/wp-content\/uploads\/2022\/12\/LOGOS-TODOS-22-UP-768x53.png 768w, https:\/\/formacionaiju.es\/wp-content\/uploads\/2022\/12\/LOGOS-TODOS-22-UP-1536x105.png 1536w, https:\/\/formacionaiju.es\/wp-content\/uploads\/2022\/12\/LOGOS-TODOS-22-UP-2048x140.png 2048w, https:\/\/formacionaiju.es\/wp-content\/uploads\/2022\/12\/LOGOS-TODOS-22-UP-300x21.png 300w, https:\/\/formacionaiju.es\/wp-content\/uploads\/2022\/12\/LOGOS-TODOS-22-UP-120x8.png 120w, https:\/\/formacionaiju.es\/wp-content\/uploads\/2022\/12\/LOGOS-TODOS-22-UP-310x21.png 310w\" alt=\"\" width=\"853\" height=\"58\" \/><\/p>\n","protected":false},"excerpt":{"rendered":"<p>\u00bfQuieres conocer los principales defectos en piezas inyectadas? Consigue los conocimientos para saber las posibles causas y sus soluciones.<\/p>\n","protected":false},"featured_media":2790,"comment_status":"closed","ping_status":"closed","template":"","meta":{"_acf_changed":false,"_vibebp_attr":"","_vibebp_dimensions":"","_vibebp_responsive_height":"","_vibebp_accordion_ie_support":""},"product_brand":[],"product_cat":[161,136],"product_tag":[],"class_list":{"0":"post-2789","1":"product","2":"type-product","3":"status-publish","4":"has-post-thumbnail","6":"product_cat-finalizado","7":"product_cat-subvencionados","9":"first","10":"instock","11":"shipping-taxable","12":"product-type-simple"},"acf":[],"_links":{"self":[{"href":"https:\/\/formacionaiju.es\/en\/wp-json\/wp\/v2\/product\/2789","targetHints":{"allow":["GET"]}}],"collection":[{"href":"https:\/\/formacionaiju.es\/en\/wp-json\/wp\/v2\/product"}],"about":[{"href":"https:\/\/formacionaiju.es\/en\/wp-json\/wp\/v2\/types\/product"}],"replies":[{"embeddable":true,"href":"https:\/\/formacionaiju.es\/en\/wp-json\/wp\/v2\/comments?post=2789"}],"version-history":[{"count":9,"href":"https:\/\/formacionaiju.es\/en\/wp-json\/wp\/v2\/product\/2789\/revisions"}],"predecessor-version":[{"id":3699,"href":"https:\/\/formacionaiju.es\/en\/wp-json\/wp\/v2\/product\/2789\/revisions\/3699"}],"wp:featuredmedia":[{"embeddable":true,"href":"https:\/\/formacionaiju.es\/en\/wp-json\/wp\/v2\/media\/2790"}],"wp:attachment":[{"href":"https:\/\/formacionaiju.es\/en\/wp-json\/wp\/v2\/media?parent=2789"}],"wp:term":[{"taxonomy":"product_brand","embeddable":true,"href":"https:\/\/formacionaiju.es\/en\/wp-json\/wp\/v2\/product_brand?post=2789"},{"taxonomy":"product_cat","embeddable":true,"href":"https:\/\/formacionaiju.es\/en\/wp-json\/wp\/v2\/product_cat?post=2789"},{"taxonomy":"product_tag","embeddable":true,"href":"https:\/\/formacionaiju.es\/en\/wp-json\/wp\/v2\/product_tag?post=2789"}],"curies":[{"name":"wp","href":"https:\/\/api.w.org\/{rel}","templated":true}]}}