{"id":2901,"date":"2023-05-08T11:56:20","date_gmt":"2023-05-08T09:56:20","guid":{"rendered":"https:\/\/formacionaiju.es\/?post_type=product&#038;p=2901"},"modified":"2023-05-24T16:34:50","modified_gmt":"2023-05-24T14:34:50","slug":"webinar-novedades-normativas-aplicables-a-productos-para-acomodar-a-un-nino","status":"publish","type":"product","link":"https:\/\/formacionaiju.es\/en\/product\/webinar-novedades-normativas-aplicables-a-productos-para-acomodar-a-un-nino\/","title":{"rendered":"Webinar: Novedades normativas aplicables a productos para acomodar a un ni\u00f1o"},"content":{"rendered":"<p><strong>Destinatarios\/as<\/strong><\/p>\n<p class=\"_04xlpA direction-ltr align-justify para-style-body\"><span class=\"WdYUQQ\">&#8211; Personal\u202fque gestiona la\u202fseguridad\u202fy\/o la calidad de los productos de puericultura, personal de compras.<\/span><\/p>\n<p class=\"_04xlpA direction-ltr align-justify para-style-body\"><span class=\"WdYUQQ\">&#8211; Fabricantes, importadores y distribuidores de\u202fproductos de\u202fpuericultura.<\/span><\/p>\n<p>&nbsp;<\/p>\n<p><strong>Objetivos<\/strong><\/p>\n<p class=\"_04xlpA direction-ltr align-justify para-style-body\"><span class=\"WdYUQQ\">&#8211; Obtener un conocimiento general sobre las normas\u202fvigentes\u202fen\u202fpuericultura.<\/span><\/p>\n<p class=\"_04xlpA direction-ltr align-justify para-style-body\"><span class=\"WdYUQQ\">&#8211; Conocer las novedades de las normas europeas de seguridad de aplicaci\u00f3n a productos con funci\u00f3n de asiento infantil.<\/span><\/p>\n<p>&nbsp;<\/p>\n<p><strong>Contenido<\/strong><\/p>\n<p class=\"_04xlpA direction-ltr align-start para-style-body\"><span class=\"WdYUQQ\">&#8211; Entorno legislativo y normativa actual europea aplicable.<\/span><\/p>\n<p class=\"_04xlpA direction-ltr align-start para-style-body\"><span class=\"WdYUQQ\">&#8211; Normativas aplicables a tronas infantiles, hamacas infantiles y torres de aprendizaje.<\/span><\/p>\n<p>&nbsp;<\/p>\n<p><strong>CV Profesorado<\/strong><\/p>\n<p><strong>D\u00f1a. Sonia Pinte\u00f1o<\/strong>: Ingeniera T\u00e9cnico Industrial, especialidad Qu\u00edmica Industrial por la Escuela Polit\u00e9cnica Superior de Alcoy. T\u00e9cnico especialista en seguridad de productos infantiles. Investigadora y docente habitual en formaciones relacionadas con estas tem\u00e1ticas.<\/p>\n<p>Extensa experiencia en realizaci\u00f3n de ensayos e interpretaci\u00f3n de normativas relacionadas con los art\u00edculos de puericultura. Miembro de los siguientes comit\u00e9s:<\/p>\n<p>&#8211; Normalizaci\u00f3n de art\u00edculos de puericultura de AENOR (AEN\/CTN 172\/SC2)<\/p>\n<p>&#8211; Normalizaci\u00f3n de mobiliario de AENOR (AEN\/CTN 11)<\/p>\n<p>&#8211; Comit\u00e9 europeo de Normalizaci\u00f3n CEN\/TC 252\/WG 1 \u2018Child use and care articles \u2013 Seating and body care\u2019<\/p>\n<p>&#8211; Comit\u00e9 Europeo de Normalizaci\u00f3n CEN\/ TC 252 \/ WG 5 \u2018Feeding, drinking, sucking and similar functions\u2019<\/p>\n<p>&#8211; Comit\u00e9 Europeo de Normalizaci\u00f3n CEN\/TC 207 \/ WG2 \u2018Requirements for children\u2019s and nursery furniture\u2019<\/p>\n<p>&#8211; Comit\u00e9 Europeo de Normalizaci\u00f3n CEN PC 364 \u2018High Chairs and learning towers\u2019<\/p>\n<p>&nbsp;<\/p>\n<p><strong>Precio<\/strong><br \/>\nGratuito<\/p>\n<p>&nbsp;<\/p>\n","protected":false},"excerpt":{"rendered":"<p>Obt\u00e9n un conocimiento general sobre las normas vigentes en puericultura.<\/p>\n","protected":false},"featured_media":2902,"comment_status":"closed","ping_status":"closed","template":"","meta":{"_acf_changed":false,"_vibebp_attr":"","_vibebp_dimensions":"","_vibebp_responsive_height":"","_vibebp_accordion_ie_support":""},"product_brand":[],"product_cat":[161,138],"product_tag":[],"class_list":{"0":"post-2901","1":"product","2":"type-product","3":"status-publish","4":"has-post-thumbnail","6":"product_cat-finalizado","7":"product_cat-gratuito","9":"first","10":"instock","11":"shipping-taxable","12":"product-type-simple"},"acf":[],"_links":{"self":[{"href":"https:\/\/formacionaiju.es\/en\/wp-json\/wp\/v2\/product\/2901","targetHints":{"allow":["GET"]}}],"collection":[{"href":"https:\/\/formacionaiju.es\/en\/wp-json\/wp\/v2\/product"}],"about":[{"href":"https:\/\/formacionaiju.es\/en\/wp-json\/wp\/v2\/types\/product"}],"replies":[{"embeddable":true,"href":"https:\/\/formacionaiju.es\/en\/wp-json\/wp\/v2\/comments?post=2901"}],"version-history":[{"count":5,"href":"https:\/\/formacionaiju.es\/en\/wp-json\/wp\/v2\/product\/2901\/revisions"}],"predecessor-version":[{"id":3008,"href":"https:\/\/formacionaiju.es\/en\/wp-json\/wp\/v2\/product\/2901\/revisions\/3008"}],"wp:featuredmedia":[{"embeddable":true,"href":"https:\/\/formacionaiju.es\/en\/wp-json\/wp\/v2\/media\/2902"}],"wp:attachment":[{"href":"https:\/\/formacionaiju.es\/en\/wp-json\/wp\/v2\/media?parent=2901"}],"wp:term":[{"taxonomy":"product_brand","embeddable":true,"href":"https:\/\/formacionaiju.es\/en\/wp-json\/wp\/v2\/product_brand?post=2901"},{"taxonomy":"product_cat","embeddable":true,"href":"https:\/\/formacionaiju.es\/en\/wp-json\/wp\/v2\/product_cat?post=2901"},{"taxonomy":"product_tag","embeddable":true,"href":"https:\/\/formacionaiju.es\/en\/wp-json\/wp\/v2\/product_tag?post=2901"}],"curies":[{"name":"wp","href":"https:\/\/api.w.org\/{rel}","templated":true}]}}