{"id":3030,"date":"2023-05-26T13:23:30","date_gmt":"2023-05-26T11:23:30","guid":{"rendered":"https:\/\/formacionaiju.es\/?post_type=product&#038;p=3030"},"modified":"2023-11-14T10:55:03","modified_gmt":"2023-11-14T08:55:03","slug":"mantenimiento-industrial-como-mejora-de-la-productividad-de-las-empresas","status":"publish","type":"product","link":"https:\/\/formacionaiju.es\/en\/product\/mantenimiento-industrial-como-mejora-de-la-productividad-de-las-empresas\/","title":{"rendered":"Mantenimiento industrial como mejora de la productividad de las empresas"},"content":{"rendered":"<p><strong>Modalidad:<\/strong><\/p>\n<p>Presencial. Se podr\u00e1 hacer online (directo) si se solicita por lo menos con 3 d\u00edas de antelaci\u00f3n. Solicitar a trav\u00e9s de mail a formacion<span class=\"atwho-query\">@aiju.es<\/span>.<\/p>\n<p>&nbsp;<\/p>\n<p><strong>Destinatarios\/as<\/strong><\/p>\n<p>Responsables y encargados de mantenimiento de empresas que ya est\u00e1n aplicando o prevean aplicar, sistemas de mantenimiento planificado y deseen mejorar la eficacia del mismo.<\/p>\n<p>&nbsp;<\/p>\n<p><strong>Objetivos<\/strong><\/p>\n<p>&#8211; Dar respuesta a las m\u00faltiples demandas, cada d\u00eda m\u00e1s numerosas y diversas, a las que actualmente se enfrentan las empresas: necesidad de reducir sus costes significativamente y aumentar el rendimiento de las instalaciones.<br \/>\n&#8211; Hacer frente a este desaf\u00edo en la compleja situaci\u00f3n econ\u00f3mica y de producci\u00f3n en que se mueven la mayor\u00eda de las empresas<br \/>\n&#8211; Reducir los costes de mantenimiento y al mismo tiempo mejorar en todas las \u00e1reas que nos demandan?<br \/>\n&#8211; Innovar el mantenimiento para poder hacer frente a las demandas cada d\u00eda mayores: m\u00e1s disponibilidad, menor mano de obra, menor coste, mayores demandas de flexibilidad, seguridad, medioambiente y un etc. cada d\u00eda m\u00e1s largo y complejo.<br \/>\n&#8211; \u00bfC\u00f3mo evaluar econ\u00f3micamente las diversas alternativas?<br \/>\n&#8211; \u00bfCu\u00e1les son las decisiones econ\u00f3micamente m\u00e1s eficaces?<br \/>\n&#8211; \u00bfQu\u00e9 puedo subcontratar? \u00bfC\u00f3mo lo controlo?<br \/>\n&#8211; \u00bfC\u00f3mo salir del enfrentamiento entre \u201dlo urgente\u201d y \u201clo importante\u201d?<br \/>\n&#8211; \u00bfQu\u00e9 est\u00e1 haciendo mi competencia?<br \/>\n&#8211; Esta y otras preguntas que usted, como profesional de mantenimiento se hace diariamente, tienen respuestas realistas y pr\u00e1cticas en este curso dirigido a ayudarle y orientarse en la toma de decisiones adecuadas a la compleja situaci\u00f3n que estamos viviendo.<\/p>\n<p>&nbsp;<\/p>\n<p><strong>Contenido<\/strong><\/p>\n<p>1-DEFINICI\u00d3N DE MANTENIMIENTO<br \/>\n1.1 Evoluci\u00f3n del mantenimiento<br \/>\n1.2 Objetivos de mantenimiento<br \/>\n1.3 Elementos del plan de mantenimiento<br \/>\n1.4 Presupuesto de mantenimiento<br \/>\n2- UN PUNTO PREVIO: HABLEMOS DE DINERO<br \/>\n2.1 Costes totales del mantenimiento<br \/>\n2.2 Costes preventivos y correctivos<br \/>\n2.3 An\u00e1lisis de costes<br \/>\n3- LA MEJORA DE LA PRODUCTIVIDAD A TRAV\u00c9S DEL MANTENIMIENTO<br \/>\n3.1 Problem\u00e1tica general actual para las empresas<br \/>\n3.2 Algunas opiniones sobre el futuro del sector cer\u00e1mico<br \/>\n3.3 Para mantenimiento esto se traduce en\u2026<br \/>\n4. \u00bfCOMO AFRONTAR LAS NUEVAS SITUACIONES?<br \/>\n4.1 Visi\u00f3n avanzada<br \/>\n4.2 Creando un mantenimiento avanzado<br \/>\n5- REINGENIERIA DEL MANTENIMIENTO<br \/>\n5.1 Revisi\u00f3n funcionamiento interno<br \/>\n5.2 Revisi\u00f3n de la relaci\u00f3n con direcci\u00f3n<br \/>\n5.3 Revisi\u00f3n contratos externos<br \/>\n5.4 Pasos del proyecto reingenier\u00eda del mantenimiento<br \/>\n6 -T\u00c9CNICAS PARA DESARROLLAR UN MANTENIMIENTO AVANZADO<br \/>\n6.1 Revisi\u00f3n del plan de mantenimiento<br \/>\n6.2 Herramientas y t\u00e9cnicas para un plan de mto avanzado<br \/>\nO-Herramientas de gesti\u00f3n e informaci\u00f3n: GMAO<br \/>\nI Optimizaci\u00f3n del mantenimiento correctivo<br \/>\nII Revisi\u00f3n del mantenimiento preventivo sistem\u00e1tico<br \/>\nIII- Aumento del mantenimiento seg\u00fan estado-mantenimiento predictivo<br \/>\nIV -Mantenimiento modificativo<br \/>\nV-TPM<br \/>\n7- MAS SOBRE REINGENIER\u00cdA DEL MTO.<br \/>\n7.1 \u2013Benchmarking<br \/>\n7.2 -Contrataci\u00f3n externa del mantenimiento (outsourcing)<br \/>\n7.3 \u2013 Mantenimiento en la fase de dise\u00f1o de nuevas instalaciones<br \/>\n8- EL FACTOR HUMANO EN EL MANTENIMIENTO<br \/>\n8.1 La formaci\u00f3n como clave del \u00e9xito<br \/>\n8.2 Caracter\u00edsticas del liderazgo en mantenimiento<br \/>\n9- REINGENIER\u00cdA DE MANTENIMIENTO COMO PROYECTO<br \/>\n10-CONCLUSIONES Y PLAN DE ACCI\u00d3N<\/p>\n<p>&nbsp;<\/p>\n<p><strong>CV Profesorado<\/strong><\/p>\n<p>D. Fernando Ribes.<br \/>\nIngeniero Superior Industrial (Mec\u00e1nico) (1974 a 1979). Por la E.T.S de Ingenieros Industriales, de la Universidad Polit\u00e9cnica de Valencia, Direcci\u00f3n y Administraci\u00f3n de Empresas, INSEAD (Fointeneblau). Experiencia profesional en el campo de mantenimiento de 26 a\u00f1os en distintas empresas. Experiencia docente como Profesor Interino de Formaci\u00f3n Profesional; Organizaci\u00f3n y Proyectos de Fabricaci\u00f3n Mec\u00e1nica. Diversos IES. Cursos de Automatizaci\u00f3n Industrial para profesorado de FP a trav\u00e9s del CEFIRE. Cursos de Mantenimiento Eficaz con distintos institutos tecnol\u00f3gicos de Valencia, Alicante y Murcia, as\u00ed como diferentes empresas.<\/p>\n<p>D. Vicente Beltr\u00e1n P\u00e9rez.<br \/>\nIngeniero Superior Industrial (Mec\u00e1nico) (1974 a 1980). por la E.T.S de Ingenieros Industriales, de la Universidad Polit\u00e9cnica de Valencia. Gestor de Energ\u00edas Renovables, m\u00e1ster de 500 h. impartido por la Escuela de Organizaci\u00f3n Industrial (E.O.I). Master Trainer en Programaci\u00f3n Neuroling\u00fc\u00edstica (PNL).Experiencia profesional en el campo de mantenimiento; 8 a\u00f1os en distintas empresas. Experiencia docente compaginada con la pr\u00e1ctica profesional en Mantenimiento, Instalaciones Electrot\u00e9cnicas y Autom\u00e1ticas.<\/p>\n<p>&nbsp;<\/p>\n<p><strong>Precio<\/strong><br \/>\nAsociados\/as AIJU\/desempleados\/as: 200 euros; 2\u00ba asistente y siguientes de la misma empresa: 160 euros.<br \/>\nNo asociados\/as AIJU: 240 euros; 2\u00ba asistente y siguientes de la misma empresa: 200 euros.<\/p>\n<p>&nbsp;<\/p>\n<p><strong>Observaciones<\/strong><br \/>\nUna vez aceptada su solicitud, AIJU le indicar\u00e1 cu\u00e1ndo debe efectuar el pago.<br \/>\nIMPORTANTE: La solicitud de preinscripci\u00f3n es tambi\u00e9n un compromiso de pago en caso de ser admitido en la acci\u00f3n formativa. S\u00f3lo se admitir\u00e1n cancelaciones con derecho a devoluci\u00f3n o anulaci\u00f3n del pago, si se comunican a AIJU con al menos 5 d\u00edas laborables de antelaci\u00f3n a la fecha de inicio. Una vez confirmada la plaza al alumno\/a, si \u00e9ste no asistiera al curso y no lo notifica, se le cobrar\u00e1 el importe integro del mismo.<br \/>\n* BONIFICACI\u00d3N CURSOS: el importe de este curso puede bonificarse parcialmente si se solicita a la FUNDAE. Gesti\u00f3n de la bonificaci\u00f3n gratuita por parte de AIJU. Cons\u00faltenos.<\/p>\n","protected":false},"excerpt":{"rendered":"<p>Sab\u00edas que a trav\u00e9s de una gesti\u00f3n avanzada de los equipos y su mantenimiento las empresas pueden afrontar nuevos desaf\u00edos mejorando sus beneficios.<\/p>\n","protected":false},"featured_media":3031,"comment_status":"closed","ping_status":"closed","template":"","meta":{"_acf_changed":false,"_vibebp_attr":"","_vibebp_dimensions":"","_vibebp_responsive_height":"","_vibebp_accordion_ie_support":""},"product_brand":[],"product_cat":[161,36],"product_tag":[],"class_list":{"0":"post-3030","1":"product","2":"type-product","3":"status-publish","4":"has-post-thumbnail","6":"product_cat-finalizado","7":"product_cat-parcialmente-bonificable","9":"first","10":"instock","11":"shipping-taxable","12":"product-type-simple"},"acf":[],"_links":{"self":[{"href":"https:\/\/formacionaiju.es\/en\/wp-json\/wp\/v2\/product\/3030","targetHints":{"allow":["GET"]}}],"collection":[{"href":"https:\/\/formacionaiju.es\/en\/wp-json\/wp\/v2\/product"}],"about":[{"href":"https:\/\/formacionaiju.es\/en\/wp-json\/wp\/v2\/types\/product"}],"replies":[{"embeddable":true,"href":"https:\/\/formacionaiju.es\/en\/wp-json\/wp\/v2\/comments?post=3030"}],"version-history":[{"count":17,"href":"https:\/\/formacionaiju.es\/en\/wp-json\/wp\/v2\/product\/3030\/revisions"}],"predecessor-version":[{"id":3587,"href":"https:\/\/formacionaiju.es\/en\/wp-json\/wp\/v2\/product\/3030\/revisions\/3587"}],"wp:featuredmedia":[{"embeddable":true,"href":"https:\/\/formacionaiju.es\/en\/wp-json\/wp\/v2\/media\/3031"}],"wp:attachment":[{"href":"https:\/\/formacionaiju.es\/en\/wp-json\/wp\/v2\/media?parent=3030"}],"wp:term":[{"taxonomy":"product_brand","embeddable":true,"href":"https:\/\/formacionaiju.es\/en\/wp-json\/wp\/v2\/product_brand?post=3030"},{"taxonomy":"product_cat","embeddable":true,"href":"https:\/\/formacionaiju.es\/en\/wp-json\/wp\/v2\/product_cat?post=3030"},{"taxonomy":"product_tag","embeddable":true,"href":"https:\/\/formacionaiju.es\/en\/wp-json\/wp\/v2\/product_tag?post=3030"}],"curies":[{"name":"wp","href":"https:\/\/api.w.org\/{rel}","templated":true}]}}