{"id":3055,"date":"2023-06-01T09:35:49","date_gmt":"2023-06-01T07:35:49","guid":{"rendered":"https:\/\/formacionaiju.es\/?post_type=product&#038;p=3055"},"modified":"2023-11-14T10:49:37","modified_gmt":"2023-11-14T08:49:37","slug":"excel-intermedio-bajo","status":"publish","type":"product","link":"https:\/\/formacionaiju.es\/en\/product\/excel-intermedio-bajo\/","title":{"rendered":"Excel intermedio &#8211; bajo"},"content":{"rendered":"<p><strong>Destinatarios\/as<\/strong><\/p>\n<p>Trabajadores\/as en activo, desempleados\/as<\/p>\n<p>&nbsp;<\/p>\n<p><strong>Objetivos<\/strong><\/p>\n<p>&#8211; Introducci\u00f3n a opciones b\u00e1sicas. Formato condicional. Validaci\u00f3n de datos.<br \/>\n&#8211; Manejo de funciones esenciales.<br \/>\n&#8211; Aprender a crear tablas y gr\u00e1ficos din\u00e1micos para un c\u00f3modo an\u00e1lisis de la informaci\u00f3n.<br \/>\n&#8211; Ser capaces de crear un cuadro de mandos din\u00e1mico en Excel (Dashboard).<\/p>\n<p>&nbsp;<\/p>\n<p><strong>Contenido<\/strong><\/p>\n<p>&#8211; Opciones, operaciones y funciones esenciales.<br \/>\n&#8211; Tablas y gr\u00e1ficos din\u00e1micos.<\/p>\n<p>&nbsp;<\/p>\n<p><strong>CV Profesorado<\/strong><br \/>\n<strong>D. David Cantos Bardisa<\/strong>: Ingeniero T\u00e9cnico Telem\u00e1tica. Profesional aut\u00f3nomo con amplia experiencia en el sector de soluciones y servicios inform\u00e1ticos para la empresa. Docente habitual tanto en formaciones a medida como en otro tipo de cursos dirigidos al \u00e1mbito empresarial.<\/p>\n<p>&nbsp;<\/p>\n<p><strong>Precio<\/strong><br \/>\nAsociados\/as AIJU\/desempleados\/as: 156 euros; 2\u00ba asistente y siguientes de la misma empresa: 125 euros.<br \/>\nNo asociados\/as AIJU: 187 euros; 2\u00ba asistente y siguientes de la misma empresa: 156 euros.<\/p>\n<p>&nbsp;<\/p>\n<p><strong>Observaciones<\/strong><br \/>\nUna vez aceptada su solicitud, AIJU le indicar\u00e1 cu\u00e1ndo debe efectuar el pago.<br \/>\nIMPORTANTE: La solicitud de preinscripci\u00f3n es tambi\u00e9n un compromiso de pago en caso de ser admitido en la acci\u00f3n formativa. S\u00f3lo se admitir\u00e1n cancelaciones con derecho a devoluci\u00f3n o anulaci\u00f3n del pago, si se comunican a AIJU con al menos 5 d\u00edas laborables de antelaci\u00f3n a la fecha de inicio. Una vez confirmada la plaza al alumno\/a, si \u00e9ste no asistiera al curso y no lo notifica, se le cobrar\u00e1 el importe integro del mismo.<br \/>\n* BONIFICACI\u00d3N CURSOS: el importe de este curso puede bonificarse si se solicita a la FUNDAE. Gesti\u00f3n de la bonificaci\u00f3n gratuita por parte de AIJU. Cons\u00faltenos.<\/p>\n","protected":false},"excerpt":{"rendered":"<p>Mejora tu perfil aprendiendo la multitud de herramientas y funcionalidades que ofrece Excel.<\/p>\n","protected":false},"featured_media":3056,"comment_status":"closed","ping_status":"closed","template":"","meta":{"_acf_changed":false,"_vibebp_attr":"","_vibebp_dimensions":"","_vibebp_responsive_height":"","_vibebp_accordion_ie_support":""},"product_brand":[],"product_cat":[32,161],"product_tag":[],"class_list":{"0":"post-3055","1":"product","2":"type-product","3":"status-publish","4":"has-post-thumbnail","6":"product_cat-bonificable","7":"product_cat-finalizado","9":"first","10":"instock","11":"shipping-taxable","12":"product-type-simple"},"acf":[],"_links":{"self":[{"href":"https:\/\/formacionaiju.es\/en\/wp-json\/wp\/v2\/product\/3055","targetHints":{"allow":["GET"]}}],"collection":[{"href":"https:\/\/formacionaiju.es\/en\/wp-json\/wp\/v2\/product"}],"about":[{"href":"https:\/\/formacionaiju.es\/en\/wp-json\/wp\/v2\/types\/product"}],"replies":[{"embeddable":true,"href":"https:\/\/formacionaiju.es\/en\/wp-json\/wp\/v2\/comments?post=3055"}],"version-history":[{"count":4,"href":"https:\/\/formacionaiju.es\/en\/wp-json\/wp\/v2\/product\/3055\/revisions"}],"predecessor-version":[{"id":3247,"href":"https:\/\/formacionaiju.es\/en\/wp-json\/wp\/v2\/product\/3055\/revisions\/3247"}],"wp:featuredmedia":[{"embeddable":true,"href":"https:\/\/formacionaiju.es\/en\/wp-json\/wp\/v2\/media\/3056"}],"wp:attachment":[{"href":"https:\/\/formacionaiju.es\/en\/wp-json\/wp\/v2\/media?parent=3055"}],"wp:term":[{"taxonomy":"product_brand","embeddable":true,"href":"https:\/\/formacionaiju.es\/en\/wp-json\/wp\/v2\/product_brand?post=3055"},{"taxonomy":"product_cat","embeddable":true,"href":"https:\/\/formacionaiju.es\/en\/wp-json\/wp\/v2\/product_cat?post=3055"},{"taxonomy":"product_tag","embeddable":true,"href":"https:\/\/formacionaiju.es\/en\/wp-json\/wp\/v2\/product_tag?post=3055"}],"curies":[{"name":"wp","href":"https:\/\/api.w.org\/{rel}","templated":true}]}}