{"id":3089,"date":"2023-06-01T11:51:18","date_gmt":"2023-06-01T09:51:18","guid":{"rendered":"https:\/\/formacionaiju.es\/?post_type=product&#038;p=3089"},"modified":"2023-12-05T18:05:00","modified_gmt":"2023-12-05T16:05:00","slug":"planificacion-de-la-produccion-en-el-sector-moldes","status":"publish","type":"product","link":"https:\/\/formacionaiju.es\/en\/product\/planificacion-de-la-produccion-en-el-sector-moldes\/","title":{"rendered":"Planificaci\u00f3n de la producci\u00f3n en el sector moldes"},"content":{"rendered":"<p><strong>Destinatarios\/as<\/strong><\/p>\n<p>Trabajadores en activo, desempleados.<\/p>\n<p>&nbsp;<\/p>\n<p><strong>Objetivos<\/strong><\/p>\n<p>&#8211; Analizar la documentaci\u00f3n t\u00e9cnica del molde relativa al proceso de mecanizado de los componentes para su posterior fabricaci\u00f3n y montaje.<br \/>\n&#8211; Determinar las fases del proceso de montaje de los componentes del molde en funci\u00f3n de la forma y caracter\u00edsticas del mismo.<br \/>\n&#8211; Elaborar programas de fabricaci\u00f3n del molde y su montaje, a partir de la documentaci\u00f3n t\u00e9cnica, en funci\u00f3n de los recursos disponibles.<\/p>\n<p>&nbsp;<\/p>\n<p><strong>Contenido<\/strong><\/p>\n<p>1. Planificaci\u00f3n y programaci\u00f3n de la producci\u00f3n en el sector moldes:<br \/>\n&#8211; Documentaci\u00f3n<br \/>\n&#8211; Fases<br \/>\n&#8211; Programas de fabricaci\u00f3n<br \/>\n&#8211; Montaje<\/p>\n<p>&nbsp;<\/p>\n<p><strong>CV Profesorado<\/strong><\/p>\n<p><strong>D. Emilio Torres:<\/strong> Ingeniero en Organizaci\u00f3n Industrial e Ingeniero T\u00e9cnico Industrial, con la especialidad en electr\u00f3nica Industrial. Es Consultor colaborador de la Universitat Oberta de Catalunya (UOC). Fue profesor asociado de la Universidad Polit\u00e9cnica de Valencia y consultor de organizaci\u00f3n industrial aut\u00f3nomo. Durante 6 a\u00f1os trabaj\u00f3 en la empresa Feber como adjunto al director de producci\u00f3n y como responsable de log\u00edstica interna. Es profesor T\u00e9cnico de Formaci\u00f3n Profesional en la especialidad de Instalaciones Electrot\u00e9cnicas desde el a\u00f1o 2004, docente en ciclos formativos de Formaci\u00f3n Profesional en los m\u00f3dulos de Automatismos Industriales, Instalaciones Dom\u00f3ticas e Instalaciones de Interior. En el \u00e1mbito industrial tambi\u00e9n es docente habitual, realizando tanto formaci\u00f3n a medida como cursos en abierto para trabajadores y desempleados.<\/p>\n<p>&nbsp;<\/p>\n<p>&nbsp;<\/p>\n<p><strong>Precio<\/strong><br \/>\nGRATUITO. Formaci\u00f3n sin coste, totalmente subvencionada por el Ministerio de Educaci\u00f3n y Formaci\u00f3n Profesional, Fondos UE-Next Generation gestionados por LABORA a trav\u00e9s de REDIT, la Red de Institutos Tecnol\u00f3gicos de la Comunidad Valenciana y cuenta con acreditaci\u00f3n oficial.<\/p>\n<p><img decoding=\"async\" class=\"alignnone wp-image-1945\" src=\"https:\/\/formacionaiju.es\/wp-content\/uploads\/2022\/12\/LOGOS-TODOS-22-UP-460x31.png\" sizes=\"(max-width: 853px) 100vw, 853px\" srcset=\"https:\/\/formacionaiju.es\/wp-content\/uploads\/2022\/12\/LOGOS-TODOS-22-UP-460x31.png 460w, https:\/\/formacionaiju.es\/wp-content\/uploads\/2022\/12\/LOGOS-TODOS-22-UP-1024x70.png 1024w, https:\/\/formacionaiju.es\/wp-content\/uploads\/2022\/12\/LOGOS-TODOS-22-UP-768x53.png 768w, https:\/\/formacionaiju.es\/wp-content\/uploads\/2022\/12\/LOGOS-TODOS-22-UP-1536x105.png 1536w, https:\/\/formacionaiju.es\/wp-content\/uploads\/2022\/12\/LOGOS-TODOS-22-UP-2048x140.png 2048w, https:\/\/formacionaiju.es\/wp-content\/uploads\/2022\/12\/LOGOS-TODOS-22-UP-300x21.png 300w, https:\/\/formacionaiju.es\/wp-content\/uploads\/2022\/12\/LOGOS-TODOS-22-UP-120x8.png 120w, https:\/\/formacionaiju.es\/wp-content\/uploads\/2022\/12\/LOGOS-TODOS-22-UP-310x21.png 310w\" alt=\"\" width=\"853\" height=\"58\" \/><\/p>\n","protected":false},"excerpt":{"rendered":"<p>Formaci\u00f3n del sector del molde demandado por empresas de la zona.<\/p>\n","protected":false},"featured_media":3090,"comment_status":"closed","ping_status":"closed","template":"","meta":{"_acf_changed":false,"_vibebp_attr":"","_vibebp_dimensions":"","_vibebp_responsive_height":"","_vibebp_accordion_ie_support":""},"product_brand":[],"product_cat":[161,136],"product_tag":[],"class_list":{"0":"post-3089","1":"product","2":"type-product","3":"status-publish","4":"has-post-thumbnail","6":"product_cat-finalizado","7":"product_cat-subvencionados","9":"first","10":"instock","11":"shipping-taxable","12":"product-type-simple"},"acf":[],"_links":{"self":[{"href":"https:\/\/formacionaiju.es\/en\/wp-json\/wp\/v2\/product\/3089","targetHints":{"allow":["GET"]}}],"collection":[{"href":"https:\/\/formacionaiju.es\/en\/wp-json\/wp\/v2\/product"}],"about":[{"href":"https:\/\/formacionaiju.es\/en\/wp-json\/wp\/v2\/types\/product"}],"replies":[{"embeddable":true,"href":"https:\/\/formacionaiju.es\/en\/wp-json\/wp\/v2\/comments?post=3089"}],"version-history":[{"count":10,"href":"https:\/\/formacionaiju.es\/en\/wp-json\/wp\/v2\/product\/3089\/revisions"}],"predecessor-version":[{"id":3093,"href":"https:\/\/formacionaiju.es\/en\/wp-json\/wp\/v2\/product\/3089\/revisions\/3093"}],"wp:featuredmedia":[{"embeddable":true,"href":"https:\/\/formacionaiju.es\/en\/wp-json\/wp\/v2\/media\/3090"}],"wp:attachment":[{"href":"https:\/\/formacionaiju.es\/en\/wp-json\/wp\/v2\/media?parent=3089"}],"wp:term":[{"taxonomy":"product_brand","embeddable":true,"href":"https:\/\/formacionaiju.es\/en\/wp-json\/wp\/v2\/product_brand?post=3089"},{"taxonomy":"product_cat","embeddable":true,"href":"https:\/\/formacionaiju.es\/en\/wp-json\/wp\/v2\/product_cat?post=3089"},{"taxonomy":"product_tag","embeddable":true,"href":"https:\/\/formacionaiju.es\/en\/wp-json\/wp\/v2\/product_tag?post=3089"}],"curies":[{"name":"wp","href":"https:\/\/api.w.org\/{rel}","templated":true}]}}