{"id":3359,"date":"2023-07-18T15:39:02","date_gmt":"2023-07-18T13:39:02","guid":{"rendered":"https:\/\/formacionaiju.es\/?post_type=product&#038;p=3359"},"modified":"2023-10-11T16:48:36","modified_gmt":"2023-10-11T14:48:36","slug":"formacion-gratuita-sobre-seguridad-de-productos-infantiles-escoge-tu-pildora-formativa","status":"publish","type":"product","link":"https:\/\/formacionaiju.es\/en\/product\/formacion-gratuita-sobre-seguridad-de-productos-infantiles-escoge-tu-pildora-formativa\/","title":{"rendered":"Formaci\u00f3n gratuita sobre seguridad de productos infantiles. Escoge tu p\u00edldora formativa."},"content":{"rendered":"<p style=\"text-align: left;\"><strong>Destinatarios\/as<\/strong><\/p>\n<p class=\"_04xlpA direction-ltr align-justify para-style-body\" style=\"text-align: left;\">Personal de las empresas de productos infantiles; organizaciones de consumidores; autoridades; oficinas de atenci\u00f3n el consumidor; docentes, estudiantes y consumidores en general<\/p>\n<p>&nbsp;<\/p>\n<p style=\"text-align: left;\"><strong>Objetivos<\/strong><\/p>\n<p class=\"_04xlpA direction-ltr align-justify para-style-body\" style=\"text-align: left;\">Dar a conocer los recursos formativos online y gratuitos desarrollados en el marco de los proyectos liderados por AIJU en el \u00e1mbito de la seguridad de los productos infantiles (normativa, legislaci\u00f3n, riesgos, consejos para la compra, etc.)Dar a conocer los recursos formativos online y gratuitos desarrollados en el marco de los proyectos liderados por AIJU en el \u00e1mbito de la seguridad de los productos infantiles (normativa, legislaci\u00f3n, riesgos, consejos para la compra, etc.)<\/p>\n<p>&nbsp;<\/p>\n<p style=\"text-align: left;\"><strong>Contenido<\/strong><\/p>\n<p style=\"text-align: left;\">Recorrido por los diferentes recursos online sobre seguridad de productos infantiles que pueden ayudar a mejorar las competencias de las personas en el desempe\u00f1o de su labor profesional. Estos materiales (v\u00eddeos, infogr\u00e1ficos, cursos, publicaciones, etc) pueden ser reutilizados de forma gratuita por cualquier organizaci\u00f3n en sus actividades de formaci\u00f3n o concienciaci\u00f3n. Conoce sus posibilidades con este webinar.<\/p>\n<p>&nbsp;<\/p>\n<p style=\"text-align: left;\"><strong>CV Profesorado<\/strong><\/p>\n<p style=\"text-align: left;\"><strong>D\u00f1a. Alicia Ramos:<\/strong>\u00a0Difusi\u00f3n de proyectos nacionales y europeos en seguridad de producto infantil. Traductora institucional del Instituto Tecnol\u00f3gico del Producto Infantil y de Ocio (AIJU).<\/p>\n<p>&nbsp;<\/p>\n<p style=\"text-align: left;\"><strong>Precio<\/strong><br \/>\nGratuito<\/p>\n","protected":false},"excerpt":{"rendered":"<p>Conoce la seguridad de los productos infantiles con este Webinar.<\/p>\n","protected":false},"featured_media":3360,"comment_status":"closed","ping_status":"closed","template":"","meta":{"_acf_changed":false,"_vibebp_attr":"","_vibebp_dimensions":"","_vibebp_responsive_height":"","_vibebp_accordion_ie_support":""},"product_brand":[],"product_cat":[161,138],"product_tag":[],"class_list":{"0":"post-3359","1":"product","2":"type-product","3":"status-publish","4":"has-post-thumbnail","6":"product_cat-finalizado","7":"product_cat-gratuito","9":"first","10":"instock","11":"shipping-taxable","12":"product-type-simple"},"acf":[],"_links":{"self":[{"href":"https:\/\/formacionaiju.es\/en\/wp-json\/wp\/v2\/product\/3359","targetHints":{"allow":["GET"]}}],"collection":[{"href":"https:\/\/formacionaiju.es\/en\/wp-json\/wp\/v2\/product"}],"about":[{"href":"https:\/\/formacionaiju.es\/en\/wp-json\/wp\/v2\/types\/product"}],"replies":[{"embeddable":true,"href":"https:\/\/formacionaiju.es\/en\/wp-json\/wp\/v2\/comments?post=3359"}],"version-history":[{"count":5,"href":"https:\/\/formacionaiju.es\/en\/wp-json\/wp\/v2\/product\/3359\/revisions"}],"predecessor-version":[{"id":3368,"href":"https:\/\/formacionaiju.es\/en\/wp-json\/wp\/v2\/product\/3359\/revisions\/3368"}],"wp:featuredmedia":[{"embeddable":true,"href":"https:\/\/formacionaiju.es\/en\/wp-json\/wp\/v2\/media\/3360"}],"wp:attachment":[{"href":"https:\/\/formacionaiju.es\/en\/wp-json\/wp\/v2\/media?parent=3359"}],"wp:term":[{"taxonomy":"product_brand","embeddable":true,"href":"https:\/\/formacionaiju.es\/en\/wp-json\/wp\/v2\/product_brand?post=3359"},{"taxonomy":"product_cat","embeddable":true,"href":"https:\/\/formacionaiju.es\/en\/wp-json\/wp\/v2\/product_cat?post=3359"},{"taxonomy":"product_tag","embeddable":true,"href":"https:\/\/formacionaiju.es\/en\/wp-json\/wp\/v2\/product_tag?post=3359"}],"curies":[{"name":"wp","href":"https:\/\/api.w.org\/{rel}","templated":true}]}}