{"id":3482,"date":"2023-08-28T10:33:18","date_gmt":"2023-08-28T08:33:18","guid":{"rendered":"https:\/\/formacionaiju.es\/?post_type=product&#038;p=3482"},"modified":"2023-12-05T18:04:49","modified_gmt":"2023-12-05T16:04:49","slug":"lean-manufacturing-excelencia-industrial-2","status":"publish","type":"product","link":"https:\/\/formacionaiju.es\/en\/product\/lean-manufacturing-excelencia-industrial-2\/","title":{"rendered":"Lean Manufacturing. Excelencia industrial"},"content":{"rendered":"<p><strong>Destinatarios:<\/strong><br \/>\nDirectores de planta, responsables de producci\u00f3n, responsables de funciones soporte (mantenimiento, calidad, ingenier\u00eda), ingenieros, responsables de mejora continua, mandos intermedios y supervisores.<\/p>\n<p><strong>Objetivos:<\/strong><br \/>\nConocer los principios y herramientas b\u00e1sicas de la metodolog\u00eda lean aplicada al entorno industrial.<\/p>\n<p><strong>Contenidos:<\/strong><br \/>\nSe realizar\u00e1n clases te\u00f3rico-pr\u00e1cticas. Se entregar\u00e1 glosario de terminolog\u00eda.<br \/>\nSe recomendar\u00e1 bibliograf\u00eda y art\u00edculos relacionados con la metodolog\u00eda.<br \/>\nSe realizar\u00e1 una visita a una planta industrial con todas las metodolog\u00edas del curso implantadas.<\/p>\n<p>1-INTRODUCCI\u00d3N:<br \/>\no Historia y evoluci\u00f3n<br \/>\no Fundamentos de la metodolog\u00eda<br \/>\no Valor a\u00f1adido VS desperdicio<br \/>\no Proceso de implantaci\u00f3n<\/p>\n<p>2-ORGANIZACI\u00d3N<br \/>\no UAP (Unidad Aut\u00f3noma de Producci\u00f3n) \u2013 GAP (Grupo Aut\u00f3nomo de Producci\u00f3n). Funciones soporte.<br \/>\no Comunicaci\u00f3n GAP: TOP 5, TOP 10, TOP 60 y TOP20<br \/>\no Gesti\u00f3n visual. Tableros de comunicaci\u00f3n<\/p>\n<p>3-HERRAMIENTAS GAP:<br \/>\no 5\u2019s<br \/>\no Indicadores. Productividad (OEE), Calidad, Mantenimiento<br \/>\no Estandarizaci\u00f3n. Procesos Operacionales<br \/>\no Matriz de Polivalencia<br \/>\no Ideas de mejora<br \/>\no Talleres Kaizen<\/p>\n<p>4-CALIDAD TOTAL &#8211; JIDOKA<br \/>\no Ciclo PDCA<br \/>\no 7 B\u00e1sicos de Calidad<br \/>\no GRP \u2013 Metodolog\u00eda A3<br \/>\n&#8211; Tormenta de ideas<br \/>\n&#8211; Diagrama Ishikawa<br \/>\n&#8211; 5 porqu\u00e9s<\/p>\n<p>5-MEJORA DE RENDIMIENTO<br \/>\no Hoshin<br \/>\no SMED<br \/>\no TPM<br \/>\no Talleres Speed \u2013 up<\/p>\n<p>6-CONCEPTOS \u201cJUST IN TIME\u201d<br \/>\no VSM \u2013 Value Stream Mapping<br \/>\no Pull system<br \/>\no Nivelaci\u00f3n<br \/>\no Flujo continuo<br \/>\no Planificaci\u00f3n de la producci\u00f3n. Reuniones PIC, PDP<\/p>\n<p>7-AUTOEVALUACI\u00d3N DEL SISTEMA<br \/>\no Gemba walk<br \/>\no Auditor\u00edas Kamishibai<\/p>\n<p>8-VISITA A PLANTA INDUSTRIAL<\/p>\n<p>Durante la \u00faltima sesi\u00f3n se realizar\u00e1 visita a planta industrial de Smurfit Kappa de Ibi (Alicante).<\/p>\n<p>&nbsp;<\/p>\n<p><strong>Pofesorado:<\/strong><br \/>\nD. \u00c1ngel Mart\u00ednez L\u00f3pez: Ingeniero Industrial. M\u00e1ster Ejecutivo en Direcci\u00f3n de Operaciones. Posgrado Universitario Lean Black Belt. Certificado Lean Black Belt Leader por el Instituto Lean.<br \/>\nHa trabajado en las siguientes multinacionales como Responsable de Producci\u00f3n &amp; Ingenier\u00eda de Planta (Juguetes FAMOSA) y Director de Planta &amp; Lean Promotor (Smurfit Kappa).<\/p>\n<p><strong>Precio:<\/strong><br \/>\nAsociados\/as AIJU\/desempleados\/as: 360 euros; 2\u00ba asistente y siguientes de la misma empresa: 290 euros.<br \/>\nNo asociados\/as AIJU: 430 euros; 2\u00ba asistente y siguientes de la misma empresa: 360 euros.<\/p>\n<p><strong>Observaciones:<\/strong><br \/>\nUna vez aceptada su solicitud, AIJU le indicar\u00e1 cu\u00e1ndo debe efectuar el pago.<br \/>\nIMPORTANTE: La solicitud de preinscripci\u00f3n es tambi\u00e9n un compromiso de pago en caso de ser admitido en la acci\u00f3n formativa. S\u00f3lo se admitir\u00e1n cancelaciones con derecho a devoluci\u00f3n o anulaci\u00f3n del pago, si se comunican a AIJU con al menos 5 d\u00edas laborables de antelaci\u00f3n a la fecha de inicio. Una vez confirmada la plaza al alumno\/a, si \u00e9ste no asistiera al curso y no lo notifica, se le cobrar\u00e1 el importe integro del mismo.<br \/>\n* BONIFICACI\u00d3N CURSOS: el importe de este curso puede bonificarse parcialmente si se solicita a la FUNDAE. Gesti\u00f3n de la bonificaci\u00f3n gratuita por parte de AIJU. Cons\u00faltenos<\/p>\n","protected":false},"excerpt":{"rendered":"<p style=\"text-align: left;\" align=\"center\">Este curso te ayuda a conocer los principios y herramientas b\u00e1sicas de la metodolog\u00eda lean aplicada al entorno industrial.<\/p>\n","protected":false},"featured_media":3518,"comment_status":"closed","ping_status":"closed","template":"","meta":{"_acf_changed":false,"_vibebp_attr":"","_vibebp_dimensions":"","_vibebp_responsive_height":"","_vibebp_accordion_ie_support":""},"product_brand":[],"product_cat":[161,36],"product_tag":[],"class_list":{"0":"post-3482","1":"product","2":"type-product","3":"status-publish","4":"has-post-thumbnail","6":"product_cat-finalizado","7":"product_cat-parcialmente-bonificable","9":"first","10":"instock","11":"shipping-taxable","12":"product-type-simple"},"acf":[],"_links":{"self":[{"href":"https:\/\/formacionaiju.es\/en\/wp-json\/wp\/v2\/product\/3482","targetHints":{"allow":["GET"]}}],"collection":[{"href":"https:\/\/formacionaiju.es\/en\/wp-json\/wp\/v2\/product"}],"about":[{"href":"https:\/\/formacionaiju.es\/en\/wp-json\/wp\/v2\/types\/product"}],"replies":[{"embeddable":true,"href":"https:\/\/formacionaiju.es\/en\/wp-json\/wp\/v2\/comments?post=3482"}],"version-history":[{"count":9,"href":"https:\/\/formacionaiju.es\/en\/wp-json\/wp\/v2\/product\/3482\/revisions"}],"predecessor-version":[{"id":3486,"href":"https:\/\/formacionaiju.es\/en\/wp-json\/wp\/v2\/product\/3482\/revisions\/3486"}],"wp:featuredmedia":[{"embeddable":true,"href":"https:\/\/formacionaiju.es\/en\/wp-json\/wp\/v2\/media\/3518"}],"wp:attachment":[{"href":"https:\/\/formacionaiju.es\/en\/wp-json\/wp\/v2\/media?parent=3482"}],"wp:term":[{"taxonomy":"product_brand","embeddable":true,"href":"https:\/\/formacionaiju.es\/en\/wp-json\/wp\/v2\/product_brand?post=3482"},{"taxonomy":"product_cat","embeddable":true,"href":"https:\/\/formacionaiju.es\/en\/wp-json\/wp\/v2\/product_cat?post=3482"},{"taxonomy":"product_tag","embeddable":true,"href":"https:\/\/formacionaiju.es\/en\/wp-json\/wp\/v2\/product_tag?post=3482"}],"curies":[{"name":"wp","href":"https:\/\/api.w.org\/{rel}","templated":true}]}}