{"id":3492,"date":"2023-08-28T12:42:50","date_gmt":"2023-08-28T10:42:50","guid":{"rendered":"https:\/\/formacionaiju.es\/?post_type=product&#038;p=3492"},"modified":"2023-11-17T10:38:24","modified_gmt":"2023-11-17T08:38:24","slug":"finanzas","status":"publish","type":"product","link":"https:\/\/formacionaiju.es\/en\/product\/finanzas\/","title":{"rendered":"Jornada de especializaci\u00f3n para directivos: Finanzas"},"content":{"rendered":"<p><strong>Destinatarios:<\/strong><br \/>\nEste curso va dirigido a personas interesadas en las finanzas a nivel profesional o personal. Con \u00e9l adquirir\u00e1 los principales conocimientos para interpretar y analizar la informaci\u00f3n econ\u00f3mica-financiera pudiendo utilizar todo ello en los procesos de toma de decisiones.<\/p>\n<p><strong>Objetivos:<\/strong><br \/>\n\u2022 Introducir en los conceptos clave de las finanzas de una empresa.<br \/>\n\u2022 Aprender a interpretar y analizar la informaci\u00f3n econ\u00f3mico-financiera.<\/p>\n<p><strong>Contenido:<\/strong><br \/>\n1. An\u00e1lisis de la cuenta de explotaci\u00f3n y sus diferentes partidas<br \/>\n\u2022 Principales ratios de la cuenta de explotaci\u00f3n<br \/>\n\u2022 \u00bfQu\u00e9 es el beneficio y d\u00f3nde est\u00e1?<br \/>\n2. An\u00e1lisis del balance de situaci\u00f3n y sus diferentes partidas<br \/>\n\u2022 Fondo de Maniobra<br \/>\n\u2022 Necesidades operativas de fondos<br \/>\n3. La relevancia de la liquidez<br \/>\n\u2022 Diferencia entre rentabilidad y liquidez<br \/>\n\u2022 Diferencia entre circulante e inversi\u00f3n<br \/>\n\u2022 \u00bfC\u00f3mo se debe utilizar la financiaci\u00f3n a corto y a largo plazo?<\/p>\n<p><strong>CV Profesorado:<\/strong><br \/>\nD\u00f1a. Eva Chornet. Profesora de EDEM (Escuela de Empresarios). Diplomada en Ciencias Empresariales. Postgrado EMBA, M\u00e1ster en direcci\u00f3n y administraci\u00f3n de empresas. Postgrado, MDF, M\u00e1ster en direcci\u00f3n financiera Business. Controller acreditado por el Colegio de economistas de Madrid. ESG Advisor por EFPA. Fundadora de Hilarem Interim Management.<\/p>\n<p><strong>Precio: (ESTA FORMACI\u00d3N NO SE PODR\u00c1 BONIFICAR)<\/strong><br \/>\nAsociados: 180 euros<br \/>\nNo asociados: 200 euros<\/p>\n","protected":false},"excerpt":{"rendered":"<p>Con este curso adquirir\u00e1s los principales conocimientos para interpretar y analizar la informaci\u00f3n econ\u00f3mica-financiera pudiendo utilizar todo ello en los procesos de toma de decisiones.<\/p>\n","protected":false},"featured_media":3493,"comment_status":"closed","ping_status":"closed","template":"","meta":{"_acf_changed":false,"_vibebp_attr":"","_vibebp_dimensions":"","_vibebp_responsive_height":"","_vibebp_accordion_ie_support":""},"product_brand":[],"product_cat":[161,171],"product_tag":[],"class_list":{"0":"post-3492","1":"product","2":"type-product","3":"status-publish","4":"has-post-thumbnail","6":"product_cat-finalizado","7":"product_cat-formacion-no-bonificable","9":"first","10":"instock","11":"shipping-taxable","12":"product-type-simple"},"acf":[],"_links":{"self":[{"href":"https:\/\/formacionaiju.es\/en\/wp-json\/wp\/v2\/product\/3492","targetHints":{"allow":["GET"]}}],"collection":[{"href":"https:\/\/formacionaiju.es\/en\/wp-json\/wp\/v2\/product"}],"about":[{"href":"https:\/\/formacionaiju.es\/en\/wp-json\/wp\/v2\/types\/product"}],"replies":[{"embeddable":true,"href":"https:\/\/formacionaiju.es\/en\/wp-json\/wp\/v2\/comments?post=3492"}],"version-history":[{"count":10,"href":"https:\/\/formacionaiju.es\/en\/wp-json\/wp\/v2\/product\/3492\/revisions"}],"predecessor-version":[{"id":3496,"href":"https:\/\/formacionaiju.es\/en\/wp-json\/wp\/v2\/product\/3492\/revisions\/3496"}],"wp:featuredmedia":[{"embeddable":true,"href":"https:\/\/formacionaiju.es\/en\/wp-json\/wp\/v2\/media\/3493"}],"wp:attachment":[{"href":"https:\/\/formacionaiju.es\/en\/wp-json\/wp\/v2\/media?parent=3492"}],"wp:term":[{"taxonomy":"product_brand","embeddable":true,"href":"https:\/\/formacionaiju.es\/en\/wp-json\/wp\/v2\/product_brand?post=3492"},{"taxonomy":"product_cat","embeddable":true,"href":"https:\/\/formacionaiju.es\/en\/wp-json\/wp\/v2\/product_cat?post=3492"},{"taxonomy":"product_tag","embeddable":true,"href":"https:\/\/formacionaiju.es\/en\/wp-json\/wp\/v2\/product_tag?post=3492"}],"curies":[{"name":"wp","href":"https:\/\/api.w.org\/{rel}","templated":true}]}}