{"id":3503,"date":"2023-09-05T16:53:38","date_gmt":"2023-09-05T14:53:38","guid":{"rendered":"https:\/\/formacionaiju.es\/?post_type=product&#038;p=3503"},"modified":"2023-11-23T17:41:32","modified_gmt":"2023-11-23T15:41:32","slug":"webinar-certificados-de-ahorro-energetico-cae","status":"publish","type":"product","link":"https:\/\/formacionaiju.es\/en\/product\/webinar-certificados-de-ahorro-energetico-cae\/","title":{"rendered":"Webinar Certificados de ahorro energ\u00e9tico CAE"},"content":{"rendered":"<p style=\"text-align: left;\"><strong>Descripci\u00f3n<\/strong><\/p>\n<p class=\"_04xlpA direction-ltr align-justify para-style-body\" style=\"text-align: left;\">Los Certificados de Ahorro Energ\u00e9tico (CAEs) son un mecanismo de fomento de la eficiencia energ\u00e9tica que tiene como objetivo incentivar la realizaci\u00f3n de medidas de ahorro y eficiencia energ\u00e9tica en los diferentes sectores econ\u00f3micos.<br \/>\nUn CAE es un t\u00edtulo nominativo que representa el ahorro energ\u00e9tico obtenido por la aplicaci\u00f3n de medidas de eficiencia energ\u00e9tica. Estos certificados son emitidos por el Organismo Nacional de Acreditaci\u00f3n y son intercambiables en un mercado organizado de manera similar a otros t\u00edtulos valores como las acciones o los bonos, es decir, que si tienes un sistema controlado de ahorro energ\u00e9tico, puedes tener la posibilidad de canjear esos ahorros en certificados que te generen ingresos econ\u00f3micos.<\/p>\n<p>&nbsp;<\/p>\n<p style=\"text-align: left;\"><strong>Objetivos<\/strong><\/p>\n<p class=\"_04xlpA direction-ltr align-justify para-style-body\" style=\"text-align: left;\">Explicar el funcionamiento de este sistema y los beneficios que puede generar a tu organizaci\u00f3n.<\/p>\n<p>&nbsp;<\/p>\n<p style=\"text-align: left;\"><strong>Contenido<\/strong><\/p>\n<p style=\"text-align: left;\"><strong>De 09:30h. a 09:45h.<\/strong> &#8211; Contexto Normativo.<br \/>\n<strong>De 09:45 a 10:30h.<\/strong> &#8211; Funcionamiento y puesta en marcha del sistema de certificados energ\u00e9ticos.<br \/>\n<strong>De 10:30 o a 11h.<\/strong> &#8211; Sistema de verificaci\u00f3n de los certificados de ahorro energ\u00e9tico.<\/p>\n<p>&nbsp;<\/p>\n<p style=\"text-align: left;\"><strong>CV Profesorado<\/strong><\/p>\n<p><strong>D\u00f1a. Josune Gutierrez Mayordomo<\/strong>: Socia fundadora y Directora t\u00e9cnica del departamento de sostenibilidad global e innovaci\u00f3n de MARGUBE<\/p>\n<p>Licenciada en Biolog\u00eda, Master en ingenier\u00eda y gesti\u00f3n medioambiental. Directora t\u00e9cnica de Margube con mas de 15 a\u00f1os de experiencia llevando a cabo proyectos para el sector publico y sector privado en el \u00e1rea medioambiental.<\/p>\n<p>Experta en:<br \/>\n&#8211; Sostenibilidad Global<br \/>\n&#8211; Econom\u00eda circular<br \/>\n&#8211; Proyectos de descarbonizaci\u00f3n<br \/>\n&#8211; Huella de carbono, huella h\u00eddrica, ciclo de vida<br \/>\n&#8211; Ecodise\u00f1o<\/p>\n<p><strong>D\u00f1a. Nuria Fern\u00e1ndez<\/strong>: Responsable del departamento de I+D+I de Prosolia Energy<\/p>\n<p>Diplomada en ingenier\u00eda t\u00e9cnica industrial. Acumula mas de 30 a\u00f1os como asesora de multinacionales del sector energ\u00e9tico.<\/p>\n<p>Experta en:<br \/>\n&#8211; Eficiencia energ\u00e9tica<br \/>\n&#8211; Certificados de ahorro energ\u00e9tico<br \/>\n&#8211; Energ\u00edas renovables<\/p>\n<p>&nbsp;<\/p>\n<p style=\"text-align: left;\"><strong>Precio<\/strong><br \/>\nGratuito<\/p>\n","protected":false},"excerpt":{"rendered":"<p>Conoce como tu ahorro energ\u00e9tico puede convertirse en ingresos econ\u00f3micos. Sistema de Certificados de ahorro energ\u00e9tico (CAEs)<\/p>\n","protected":false},"featured_media":3504,"comment_status":"closed","ping_status":"closed","template":"","meta":{"_acf_changed":false,"_vibebp_attr":"","_vibebp_dimensions":"","_vibebp_responsive_height":"","_vibebp_accordion_ie_support":""},"product_brand":[],"product_cat":[161,138],"product_tag":[],"class_list":{"0":"post-3503","1":"product","2":"type-product","3":"status-publish","4":"has-post-thumbnail","6":"product_cat-finalizado","7":"product_cat-gratuito","9":"first","10":"instock","11":"shipping-taxable","12":"product-type-simple"},"acf":[],"_links":{"self":[{"href":"https:\/\/formacionaiju.es\/en\/wp-json\/wp\/v2\/product\/3503","targetHints":{"allow":["GET"]}}],"collection":[{"href":"https:\/\/formacionaiju.es\/en\/wp-json\/wp\/v2\/product"}],"about":[{"href":"https:\/\/formacionaiju.es\/en\/wp-json\/wp\/v2\/types\/product"}],"replies":[{"embeddable":true,"href":"https:\/\/formacionaiju.es\/en\/wp-json\/wp\/v2\/comments?post=3503"}],"version-history":[{"count":7,"href":"https:\/\/formacionaiju.es\/en\/wp-json\/wp\/v2\/product\/3503\/revisions"}],"predecessor-version":[{"id":3875,"href":"https:\/\/formacionaiju.es\/en\/wp-json\/wp\/v2\/product\/3503\/revisions\/3875"}],"wp:featuredmedia":[{"embeddable":true,"href":"https:\/\/formacionaiju.es\/en\/wp-json\/wp\/v2\/media\/3504"}],"wp:attachment":[{"href":"https:\/\/formacionaiju.es\/en\/wp-json\/wp\/v2\/media?parent=3503"}],"wp:term":[{"taxonomy":"product_brand","embeddable":true,"href":"https:\/\/formacionaiju.es\/en\/wp-json\/wp\/v2\/product_brand?post=3503"},{"taxonomy":"product_cat","embeddable":true,"href":"https:\/\/formacionaiju.es\/en\/wp-json\/wp\/v2\/product_cat?post=3503"},{"taxonomy":"product_tag","embeddable":true,"href":"https:\/\/formacionaiju.es\/en\/wp-json\/wp\/v2\/product_tag?post=3503"}],"curies":[{"name":"wp","href":"https:\/\/api.w.org\/{rel}","templated":true}]}}