{"id":3640,"date":"2023-10-03T18:31:19","date_gmt":"2023-10-03T16:31:19","guid":{"rendered":"https:\/\/formacionaiju.es\/?post_type=product&#038;p=3640"},"modified":"2023-10-31T09:57:42","modified_gmt":"2023-10-31T07:57:42","slug":"3640","status":"publish","type":"product","link":"https:\/\/formacionaiju.es\/en\/product\/3640\/","title":{"rendered":"Webinar &#8211; Trabaja inteligentemente: modelos avanzados de IA al servicio del profesional moderno"},"content":{"rendered":"<p style=\"text-align: left;\"><strong>Destinatarios\/as<\/strong><\/p>\n<p class=\"_04xlpA direction-ltr align-justify para-style-body\" style=\"text-align: left;\">Trabajadores\/as en activo, desempleado\/as.<\/p>\n<p>&nbsp;<\/p>\n<p style=\"text-align: left;\"><strong>Objetivos<\/strong><\/p>\n<p class=\"_04xlpA direction-ltr align-justify para-style-body\" style=\"text-align: left;\"><span class=\"OYPEnA text-decoration-none text-strikethrough-none\">En este seminario, abordaremos los fundamentos de la IA, su aplicaci\u00f3n en el procesamiento de lenguaje natural, la generaci\u00f3n de im\u00e1genes y audio, y las consideraciones \u00e9ticas en su uso. Es una oportunidad para quienes deseen comprender el papel de la IA en el mundo laboral actual y futuro.<\/span><\/p>\n<p>&nbsp;<\/p>\n<p style=\"text-align: left;\"><strong>Contenido<\/strong><\/p>\n<p><strong>1. Introducci\u00f3n a la IA, \u00bfqu\u00e9 es y por qu\u00e9 usarla?<\/strong><br \/>\nEn este apartado se realizar\u00e1 una breve introducci\u00f3n sobre que es la IA. Se har\u00e1 especial hincapi\u00e9 en el por qu\u00e9 es importante ser conocedor de las utilidades y ventajas que ofrece.<br \/>\n<strong>2. \u00daltimas novedades: modelos de procesamiento de lenguaje natural (NLP)<\/strong><br \/>\nTras una breve introducci\u00f3n al concepto de IA, se introducen lo que son los modelos de lenguaje natural (GPT, PaLM, LlaMA2) y en la revoluci\u00f3n que han causado con la introducci\u00f3n de proyectos como Chat-GPT, Bard o Bing Chat.<br \/>\n<strong>3. Modelos en acci\u00f3n: prompt engineering + casos pr\u00e1cticos<\/strong><br \/>\nSecci\u00f3n practica donde se desarrolla el concepto de prompt engineering y se muestran algunos ejemplos del mismo aplicados en los distintos modelos de NLP (Chat-GPT o Bing Chat).<br \/>\n<strong>4. M\u00e1s all\u00e1 del NLP, servicios de generaci\u00f3n de im\u00e1genes y audio<\/strong><br \/>\nIntroducci\u00f3n a los distintos servicios disponibles actualmente de generaci\u00f3n de im\u00e1genes y audio.<br \/>\n<strong>5. \u00c9tica y consideraciones.<\/strong><br \/>\nPeque\u00f1o apunte sobre las limitaciones de estos modelos, \u00bfqu\u00e9 pueden y no pueden hacer? Privacidad, sesgos y transparencia en el procesamiento de lenguaje natural.<br \/>\n<strong>6. Conclusi\u00f3n y ronda de preguntas<\/strong><br \/>\nReflexi\u00f3n sobre el papel de estos modelos en el futuro del trabajo y espacio para resolver dudas de los asistentes p\u00fablico.<\/p>\n<p>&nbsp;<\/p>\n<p style=\"text-align: left;\"><strong>CV Profesorado<\/strong><\/p>\n<p><strong>D. Alejandro Mira:<\/strong> Desarrollador de software en el Instituto Tecnol\u00f3gico del Producto Infantil y de Ocio (AIJU). Graduado en Tecnolog\u00edas Interactivas. M\u00e1ster en Investigaci\u00f3n en Inteligencia Artificial. Especializaci\u00f3n en proyectos I+D en el \u00e1mbito de la IA y la Industria 4.0.<\/p>\n<p>&nbsp;<\/p>\n<p style=\"text-align: left;\"><strong>Precio<\/strong><br \/>\nGratuito<\/p>\n","protected":false},"excerpt":{"rendered":"<p>Descubre c\u00f3mo la Inteligencia Artificial se est\u00e1 convirtiendo en una herramienta esencial en el \u00e1mbito profesional.<\/p>\n","protected":false},"featured_media":3641,"comment_status":"closed","ping_status":"closed","template":"","meta":{"_acf_changed":false,"_vibebp_attr":"","_vibebp_dimensions":"","_vibebp_responsive_height":"","_vibebp_accordion_ie_support":""},"product_brand":[],"product_cat":[161,138],"product_tag":[],"class_list":{"0":"post-3640","1":"product","2":"type-product","3":"status-publish","4":"has-post-thumbnail","6":"product_cat-finalizado","7":"product_cat-gratuito","9":"first","10":"instock","11":"shipping-taxable","12":"product-type-simple"},"acf":[],"_links":{"self":[{"href":"https:\/\/formacionaiju.es\/en\/wp-json\/wp\/v2\/product\/3640","targetHints":{"allow":["GET"]}}],"collection":[{"href":"https:\/\/formacionaiju.es\/en\/wp-json\/wp\/v2\/product"}],"about":[{"href":"https:\/\/formacionaiju.es\/en\/wp-json\/wp\/v2\/types\/product"}],"replies":[{"embeddable":true,"href":"https:\/\/formacionaiju.es\/en\/wp-json\/wp\/v2\/comments?post=3640"}],"version-history":[{"count":5,"href":"https:\/\/formacionaiju.es\/en\/wp-json\/wp\/v2\/product\/3640\/revisions"}],"predecessor-version":[{"id":3650,"href":"https:\/\/formacionaiju.es\/en\/wp-json\/wp\/v2\/product\/3640\/revisions\/3650"}],"wp:featuredmedia":[{"embeddable":true,"href":"https:\/\/formacionaiju.es\/en\/wp-json\/wp\/v2\/media\/3641"}],"wp:attachment":[{"href":"https:\/\/formacionaiju.es\/en\/wp-json\/wp\/v2\/media?parent=3640"}],"wp:term":[{"taxonomy":"product_brand","embeddable":true,"href":"https:\/\/formacionaiju.es\/en\/wp-json\/wp\/v2\/product_brand?post=3640"},{"taxonomy":"product_cat","embeddable":true,"href":"https:\/\/formacionaiju.es\/en\/wp-json\/wp\/v2\/product_cat?post=3640"},{"taxonomy":"product_tag","embeddable":true,"href":"https:\/\/formacionaiju.es\/en\/wp-json\/wp\/v2\/product_tag?post=3640"}],"curies":[{"name":"wp","href":"https:\/\/api.w.org\/{rel}","templated":true}]}}