{"id":3754,"date":"2023-10-25T15:34:53","date_gmt":"2023-10-25T13:34:53","guid":{"rendered":"https:\/\/formacionaiju.es\/?post_type=product&#038;p=3754"},"modified":"2023-11-17T10:33:45","modified_gmt":"2023-11-17T08:33:45","slug":"webinar-nueva-restriccion-sobre-micro-plasticos","status":"publish","type":"product","link":"https:\/\/formacionaiju.es\/en\/product\/webinar-nueva-restriccion-sobre-micro-plasticos\/","title":{"rendered":"Webinar &#8211; Nueva restricci\u00f3n sobre micropl\u00e1sticos"},"content":{"rendered":"<p style=\"text-align: left;\"><strong>Destinatarios\/as<\/strong><\/p>\n<p class=\"_04xlpA direction-ltr align-justify para-style-body\" style=\"text-align: left;\">Empresas que comercialicen materiales pl\u00e1sticos y\/o usen estos materiales en la fabricaci\u00f3n de productos. Personal involucrado en el desarrollo de producto, calidad, I+D, compras, etc.<\/p>\n<p>&nbsp;<\/p>\n<p style=\"text-align: left;\"><strong>Objetivos<\/strong><\/p>\n<p class=\"_04xlpA direction-ltr align-justify para-style-body\" style=\"text-align: left;\">&#8211; Ofrecer una visi\u00f3n general de la aplicaci\u00f3n de la nueva restricci\u00f3n recogida en el Reglamento (UE) 2023\/2055.<br \/>\n&#8211; Conocer cu\u00e1l es la consideraci\u00f3n de micropl\u00e1stico dentro de la restricci\u00f3n.<\/p>\n<p>&nbsp;<\/p>\n<p style=\"text-align: left;\"><strong>Contenido<\/strong><\/p>\n<p>&#8211; \u00bfQu\u00e9 se considera micropl\u00e1stico?<br \/>\n&#8211; Objeto de aplicaci\u00f3n de la restricci\u00f3n<br \/>\n&#8211; Documentaci\u00f3n de apoyo relevante<\/p>\n<p>&nbsp;<\/p>\n<p style=\"text-align: left;\"><strong>CV Profesorado<\/strong><\/p>\n<p><strong>D\u00f1a. Alejandra Segura Domingo:<\/strong> Ingeniera T\u00e9cnico Industrial especialidad en Qu\u00edmica por la Universidad Polit\u00e9cnica de Valencia (UPV). M\u00e1ster en ciencia y tecnolog\u00eda Qu\u00edmica por la UNED. T\u00e9cnico especialista en el \u00e1rea qu\u00edmica de AIJU desde 2008. Amplia experiencia en legislaci\u00f3n relacionada con el uso de sustancias qu\u00edmicas en la fabricaci\u00f3n de productos de consumo, principalmente en relaci\u00f3n con el Reglamento REACH. Gestora de proyectos I+D+i tanto nacionales como europeos sobre todo relacionados en mejorar la seguridad de los productos. Formadora habitual en temas sobre legislaci\u00f3n, normativa y requisitos qu\u00edmicos en productos de consumo.<\/p>\n<p>&nbsp;<\/p>\n<p style=\"text-align: left;\"><strong>Precio<\/strong><\/p>\n<p>Asociados: 75\u20ac<\/p>\n<p>No socios: 90\u20ac<\/p>\n","protected":false},"excerpt":{"rendered":"<p>Los micropl\u00e1sticos suponen un problema medioambiental que la Uni\u00f3n Europea se ha propuesto afrontar mediante la aplicaci\u00f3n de una nueva restricci\u00f3n al uso intencionado de estas micropart\u00edculas.<\/p>\n","protected":false},"featured_media":3755,"comment_status":"closed","ping_status":"closed","template":"","meta":{"_acf_changed":false,"_vibebp_attr":"","_vibebp_dimensions":"","_vibebp_responsive_height":"","_vibebp_accordion_ie_support":""},"product_brand":[],"product_cat":[161,171],"product_tag":[],"class_list":{"0":"post-3754","1":"product","2":"type-product","3":"status-publish","4":"has-post-thumbnail","6":"product_cat-finalizado","7":"product_cat-formacion-no-bonificable","9":"first","10":"instock","11":"shipping-taxable","12":"product-type-simple"},"acf":[],"_links":{"self":[{"href":"https:\/\/formacionaiju.es\/en\/wp-json\/wp\/v2\/product\/3754","targetHints":{"allow":["GET"]}}],"collection":[{"href":"https:\/\/formacionaiju.es\/en\/wp-json\/wp\/v2\/product"}],"about":[{"href":"https:\/\/formacionaiju.es\/en\/wp-json\/wp\/v2\/types\/product"}],"replies":[{"embeddable":true,"href":"https:\/\/formacionaiju.es\/en\/wp-json\/wp\/v2\/comments?post=3754"}],"version-history":[{"count":5,"href":"https:\/\/formacionaiju.es\/en\/wp-json\/wp\/v2\/product\/3754\/revisions"}],"predecessor-version":[{"id":3758,"href":"https:\/\/formacionaiju.es\/en\/wp-json\/wp\/v2\/product\/3754\/revisions\/3758"}],"wp:featuredmedia":[{"embeddable":true,"href":"https:\/\/formacionaiju.es\/en\/wp-json\/wp\/v2\/media\/3755"}],"wp:attachment":[{"href":"https:\/\/formacionaiju.es\/en\/wp-json\/wp\/v2\/media?parent=3754"}],"wp:term":[{"taxonomy":"product_brand","embeddable":true,"href":"https:\/\/formacionaiju.es\/en\/wp-json\/wp\/v2\/product_brand?post=3754"},{"taxonomy":"product_cat","embeddable":true,"href":"https:\/\/formacionaiju.es\/en\/wp-json\/wp\/v2\/product_cat?post=3754"},{"taxonomy":"product_tag","embeddable":true,"href":"https:\/\/formacionaiju.es\/en\/wp-json\/wp\/v2\/product_tag?post=3754"}],"curies":[{"name":"wp","href":"https:\/\/api.w.org\/{rel}","templated":true}]}}