{"id":3830,"date":"2023-11-14T13:46:37","date_gmt":"2023-11-14T11:46:37","guid":{"rendered":"https:\/\/formacionaiju.es\/?post_type=product&#038;p=3830"},"modified":"2024-01-22T09:31:41","modified_gmt":"2024-01-22T07:31:41","slug":"ingles-comercial-avanzado-alto-2","status":"publish","type":"product","link":"https:\/\/formacionaiju.es\/en\/product\/ingles-comercial-avanzado-alto-2\/","title":{"rendered":"Ingl\u00e9s comercial avanzado\/alto"},"content":{"rendered":"<p><strong>Destinatarios\/as:<\/strong><br \/>\nTrabajadores\/as en activo, desempleados\/as.<\/p>\n<p><strong>Objetivos:<\/strong><br \/>\n\u2013 Mejorar las capacidades de ingl\u00e9s comercial tanto orales como escritas.<br \/>\n\u2013 Optimizar la comunicaci\u00f3n en el idioma con el objetivo de sentirse m\u00e1s seguro en situaciones profesionales.<br \/>\n\u2013 Trabajar las habilidades comunicativas principales: conversaci\u00f3n, comprensi\u00f3n oral, comprensi\u00f3n lectora y redacci\u00f3n.<br \/>\n\u2013 Ayudar a mejorar la fluidez y precisi\u00f3n ling\u00fc\u00edstica (pronunciaci\u00f3n, gram\u00e1tica, vocabulario)<\/p>\n<p>&nbsp;<\/p>\n<p><strong>Contenido:<\/strong><br \/>\nSe trabajar\u00e1 el ingl\u00e9s espec\u00edfico para los negocios, incidiendo de forma especial en las habilidades comunicativas y prestando una atenci\u00f3n especial a la conversaci\u00f3n y la comprensi\u00f3n oral.<br \/>\nSe proporcionar\u00e1n recursos para afrontar y resolver situaciones pr\u00e1cticas en la comunicaci\u00f3n en ingl\u00e9s relacionadas con los siguientes \u00e1mbitos:<br \/>\n\u2013 Reuniones<br \/>\n\u2013 Negociaciones<br \/>\n\u2013 Publicidad<br \/>\n\u2013 Marketing<br \/>\n\u2013 Viajes de negocios<br \/>\n\u2013 Presentaciones<br \/>\n\u2013 Visitas<br \/>\n\u2013 Comunicaci\u00f3n comercial<br \/>\n\u2013 Correo electr\u00f3nico e Internet<br \/>\n\u2013 Empresas<br \/>\n\u2013 Diferencias culturales<\/p>\n<p>&nbsp;<\/p>\n<p><strong>Precio:<\/strong><br \/>\n290\u20ac (bonificable)<\/p>\n<p>&nbsp;<\/p>\n<p><strong>Observaciones:<\/strong><br \/>\nUna vez aceptada su solicitud, AIJU le indicar\u00e1 cu\u00e1ndo debe efectuar el pago.<br \/>\nIMPORTANTE: La solicitud de preinscripci\u00f3n es tambi\u00e9n un compromiso de pago en caso de ser admitido en la acci\u00f3n formativa. S\u00f3lo se admitir\u00e1n cancelaciones con derecho a devoluci\u00f3n o anulaci\u00f3n del pago, si se comunican a AIJU con al menos 5 d\u00edas laborables de antelaci\u00f3n a la fecha de inicio. Una vez confirmada la plaza al alumno\/a, si \u00e9ste no asistiera al curso y no lo notifica, se le cobrar\u00e1 el importe integro del mismo.<br \/>\n* BONIFICACI\u00d3N CURSOS: el importe de este curso puede bonificarse si se solicita a la FUNDAE. Gesti\u00f3n de la bonificaci\u00f3n gratuita por parte de AIJU. Cons\u00faltenos.<br \/>\nAIJU se reserva el derecho a anular o aplazar este curso si no se llega a un m\u00ednimo de inscripciones.<\/p>\n","protected":false},"excerpt":{"rendered":"<p>\u00bfQuieres mejorar las habilidades de ingl\u00e9s comercial tanto oral como escritas? Con este curso optimizar\u00e1s con ingl\u00e9s m\u00e1s avanzado la comunicaci\u00f3n en el idioma y mejorar\u00e1s la fluidez y precisi\u00f3n ling\u00fc\u00edstica.<\/p>\n","protected":false},"featured_media":3822,"comment_status":"closed","ping_status":"closed","template":"","meta":{"_acf_changed":false,"_vibebp_attr":"","_vibebp_dimensions":"","_vibebp_responsive_height":"","_vibebp_accordion_ie_support":""},"product_brand":[],"product_cat":[32,162],"product_tag":[],"class_list":{"0":"post-3830","1":"product","2":"type-product","3":"status-publish","4":"has-post-thumbnail","6":"product_cat-bonificable","7":"product_cat-en-marcha","9":"first","10":"instock","11":"shipping-taxable","12":"product-type-simple"},"acf":[],"_links":{"self":[{"href":"https:\/\/formacionaiju.es\/en\/wp-json\/wp\/v2\/product\/3830","targetHints":{"allow":["GET"]}}],"collection":[{"href":"https:\/\/formacionaiju.es\/en\/wp-json\/wp\/v2\/product"}],"about":[{"href":"https:\/\/formacionaiju.es\/en\/wp-json\/wp\/v2\/types\/product"}],"replies":[{"embeddable":true,"href":"https:\/\/formacionaiju.es\/en\/wp-json\/wp\/v2\/comments?post=3830"}],"version-history":[{"count":5,"href":"https:\/\/formacionaiju.es\/en\/wp-json\/wp\/v2\/product\/3830\/revisions"}],"predecessor-version":[{"id":4964,"href":"https:\/\/formacionaiju.es\/en\/wp-json\/wp\/v2\/product\/3830\/revisions\/4964"}],"wp:featuredmedia":[{"embeddable":true,"href":"https:\/\/formacionaiju.es\/en\/wp-json\/wp\/v2\/media\/3822"}],"wp:attachment":[{"href":"https:\/\/formacionaiju.es\/en\/wp-json\/wp\/v2\/media?parent=3830"}],"wp:term":[{"taxonomy":"product_brand","embeddable":true,"href":"https:\/\/formacionaiju.es\/en\/wp-json\/wp\/v2\/product_brand?post=3830"},{"taxonomy":"product_cat","embeddable":true,"href":"https:\/\/formacionaiju.es\/en\/wp-json\/wp\/v2\/product_cat?post=3830"},{"taxonomy":"product_tag","embeddable":true,"href":"https:\/\/formacionaiju.es\/en\/wp-json\/wp\/v2\/product_tag?post=3830"}],"curies":[{"name":"wp","href":"https:\/\/api.w.org\/{rel}","templated":true}]}}