{"id":3844,"date":"2023-11-16T13:08:37","date_gmt":"2023-11-16T11:08:37","guid":{"rendered":"https:\/\/formacionaiju.es\/?post_type=product&#038;p=3844"},"modified":"2024-01-23T17:06:03","modified_gmt":"2024-01-23T15:06:03","slug":"ingles-comercial-intermedio-alto-3","status":"publish","type":"product","link":"https:\/\/formacionaiju.es\/en\/product\/ingles-comercial-intermedio-alto-3\/","title":{"rendered":"Ingl\u00e9s comercial intermedio\/alto"},"content":{"rendered":"<p><strong>Destinatarios:<\/strong><\/p>\n<p><span class=\"OYPEnA text-decoration-none text-strikethrough-none\">Trabajadores\/as en activo, desempleados\/as.<\/span><\/p>\n<p>&nbsp;<\/p>\n<p><strong>Objetivos:<\/strong><br \/>\n\u2013 Mejorar las capacidades de ingl\u00e9s comercial tanto orales como escritas.<br \/>\n\u2013 Optimizar la comunicaci\u00f3n en el idioma con el objetivo de sentirse m\u00e1s seguro en situaciones profesionales.<br \/>\n\u2013 Trabajar las habilidades comunicativas principales: conversaci\u00f3n, comprensi\u00f3n oral, comprensi\u00f3n lectora y redacci\u00f3n.<br \/>\n\u2013 Ayudar a mejorar la fluidez y precisi\u00f3n ling\u00fc\u00edstica (pronunciaci\u00f3n, gram\u00e1tica, vocabulario)<\/p>\n<p>&nbsp;<\/p>\n<p><strong>Contenido:<\/strong><br \/>\nAmpliar el vocabulario de los alumnos a la vez que se trabajan todos los tiempos verbales y estructuras gramaticales para fomentar la capacidad de los alumnos para:<br \/>\n&#8211; Dar informaci\u00f3n personal<br \/>\n&#8211; Presentar a otras personas<br \/>\n&#8211; Pedir informaci\u00f3n personal<br \/>\n&#8211; Describirse a s\u00ed mismos y a los dem\u00e1s<br \/>\n&#8211; Hablar de su departamento<br \/>\n&#8211; Hablar de su empresa<br \/>\n&#8211; Explicar lo que hacen en un d\u00eda de trabajo<br \/>\n&#8211; Pedir descripciones de personas<br \/>\n&#8211; Describir lugares y cosas<br \/>\n&#8211; Pedir descripciones de cosas, lugares<br \/>\n&#8211; Comparar personas, lugares, cosas<br \/>\n&#8211; Hacer preguntas comparativas<br \/>\n&#8211; Narrar acontecimientos del pasado<br \/>\n&#8211; Preguntar sobre acontecimientos pasados<br \/>\n&#8211; Narrar hechos &#8211; definir<br \/>\n&#8211; Pedir definiciones<br \/>\n&#8211; Narrar hechos &#8211; clasificar<br \/>\n&#8211; Narrar hechos &#8211; describir un proceso sencillo<br \/>\n&#8211; Preguntar sobre procesos<\/p>\n<p>&nbsp;<\/p>\n<p><strong>Precio:<\/strong><br \/>\n400\u20ac (bonificables)<\/p>\n<p>&nbsp;<\/p>\n<p><strong>Observaciones:<\/strong><br \/>\nUna vez aceptada su solicitud, AIJU le indicar\u00e1 cu\u00e1ndo debe efectuar el pago.<br \/>\nIMPORTANTE: La solicitud de preinscripci\u00f3n es tambi\u00e9n un compromiso de pago en caso de ser admitido en la acci\u00f3n formativa. S\u00f3lo se admitir\u00e1n cancelaciones con derecho a devoluci\u00f3n o anulaci\u00f3n del pago, si se comunican a AIJU con al menos 5 d\u00edas laborables de antelaci\u00f3n a la fecha de inicio. Una vez confirmada la plaza al alumno\/a, si \u00e9ste no asistiera al curso y no lo notifica, se le cobrar\u00e1 el importe integro del mismo.<br \/>\n* BONIFICACI\u00d3N CURSOS: el importe de este curso puede bonificarse si se solicita a la FUNDAE. Gesti\u00f3n de la bonificaci\u00f3n gratuita por parte de AIJU. Cons\u00faltenos.<br \/>\nAIJU se reserva el derecho a anular o aplazar este curso si no se llega a un m\u00ednimo de inscripciones.<\/p>\n","protected":false},"excerpt":{"rendered":"<p>\u00bfQuieres mejorar las habilidades de ingl\u00e9s comercial tanto oral como escritas? Este curso te ayuda a optimizar la comunicaci\u00f3n en el idioma y mejorar la fluidez y precisi\u00f3n ling\u00fc\u00edstica.<\/p>\n","protected":false},"featured_media":3845,"comment_status":"closed","ping_status":"closed","template":"","meta":{"_acf_changed":false,"_vibebp_attr":"","_vibebp_dimensions":"","_vibebp_responsive_height":"","_vibebp_accordion_ie_support":""},"product_brand":[],"product_cat":[32,162],"product_tag":[],"class_list":{"0":"post-3844","1":"product","2":"type-product","3":"status-publish","4":"has-post-thumbnail","6":"product_cat-bonificable","7":"product_cat-en-marcha","9":"first","10":"instock","11":"shipping-taxable","12":"product-type-simple"},"acf":[],"_links":{"self":[{"href":"https:\/\/formacionaiju.es\/en\/wp-json\/wp\/v2\/product\/3844","targetHints":{"allow":["GET"]}}],"collection":[{"href":"https:\/\/formacionaiju.es\/en\/wp-json\/wp\/v2\/product"}],"about":[{"href":"https:\/\/formacionaiju.es\/en\/wp-json\/wp\/v2\/types\/product"}],"replies":[{"embeddable":true,"href":"https:\/\/formacionaiju.es\/en\/wp-json\/wp\/v2\/comments?post=3844"}],"version-history":[{"count":5,"href":"https:\/\/formacionaiju.es\/en\/wp-json\/wp\/v2\/product\/3844\/revisions"}],"predecessor-version":[{"id":4949,"href":"https:\/\/formacionaiju.es\/en\/wp-json\/wp\/v2\/product\/3844\/revisions\/4949"}],"wp:featuredmedia":[{"embeddable":true,"href":"https:\/\/formacionaiju.es\/en\/wp-json\/wp\/v2\/media\/3845"}],"wp:attachment":[{"href":"https:\/\/formacionaiju.es\/en\/wp-json\/wp\/v2\/media?parent=3844"}],"wp:term":[{"taxonomy":"product_brand","embeddable":true,"href":"https:\/\/formacionaiju.es\/en\/wp-json\/wp\/v2\/product_brand?post=3844"},{"taxonomy":"product_cat","embeddable":true,"href":"https:\/\/formacionaiju.es\/en\/wp-json\/wp\/v2\/product_cat?post=3844"},{"taxonomy":"product_tag","embeddable":true,"href":"https:\/\/formacionaiju.es\/en\/wp-json\/wp\/v2\/product_tag?post=3844"}],"curies":[{"name":"wp","href":"https:\/\/api.w.org\/{rel}","templated":true}]}}