{"id":4056,"date":"2024-01-09T12:50:50","date_gmt":"2024-01-09T10:50:50","guid":{"rendered":"https:\/\/formacionaiju.es\/?post_type=product&#038;p=4056"},"modified":"2024-02-01T16:19:08","modified_gmt":"2024-02-01T14:19:08","slug":"webinar-ia-en-accion-aplicaciones-de-ia-en-sectores-clave","status":"publish","type":"product","link":"https:\/\/formacionaiju.es\/en\/product\/webinar-ia-en-accion-aplicaciones-de-ia-en-sectores-clave\/","title":{"rendered":"Webinar &#8211; IA en acci\u00f3n: aplicaciones de IA en sectores clave"},"content":{"rendered":"<p style=\"text-align: left;\"><strong>Destinatarios\/as<\/strong><\/p>\n<p class=\"_04xlpA direction-ltr align-justify para-style-body\" style=\"text-align: left;\">Trabajadores\/as en activo, desempleado\/as.<\/p>\n<p>&nbsp;<\/p>\n<p style=\"text-align: left;\"><strong>Objetivos<\/strong><\/p>\n<p class=\"_04xlpA direction-ltr align-justify para-style-body\" style=\"text-align: left;\">Este webinar explora c\u00f3mo la Inteligencia Artificial (IA) est\u00e1 revolucionando diferentes sectores industriales. Cubriremos ejemplos pr\u00e1cticos y casos de estudio sobre la aplicaci\u00f3n de la IA en educaci\u00f3n, finanzas, marketing, salud y manufactura, destacando c\u00f3mo estas tecnolog\u00edas est\u00e1n cambiando la forma en que operamos y tomamos decisiones en el mundo profesional.<\/p>\n<p>&nbsp;<\/p>\n<p style=\"text-align: left;\"><strong>Contenido<\/strong><\/p>\n<p><strong>Introducci\u00f3n<\/strong><br \/>\n&#8211; Breve bienvenida y objetivos del webinar.<\/p>\n<p><strong>Contexto sobre la importancia de la IA en el \u00e1mbito industrial.<\/strong><br \/>\n&#8211; Presencia de Sistemas de IA en el Mercado.<br \/>\n&#8211; Visi\u00f3n general de las tecnolog\u00edas de IA disponibles y su adopci\u00f3n en diferentes mercados.<\/p>\n<p><strong>Aplicaciones de IA en Sectores Clave<\/strong><br \/>\n&#8211; Educaci\u00f3n<br \/>\n&#8211; Finanzas, Marketing y Ventas<br \/>\n&#8211; Salud<br \/>\n&#8211; Manufactura<\/p>\n<p><strong>Sesi\u00f3n de Preguntas y Respuestas<\/strong><br \/>\n&#8211; Espacio para preguntas del p\u00fablico y discusi\u00f3n.<\/p>\n<p>&nbsp;<\/p>\n<p style=\"text-align: left;\"><strong>CV Profesorado<\/strong><\/p>\n<p><strong>D. Alejandro Mira:<\/strong> Desarrollador de software en el Instituto Tecnol\u00f3gico del Producto Infantil y de Ocio (AIJU). Graduado en Tecnolog\u00edas Interactivas. M\u00e1ster en Investigaci\u00f3n en Inteligencia Artificial. Especializaci\u00f3n en proyectos I+D en el \u00e1mbito de la IA y la Industria 4.0.<\/p>\n<p>&nbsp;<\/p>\n<p style=\"text-align: left;\"><strong>Precio<\/strong><br \/>\nGratuito<\/p>\n","protected":false},"excerpt":{"rendered":"<p>Descubre c\u00f3mo la Inteligencia Artificial se est\u00e1 convirtiendo en una herramienta esencial en el \u00e1mbito profesional.<\/p>\n","protected":false},"featured_media":3641,"comment_status":"closed","ping_status":"closed","template":"","meta":{"_acf_changed":false,"_vibebp_attr":"","_vibebp_dimensions":"","_vibebp_responsive_height":"","_vibebp_accordion_ie_support":""},"product_brand":[],"product_cat":[161,138],"product_tag":[],"class_list":{"0":"post-4056","1":"product","2":"type-product","3":"status-publish","4":"has-post-thumbnail","6":"product_cat-finalizado","7":"product_cat-gratuito","9":"first","10":"instock","11":"shipping-taxable","12":"product-type-simple"},"acf":[],"_links":{"self":[{"href":"https:\/\/formacionaiju.es\/en\/wp-json\/wp\/v2\/product\/4056","targetHints":{"allow":["GET"]}}],"collection":[{"href":"https:\/\/formacionaiju.es\/en\/wp-json\/wp\/v2\/product"}],"about":[{"href":"https:\/\/formacionaiju.es\/en\/wp-json\/wp\/v2\/types\/product"}],"replies":[{"embeddable":true,"href":"https:\/\/formacionaiju.es\/en\/wp-json\/wp\/v2\/comments?post=4056"}],"version-history":[{"count":4,"href":"https:\/\/formacionaiju.es\/en\/wp-json\/wp\/v2\/product\/4056\/revisions"}],"predecessor-version":[{"id":4185,"href":"https:\/\/formacionaiju.es\/en\/wp-json\/wp\/v2\/product\/4056\/revisions\/4185"}],"wp:featuredmedia":[{"embeddable":true,"href":"https:\/\/formacionaiju.es\/en\/wp-json\/wp\/v2\/media\/3641"}],"wp:attachment":[{"href":"https:\/\/formacionaiju.es\/en\/wp-json\/wp\/v2\/media?parent=4056"}],"wp:term":[{"taxonomy":"product_brand","embeddable":true,"href":"https:\/\/formacionaiju.es\/en\/wp-json\/wp\/v2\/product_brand?post=4056"},{"taxonomy":"product_cat","embeddable":true,"href":"https:\/\/formacionaiju.es\/en\/wp-json\/wp\/v2\/product_cat?post=4056"},{"taxonomy":"product_tag","embeddable":true,"href":"https:\/\/formacionaiju.es\/en\/wp-json\/wp\/v2\/product_tag?post=4056"}],"curies":[{"name":"wp","href":"https:\/\/api.w.org\/{rel}","templated":true}]}}