{"id":4088,"date":"2024-01-18T18:21:13","date_gmt":"2024-01-18T16:21:13","guid":{"rendered":"https:\/\/formacionaiju.es\/?post_type=product&#038;p=4088"},"modified":"2024-03-27T13:05:40","modified_gmt":"2024-03-27T11:05:40","slug":"webinar-controles-sobre-aparatos-electricos-y-electronicos-directiva-rohs-3a-edicion","status":"publish","type":"product","link":"https:\/\/formacionaiju.es\/en\/product\/webinar-controles-sobre-aparatos-electricos-y-electronicos-directiva-rohs-3a-edicion\/","title":{"rendered":"Webinar: Controles sobre aparatos el\u00e9ctricos y electr\u00f3nicos. Directiva RoHS &#8211; 3\u00aa edici\u00f3n &#8211;"},"content":{"rendered":"<p style=\"text-align: left;\"><strong>Destinatarios\/as<\/strong><\/p>\n<p class=\"_04xlpA direction-ltr align-justify para-style-body\" style=\"text-align: left;\">Empresas importadoras de aparatos el\u00e9ctricos y electr\u00f3nicos (AEE) y pilas, acumuladores y bater\u00edas (PPAA) procedentes de terceros pa\u00edses.<\/p>\n<p>&nbsp;<\/p>\n<p style=\"text-align: left;\"><strong>Objetivos<\/strong><\/p>\n<p class=\"_04xlpA direction-ltr align-justify para-style-body\" style=\"text-align: left;\">&#8211; Aclarar el campo de aplicaci\u00f3n de la Directiva RoHS.<br \/>\n&#8211; Conocer los requisitos sobre sustancias peligrosas marcados por la directiva.<br \/>\n&#8211; Conocer la documentaci\u00f3n asociada como las declaraciones de conformidad o los informes de ensayo.<br \/>\n&#8211; Novedades sobre las actividades de control de las autoridades sobre el cumplimiento con esta directiva.<\/p>\n<p>&nbsp;<\/p>\n<p style=\"text-align: left;\"><strong>Contenido<\/strong><\/p>\n<p>&#8211; Entorno legislativo y requisitos.<br \/>\n&#8211; Requisitos documentales: Declaraci\u00f3n de conformidad, informes de ensayo, etc.<br \/>\n&#8211; Novedades legislativas<\/p>\n<p>&nbsp;<\/p>\n<p style=\"text-align: left;\"><strong>CV Profesorado<\/strong><\/p>\n<p><strong>D\u00f1a. Luisa Mar\u00edn: <\/strong>Doctora en Ciencias Qu\u00edmicas por la Universidad de Alicante en la rama de Qu\u00edmica Anal\u00edtica. Empez\u00f3 como t\u00e9cnico especialista en el Laboratorio de AIJU hace m\u00e1s de 15a\u00f1os y actualmente es responsable del \u00e1rea qu\u00edmica. Experta en legislaci\u00f3n y normativa qu\u00edmica de productos infantiles y otros productos de consumo, campo en el que desarrolla su actividad profesional y en el que ha publicado diferentes trabajos tanto de car\u00e1cter cient\u00edfico como t\u00e9cnico. Amplia experiencia en servicios tecnol\u00f3gicos y servicios a empresas de diferentes sectores industriales (juguete, pl\u00e1stico, alimentaci\u00f3n\u2026). Investigadora en gran cantidad de proyectos de I+D nacionales e internacionales. Es docente habitual y ha realizado ponencias en congresos, jornadas y talleres formativos vinculados a estas tem\u00e1ticas.<\/p>\n<p>&nbsp;<\/p>\n<p style=\"text-align: left;\"><strong>Precio<\/strong><\/p>\n<p>Asociados: 90\u20ac<\/p>\n<p>No socios: 112\u20ac<\/p>\n<p>&nbsp;<\/p>\n<p><strong>Observaciones\u00a0<\/strong><\/p>\n<p>IMPORTANTE: La solicitud de preinscripci\u00f3n es tambi\u00e9n un compromiso de pago en caso de ser admitido en la acci\u00f3n formativa. S\u00f3lo se admitir\u00e1n cancelaciones con derecho a devoluci\u00f3n o anulaci\u00f3n del pago, si se comunican a AIJU con al menos 5 d\u00edas laborables de antelaci\u00f3n a la fecha de inicio. Una vez confirmada la plaza al alumno, si \u00e9ste no asistiera al curso y no lo notifica, se le cobrar\u00e1 el importe \u00edntegro del mismo.<\/p>\n<p>AIJU se reserva el derecho a anular o aplazar este curso si no se llega a un m\u00ednimo de inscripciones.<\/p>\n","protected":false},"excerpt":{"rendered":"<p>La Directiva RoHS limita el contenido de ciertas sustancias en aparatos el\u00e9ctricos y electr\u00f3nicos. Conoce cu\u00e1les son estas sustancias, c\u00f3mo verificar su cumplimiento y qu\u00e9 controles realizan las autoridades para su control.<\/p>\n","protected":false},"featured_media":4090,"comment_status":"closed","ping_status":"closed","template":"","meta":{"_acf_changed":false,"_vibebp_attr":"","_vibebp_dimensions":"","_vibebp_responsive_height":"","_vibebp_accordion_ie_support":""},"product_brand":[],"product_cat":[161,171],"product_tag":[],"class_list":{"0":"post-4088","1":"product","2":"type-product","3":"status-publish","4":"has-post-thumbnail","6":"product_cat-finalizado","7":"product_cat-formacion-no-bonificable","9":"first","10":"instock","11":"shipping-taxable","12":"product-type-simple"},"acf":[],"_links":{"self":[{"href":"https:\/\/formacionaiju.es\/en\/wp-json\/wp\/v2\/product\/4088","targetHints":{"allow":["GET"]}}],"collection":[{"href":"https:\/\/formacionaiju.es\/en\/wp-json\/wp\/v2\/product"}],"about":[{"href":"https:\/\/formacionaiju.es\/en\/wp-json\/wp\/v2\/types\/product"}],"replies":[{"embeddable":true,"href":"https:\/\/formacionaiju.es\/en\/wp-json\/wp\/v2\/comments?post=4088"}],"version-history":[{"count":7,"href":"https:\/\/formacionaiju.es\/en\/wp-json\/wp\/v2\/product\/4088\/revisions"}],"predecessor-version":[{"id":4523,"href":"https:\/\/formacionaiju.es\/en\/wp-json\/wp\/v2\/product\/4088\/revisions\/4523"}],"wp:featuredmedia":[{"embeddable":true,"href":"https:\/\/formacionaiju.es\/en\/wp-json\/wp\/v2\/media\/4090"}],"wp:attachment":[{"href":"https:\/\/formacionaiju.es\/en\/wp-json\/wp\/v2\/media?parent=4088"}],"wp:term":[{"taxonomy":"product_brand","embeddable":true,"href":"https:\/\/formacionaiju.es\/en\/wp-json\/wp\/v2\/product_brand?post=4088"},{"taxonomy":"product_cat","embeddable":true,"href":"https:\/\/formacionaiju.es\/en\/wp-json\/wp\/v2\/product_cat?post=4088"},{"taxonomy":"product_tag","embeddable":true,"href":"https:\/\/formacionaiju.es\/en\/wp-json\/wp\/v2\/product_tag?post=4088"}],"curies":[{"name":"wp","href":"https:\/\/api.w.org\/{rel}","templated":true}]}}