{"id":4107,"date":"2024-01-23T19:35:53","date_gmt":"2024-01-23T17:35:53","guid":{"rendered":"https:\/\/formacionaiju.es\/?post_type=product&#038;p=4107"},"modified":"2024-02-20T17:25:24","modified_gmt":"2024-02-20T15:25:24","slug":"evento-de-puertas-abiertas-aplicaciones-supercriticas-en-la-optimizacion-de-procesos-industriales-medioambientales-eficientes","status":"publish","type":"product","link":"https:\/\/formacionaiju.es\/en\/product\/evento-de-puertas-abiertas-aplicaciones-supercriticas-en-la-optimizacion-de-procesos-industriales-medioambientales-eficientes\/","title":{"rendered":"Evento de puertas abiertas: Aplicaciones supercr\u00edticas en la optimizaci\u00f3n de procesos industriales medioambientales eficientes."},"content":{"rendered":"<p><strong>Modalidad<\/strong><\/p>\n<p>Presencial u online (solicitar acceso online al mail formacion@aiju.es)<\/p>\n<p>&nbsp;<\/p>\n<p><strong>Destinatarios\/as<\/strong><\/p>\n<p>Comunidad cient\u00edfica, estudiantes, foros tecnol\u00f3gicos, autoridades medioambientales, asociaciones de transporte, Plataformas tecnol\u00f3gicas, centros de investigaci\u00f3n, universidades, productores\/distribuidores de combustibles.<\/p>\n<p>&nbsp;<\/p>\n<p><strong>Objetivos<\/strong><\/p>\n<p>Poner de relevancia factores de optimizaci\u00f3n medioambiental mediante aplicaciones supercr\u00edticas y c\u00f3mo estas pueden contribuir a los objetivos medioambientales establecidos por la Comisi\u00f3n Europea, especialmente en el sector transporte.<\/p>\n<p>&nbsp;<\/p>\n<p><strong>Contenido<\/strong><\/p>\n<p>&#8211; Comunicaci\u00f3n y divulgaci\u00f3n cient\u00edfica de procesos supercr\u00edticos.<br \/>\n&#8211; Estado del arte de la I+D para la transici\u00f3n energ\u00e9tica.<br \/>\n&#8211; Casos de \u00e9xito en la aplicaci\u00f3n de aplicaciones supercr\u00edticas.<br \/>\n&#8211; Profundizar en procesos catal\u00edticos para la obtenci\u00f3n de biodiesel.<br \/>\n&#8211; Mesa redonda sobre biocombustibles y medioambiente.<br \/>\n&#8211; Visita virtual a la planta piloto del Life Superbiodiesel.<\/p>\n<p>&nbsp;<\/p>\n<p><strong>Programa<\/strong><\/p>\n<p><img fetchpriority=\"high\" decoding=\"async\" class=\"alignnone wp-image-4499\" src=\"https:\/\/formacionaiju.es\/wp-content\/uploads\/2024\/01\/programa-evento-pepi-febrero-BUENO-7-460x536.jpg\" alt=\"\" width=\"519\" height=\"604\" srcset=\"https:\/\/formacionaiju.es\/wp-content\/uploads\/2024\/01\/programa-evento-pepi-febrero-BUENO-7-460x536.jpg 460w, https:\/\/formacionaiju.es\/wp-content\/uploads\/2024\/01\/programa-evento-pepi-febrero-BUENO-7-300x350.jpg 300w, https:\/\/formacionaiju.es\/wp-content\/uploads\/2024\/01\/programa-evento-pepi-febrero-BUENO-7-103x120.jpg 103w, https:\/\/formacionaiju.es\/wp-content\/uploads\/2024\/01\/programa-evento-pepi-febrero-BUENO-7-310x361.jpg 310w, https:\/\/formacionaiju.es\/wp-content\/uploads\/2024\/01\/programa-evento-pepi-febrero-BUENO-7.jpg 629w\" sizes=\"(max-width: 519px) 100vw, 519px\" \/><\/p>\n<p>&nbsp;<\/p>\n<p><strong>Ponentes<\/strong><\/p>\n<p><strong>Dr. Jos\u00e9 M. L\u00f3pez Nicol\u00e1s: <\/strong>Doctor en Ciencias Qu\u00edmicas. Catedr\u00e1tico de Bioqu\u00edmica y Biolog\u00eda Molecular de la Universidad de Murcia. Vicerrector de Transferencia, Comunicaci\u00f3n y Divulgaci\u00f3n Cient\u00edfica. Miembro del Grupo de Excelencia \u201cBioqu\u00edmica y Biotecnolog\u00eda enzim\u00e1tica\u201d donde dirige la l\u00ednea de encapsulaci\u00f3n molecular de compuestos bioactivos para su uso en la industria alimentaria, farmac\u00e9utica y cosm\u00e9tica. Autor de m\u00e1s de 100 art\u00edculos en revistas indexadas en las primeras posiciones del JCR. participante en m\u00e1s de 20 proyectos de investigaci\u00f3n financiados en convocatorias p\u00fablicas competitivas regionales, nacionales e internacionales, y en diversos contratos de investigaci\u00f3n con empresas privadas.<\/p>\n<p>Docente en los grados de Ciencia y Tecnolog\u00eda de los Alimentos, Bioqu\u00edmica y Biotecnolog\u00eda. Miembro del Comit\u00e9 de expertos del Plan de Transferencia del Ministerio de Ciencia, Innovaci\u00f3n y Universidades y del Consejo Asesor de la Fundaci\u00f3n Espa\u00f1ola de Ciencia y Tecnolog\u00eda. Autor de 5 libros de divulgaci\u00f3n cient\u00edfica y colaborador de numerosos medios de comunicaci\u00f3n en el \u00e1mbito de la comunicaci\u00f3n de la ciencia como TVE, RNE, Muy Interesante, La Verdad, etc.<\/p>\n<p><strong>Sra. Marta Bregua: <\/strong>Investigadora del Centro de Investigaci\u00f3n de Cepsa. Marta Bregua es Ingeniera Qu\u00edmica por la Universidad de Santiago de Compostela con M\u00e1ster en Ingenier\u00eda de la Energ\u00eda por la Universidad Polit\u00e9cnica de Madrid y en Business Administration por la Escuela de Organizaci\u00f3n Industrial. Desde 2018 trabaja en el Departamento de Excelencia Operacional del Centro de Investigaci\u00f3n de Cepsa en proyectos de planta piloto principalmente de procesos de biocombustibles en colaboraci\u00f3n directa con los Parques Energ\u00e9ticos de la compa\u00f1\u00eda, siendo desde 2023 responsable del \u00e1rea de Desarrollo de Procesos y Tenders.<\/p>\n<p><strong>Dr. Joaqu\u00edn Quesada:<\/strong> Doctor en Ciencias Qu\u00edmicas por la Universidad de Murcia y Catedr\u00e1tico de Universidad en el Departamento de Ingenier\u00eda Qu\u00edmica de esta misma universidad. Pertenece al grupo de investigaci\u00f3n Green Chemical Process Engineering, del que fue miembro fundador.<\/p>\n<p>Sus principales l\u00edneas de investigaci\u00f3n se centran en el dise\u00f1o y la optimizaci\u00f3n de procesos qu\u00edmicos basados en el uso de fluidos supercr\u00edticos y\/o l\u00edquidos i\u00f3nicos, fundamentalmente para la obtenci\u00f3n de biodiesel. Ha colaborado con multitud de universidades extranjeras, entre las que destacan la Universidad de Sherbrooke (Canad\u00e1), el instituto nacional polit\u00e9cnico de Toulouse (Francia), la Universidad de Cartago (T\u00fanez), la Universidad de Chile (Chile) y la Delhi Technological University (India).<\/p>\n<p>Su producci\u00f3n cient\u00edfica se resume en 46 art\u00edculos publicados en revistas indexadas en las primeras posiciones del JCR, habiendo recibido sus trabajos m\u00e1s de 2000 citas. Finalmente, es de destacar su participaci\u00f3n en m\u00e1s de 20 proyectos de investigaci\u00f3n financiados en convocatorias p\u00fablicas competitivas regionales, nacionales e internacionales, y en m\u00e1s de 10 contratos de investigaci\u00f3n con empresas privadas.<\/p>\n<p><strong>Dr. Joaqu\u00edn Mart\u00ednez Triguero:<\/strong> Dr. Ingeniero Industrial por la Universidad Polit\u00e9cnica de Valencia y Cient\u00edfico Titular en el Instituto de Tecnolog\u00eda Qu\u00edmica (CSIC). Su investigaci\u00f3n se desarrolla en la b\u00fasqueda y las aplicaciones de nuevos materiales como catalizadores de procesos industriales y la modificaci\u00f3n y mejora de catalizadores comerciales actuales especialmente en las \u00e1reas de biocombustibles, conversi\u00f3n de di\u00f3xido de carbono y alcoholes. Es autor de m\u00e1s de 44 art\u00edculos y 12 patentes de las que la mayor\u00eda est\u00e1n transferidas a empresas y en explotaci\u00f3n comercial en las reacciones de craqueo catal\u00edtico de gasoil y la transformaci\u00f3n de metanol a olefinas. Es profesor del M\u00e1ster de Qu\u00edmica Sostenible (UPV) y de la Universidad Senior (UPV).<\/p>\n<p><strong>Dr. Javier Dufour:<\/strong> Licenciado y Doctor en Ciencias Qu\u00edmicas, especialidad en Qu\u00edmica Industrial, por la Universidad Complutense de Madrid, donde desarroll\u00f3 su carrera docente hasta 2003, ocupando distintas figuras como profesor. En octubre de 2003 se incorpor\u00f3 a la Universidad Rey Juan Carlos, donde es Catedr\u00e1tico de Universidad. En 2010, mediante acuerdo con la Universidad, se uni\u00f3 al Instituto IMDEA Energ\u00eda (donde actualmente es Profesor de Investigaci\u00f3n), creando la Unidad de An\u00e1lisis de Sistemas que dirige desde entonces.<\/p>\n<p>Sus l\u00edneas de investigaci\u00f3n en la actualidad se centran en el an\u00e1lisis de sistemas energ\u00e9ticos, simulaci\u00f3n y optimizaci\u00f3n de procesos, an\u00e1lisis de ciclo de vida y dise\u00f1o de modelos energ\u00e9ticos. Es autor de m\u00e1s de 130 art\u00edculos publicados en revistas internacionales, 10 cap\u00edtulos de libro, m\u00e1s de 200 contribuciones a congresos nacionales e internacionales y de 3 patentes. Adem\u00e1s, ha sido el editor de 2 libros. Ha dirigido m\u00e1s de 55 proyectos y contratos de investigaci\u00f3n, habiendo colaborado en m\u00e1s de otros 45.\u00a0 Ha recibido tres premios de investigaci\u00f3n y difusi\u00f3n.<\/p>\n<p>Ha sido &#8220;Operating Agent&#8221; de la Task 36 &#8220;Life Cycle Sustainability Assessment del Hydrogen Energy Systems&#8221; del Hydrogen Implementing Agreement, perteneciente a la International Energy Agency, y Coordinador de la Red Espa\u00f1ola de An\u00e1lisis de Ciclo de Vida (esLCA). Actualmente es Deputy Leader del Technical Committee Cross-Cutting Research Activities de Hydrogen Europe Research.<\/p>\n<p><strong>Dr. Henoc P\u00e9rez:<\/strong> Licenciado y Doctor en Ciencias Qu\u00edmicas, especialidad en Qu\u00edmica Org\u00e1nica en la industria quimico-farmace\u00fatica, por la Universidad Alicante, donde se doctor\u00f3 en 2010, realiz\u00f3 un master en tecnolog\u00eda de los Alimentos en la Universidad Miguel Hern\u00e1ndez de Elche en donde realiz\u00f3 un trabajo postdoctoral sobre la mejora de compuestos bioactivos en alimentos y mejora de la vida \u00fatil en el Departamento de Tecnolog\u00eda de los Alimentos co-dirigiendo tres trabajos fin de carrera. Tras finalizar su postdoctorado, trabaj\u00f3 durante 1 a\u00f1o en AINIA Centro Tecnol\u00f3gico desarrollando nuevas metodolog\u00edas para la preparaci\u00f3n, extracci\u00f3n y determinaci\u00f3n de compuestos t\u00f3xicos y bioactivos en alimentos. Posteriormente, trabaj\u00f3 en Beta Renowable Group como responsable de calidad y laboratorio en la producci\u00f3n de biodi\u00e9sel a partir de aceites de cocina usados durante 2 a\u00f1os.<\/p>\n<p>Desde 2014 trabaja en INESCOP como investigador sobre la valorizaci\u00f3n de residuos de la industria del curtido, buscando nuevas metodolog\u00edas medioambientalmente sostenibles para la industria del calzado y del curtido.<\/p>\n<p>Sus l\u00edneas de investigaci\u00f3n en la actualidad se centran en \u00a0nuevas metodolog\u00edas para la extracci\u00f3n de productos bioactivos a partir de subproductos de origen animal y vegetal para diferentes aplicaciones industriales, como bioestimulantes, agentes recurtientes o la incorporaci\u00f3n de los bioproductos obtenidos en nuevos materiales. Es autor de 11 art\u00edculos publicados en revistas internacionales, m\u00e1s de 20 contribuciones a congresos nacionales e internacionales.<\/p>\n<p><strong>Dr. Marcelo Ortega:<\/strong> Doctor Ingeniero Industrial, profesor titular del Departamento de Ingenier\u00eda Geol\u00f3gica y Minera de la ETSI de Minas y Energ\u00eda de la Universidad Polit\u00e9cnica de Madrid con 11 a\u00f1os de experiencia docente.<\/p>\n<p>Su campo de especializaci\u00f3n es la optimizaci\u00f3n de sistemas y procesos para generaci\u00f3n de recursos energ\u00e9ticos sostenibles. Ha publicado un total de 55 art\u00edculos cient\u00edficos. De los cuales 45 han sido valorados con \u00edndice de impacto relativo en el Journal Citation Report de la Web of Science. En cuanto a investigaci\u00f3n aplicada, ha trabajado en varios proyectos de investigaci\u00f3n y\/o transferencia de tecnolog\u00eda tanto nacionales como internacionales.<\/p>\n<p><strong>Sra. Mayra Lacruz:<\/strong> Ingeniera ge\u00f3loga, conferenciante, y especialista en desarrollo sostenible y econom\u00eda circular. Se dedica a promover la circularidad en las empresas y fomentar las alianzas para una transici\u00f3n m\u00e1s eficaz, as\u00ed como a dar visibilidad a las buenas pr\u00e1cticas.<\/p>\n<p>Ha realizado estancias en el Instituto de Ingenier\u00eda Medioambiental de la Universidad de Kaunas en Lituania y en la Escuela de Arquitectura, Construcci\u00f3n e Ingenier\u00eda Civil de Loughborough en Reino Unido, llevando a cabo proyectos sobre la aplicaci\u00f3n e implementaci\u00f3n de la econom\u00eda circular, ha trabajado con institutos tecnol\u00f3gicos y colaborado en gu\u00edas sectoriales de econom\u00eda circular y proyectos regionales y europeos.<\/p>\n<p>Actualmente, trabaja en proyectos de Bioeconom\u00eda en el Centro de Innovaci\u00f3n y Tecnolog\u00eda del Calzado, INESCOP.<\/p>\n<p><strong>Sr. Jos\u00e9 Castro Mora:<\/strong> Jos\u00e9 Castro es un experto senior en Innovaci\u00f3n que trabaja principalmente en producci\u00f3n agr\u00edcola, bioenerg\u00eda e innovaci\u00f3n social. Es ingeniero agr\u00f3nomo (1992) y MBA Ex (2005). Ha sido responsable de LA UNIO (asociaci\u00f3n de agricultores) durante 25 a\u00f1os con un largo conocimiento sobre la cultura agr\u00edcola y los aspectos socioecon\u00f3micos. Tambi\u00e9n es coeditor de la revista de agricultura \u201cCamp Valenci\u00e0\u201d. Forma parte de un Focus Group en EIP-AGRI (New entrantes into Farm), adem\u00e1s, es asesor del programa europeo Climate KIC y evaluador (programas H2020 y Horizon Europe) de la CE. Actualmente trabaja en varios proyectos europeos y nacionales relacionados con la innovaci\u00f3n en los sectores agr\u00edcola, agroalimentario y medioambiental. Su trabajo actual es Director de Proyectos de LA UNIO.<\/p>\n<p><strong>Sr. \u00c1lvaro Mitjans:<\/strong> Desde 2014 Director de marketing y ventas de la empresa Campa Iberia (Grupo Masol), que opera tres plantas de producci\u00f3n de biodi\u00e9sel situadas en Castell\u00f3n, Ferrol y Cartagena. Natural de Madrid, \u00c1lvaro Mitjans es Licenciado en Ciencias Econ\u00f3micas y Administraci\u00f3n de Empresas por CUNEF, desarrollando su carrera profesional durante m\u00e1s de veinte a\u00f1os en diversos puestos financieros y de trading de las empresas Repsol YPF y Repsol Trading.<\/p>\n<p><strong>Sr. Gabriel Molina: <\/strong>Ingeniero Qu\u00edmico por la UPC (Universitat Polit\u00e9cnica de Catalunya) y Project Manager en Organovac. Trabaj\u00f3 en Rusia durante 6 a\u00f1os en la venta de productos c\u00e1rnicos. Desde el a\u00f1o 2000 trabaja en la empresa familiar MolinaProtein dedicada a la recogida y recorte de piel de vacuno para la producci\u00f3n de gelatinas y prote\u00ednas, desempe\u00f1ando labores de venta, log\u00edstica y documentaci\u00f3n.<\/p>\n<p>En 2013 curs\u00f3 el Programa de Desarrollo Directivo (PDD) del IESE Business School que le sirvi\u00f3 para adquirir una visi\u00f3n global de la empresa, compartir experiencias con otros directivos e incorporar las habilidades necesarias para afrontar los retos de apostar por la econom\u00eda circular como l\u00ednea estrat\u00e9gica.<\/p>\n<p>Ante la creaci\u00f3n de la nueva f\u00e1brica de OrganoVac, en 2020, vio la necesidad de especializarse en el sector agro para lo que decidi\u00f3 cursar el Programa Experto Profesional en agronutrientes y bioestimulantes del Colegio Oficial de Ingenieros Agr\u00f3nomos de Levante (COIAL)<\/p>\n<p>Hoy en d\u00eda es el Project Manager de OrganoVac coordinando la venta de bioestimulantes para la agricultura y la de grasa para la industria del biodiesel. Ha participado activamente en el Proyecto Life.<\/p>\n<p><strong>Dr. Joaqu\u00edn Vilaplana:<\/strong> Doctor en Ciencias Qu\u00edmicas. Director de Innovaci\u00f3n y Sostenibilidad de AIJU, con m\u00e1s de 30 a\u00f1os de experiencia dentro de esta organizaci\u00f3n, trabajando en soluciones t\u00e9cnicas a las necesidades de las empresas industriales y desarrollando tareas t\u00e9cnicas y de gesti\u00f3n en proyectos de I+D+i complejos y multidisciplinares, de \u00e1mbito Regional, Nacional y europeo. Ha coordinado y participado en numerosos proyectos nacionales e internacionales en el \u00e1mbito de la energ\u00eda y el medio ambiente. Se ha formado complementariamente en diversos campos t\u00e9cnicos y de gesti\u00f3n como el Programa de desarrollo directivo PDD de IESE y el Curso de Alta Direcci\u00f3n Empresarial CADE de FUNDESEM.\u00a0 Ha sido coordinador de la Secretar\u00eda T\u00e9cnica del Cl\u00faster de Empresas Innovadoras del Valle del Juguete, y de la Plataforma Tecnol\u00f3gica Nacional de Sectores Manufactureros Tradicionales (PLATECMA). Y Actualmente es miembro del Consejo Rector de la Plataforma Nacional del Hidr\u00f3geno<\/p>\n<p>&nbsp;<\/p>\n<p><img decoding=\"async\" class=\"alignnone wp-image-4116\" src=\"https:\/\/formacionaiju.es\/wp-content\/uploads\/2024\/01\/logo-aiju.jpg\" alt=\"\" width=\"177\" height=\"72\" srcset=\"https:\/\/formacionaiju.es\/wp-content\/uploads\/2024\/01\/logo-aiju.jpg 236w, https:\/\/formacionaiju.es\/wp-content\/uploads\/2024\/01\/logo-aiju-120x49.jpg 120w\" sizes=\"(max-width: 177px) 100vw, 177px\" \/> <img decoding=\"async\" class=\"alignnone wp-image-4114\" src=\"https:\/\/formacionaiju.es\/wp-content\/uploads\/2024\/01\/logo-cepsa-460x182.jpg\" alt=\"\" width=\"202\" height=\"80\" srcset=\"https:\/\/formacionaiju.es\/wp-content\/uploads\/2024\/01\/logo-cepsa-460x182.jpg 460w, https:\/\/formacionaiju.es\/wp-content\/uploads\/2024\/01\/logo-cepsa-768x304.jpg 768w, https:\/\/formacionaiju.es\/wp-content\/uploads\/2024\/01\/logo-cepsa-300x119.jpg 300w, https:\/\/formacionaiju.es\/wp-content\/uploads\/2024\/01\/logo-cepsa-120x48.jpg 120w, https:\/\/formacionaiju.es\/wp-content\/uploads\/2024\/01\/logo-cepsa-310x123.jpg 310w, https:\/\/formacionaiju.es\/wp-content\/uploads\/2024\/01\/logo-cepsa.jpg 866w\" sizes=\"(max-width: 202px) 100vw, 202px\" \/> <img loading=\"lazy\" decoding=\"async\" class=\"alignnone wp-image-4112\" src=\"https:\/\/formacionaiju.es\/wp-content\/uploads\/2024\/01\/logo-instituto-tecnologia-quimica-460x138.jpg\" alt=\"\" width=\"284\" height=\"85\" srcset=\"https:\/\/formacionaiju.es\/wp-content\/uploads\/2024\/01\/logo-instituto-tecnologia-quimica-460x138.jpg 460w, https:\/\/formacionaiju.es\/wp-content\/uploads\/2024\/01\/logo-instituto-tecnologia-quimica-1024x307.jpg 1024w, https:\/\/formacionaiju.es\/wp-content\/uploads\/2024\/01\/logo-instituto-tecnologia-quimica-768x231.jpg 768w, https:\/\/formacionaiju.es\/wp-content\/uploads\/2024\/01\/logo-instituto-tecnologia-quimica-1536x461.jpg 1536w, https:\/\/formacionaiju.es\/wp-content\/uploads\/2024\/01\/logo-instituto-tecnologia-quimica-300x90.jpg 300w, https:\/\/formacionaiju.es\/wp-content\/uploads\/2024\/01\/logo-instituto-tecnologia-quimica-120x36.jpg 120w, https:\/\/formacionaiju.es\/wp-content\/uploads\/2024\/01\/logo-instituto-tecnologia-quimica-310x93.jpg 310w, https:\/\/formacionaiju.es\/wp-content\/uploads\/2024\/01\/logo-instituto-tecnologia-quimica.jpg 1732w\" sizes=\"(max-width: 284px) 100vw, 284px\" \/> <img loading=\"lazy\" decoding=\"async\" class=\"alignnone wp-image-4297\" src=\"https:\/\/formacionaiju.es\/wp-content\/uploads\/2024\/01\/INESCOP_centroTECcalzado-460x86.png\" alt=\"\" width=\"257\" height=\"48\" srcset=\"https:\/\/formacionaiju.es\/wp-content\/uploads\/2024\/01\/INESCOP_centroTECcalzado-460x86.png 460w, https:\/\/formacionaiju.es\/wp-content\/uploads\/2024\/01\/INESCOP_centroTECcalzado-1024x192.png 1024w, https:\/\/formacionaiju.es\/wp-content\/uploads\/2024\/01\/INESCOP_centroTECcalzado-768x144.png 768w, https:\/\/formacionaiju.es\/wp-content\/uploads\/2024\/01\/INESCOP_centroTECcalzado-300x56.png 300w, https:\/\/formacionaiju.es\/wp-content\/uploads\/2024\/01\/INESCOP_centroTECcalzado-120x22.png 120w, https:\/\/formacionaiju.es\/wp-content\/uploads\/2024\/01\/INESCOP_centroTECcalzado-310x58.png 310w, https:\/\/formacionaiju.es\/wp-content\/uploads\/2024\/01\/INESCOP_centroTECcalzado.png 1302w\" sizes=\"(max-width: 257px) 100vw, 257px\" \/><\/p>\n<p><img loading=\"lazy\" decoding=\"async\" class=\"alignnone wp-image-4108\" src=\"https:\/\/formacionaiju.es\/wp-content\/uploads\/2024\/01\/logo-universidad-murcia.png\" alt=\"\" width=\"214\" height=\"57\" srcset=\"https:\/\/formacionaiju.es\/wp-content\/uploads\/2024\/01\/logo-universidad-murcia.png 300w, https:\/\/formacionaiju.es\/wp-content\/uploads\/2024\/01\/logo-universidad-murcia-120x32.png 120w\" sizes=\"(max-width: 214px) 100vw, 214px\" \/> <img loading=\"lazy\" decoding=\"async\" class=\"alignnone wp-image-4120\" src=\"https:\/\/formacionaiju.es\/wp-content\/uploads\/2024\/01\/logo-imdea.png\" alt=\"\" width=\"143\" height=\"72\" srcset=\"https:\/\/formacionaiju.es\/wp-content\/uploads\/2024\/01\/logo-imdea.png 250w, https:\/\/formacionaiju.es\/wp-content\/uploads\/2024\/01\/logo-imdea-120x60.png 120w\" sizes=\"(max-width: 143px) 100vw, 143px\" \/> <img loading=\"lazy\" decoding=\"async\" class=\"alignnone wp-image-4118\" src=\"https:\/\/formacionaiju.es\/wp-content\/uploads\/2024\/01\/logo-oregano-vac.jpg\" alt=\"\" width=\"137\" height=\"117\" srcset=\"https:\/\/formacionaiju.es\/wp-content\/uploads\/2024\/01\/logo-oregano-vac.jpg 263w, https:\/\/formacionaiju.es\/wp-content\/uploads\/2024\/01\/logo-oregano-vac-120x103.jpg 120w\" sizes=\"(max-width: 137px) 100vw, 137px\" \/><\/p>\n<p>&nbsp;<\/p>\n","protected":false},"excerpt":{"rendered":"<p>Las aplicaciones supercr\u00edticas permiten la optimizaci\u00f3n de m\u00faltiples procesos industriales. Esta mejora se ve reflejada desde la perspectiva de procesado y, especialmente, beneficios medioambientales. Estas innovaciones contribuyen a los objetivos de la Comisi\u00f3n Europea en materia medioambiental.<\/p>\n","protected":false},"featured_media":4127,"comment_status":"closed","ping_status":"closed","template":"","meta":{"_acf_changed":false,"_vibebp_attr":"","_vibebp_dimensions":"","_vibebp_responsive_height":"","_vibebp_accordion_ie_support":""},"product_brand":[],"product_cat":[161,133],"product_tag":[],"class_list":{"0":"post-4107","1":"product","2":"type-product","3":"status-publish","4":"has-post-thumbnail","6":"product_cat-finalizado","7":"product_cat-otros","9":"first","10":"instock","11":"shipping-taxable","12":"product-type-simple"},"acf":[],"_links":{"self":[{"href":"https:\/\/formacionaiju.es\/en\/wp-json\/wp\/v2\/product\/4107","targetHints":{"allow":["GET"]}}],"collection":[{"href":"https:\/\/formacionaiju.es\/en\/wp-json\/wp\/v2\/product"}],"about":[{"href":"https:\/\/formacionaiju.es\/en\/wp-json\/wp\/v2\/types\/product"}],"replies":[{"embeddable":true,"href":"https:\/\/formacionaiju.es\/en\/wp-json\/wp\/v2\/comments?post=4107"}],"version-history":[{"count":23,"href":"https:\/\/formacionaiju.es\/en\/wp-json\/wp\/v2\/product\/4107\/revisions"}],"predecessor-version":[{"id":4129,"href":"https:\/\/formacionaiju.es\/en\/wp-json\/wp\/v2\/product\/4107\/revisions\/4129"}],"wp:featuredmedia":[{"embeddable":true,"href":"https:\/\/formacionaiju.es\/en\/wp-json\/wp\/v2\/media\/4127"}],"wp:attachment":[{"href":"https:\/\/formacionaiju.es\/en\/wp-json\/wp\/v2\/media?parent=4107"}],"wp:term":[{"taxonomy":"product_brand","embeddable":true,"href":"https:\/\/formacionaiju.es\/en\/wp-json\/wp\/v2\/product_brand?post=4107"},{"taxonomy":"product_cat","embeddable":true,"href":"https:\/\/formacionaiju.es\/en\/wp-json\/wp\/v2\/product_cat?post=4107"},{"taxonomy":"product_tag","embeddable":true,"href":"https:\/\/formacionaiju.es\/en\/wp-json\/wp\/v2\/product_tag?post=4107"}],"curies":[{"name":"wp","href":"https:\/\/api.w.org\/{rel}","templated":true}]}}