{"id":4445,"date":"2024-02-02T13:43:15","date_gmt":"2024-02-02T11:43:15","guid":{"rendered":"https:\/\/formacionaiju.es\/?post_type=product&#038;p=4445"},"modified":"2024-09-20T13:11:55","modified_gmt":"2024-09-20T11:11:55","slug":"diseno-cad-para-moldes-ed-2024","status":"publish","type":"product","link":"https:\/\/formacionaiju.es\/en\/product\/diseno-cad-para-moldes-ed-2024\/","title":{"rendered":"Dise\u00f1o CAD para moldes. Ed: 2024"},"content":{"rendered":"<p><strong>Destinatarios\/as<\/strong><\/p>\n<p>&#8211; Trabajadores en activo o desempleados. No es necesario conocimientos previos.<br \/>\n&#8211; T\u00e9cnicos de oficina t\u00e9cnica, dise\u00f1adores, ingenieros.<\/p>\n<p>&nbsp;<\/p>\n<p><strong>Objetivos<\/strong><\/p>\n<p>&#8211; Determinar la configuraci\u00f3n del molde, para moldeo de pl\u00e1sticos y metales ligeros, aportando soluciones constructivas y determinando las caracter\u00edsticas, disposici\u00f3n, dimensiones y coste de componentes y conjuntos, con la calidad requerida, y cumpliendo las normas de prevenci\u00f3n de riesgos laborales y protecci\u00f3n del medio ambiente.<\/p>\n<p>&#8211; Dise\u00f1ar con herramientas inform\u00e1ticas de dise\u00f1o asistido por ordenador (CAD) el modelo virtual y los planos para la fabricaci\u00f3n del molde y sus componentes.<\/p>\n<p>&nbsp;<\/p>\n<p><strong>Contenido<\/strong><\/p>\n<p>1. Introducci\u00f3n a moldes por inyecci\u00f3n<br \/>\n\u00b7 Conociendo el proceso<br \/>\n\u00b7 Partes de un molde<br \/>\n2. Consideraciones de dise\u00f1o para las piezas pl\u00e1sticas por inyecci\u00f3n<br \/>\n\u00b7 Necesidades de la pieza<br \/>\n\u00b7 Materiales de pieza<br \/>\n\u00b7 Variaciones de dise\u00f1o de la pieza de pl\u00e1stico<br \/>\n\u00b7 Optimizando la pieza para inyecci\u00f3n<br \/>\n3. Dise\u00f1o CAD de moldes con Solidworks<br \/>\n\u00b7 N\u00facleo y cavidad<br \/>\n\u00b7 Direcciones de separaci\u00f3n m\u00faltiples<br \/>\n\u00b7 Importaci\u00f3n y reparaci\u00f3n de geometr\u00eda<br \/>\n\u00b7 L\u00edneas de separaci\u00f3n y superficies desconectadas<br \/>\n\u00b7 Reparaciones y superficies<br \/>\n\u00b7 Uso de superficies<br \/>\n\u00b7 M\u00e9todos alternativos para el dise\u00f1o de moldes<br \/>\n\u00b7 Introducci\u00f3n de elementos normalizados en el molde<\/p>\n<p>&nbsp;<\/p>\n<p><strong>CV Profesorado<\/strong><\/p>\n<p>Lluc Sempere: <span class=\"ui-provider a b c d e f g h i j k l m n o p q r s t u v w x y z ab ac ae af ag ah ai aj ak\" dir=\"ltr\">Dise\u00f1ador de producto, con amplia experiencia en los procesos de fabricaci\u00f3n y las nuevas tecnolog\u00edas. T\u00e9cnico especialista en proyectos de investigaci\u00f3n en Fabricaci\u00f3n Aditiva en AIJU, Instituto Tecnol\u00f3gico de producto infantil y ocio. Participa como profesor en el nuevo FP de Especializaci\u00f3n de Fabricaci\u00f3n Aditiva en el IES Almussafes ofrecido por la Conselleria de Educaci\u00f3n. Colabora en el M\u00e1ster de Dise\u00f1o de Juguetes, en la parte de prototipado, ofrecido por el Instituto 42. Trabaja como freelancer en diversos proyectos relacionados con el sector industrial, conceptualizando piezas y dise\u00f1ando moldes. Participa en jornadas y cursos de formaci\u00f3n vinculados a la Fabricaci\u00f3n aditiva, dise\u00f1o param\u00e9trico y fabricaci\u00f3n digital. Colabora en la gesti\u00f3n de proyectos, realiza servicios para empresas, y presta formaci\u00f3n en relaci\u00f3n las tem\u00e1ticas mencionadas.\u00a0<\/span><\/p>\n<p>&nbsp;<\/p>\n<p><strong>Precio:<\/strong><br \/>\nAsociados AIJU\/desempleados: 600 euros; 2\u00ba asistente y siguientes de la misma empresa: 480 euros.<br \/>\nNo asociados AIJU: 720 euros; 2\u00ba asistente y siguientes de la misma empresa: 600 euros.<\/p>\n<p>&nbsp;<\/p>\n<p><strong>Observaciones:<\/strong><br \/>\nUna vez aceptada su solicitud, AIJU le indicar\u00e1 cu\u00e1ndo debe efectuar el pago.<br \/>\nIMPORTANTE: La solicitud de preinscripci\u00f3n es tambi\u00e9n un compromiso de pago en caso de ser admitido en la acci\u00f3n formativa. S\u00f3lo se admitir\u00e1n cancelaciones con derecho a devoluci\u00f3n o anulaci\u00f3n del pago, si se comunican a AIJU con al menos 5 d\u00edas laborables de antelaci\u00f3n a la fecha de inicio. Una vez confirmada la plaza al alumno\/a, si \u00e9ste no asistiera al curso y no lo notifica, se le cobrar\u00e1 el importe integro del mismo.<br \/>\n* BONIFICACI\u00d3N CURSOS: el importe de este curso puede bonificarse de forma parcial si se solicita a la FUNDAE. Gesti\u00f3n de la bonificaci\u00f3n gratuita por parte de AIJU. Cons\u00faltenos.<br \/>\nAIJU se reserva el derecho a anular o aplazar este curso si no se llega a un m\u00ednimo de inscripciones.<\/p>\n","protected":false},"excerpt":{"rendered":"<p>F\u00f3rmate en dise\u00f1o CAD para la fabricaci\u00f3n de moldes y sus componentes.<\/p>\n","protected":false},"featured_media":4446,"comment_status":"closed","ping_status":"closed","template":"","meta":{"_acf_changed":false,"_vibebp_attr":"","_vibebp_dimensions":"","_vibebp_responsive_height":"","_vibebp_accordion_ie_support":""},"product_brand":[],"product_cat":[162,36],"product_tag":[],"class_list":{"0":"post-4445","1":"product","2":"type-product","3":"status-publish","4":"has-post-thumbnail","6":"product_cat-en-marcha","7":"product_cat-parcialmente-bonificable","9":"first","10":"instock","11":"shipping-taxable","12":"product-type-simple"},"acf":[],"_links":{"self":[{"href":"https:\/\/formacionaiju.es\/en\/wp-json\/wp\/v2\/product\/4445","targetHints":{"allow":["GET"]}}],"collection":[{"href":"https:\/\/formacionaiju.es\/en\/wp-json\/wp\/v2\/product"}],"about":[{"href":"https:\/\/formacionaiju.es\/en\/wp-json\/wp\/v2\/types\/product"}],"replies":[{"embeddable":true,"href":"https:\/\/formacionaiju.es\/en\/wp-json\/wp\/v2\/comments?post=4445"}],"version-history":[{"count":15,"href":"https:\/\/formacionaiju.es\/en\/wp-json\/wp\/v2\/product\/4445\/revisions"}],"predecessor-version":[{"id":5154,"href":"https:\/\/formacionaiju.es\/en\/wp-json\/wp\/v2\/product\/4445\/revisions\/5154"}],"wp:featuredmedia":[{"embeddable":true,"href":"https:\/\/formacionaiju.es\/en\/wp-json\/wp\/v2\/media\/4446"}],"wp:attachment":[{"href":"https:\/\/formacionaiju.es\/en\/wp-json\/wp\/v2\/media?parent=4445"}],"wp:term":[{"taxonomy":"product_brand","embeddable":true,"href":"https:\/\/formacionaiju.es\/en\/wp-json\/wp\/v2\/product_brand?post=4445"},{"taxonomy":"product_cat","embeddable":true,"href":"https:\/\/formacionaiju.es\/en\/wp-json\/wp\/v2\/product_cat?post=4445"},{"taxonomy":"product_tag","embeddable":true,"href":"https:\/\/formacionaiju.es\/en\/wp-json\/wp\/v2\/product_tag?post=4445"}],"curies":[{"name":"wp","href":"https:\/\/api.w.org\/{rel}","templated":true}]}}