{"id":4486,"date":"2024-02-12T14:47:07","date_gmt":"2024-02-12T12:47:07","guid":{"rendered":"https:\/\/formacionaiju.es\/?post_type=product&#038;p=4486"},"modified":"2024-03-13T09:59:26","modified_gmt":"2024-03-13T07:59:26","slug":"jornada-fundae-novedades-de-la-formacion-programada-por-las-empresas","status":"publish","type":"product","link":"https:\/\/formacionaiju.es\/en\/product\/jornada-fundae-novedades-de-la-formacion-programada-por-las-empresas\/","title":{"rendered":"Jornada FUNDAE: Novedades de la formaci\u00f3n programada por las empresas."},"content":{"rendered":"<p><strong>Modalidad<\/strong><\/p>\n<p>Presencial.<\/p>\n<p>&nbsp;<\/p>\n<p><strong>Destinatarios\/as<\/strong><\/p>\n<p><span class=\"OYPEnA text-decoration-none text-strikethrough-none\">La Jornada est\u00e1 dirigida a Gerentes, Responsables de RRHH y de formaci\u00f3n de las empresas asociadas al Instituto.<\/span><\/p>\n<p>&nbsp;<\/p>\n<p><strong>Objetivos<\/strong><\/p>\n<p><span class=\"OYPEnA text-decoration-none text-strikethrough-none\">El objetivo de esta acci\u00f3n informativa sobre las bonificaciones es la difusi\u00f3n de las ayudas para la formaci\u00f3n y los recursos formativos ofertados por FUNDAE, entre las empresas del sector del juguete, producto infantil, ocio y su industria auxiliar, en la Comunidad Valenciana.<\/span><\/p>\n<p>&nbsp;<\/p>\n<p><strong>Programa<\/strong><\/p>\n<p>&nbsp;<\/p>\n<p><strong>T\u00edtulo:<\/strong> El sistema de formaci\u00f3n profesional para el empleo<br \/>\n&#8211; La Fundaci\u00f3n Estatal para la Formaci\u00f3n en el Empleo: Misi\u00f3n y objetivos<br \/>\n&#8211; Normativa aplicable.<br \/>\n<strong>Ponente:<\/strong> David Jerez<br \/>\n<strong>Cargo:<\/strong> T\u00e9cnico<br \/>\n<strong>Duraci\u00f3n:<\/strong> 20 min.<\/p>\n<p>&nbsp;<\/p>\n<p><strong>T\u00edtulo:<\/strong> La Formaci\u00f3n Programada por las Empresas.<br \/>\n&#8211; Beneficiarios del sistema<br \/>\n&#8211; Formaci\u00f3n bonificada: Costes bonificables<br \/>\n&#8211; Agentes implicados<br \/>\n<strong>Ponente:<\/strong> David Jerez<br \/>\n<strong>Cargo:<\/strong> T\u00e9cnico<br \/>\n<strong>Duraci\u00f3n:<\/strong> 50 min.<\/p>\n<p>&nbsp;<\/p>\n<p><strong>T\u00edtulo:<\/strong> Aspectos m\u00e1s relevantes y novedades en la aplicaci\u00f3n de la formaci\u00f3n bonificada 2024:<br \/>\n&#8211; TE AYUDAMOS para empresas de menos de 100 trabajadores<br \/>\n&#8211; AUTORIZACIONES\/DESAUTORIZACIONES a Entidades Organizadoras<br \/>\n&#8211; Aula virtual: nuevos apartados en la descripci\u00f3n de la impartici\u00f3n<br \/>\n&#8211; Cuestionario de Evaluaci\u00f3n de la calidad de la formaci\u00f3n<br \/>\n&#8211; El control y seguimiento Y las notificaciones electr\u00f3nicas<br \/>\n&#8211; Otros recursos formativos: Microcr\u00e9ditos, Digital\u00edzate plus, cursos CPD y Becas GOOGLE<br \/>\n<strong>Ponente:<\/strong> Pedro Gonz\u00e1lez<br \/>\n<strong>Cargo:<\/strong> T\u00e9cnico<br \/>\n<strong>Duraci\u00f3n:<\/strong> 50 min.<\/p>\n","protected":false},"excerpt":{"rendered":"<p>Inscr\u00edbete a esta jornada que organiza AIJU, en colaboraci\u00f3n con la FUNDAE, y conoce los aspectos m\u00e1s relevantes y novedades en la aplicaci\u00f3n de la formaci\u00f3n bonificada 2024.<\/p>\n","protected":false},"featured_media":4488,"comment_status":"closed","ping_status":"closed","template":"","meta":{"_acf_changed":false,"_vibebp_attr":"","_vibebp_dimensions":"","_vibebp_responsive_height":"","_vibebp_accordion_ie_support":""},"product_brand":[],"product_cat":[161,138],"product_tag":[],"class_list":{"0":"post-4486","1":"product","2":"type-product","3":"status-publish","4":"has-post-thumbnail","6":"product_cat-finalizado","7":"product_cat-gratuito","9":"first","10":"instock","11":"shipping-taxable","12":"product-type-simple"},"acf":[],"_links":{"self":[{"href":"https:\/\/formacionaiju.es\/en\/wp-json\/wp\/v2\/product\/4486","targetHints":{"allow":["GET"]}}],"collection":[{"href":"https:\/\/formacionaiju.es\/en\/wp-json\/wp\/v2\/product"}],"about":[{"href":"https:\/\/formacionaiju.es\/en\/wp-json\/wp\/v2\/types\/product"}],"replies":[{"embeddable":true,"href":"https:\/\/formacionaiju.es\/en\/wp-json\/wp\/v2\/comments?post=4486"}],"version-history":[{"count":6,"href":"https:\/\/formacionaiju.es\/en\/wp-json\/wp\/v2\/product\/4486\/revisions"}],"predecessor-version":[{"id":4491,"href":"https:\/\/formacionaiju.es\/en\/wp-json\/wp\/v2\/product\/4486\/revisions\/4491"}],"wp:featuredmedia":[{"embeddable":true,"href":"https:\/\/formacionaiju.es\/en\/wp-json\/wp\/v2\/media\/4488"}],"wp:attachment":[{"href":"https:\/\/formacionaiju.es\/en\/wp-json\/wp\/v2\/media?parent=4486"}],"wp:term":[{"taxonomy":"product_brand","embeddable":true,"href":"https:\/\/formacionaiju.es\/en\/wp-json\/wp\/v2\/product_brand?post=4486"},{"taxonomy":"product_cat","embeddable":true,"href":"https:\/\/formacionaiju.es\/en\/wp-json\/wp\/v2\/product_cat?post=4486"},{"taxonomy":"product_tag","embeddable":true,"href":"https:\/\/formacionaiju.es\/en\/wp-json\/wp\/v2\/product_tag?post=4486"}],"curies":[{"name":"wp","href":"https:\/\/api.w.org\/{rel}","templated":true}]}}