{"id":4628,"date":"2024-03-25T14:09:45","date_gmt":"2024-03-25T12:09:45","guid":{"rendered":"https:\/\/formacionaiju.es\/?post_type=product&#038;p=4628"},"modified":"2024-05-13T11:24:42","modified_gmt":"2024-05-13T09:24:42","slug":"webinar-el-reglamento-ue-2023-988-sobre-seguridad-general-de-los-productos-de-consumo-y-su-impacto-en-los-operadores-economicos-y-en-los-consumidores-estas-preparado","status":"publish","type":"product","link":"https:\/\/formacionaiju.es\/en\/product\/webinar-el-reglamento-ue-2023-988-sobre-seguridad-general-de-los-productos-de-consumo-y-su-impacto-en-los-operadores-economicos-y-en-los-consumidores-estas-preparado\/","title":{"rendered":"Webinar: El Reglamento (UE) 2023\/988 sobre seguridad general de los productos de consumo y su impacto en los operadores econ\u00f3micos y en los consumidores. \u00bfEst\u00e1s preparado?"},"content":{"rendered":"<p style=\"text-align: left;\"><strong>Destinatarios\/as<\/strong><\/p>\n<p class=\"_04xlpA direction-ltr align-justify para-style-body\" style=\"text-align: left;\">&#8211; Personal de empresas de productos infantiles y productos de consumo en general (fabricantes, importadores, distribuidores, plataformas online).<br \/>\n&#8211; Personal t\u00e9cnico de organizaciones de consumidores y autoridades de consumo a cargo de actividades de vigilancia de mercado.<\/p>\n<p>&nbsp;<\/p>\n<p style=\"text-align: left;\"><strong>Objetivos<\/strong><\/p>\n<p class=\"_04xlpA direction-ltr align-justify para-style-body\" style=\"text-align: left;\">&#8211; Identificar las principales obligaciones legales para cada operador econ\u00f3mico en base al nuevo reglamento.<br \/>\n&#8211; Conocer los aspectos clave del nuevo reglamento para establecer las acciones necesarias por parte de empresas y organizaciones en relaci\u00f3n al Reglamento (UE) 2023\/988 sobre seguridad general de los productos de consumo.<br \/>\n&#8211; Ser consciente del papel de los consumidores en la gesti\u00f3n de la seguridad bajo el nuevo marco legal.<\/p>\n<p>&nbsp;<\/p>\n<p style=\"text-align: left;\"><strong>Contenido<\/strong><\/p>\n<p>&#8211; Entorno legislativo. Normas t\u00e9cnicas, regulaciones y documentos de referencia para garantizar la seguridad de los productos.<br \/>\n&#8211; Nuevas obligaciones legales para los operadores econ\u00f3micos.<br \/>\n&#8211; An\u00e1lisis de riesgos. Escenarios de lesiones y nivel de riesgo.<br \/>\n&#8211; Documentaci\u00f3n t\u00e9cnica del producto.<br \/>\n&#8211; Informaci\u00f3n de producto. La seguridad de producto en la venta online.<br \/>\n&#8211; Investigaci\u00f3n de accidentes.<br \/>\n&#8211; Medidas correctivas. Recuperaciones de producto. Aspectos a tener en cuenta.<br \/>\n&#8211; Productos atractivos para ni\u00f1os, siendo productos no destinados al consumidor infantil<br \/>\n&#8211; Requisitos del Reglamento (UE) 2023\/988 sobre seguridad general de los productos aplicables a juguetes y otros productos con legislaci\u00f3n armonizada.<\/p>\n<p>&nbsp;<\/p>\n<p style=\"text-align: left;\"><strong>CV Profesorado<\/strong><\/p>\n<p><strong>D\u00f1a. Mar\u00eda Cruz Arenas:\u00a0<\/strong>Project Manager. \u00c1rea de Seguridad de Productos Infantiles. Instituto Tecnol\u00f3gico del Producto Infantil y de Ocio (AIJU). Investigadora en metodolog\u00edas para la evaluaci\u00f3n de riesgos en productos infantiles y gestora de proyectos nacionales y europeos en seguridad de producto infantil.<\/p>\n<p>&nbsp;<\/p>\n<p style=\"text-align: left;\"><strong>Precio<\/strong><\/p>\n<p>Asociados: 130\u20ac<\/p>\n<p>No socios: 156\u20ac<\/p>\n<p>&nbsp;<\/p>\n<p><strong>Observaciones\u00a0<\/strong><\/p>\n<p>IMPORTANTE: La solicitud de preinscripci\u00f3n es tambi\u00e9n un compromiso de pago en caso de ser admitido en la acci\u00f3n formativa. S\u00f3lo se admitir\u00e1n cancelaciones con derecho a devoluci\u00f3n o anulaci\u00f3n del pago, si se comunican a AIJU con al menos 5 d\u00edas laborables de antelaci\u00f3n a la fecha de inicio. Una vez confirmada la plaza al alumno, si \u00e9ste no asistiera al curso y no lo notifica, se le cobrar\u00e1 el importe \u00edntegro del mismo.<\/p>\n<p>AIJU se reserva el derecho a anular o aplazar este curso si no se llega a un m\u00ednimo de inscripciones.<\/p>\n","protected":false},"excerpt":{"rendered":"<p>Este reglamento ser\u00e1 de aplicaci\u00f3n para todos los productos de consumo comercializados en la UE, ya sean nuevos, reparados o reacondicionados, a partir del 13 de diciembre de 2024.<\/p>\n","protected":false},"featured_media":4629,"comment_status":"closed","ping_status":"closed","template":"","meta":{"_acf_changed":false,"_vibebp_attr":"","_vibebp_dimensions":"","_vibebp_responsive_height":"","_vibebp_accordion_ie_support":""},"product_brand":[],"product_cat":[161,171],"product_tag":[],"class_list":{"0":"post-4628","1":"product","2":"type-product","3":"status-publish","4":"has-post-thumbnail","6":"product_cat-finalizado","7":"product_cat-formacion-no-bonificable","9":"first","10":"instock","11":"shipping-taxable","12":"product-type-simple"},"acf":[],"_links":{"self":[{"href":"https:\/\/formacionaiju.es\/en\/wp-json\/wp\/v2\/product\/4628","targetHints":{"allow":["GET"]}}],"collection":[{"href":"https:\/\/formacionaiju.es\/en\/wp-json\/wp\/v2\/product"}],"about":[{"href":"https:\/\/formacionaiju.es\/en\/wp-json\/wp\/v2\/types\/product"}],"replies":[{"embeddable":true,"href":"https:\/\/formacionaiju.es\/en\/wp-json\/wp\/v2\/comments?post=4628"}],"version-history":[{"count":5,"href":"https:\/\/formacionaiju.es\/en\/wp-json\/wp\/v2\/product\/4628\/revisions"}],"predecessor-version":[{"id":4744,"href":"https:\/\/formacionaiju.es\/en\/wp-json\/wp\/v2\/product\/4628\/revisions\/4744"}],"wp:featuredmedia":[{"embeddable":true,"href":"https:\/\/formacionaiju.es\/en\/wp-json\/wp\/v2\/media\/4629"}],"wp:attachment":[{"href":"https:\/\/formacionaiju.es\/en\/wp-json\/wp\/v2\/media?parent=4628"}],"wp:term":[{"taxonomy":"product_brand","embeddable":true,"href":"https:\/\/formacionaiju.es\/en\/wp-json\/wp\/v2\/product_brand?post=4628"},{"taxonomy":"product_cat","embeddable":true,"href":"https:\/\/formacionaiju.es\/en\/wp-json\/wp\/v2\/product_cat?post=4628"},{"taxonomy":"product_tag","embeddable":true,"href":"https:\/\/formacionaiju.es\/en\/wp-json\/wp\/v2\/product_tag?post=4628"}],"curies":[{"name":"wp","href":"https:\/\/api.w.org\/{rel}","templated":true}]}}