{"id":4640,"date":"2024-03-27T10:29:04","date_gmt":"2024-03-27T08:29:04","guid":{"rendered":"https:\/\/formacionaiju.es\/?post_type=product&#038;p=4640"},"modified":"2024-09-20T13:12:33","modified_gmt":"2024-09-20T11:12:33","slug":"reduccion-de-averias-y-optimizacion-del-mantenimiento-correctivo","status":"publish","type":"product","link":"https:\/\/formacionaiju.es\/en\/product\/reduccion-de-averias-y-optimizacion-del-mantenimiento-correctivo\/","title":{"rendered":"Reducci\u00f3n de aver\u00edas y optimizaci\u00f3n del mantenimiento correctivo"},"content":{"rendered":"<p><strong>Destinatarios\/as<\/strong><\/p>\n<p><span class=\"OYPEnA text-decoration-none text-strikethrough-none\">Responsables y encargados de Mantenimiento de empresas que se enfrentan al problema de elevado n\u00famero de aver\u00edas que condicionan severamente el funcionamiento del proceso productivo e impiden una adecuada realizaci\u00f3n de otras actividades de Mantenimiento. Para ello se debe utilizar un adecuado m\u00e9todo de trabajo buscando las causas b\u00e1sicas de las aver\u00edas y su eliminaci\u00f3n sistem\u00e1tica<\/span><\/p>\n<p>&nbsp;<\/p>\n<p><strong>Objetivos<\/strong><\/p>\n<p class=\"cvGsUA direction-ltr align-start para-style-body\"><span class=\"OYPEnA text-decoration-none text-strikethrough-none\">1. Definir m\u00e9todos de trabajo para la adecuada sistematizaci\u00f3n de la eliminaci\u00f3n de las aver\u00edas y optimizar la organizaci\u00f3n del Mantenimiento Correctivo.<\/span><\/p>\n<p class=\"cvGsUA direction-ltr align-start para-style-body\"><span class=\"OYPEnA text-decoration-none text-strikethrough-none\">2. Desarrollar las herramientas necesarias para el correcto estudio de las aver\u00edas, priorizaci\u00f3n e identificaci\u00f3n de causa b\u00e1sicas.<\/span><\/p>\n<p class=\"cvGsUA direction-ltr align-start para-style-body\"><span class=\"OYPEnA text-decoration-none text-strikethrough-none\">3. Desarrollar m\u00e9todos para definir soluciones, evaluarlas y ponerlas en pr\u00e1ctica.<\/span><\/p>\n<p class=\"cvGsUA direction-ltr align-start para-style-body\"><span class=\"OYPEnA text-decoration-none text-strikethrough-none\">4. Utilizaci\u00f3n de los m\u00e9todos anteriores para optimizar las decisiones t\u00e9cnico-econ\u00f3micas en el Mantenimiento Correctivo.<\/span><\/p>\n<p>&nbsp;<\/p>\n<p><strong>Contenido<\/strong><\/p>\n<p class=\"cvGsUA direction-ltr align-start para-style-body\"><span class=\"OYPEnA text-decoration-none text-strikethrough-none\">1. \u00bfQu\u00e9 es una averia?<\/span><\/p>\n<p class=\"cvGsUA direction-ltr align-start para-style-body\"><span class=\"OYPEnA text-decoration-none text-strikethrough-none\">2. Definici\u00f3n de mantenimiento correctivo<\/span><\/p>\n<p class=\"cvGsUA direction-ltr align-start para-style-body\"><span class=\"OYPEnA text-decoration-none text-strikethrough-none\">3. Tipologia en las averias<\/span><\/p>\n<p class=\"cvGsUA direction-ltr align-start para-style-body\"><span class=\"OYPEnA text-decoration-none text-strikethrough-none\">4. Fases de solucion de una averia.<\/span><\/p>\n<p class=\"cvGsUA direction-ltr align-start para-style-body\"><span class=\"OYPEnA text-decoration-none text-strikethrough-none\">5. Metodos de soluci\u00f3n y reduccion de averias<\/span><\/p>\n<p class=\"cvGsUA direction-ltr align-start para-style-body\"><span class=\"OYPEnA text-decoration-none text-strikethrough-none\">6. Eliminacion de averias repetitivas<\/span><\/p>\n<p class=\"cvGsUA direction-ltr align-start para-style-body\"><span class=\"OYPEnA text-decoration-none text-strikethrough-none\">7. Evaluacion del mantenimiento correctivo. criterios<\/span><\/p>\n<p class=\"cvGsUA direction-ltr align-start para-style-body\"><span class=\"OYPEnA text-decoration-none text-strikethrough-none\">8. Optimizaci\u00f3n del mantenimiento correctivo. toma de decisiones<\/span><\/p>\n<p class=\"cvGsUA direction-ltr align-start para-style-body\"><span class=\"OYPEnA text-decoration-none text-strikethrough-none\">9. Implicaciones en elmantenimiento planificado<\/span><\/p>\n<p class=\"cvGsUA direction-ltr align-start para-style-body\"><span class=\"OYPEnA text-decoration-none text-strikethrough-none\">10. Implicaciones en producci\u00f3n<\/span><\/p>\n<p class=\"cvGsUA direction-ltr align-start para-style-body\"><span class=\"OYPEnA text-decoration-none text-strikethrough-none\">11. Sintesis y plan de acci\u00f3n<\/span><\/p>\n<p>&nbsp;<\/p>\n<p><strong>CV Profesorado<\/strong><\/p>\n<p><strong>D. Vicente Beltr\u00e1n P\u00e9rez:<\/strong> Ingeniero Superior Industrial (Mec\u00e1nico) (1974 a 1980). por la E.T.S de Ingenieros Industriales, de la Universidad Polit\u00e9cnica de Valencia Gestor de Energ\u00edas Renovables, m\u00e1ster de 500 h. impartido por la Escuela de Organizaci\u00f3n Industrial (E.O.I). Master Trainer en Programaci\u00f3n Neuroling\u00fc\u00edstica (PNL). Experiencia profesional en el campo de mantenimiento; 8 a\u00f1os en distintas empresas:<br \/>\n-Gallina Blanca Purina, (multinacional de fabricaci\u00f3n de piensos)<br \/>\n-Productos Ortiz (multinacional de productos alimentarios, panificadora)<br \/>\n-Feria Muestrario Internacional de Valencia, Recinto ferial de Valencia<\/p>\n<p>Experiencia docente compaginada con la pr\u00e1ctica profesional. Mantenimiento para jefes de equipo, 30 cursos de 18 h. impartidos en distintas empresas con el centro de productividad de Valencia.<br \/>\nTecnolog\u00eda para Jefes de Equipo 3 cursos de 100 horas.<br \/>\nMantenimiento y lubricaci\u00f3n para operarios de la planta de Motores, 30 cursos de 16h.<br \/>\n(Ford Espa\u00f1a, factor\u00eda de Almusafes)<br \/>\nActualmente Profesor Interino de Formaci\u00f3n Profesional de \u201cInstalaciones Electrot\u00e9cnicas y Autom\u00e1ticas\u201d.<br \/>\nCursos de Automatizaci\u00f3n Industrial para profesorado de FP a trav\u00e9s del CEFIRE.<br \/>\nCursos de Mantenimiento Eficaz con distintos institutos tecnol\u00f3gicos de Valencia, Alicante y Murcia.<\/p>\n<p>&nbsp;<\/p>\n<p><strong>Precio<\/strong><br \/>\nAsociados\/as AIJU\/desempleados\/as: 260 euros; 2\u00ba asistente y siguientes de la misma empresa: 234 euros.<br \/>\nNo asociados\/as AIJU: 312 euros; 2\u00ba asistente y siguientes de la misma empresa: 260 euros.<\/p>\n<p>&nbsp;<\/p>\n<p><strong>Observaciones:<\/strong><br \/>\nUna vez aceptada su solicitud, AIJU le indicar\u00e1 cu\u00e1ndo debe efectuar el pago.<br \/>\nIMPORTANTE: La solicitud de preinscripci\u00f3n es tambi\u00e9n un compromiso de pago en caso de ser admitido en la acci\u00f3n formativa. S\u00f3lo se admitir\u00e1n cancelaciones con derecho a devoluci\u00f3n o anulaci\u00f3n del pago, si se comunican a AIJU con al menos 5 d\u00edas laborables de antelaci\u00f3n a la fecha de inicio. Una vez confirmada la plaza al alumno\/a, si \u00e9ste no asistiera al curso y no lo notifica, se le cobrar\u00e1 el importe integro del mismo.<br \/>\n* BONIFICACI\u00d3N CURSOS: el importe de este curso puede bonificarse de forma parcial si se solicita a la FUNDAE. Gesti\u00f3n de la bonificaci\u00f3n gratuita por parte de AIJU. Cons\u00faltenos.<br \/>\nAIJU se reserva el derecho a anular o aplazar este curso si no se llega a un m\u00ednimo de inscripciones.<\/p>\n","protected":false},"excerpt":{"rendered":"<p>Reduce el n\u00famero de aver\u00edas y aprende a optimizar el mantenimiento correctivo con un adecuado m\u00e9todo de trabajo.<\/p>\n","protected":false},"featured_media":4641,"comment_status":"closed","ping_status":"closed","template":"","meta":{"_acf_changed":false,"_vibebp_attr":"","_vibebp_dimensions":"","_vibebp_responsive_height":"","_vibebp_accordion_ie_support":""},"product_brand":[],"product_cat":[161,36],"product_tag":[],"class_list":{"0":"post-4640","1":"product","2":"type-product","3":"status-publish","4":"has-post-thumbnail","6":"product_cat-finalizado","7":"product_cat-parcialmente-bonificable","9":"first","10":"instock","11":"shipping-taxable","12":"product-type-simple"},"acf":[],"_links":{"self":[{"href":"https:\/\/formacionaiju.es\/en\/wp-json\/wp\/v2\/product\/4640","targetHints":{"allow":["GET"]}}],"collection":[{"href":"https:\/\/formacionaiju.es\/en\/wp-json\/wp\/v2\/product"}],"about":[{"href":"https:\/\/formacionaiju.es\/en\/wp-json\/wp\/v2\/types\/product"}],"replies":[{"embeddable":true,"href":"https:\/\/formacionaiju.es\/en\/wp-json\/wp\/v2\/comments?post=4640"}],"version-history":[{"count":9,"href":"https:\/\/formacionaiju.es\/en\/wp-json\/wp\/v2\/product\/4640\/revisions"}],"predecessor-version":[{"id":4873,"href":"https:\/\/formacionaiju.es\/en\/wp-json\/wp\/v2\/product\/4640\/revisions\/4873"}],"wp:featuredmedia":[{"embeddable":true,"href":"https:\/\/formacionaiju.es\/en\/wp-json\/wp\/v2\/media\/4641"}],"wp:attachment":[{"href":"https:\/\/formacionaiju.es\/en\/wp-json\/wp\/v2\/media?parent=4640"}],"wp:term":[{"taxonomy":"product_brand","embeddable":true,"href":"https:\/\/formacionaiju.es\/en\/wp-json\/wp\/v2\/product_brand?post=4640"},{"taxonomy":"product_cat","embeddable":true,"href":"https:\/\/formacionaiju.es\/en\/wp-json\/wp\/v2\/product_cat?post=4640"},{"taxonomy":"product_tag","embeddable":true,"href":"https:\/\/formacionaiju.es\/en\/wp-json\/wp\/v2\/product_tag?post=4640"}],"curies":[{"name":"wp","href":"https:\/\/api.w.org\/{rel}","templated":true}]}}