{"id":4647,"date":"2024-03-27T11:37:17","date_gmt":"2024-03-27T09:37:17","guid":{"rendered":"https:\/\/formacionaiju.es\/?post_type=product&#038;p=4647"},"modified":"2024-05-16T15:38:17","modified_gmt":"2024-05-16T13:38:17","slug":"webinar-jornada-de-trabajo-legal-y-descansos-obligatorios","status":"publish","type":"product","link":"https:\/\/formacionaiju.es\/en\/product\/webinar-jornada-de-trabajo-legal-y-descansos-obligatorios\/","title":{"rendered":"Webinar: Jornada de trabajo legal y descansos obligatorios"},"content":{"rendered":"<p style=\"text-align: left;\"><strong>Destinatarios\/as<\/strong><\/p>\n<p class=\"_04xlpA direction-ltr align-justify para-style-body\" style=\"text-align: left;\">Trabajadores en activo.<\/p>\n<p>&nbsp;<\/p>\n<p style=\"text-align: left;\"><strong>Objetivos<\/strong><\/p>\n<p>Analizar la normativa laboral espa\u00f1ola relativa a la jornada laboral, tiempos de trabajo efectivos y descansos, as\u00ed como los aspectos vinculantes con el mismo.<\/p>\n<p>&nbsp;<\/p>\n<p style=\"text-align: left;\"><strong>Contenido<\/strong><\/p>\n<p class=\"cvGsUA direction-ltr align-start para-style-body\"><span class=\"OYPEnA text-decoration-none text-strikethrough-none\">&#8211; Regulaci\u00f3n de la jornada laboral.<\/span><\/p>\n<p class=\"cvGsUA direction-ltr align-start para-style-body\"><span class=\"OYPEnA text-decoration-none text-strikethrough-none\">&#8211; Tiempos efectivos y descansos.<\/span><\/p>\n<p class=\"cvGsUA direction-ltr align-start para-style-body\"><span class=\"OYPEnA text-decoration-none text-strikethrough-none\">&#8211; Resoluci\u00f3n de dudas.<\/span><\/p>\n<p>&nbsp;<\/p>\n<p style=\"text-align: left;\"><strong>CV Profesorado<\/strong><\/p>\n<p><strong>D. Francisco Trujillo: <\/strong><span class=\"OYPEnA text-decoration-none text-strikethrough-none\">Profesor de la <\/span><a class=\"OYPEnA text-decoration-underline text-strikethrough-none\" draggable=\"false\" href=\"https:\/\/www.uv.es\/uvweb\/universidad\/es\/ficha-persona-1285950309813.html?p2=trupons&amp;idA=true\" target=\"_blank\" rel=\"noopener\">Universitat Jaume I<\/a><span class=\"OYPEnA text-decoration-none text-strikethrough-none\"> (Espa\u00f1a). Departamento de Derecho del Trabajo y de la Seguridad Social<\/span><\/p>\n<p class=\"cvGsUA direction-ltr align-start para-style-body\"><span class=\"OYPEnA text-decoration-none text-strikethrough-none\">Doctor por la Universidad \u201cJaume I\u201d (Castell\u00f3n, Espa\u00f1a) en Derecho del Trabajo y de la Seguridad Social; Premio Extraordinario de Doctorado (2013). Diplomado en Relaciones Laborales (2005), Licenciado en Ciencias del Trabajo (2007) y T\u00e9cnico Superior en Prevenci\u00f3n de Riscos Laborales (M\u00e1ster en Prevenci\u00f3n de Riesgos Laborales en las especialidades de seguridad en el trabajo, higiene industrial y ergonom\u00eda y psicosociolog\u00eda).<\/span><\/p>\n<p>&nbsp;<\/p>\n<p style=\"text-align: left;\"><strong>Precio<\/strong><\/p>\n<p>Gratuito<\/p>\n<p>&nbsp;<\/p>\n<p><strong>Observaciones\u00a0<\/strong><\/p>\n<p>AIJU se reserva el derecho a anular o aplazar este curso si no se llega a un m\u00ednimo de inscripciones.<\/p>\n","protected":false},"excerpt":{"rendered":"<p>Conoce la normativa laboral espa\u00f1ola sobre jornada laboral, tiempos de trabajo efectivo y descansos, as\u00ed como todos los aspectos vinculantes.<\/p>\n","protected":false},"featured_media":4648,"comment_status":"closed","ping_status":"closed","template":"","meta":{"_acf_changed":false,"_vibebp_attr":"","_vibebp_dimensions":"","_vibebp_responsive_height":"","_vibebp_accordion_ie_support":""},"product_brand":[],"product_cat":[161,138],"product_tag":[],"class_list":{"0":"post-4647","1":"product","2":"type-product","3":"status-publish","4":"has-post-thumbnail","6":"product_cat-finalizado","7":"product_cat-gratuito","9":"first","10":"instock","11":"shipping-taxable","12":"product-type-simple"},"acf":[],"_links":{"self":[{"href":"https:\/\/formacionaiju.es\/en\/wp-json\/wp\/v2\/product\/4647","targetHints":{"allow":["GET"]}}],"collection":[{"href":"https:\/\/formacionaiju.es\/en\/wp-json\/wp\/v2\/product"}],"about":[{"href":"https:\/\/formacionaiju.es\/en\/wp-json\/wp\/v2\/types\/product"}],"replies":[{"embeddable":true,"href":"https:\/\/formacionaiju.es\/en\/wp-json\/wp\/v2\/comments?post=4647"}],"version-history":[{"count":3,"href":"https:\/\/formacionaiju.es\/en\/wp-json\/wp\/v2\/product\/4647\/revisions"}],"predecessor-version":[{"id":4782,"href":"https:\/\/formacionaiju.es\/en\/wp-json\/wp\/v2\/product\/4647\/revisions\/4782"}],"wp:featuredmedia":[{"embeddable":true,"href":"https:\/\/formacionaiju.es\/en\/wp-json\/wp\/v2\/media\/4648"}],"wp:attachment":[{"href":"https:\/\/formacionaiju.es\/en\/wp-json\/wp\/v2\/media?parent=4647"}],"wp:term":[{"taxonomy":"product_brand","embeddable":true,"href":"https:\/\/formacionaiju.es\/en\/wp-json\/wp\/v2\/product_brand?post=4647"},{"taxonomy":"product_cat","embeddable":true,"href":"https:\/\/formacionaiju.es\/en\/wp-json\/wp\/v2\/product_cat?post=4647"},{"taxonomy":"product_tag","embeddable":true,"href":"https:\/\/formacionaiju.es\/en\/wp-json\/wp\/v2\/product_tag?post=4647"}],"curies":[{"name":"wp","href":"https:\/\/api.w.org\/{rel}","templated":true}]}}