{"id":4678,"date":"2024-04-17T16:50:37","date_gmt":"2024-04-17T14:50:37","guid":{"rendered":"https:\/\/formacionaiju.es\/?post_type=product&#038;p=4678"},"modified":"2024-05-23T12:54:52","modified_gmt":"2024-05-23T10:54:52","slug":"webinar-retencion-del-talento","status":"publish","type":"product","link":"https:\/\/formacionaiju.es\/en\/product\/webinar-retencion-del-talento\/","title":{"rendered":"Webinar: Retenci\u00f3n del talento"},"content":{"rendered":"<p style=\"text-align: left;\"><strong>Destinatarios\/as<\/strong><\/p>\n<p class=\"_04xlpA direction-ltr align-justify para-style-body\" style=\"text-align: left;\">Gerencia, mandos intermedios, responsables de \u00e1reas de Recursos\u00a0Humanos o encargados de la formaci\u00f3n en la empresa.<\/p>\n<p>&nbsp;<\/p>\n<p style=\"text-align: left;\"><strong>Objetivos<\/strong><\/p>\n<p>Los objetivos de esta formaci\u00f3n son:<br \/>\n&#8211; Hacer frente a la problem\u00e1tica actual en la gesti\u00f3n del talento.<br \/>\n&#8211; Identificar acciones para retener el talento.<br \/>\n&#8211; Desarrollar una estrategia empresarial para la retenci\u00f3n del talento.<\/p>\n<p>&nbsp;<\/p>\n<p style=\"text-align: left;\"><strong>Contenido<\/strong><\/p>\n<p class=\"cvGsUA direction-ltr align-start para-style-body\">Este webinar tiene una duraci\u00f3n de 1 hora, con los siguientes contenidos:<br \/>\n&#8211; Gesti\u00f3n del talento en la empresa.<br \/>\n&#8211; Estrategia para retener el talento.<br \/>\n&#8211; Salario emocional y beneficios.<br \/>\n&#8211; Empresa saludable para la retenci\u00f3n del talento.<\/p>\n<p>&nbsp;<\/p>\n<p style=\"text-align: left;\"><strong>CV Profesorado<\/strong><\/p>\n<p><strong>D. Miguel Sanchis Gregori:<\/strong><\/p>\n<p>CEO &amp; Co-Founder de TuCan Feel. Life Coach. Miembro de la Leadership Academy de Tony Robbins. Graduado en Magisterio de Educaci\u00f3n Primaria.<\/p>\n<p><strong>D\u00f1a Cristina Botella Domenech:<\/strong><\/p>\n<p>CFO &amp; Co-Founder de TuCan Feel. Doctora en Ciencias. Licenciada en Biolog\u00eda y con M\u00e1ster en Ingenier\u00eda de la empresa. Instructora de Mindfulness y MBSR acreditada.<\/p>\n<p>&nbsp;<\/p>\n<p style=\"text-align: left;\"><strong>Precio<\/strong><\/p>\n<p>Gratuito<\/p>\n","protected":false},"excerpt":{"rendered":"<p>Las personas ya no buscan solo un empleo, sino tener un desarrollo profesional, mejora salarial y buen clima laboral. En este Webinar expondremos las novedades en este campo y te daremos los principales tips para que puedas gestionar el talento en tu empresa.<\/p>\n","protected":false},"featured_media":4679,"comment_status":"closed","ping_status":"closed","template":"","meta":{"_acf_changed":false,"_vibebp_attr":"","_vibebp_dimensions":"","_vibebp_responsive_height":"","_vibebp_accordion_ie_support":""},"product_brand":[],"product_cat":[161,138],"product_tag":[],"class_list":{"0":"post-4678","1":"product","2":"type-product","3":"status-publish","4":"has-post-thumbnail","6":"product_cat-finalizado","7":"product_cat-gratuito","9":"first","10":"instock","11":"shipping-taxable","12":"product-type-simple"},"acf":[],"_links":{"self":[{"href":"https:\/\/formacionaiju.es\/en\/wp-json\/wp\/v2\/product\/4678","targetHints":{"allow":["GET"]}}],"collection":[{"href":"https:\/\/formacionaiju.es\/en\/wp-json\/wp\/v2\/product"}],"about":[{"href":"https:\/\/formacionaiju.es\/en\/wp-json\/wp\/v2\/types\/product"}],"replies":[{"embeddable":true,"href":"https:\/\/formacionaiju.es\/en\/wp-json\/wp\/v2\/comments?post=4678"}],"version-history":[{"count":5,"href":"https:\/\/formacionaiju.es\/en\/wp-json\/wp\/v2\/product\/4678\/revisions"}],"predecessor-version":[{"id":4694,"href":"https:\/\/formacionaiju.es\/en\/wp-json\/wp\/v2\/product\/4678\/revisions\/4694"}],"wp:featuredmedia":[{"embeddable":true,"href":"https:\/\/formacionaiju.es\/en\/wp-json\/wp\/v2\/media\/4679"}],"wp:attachment":[{"href":"https:\/\/formacionaiju.es\/en\/wp-json\/wp\/v2\/media?parent=4678"}],"wp:term":[{"taxonomy":"product_brand","embeddable":true,"href":"https:\/\/formacionaiju.es\/en\/wp-json\/wp\/v2\/product_brand?post=4678"},{"taxonomy":"product_cat","embeddable":true,"href":"https:\/\/formacionaiju.es\/en\/wp-json\/wp\/v2\/product_cat?post=4678"},{"taxonomy":"product_tag","embeddable":true,"href":"https:\/\/formacionaiju.es\/en\/wp-json\/wp\/v2\/product_tag?post=4678"}],"curies":[{"name":"wp","href":"https:\/\/api.w.org\/{rel}","templated":true}]}}