{"id":4762,"date":"2024-05-06T13:00:56","date_gmt":"2024-05-06T11:00:56","guid":{"rendered":"https:\/\/formacionaiju.es\/?post_type=product&#038;p=4762"},"modified":"2024-06-05T14:48:10","modified_gmt":"2024-06-05T12:48:10","slug":"webinar-facturacion-electronica-obligatoria-entre-empresas","status":"publish","type":"product","link":"https:\/\/formacionaiju.es\/en\/product\/webinar-facturacion-electronica-obligatoria-entre-empresas\/","title":{"rendered":"Webinar: Facturaci\u00f3n electr\u00f3nica obligatoria entre empresas"},"content":{"rendered":"<p style=\"text-align: left;\"><strong>Destinatarios\/as<\/strong><\/p>\n<p class=\"_04xlpA direction-ltr align-justify para-style-body\" style=\"text-align: left;\">Asociados<\/p>\n<p>&nbsp;<\/p>\n<p style=\"text-align: left;\"><strong>Objetivos<\/strong><\/p>\n<p>Informar sobre las normativas y condiciones particulares establecidas por la Ley 18\/2022. Se explicar\u00e1n las consecuencias pr\u00e1cticas de estas disposiciones para las empresas, as\u00ed como los m\u00e9todos para cumplirlas. Adem\u00e1s, se ofrecer\u00e1 orientaci\u00f3n sobre las herramientas y tecnolog\u00edas disponibles para la facturaci\u00f3n electr\u00f3nica, junto con consejos sobre su implementaci\u00f3n eficaz y segura.<\/p>\n<p>&nbsp;<\/p>\n<p style=\"text-align: left;\"><strong>Contenido<\/strong><\/p>\n<p>Los ponentes expondr\u00e1n de manera pr\u00e1ctica y pedag\u00f3gica las caracter\u00edsticas de las soluciones digitales previstas en portfolio con el objeto de facilitar la transici\u00f3n al nuevo marco normativo de la ley de facturaci\u00f3n digital, popularmente conocida como \u201cLey Crea y Crece\u201d. En este sentido, tanto Alberto como Tom\u00e1s propondr\u00e1n soluciones concretas a los retos que deberemos de afrontar en apenas unos meses. Asimismo, tratar\u00e1n de aclarar todas aquellas dudas que pudiera suscitar entre los asistentes tanto los m\u00e9todos de aplicaci\u00f3n como los pormenores de la ley (los conocidos y los a\u00fan no confirmados), con el objeto no s\u00f3lo de adecuarnos al nuevo marco normativo sino de ser m\u00e1s productivos y eficaces en el desempe\u00f1o de nuestros procesos administrativos.<\/p>\n<p>&nbsp;<\/p>\n<p style=\"text-align: left;\"><strong>CV Profesorado<\/strong><\/p>\n<p><strong>D. Tom\u00e1s Javier Blanco:<\/strong><\/p>\n<p>Gerente T\u00e9cnico del C\u00edrculo de Negocio de Identidad Digital dentro del Grupo Nunsys, empresa de referencia especializada en la implantaci\u00f3n de soluciones integrales de tecnolog\u00eda: infraestructuras, comunicaciones, software, transformaci\u00f3n digital, industria y ciberseguridad, formado por un equipo de m\u00e1s de 2500 personas y en la que conf\u00edan m\u00e1s de 7000 clientes. Tiene una larga trayectoria profesional, con m\u00e1s de 25 a\u00f1os dedicados a la consultor\u00eda tecnol\u00f3gica e implantaci\u00f3n de proyectos de diversa \u00edndole: inteligencia de negocio, optimizaci\u00f3n de procesos documentales, identidad digital y firma electr\u00f3nica. El \u00e1rea que dirige est\u00e1 especializada en la implantaci\u00f3n de soluciones de software y servicios electr\u00f3nicos de confianza, necesarios para la interacci\u00f3n de personas y entidades en el actual ecosistema digital: herramientas para proteger la identidad digital conforme a eIDAS, firma digital y factura electr\u00f3nica, con un claro enfoque de seguridad, integraci\u00f3n de sistemas y optimizaci\u00f3n dentro de los procesos del cliente.<\/p>\n<p><strong>D. Francisco Ruiz de Mart\u00edn:<\/strong> Con m\u00e1s de 20 a\u00f1os de experiencia en transformaci\u00f3n digital de negocios y automatizaci\u00f3n de procesos, Francisco Ruiz es responsable de canal y alianzas en Iberia y LATAM en SERES, cuenta con formaci\u00f3n universitaria en direcci\u00f3n y administraci\u00f3n de empresas, enriquecida con un postgrado en direcci\u00f3n comercial y Marketing.<br \/>\nHa participado en ponencias y entrevistas sobre facturaci\u00f3n electr\u00f3nica en diversos medios especializados como Radio Libertad Intereconom\u00eda, Computing BPS , Newsbook.es , ITreseller\u2026.<\/p>\n<p>&nbsp;<\/p>\n<p style=\"text-align: left;\"><strong>Precio<\/strong><\/p>\n<p>Gratuito<\/p>\n","protected":false},"excerpt":{"rendered":"<p>Informaci\u00f3n sobre la Ley 18\/2022, incluyendo normativas, consecuencias para empresas, m\u00e9todos de cumplimiento y orientaci\u00f3n sobre facturaci\u00f3n electr\u00f3nica y su implementaci\u00f3n segura.<\/p>\n","protected":false},"featured_media":4776,"comment_status":"closed","ping_status":"closed","template":"","meta":{"_acf_changed":false,"_vibebp_attr":"","_vibebp_dimensions":"","_vibebp_responsive_height":"","_vibebp_accordion_ie_support":""},"product_brand":[],"product_cat":[161,138],"product_tag":[],"class_list":{"0":"post-4762","1":"product","2":"type-product","3":"status-publish","4":"has-post-thumbnail","6":"product_cat-finalizado","7":"product_cat-gratuito","9":"first","10":"instock","11":"shipping-taxable","12":"product-type-simple"},"acf":[],"_links":{"self":[{"href":"https:\/\/formacionaiju.es\/en\/wp-json\/wp\/v2\/product\/4762","targetHints":{"allow":["GET"]}}],"collection":[{"href":"https:\/\/formacionaiju.es\/en\/wp-json\/wp\/v2\/product"}],"about":[{"href":"https:\/\/formacionaiju.es\/en\/wp-json\/wp\/v2\/types\/product"}],"replies":[{"embeddable":true,"href":"https:\/\/formacionaiju.es\/en\/wp-json\/wp\/v2\/comments?post=4762"}],"version-history":[{"count":9,"href":"https:\/\/formacionaiju.es\/en\/wp-json\/wp\/v2\/product\/4762\/revisions"}],"predecessor-version":[{"id":4860,"href":"https:\/\/formacionaiju.es\/en\/wp-json\/wp\/v2\/product\/4762\/revisions\/4860"}],"wp:featuredmedia":[{"embeddable":true,"href":"https:\/\/formacionaiju.es\/en\/wp-json\/wp\/v2\/media\/4776"}],"wp:attachment":[{"href":"https:\/\/formacionaiju.es\/en\/wp-json\/wp\/v2\/media?parent=4762"}],"wp:term":[{"taxonomy":"product_brand","embeddable":true,"href":"https:\/\/formacionaiju.es\/en\/wp-json\/wp\/v2\/product_brand?post=4762"},{"taxonomy":"product_cat","embeddable":true,"href":"https:\/\/formacionaiju.es\/en\/wp-json\/wp\/v2\/product_cat?post=4762"},{"taxonomy":"product_tag","embeddable":true,"href":"https:\/\/formacionaiju.es\/en\/wp-json\/wp\/v2\/product_tag?post=4762"}],"curies":[{"name":"wp","href":"https:\/\/api.w.org\/{rel}","templated":true}]}}