{"id":4778,"date":"2024-05-08T16:07:53","date_gmt":"2024-05-08T14:07:53","guid":{"rendered":"https:\/\/formacionaiju.es\/?post_type=product&#038;p=4778"},"modified":"2024-07-03T08:18:21","modified_gmt":"2024-07-03T06:18:21","slug":"jornada-tecnica-soluciones-smc-para-la-neutralizacion-de-la-electricidad-estatica","status":"publish","type":"product","link":"https:\/\/formacionaiju.es\/en\/product\/jornada-tecnica-soluciones-smc-para-la-neutralizacion-de-la-electricidad-estatica\/","title":{"rendered":"Jornada T\u00e9cnica: Soluciones SMC para la neutralizaci\u00f3n de la electricidad est\u00e1tica"},"content":{"rendered":"<p style=\"text-align: left;\"><strong>Destinatarios\/as<\/strong><\/p>\n<p class=\"_04xlpA direction-ltr align-justify para-style-body\" style=\"text-align: left;\"><span class=\"OYPEnA text-decoration-none text-strikethrough-none\">Empresas de transformaci\u00f3n de pl\u00e1sticos: gerentes, responsables de producci\u00f3n, jefes\/as de planta u otras personas que quieran conocer beneficios de esta tecnolog\u00eda.<\/span><\/p>\n<p>&nbsp;<\/p>\n<p style=\"text-align: left;\"><strong>Objetivos<\/strong><\/p>\n<p class=\"cvGsUA direction-ltr align-start para-style-body\"><span class=\"OYPEnA text-decoration-none text-strikethrough-none\">La electricidad est\u00e1tica es un \u201cenemigo invisible\u201d.<\/span><\/p>\n<p class=\"cvGsUA direction-ltr align-start para-style-body\"><span class=\"OYPEnA text-decoration-none text-strikethrough-none\">No se ve, ni se oye, pero sus efectos afectan negativamente al OEE de m\u00e1quinas y procesos productivos de diferentes sectores industriales.<\/span><\/p>\n<p class=\"cvGsUA direction-ltr align-start para-style-body\"><span class=\"OYPEnA text-decoration-none text-strikethrough-none\">Paradas no programadas, acumulaci\u00f3n de piezas en un punto de la l\u00ednea, rechazos por contaminaci\u00f3n, adhesi\u00f3n de polvo, rotura de componentes electr\u00f3nicos\u2026 son solo algunas de las <\/span><span class=\"OYPEnA text-decoration-none text-strikethrough-none\">consecuencias que provoca, disminuyendo la producci\u00f3n y la calidad de los productos finales. El taller sobre gesti\u00f3n de la electricidad est\u00e1tica en la industria tiene como objetivo concienciar sobre los riesgos asociados con este fen\u00f3meno y proporcionar estrategias efectivas para su control y eliminaci\u00f3n en los procesos industriales. Al implementar medidas preventivas adecuadas, podemos garantizar la seguridad, calidad y eficiencia en la producci\u00f3n industrial.<\/span><\/p>\n<p class=\"cvGsUA direction-ltr align-start para-style-body\"><span class=\"OYPEnA text-decoration-none text-strikethrough-none\">A trav\u00e9s de estudios de casos pr\u00e1cticos, exploraremos c\u00f3mo estas medidas de control se aplican en entornos industriales espec\u00edficos, destacando las mejores pr\u00e1cticas y lecciones aprendidas.<\/span><\/p>\n<p>&nbsp;<\/p>\n<p style=\"text-align: left;\"><strong>Contenido \/ Programa<\/strong><\/p>\n<p><span class=\"OYPEnA text-decoration-none text-strikethrough-none\">Presentaci\u00f3n sobre futura jornada sobre Innovaci\u00f3n en Eficiencia Energ\u00e9tica para la Industria: T\u00e9cnicas y Dispositivos Avanzados en el marco del proyecto ADAGE.<\/span><\/p>\n<p><strong>10:00<\/strong> \/ Bienvenida y presentaci\u00f3n de la jornada<\/p>\n<p><strong>10:05<\/strong> \/ Soluciones SMC para la neutralizaci\u00f3n de la electricidad est\u00e1tica<\/p>\n<p><strong>11:50<\/strong> \/ Eficiencia energ\u00e9tica, presentaci\u00f3n proyecto ADAGE (AIJU)<\/p>\n<p><strong>11:55<\/strong> \/ Ruegos y preguntas<\/p>\n<p>&nbsp;<\/p>\n<p style=\"text-align: left;\"><strong>CV Profesorado:<\/strong><\/p>\n<p><strong>&#8211; <\/strong>Juan Ignacio Clemente (SMC)<br \/>\n<strong>&#8211; <\/strong>Jose Angel Soben (SMC)<br \/>\n<strong>&#8211; <\/strong>Javier Mata (SMC)<br \/>\n<strong>&#8211; <\/strong>Joaqu\u00edn Juan Montalvo (AIJU)<\/p>\n<p>&nbsp;<\/p>\n<p><strong>Precio:<\/strong><\/p>\n<p>GRATUITO<\/p>\n<p>&nbsp;<\/p>\n","protected":false},"excerpt":{"rendered":"<p>La electricidad est\u00e1tica, un enemigo invisible en la industria que afecta al rendimiento y calidad de la producci\u00f3n. Nuestro taller ofrece estrategias de control para minimizar sus efectos adversos y mejorar la eficiencia industrial<\/p>\n","protected":false},"featured_media":4783,"comment_status":"closed","ping_status":"closed","template":"","meta":{"_acf_changed":false,"_vibebp_attr":"","_vibebp_dimensions":"","_vibebp_responsive_height":"","_vibebp_accordion_ie_support":""},"product_brand":[],"product_cat":[161,138],"product_tag":[],"class_list":{"0":"post-4778","1":"product","2":"type-product","3":"status-publish","4":"has-post-thumbnail","6":"product_cat-finalizado","7":"product_cat-gratuito","9":"first","10":"instock","11":"shipping-taxable","12":"product-type-simple"},"acf":[],"_links":{"self":[{"href":"https:\/\/formacionaiju.es\/en\/wp-json\/wp\/v2\/product\/4778","targetHints":{"allow":["GET"]}}],"collection":[{"href":"https:\/\/formacionaiju.es\/en\/wp-json\/wp\/v2\/product"}],"about":[{"href":"https:\/\/formacionaiju.es\/en\/wp-json\/wp\/v2\/types\/product"}],"replies":[{"embeddable":true,"href":"https:\/\/formacionaiju.es\/en\/wp-json\/wp\/v2\/comments?post=4778"}],"version-history":[{"count":5,"href":"https:\/\/formacionaiju.es\/en\/wp-json\/wp\/v2\/product\/4778\/revisions"}],"predecessor-version":[{"id":4986,"href":"https:\/\/formacionaiju.es\/en\/wp-json\/wp\/v2\/product\/4778\/revisions\/4986"}],"wp:featuredmedia":[{"embeddable":true,"href":"https:\/\/formacionaiju.es\/en\/wp-json\/wp\/v2\/media\/4783"}],"wp:attachment":[{"href":"https:\/\/formacionaiju.es\/en\/wp-json\/wp\/v2\/media?parent=4778"}],"wp:term":[{"taxonomy":"product_brand","embeddable":true,"href":"https:\/\/formacionaiju.es\/en\/wp-json\/wp\/v2\/product_brand?post=4778"},{"taxonomy":"product_cat","embeddable":true,"href":"https:\/\/formacionaiju.es\/en\/wp-json\/wp\/v2\/product_cat?post=4778"},{"taxonomy":"product_tag","embeddable":true,"href":"https:\/\/formacionaiju.es\/en\/wp-json\/wp\/v2\/product_tag?post=4778"}],"curies":[{"name":"wp","href":"https:\/\/api.w.org\/{rel}","templated":true}]}}