{"id":4819,"date":"2024-05-13T09:46:22","date_gmt":"2024-05-13T07:46:22","guid":{"rendered":"https:\/\/formacionaiju.es\/?post_type=product&#038;p=4819"},"modified":"2024-05-23T12:54:14","modified_gmt":"2024-05-23T10:54:14","slug":"ii-jornada-inteligencia-artificial","status":"publish","type":"product","link":"https:\/\/formacionaiju.es\/en\/product\/ii-jornada-inteligencia-artificial\/","title":{"rendered":"II Jornada Inteligencia Artificial"},"content":{"rendered":"<p style=\"text-align: left;\"><strong>Destinatarios\/as<\/strong><\/p>\n<p class=\"_04xlpA direction-ltr align-justify para-style-body\" style=\"text-align: left;\"><span class=\"OYPEnA text-decoration-none text-strikethrough-none\">Empresas, profesorado y estudiantes.<\/span><\/p>\n<p>&nbsp;<\/p>\n<p style=\"text-align: left;\"><strong>Contenido \/ Programa<\/strong><\/p>\n<p class=\"cvGsUA direction-ltr align-start para-style-body\"><strong><span class=\"OYPEnA text-decoration-none text-strikethrough-none\">10:00h<\/span><\/strong><span class=\"OYPEnA text-decoration-none text-strikethrough-none\"> &#8211; Recepci\u00f3n participantes<\/span><\/p>\n<p class=\"cvGsUA direction-ltr align-start para-style-body\"><strong><span class=\"OYPEnA text-decoration-none text-strikethrough-none\">10:15h<\/span><\/strong><span class=\"OYPEnA text-decoration-none text-strikethrough-none\"> \u2013 Bienvenida Direcci\u00f3n de la UPV y\/o Valencia<\/span><\/p>\n<p class=\"cvGsUA direction-ltr align-start para-style-body\"><strong><span class=\"OYPEnA text-decoration-none text-strikethrough-none\">10:45h<\/span><\/strong><span class=\"OYPEnA text-decoration-none text-strikethrough-none\"> &#8211; Presentaci\u00f3n VRAIN, Jordi Linares <\/span><\/p>\n<p class=\"cvGsUA direction-ltr align-start para-style-body\"><span class=\"OYPEnA text-decoration-none text-strikethrough-none\"><strong>11:00h<\/strong> &#8211; Presentaci\u00f3n AIJU, Jose Carlos Sola<\/span><\/p>\n<p class=\"cvGsUA direction-ltr align-start para-style-body\"><strong><span class=\"OYPEnA text-decoration-none text-strikethrough-none\">11.15h<\/span><\/strong><span class=\"OYPEnA text-decoration-none text-strikethrough-none\"> &#8211; &#8220;IA en la Educaci\u00f3n, Entretenimiento y Salud&#8221; VRAIN, Jordi Linares<\/span><\/p>\n<p class=\"cvGsUA direction-ltr align-start para-style-body\"><strong><span class=\"OYPEnA text-decoration-none text-strikethrough-none\">11:40h <\/span><\/strong><span class=\"OYPEnA text-decoration-none text-strikethrough-none\">&#8211; &#8220;IA aplicada en Juguete&#8221; AIJU, Jose Carlos<\/span><\/p>\n<p class=\"cvGsUA direction-ltr align-start para-style-body\"><strong><span class=\"OYPEnA text-decoration-none text-strikethrough-none\">12:00h<\/span><\/strong><span class=\"OYPEnA text-decoration-none text-strikethrough-none\"> &#8211; Exhibici\u00f3n Casos de Uso, VRAIN y AIJU<\/span><\/p>\n<p class=\"cvGsUA direction-ltr align-start para-style-body\"><strong><span class=\"OYPEnA text-decoration-none text-strikethrough-none\">12:45h<\/span><\/strong><span class=\"OYPEnA text-decoration-none text-strikethrough-none\"> &#8211; Cierre de la Jornada, Jordi Linares<\/span><\/p>\n<p>&nbsp;<\/p>\n<p style=\"text-align: left;\"><strong>CV Profesorado:<\/strong><\/p>\n<p><strong>D. Jordi Linares:<\/strong> Doctor en Inform\u00e1tica y actualmente docente e investigador en la Universitat Polit\u00e8cnica de Val\u00e8ncia (Campus d&#8217;Alcoi). La interacci\u00f3n Persona-Ordenador y el uso de la IA (machine learning, deep learning) en la mejora de la forma en que se interact\u00faa con los dispositivos y las personas es su principal actividad investigadora. La computaci\u00f3n sem\u00e1ntica para la realidad aumentada, utilizando el aprendizaje profundo y la IA centrada en el ser humano centran su inter\u00e9s en este momento. Actualmente desarrolla apps interactivas, realidad aumentada y virtual, juegos y serious games, chatbots, asistentes de voz, etc., en diversas \u00e1reas: industria, educaci\u00f3n, sanidad&#8230; As\u00ed mismo, ense\u00f1a programaci\u00f3n, interacci\u00f3n, VR\/AR, y Machine Learning\/Deep Learning.<\/p>\n<p><strong>D. Jose Carlos Sola:<\/strong> Graduado en Ingenier\u00eda Inform\u00e1tica y M\u00e1ster en Big Data Analytics por la Universidad Polit\u00e9cnica de Valencia. As\u00ed mismo, tambi\u00e9n cuenta con un M\u00e1ster en Ciencia de Datos por la Universitat Oberta de Catalunya y actualmente se encuentra Doctorando en Inform\u00e1tica en la UPV. Actualmente, es el Responsable del \u00c1rea de Tecnolog\u00edas Digitales Integradas de AIJU, y est\u00e1 involucrado en la coordinaci\u00f3n de proyectos de I+D en los sectores de juguetes y salud, destacando el uso de Inteligencia Artificial en la creaci\u00f3n de Smart Toys y en la detecci\u00f3n de enfermedades.<\/p>\n<p>&nbsp;<\/p>\n<p><strong>Precio:<\/strong><\/p>\n<p>GRATUITO<\/p>\n","protected":false},"excerpt":{"rendered":"<p>Potenciando Empresas en el mundo real<br \/>\nLa &#8220;II Jornada de Inteligencia Artificial&#8221; se enfocar\u00e1 en el potencial de la IA en las empresas, con eventos desde las 10:00 hasta las 13:00 el 22 de mayo de 2024 en la Sala Multiusos del Campus d\u2019Alcoi de la UPV. Incluye presentaciones sobre IA en educaci\u00f3n, entretenimiento, salud y su aplicaci\u00f3n en juguetes, adem\u00e1s de exhibiciones de casos de uso.<\/p>\n","protected":false},"featured_media":4830,"comment_status":"closed","ping_status":"closed","template":"","meta":{"_acf_changed":false,"_vibebp_attr":"","_vibebp_dimensions":"","_vibebp_responsive_height":"","_vibebp_accordion_ie_support":""},"product_brand":[],"product_cat":[161,138],"product_tag":[],"class_list":{"0":"post-4819","1":"product","2":"type-product","3":"status-publish","4":"has-post-thumbnail","6":"product_cat-finalizado","7":"product_cat-gratuito","9":"first","10":"instock","11":"shipping-taxable","12":"product-type-simple"},"acf":[],"_links":{"self":[{"href":"https:\/\/formacionaiju.es\/en\/wp-json\/wp\/v2\/product\/4819","targetHints":{"allow":["GET"]}}],"collection":[{"href":"https:\/\/formacionaiju.es\/en\/wp-json\/wp\/v2\/product"}],"about":[{"href":"https:\/\/formacionaiju.es\/en\/wp-json\/wp\/v2\/types\/product"}],"replies":[{"embeddable":true,"href":"https:\/\/formacionaiju.es\/en\/wp-json\/wp\/v2\/comments?post=4819"}],"version-history":[{"count":5,"href":"https:\/\/formacionaiju.es\/en\/wp-json\/wp\/v2\/product\/4819\/revisions"}],"predecessor-version":[{"id":4827,"href":"https:\/\/formacionaiju.es\/en\/wp-json\/wp\/v2\/product\/4819\/revisions\/4827"}],"wp:featuredmedia":[{"embeddable":true,"href":"https:\/\/formacionaiju.es\/en\/wp-json\/wp\/v2\/media\/4830"}],"wp:attachment":[{"href":"https:\/\/formacionaiju.es\/en\/wp-json\/wp\/v2\/media?parent=4819"}],"wp:term":[{"taxonomy":"product_brand","embeddable":true,"href":"https:\/\/formacionaiju.es\/en\/wp-json\/wp\/v2\/product_brand?post=4819"},{"taxonomy":"product_cat","embeddable":true,"href":"https:\/\/formacionaiju.es\/en\/wp-json\/wp\/v2\/product_cat?post=4819"},{"taxonomy":"product_tag","embeddable":true,"href":"https:\/\/formacionaiju.es\/en\/wp-json\/wp\/v2\/product_tag?post=4819"}],"curies":[{"name":"wp","href":"https:\/\/api.w.org\/{rel}","templated":true}]}}