{"id":4842,"date":"2024-05-13T16:13:35","date_gmt":"2024-05-13T14:13:35","guid":{"rendered":"https:\/\/formacionaiju.es\/?post_type=product&#038;p=4842"},"modified":"2024-06-21T13:28:33","modified_gmt":"2024-06-21T11:28:33","slug":"jornada-fundae-acciones-formativas-programadas-por-las-empresas-orientacion-de-costes","status":"publish","type":"product","link":"https:\/\/formacionaiju.es\/en\/product\/jornada-fundae-acciones-formativas-programadas-por-las-empresas-orientacion-de-costes\/","title":{"rendered":"Jornada FUNDAE &#8211; Acciones formativas programadas por las empresas: Orientaci\u00f3n de costes"},"content":{"rendered":"<p><strong>Modalidad<\/strong><\/p>\n<p>Presencial.<\/p>\n<p>&nbsp;<\/p>\n<p><strong>Destinatarios\/as<\/strong><\/p>\n<p>La Jornada est\u00e1 dirigida a Gerentes, Responsables de RRHH y de formaci\u00f3n de las empresas asociadas al Instituto y a sectores complementarios como el pl\u00e1stico.<\/p>\n<p>&nbsp;<\/p>\n<p><strong>Objetivos<\/strong><\/p>\n<p>El objetivo de esta acci\u00f3n informativa sobre formaci\u00f3n programada por las empresas es la difusi\u00f3n de las buenas pr\u00e1cticas en la gesti\u00f3n de esta formaci\u00f3n, entre las empresas del sector del juguete, producto infantil, ocio y su industria auxiliar, en la Comunidad Valenciana.<\/p>\n<p>&nbsp;<\/p>\n<p><strong>Programa<\/strong><\/p>\n<p><strong>T\u00edtulo: <\/strong>Gesti\u00f3n de costes en la formaci\u00f3n programada por las empresas. Conceptos generales.<br \/>\n&#8211; Importe m\u00e1ximo bonificable.<br \/>\n&#8211; L\u00edmites aplicables.<br \/>\n<strong>Ponente:<\/strong> David Jerez \/ Pedro Gonz\u00e1lez<br \/>\n<strong>Cargo:<\/strong> T\u00e9cnico<br \/>\n<strong>Duraci\u00f3n:<\/strong> 20 minutos<\/p>\n<p><strong>T\u00edtulo:<\/strong> Costes imputables.<br \/>\n&#8211; Costes directos.<br \/>\n&#8211; Costes indirectos.<br \/>\n&#8211; Costes de organizaci\u00f3n.<br \/>\n&#8211; Costes Salariales.<br \/>\n<strong>Ponente:<\/strong> David Jerez \/ Pedro Gonz\u00e1lez<br \/>\n<strong>Cargo:<\/strong> T\u00e9cnico<br \/>\n<strong>Duraci\u00f3n:<\/strong> 30 minutos<\/p>\n<p>Pausa caf\u00e9<\/p>\n<p><strong>T\u00edtulo:<\/strong> Soportes Justificativos.<br \/>\n&#8211; Requisitos formales.<br \/>\n&#8211; Requisitos de contenidos.<br \/>\n&#8211; Otros requisitos: pagos y contabilizaci\u00f3n<br \/>\n<strong>Ponente:<\/strong> David Jerez \/ Pedro Gonz\u00e1lez<br \/>\n<strong>Cargo:<\/strong> T\u00e9cnico<br \/>\n<strong>Duraci\u00f3n:<\/strong> 30 minutos.<\/p>\n<p>Ejemplos pr\u00e1cticos<br \/>\n<strong>Duraci\u00f3n:<\/strong> 20 minutos<\/p>\n","protected":false},"excerpt":{"rendered":"<p>Asiste a nuestra Jornada con t\u00e9cnicos de FUNDAE para conocer la orientaci\u00f3n de los costes en las acciones formativas programadas por las empresas.<\/p>\n","protected":false},"featured_media":4843,"comment_status":"closed","ping_status":"closed","template":"","meta":{"_acf_changed":false,"_vibebp_attr":"","_vibebp_dimensions":"","_vibebp_responsive_height":"","_vibebp_accordion_ie_support":""},"product_brand":[],"product_cat":[161,138],"product_tag":[],"class_list":{"0":"post-4842","1":"product","2":"type-product","3":"status-publish","4":"has-post-thumbnail","6":"product_cat-finalizado","7":"product_cat-gratuito","9":"first","10":"instock","11":"shipping-taxable","12":"product-type-simple"},"acf":[],"_links":{"self":[{"href":"https:\/\/formacionaiju.es\/en\/wp-json\/wp\/v2\/product\/4842","targetHints":{"allow":["GET"]}}],"collection":[{"href":"https:\/\/formacionaiju.es\/en\/wp-json\/wp\/v2\/product"}],"about":[{"href":"https:\/\/formacionaiju.es\/en\/wp-json\/wp\/v2\/types\/product"}],"replies":[{"embeddable":true,"href":"https:\/\/formacionaiju.es\/en\/wp-json\/wp\/v2\/comments?post=4842"}],"version-history":[{"count":3,"href":"https:\/\/formacionaiju.es\/en\/wp-json\/wp\/v2\/product\/4842\/revisions"}],"predecessor-version":[{"id":4937,"href":"https:\/\/formacionaiju.es\/en\/wp-json\/wp\/v2\/product\/4842\/revisions\/4937"}],"wp:featuredmedia":[{"embeddable":true,"href":"https:\/\/formacionaiju.es\/en\/wp-json\/wp\/v2\/media\/4843"}],"wp:attachment":[{"href":"https:\/\/formacionaiju.es\/en\/wp-json\/wp\/v2\/media?parent=4842"}],"wp:term":[{"taxonomy":"product_brand","embeddable":true,"href":"https:\/\/formacionaiju.es\/en\/wp-json\/wp\/v2\/product_brand?post=4842"},{"taxonomy":"product_cat","embeddable":true,"href":"https:\/\/formacionaiju.es\/en\/wp-json\/wp\/v2\/product_cat?post=4842"},{"taxonomy":"product_tag","embeddable":true,"href":"https:\/\/formacionaiju.es\/en\/wp-json\/wp\/v2\/product_tag?post=4842"}],"curies":[{"name":"wp","href":"https:\/\/api.w.org\/{rel}","templated":true}]}}