{"id":4874,"date":"2024-06-03T12:02:15","date_gmt":"2024-06-03T10:02:15","guid":{"rendered":"https:\/\/formacionaiju.es\/?post_type=product&#038;p=4874"},"modified":"2024-07-30T10:05:06","modified_gmt":"2024-07-30T08:05:06","slug":"productos-sanitarios","status":"publish","type":"product","link":"https:\/\/formacionaiju.es\/en\/product\/productos-sanitarios\/","title":{"rendered":"Fabricaci\u00f3n de producto sanitario"},"content":{"rendered":"<p><strong>Destinatarios\/as<\/strong><\/p>\n<p><span class=\"OYPEnA text-decoration-none text-strikethrough-none\">Personal directivo, t\u00e9cnico y de control de calidad de empresas que fabrican, controlan, importan o distribuyen producto sanitario (cualquier producto utilizado en asistencia sanitaria excepto medicamentos)<\/span><\/p>\n<p>&nbsp;<\/p>\n<p><strong>Objetivos<\/strong><\/p>\n<p class=\"cvGsUA direction-ltr align-start para-style-body\"><span class=\"OYPEnA text-decoration-none text-strikethrough-none\">Identificar las necesidades para trabajar con productos sanitarios a trav\u00e9s del cumplimiento de los requisitos del Reglamento (UE) 2017\/745 sobre productos sanitarios y el Real Decreto 192\/2023, de 21 de marzo, por el que se regulan los productos sanitarios.<\/span><\/p>\n<p>&nbsp;<\/p>\n<p><strong>Contenido<\/strong><\/p>\n<p>1. Definici\u00f3n de Productos Sanitario<br \/>\n2. Licencia Previa de Fabricaci\u00f3n<br \/>\n3. Clasificaci\u00f3n de Productos Sanitarios<br \/>\n4. An\u00e1lisis de Riesgos<br \/>\n5. Evaluaci\u00f3n Cl\u00ednica de Productos Sanitarios<br \/>\n6. Requisitos Esenciales de Seguridad y Funcionamiento<br \/>\n7. Expediente T\u00e9cnico de un Producto Sanitario<br \/>\n8. normas Armonizadas y Gu\u00edas MDCG<br \/>\n9. Fabricaci\u00f3n de los Productos Sanitarios<br \/>\n10. Seguimiento Poscomercializaci\u00f3n<br \/>\n11. Vigilancia de Mercado<\/p>\n<p>&nbsp;<\/p>\n<p><strong>CV Profesorado<\/strong><\/p>\n<p><strong>D. Miguel \u00c1ngel Pel\u00e1ez:<\/strong> Ingeniero Industrial. M\u00e1ster en Direcci\u00f3n de la Calidad Total. Master en Direcci\u00f3n de Operaciones. Profesor Asociado de la Universidad Polit\u00e9cnica de Madrid. Auditor, Revisor y Experto T\u00e9cnico del Organismo Notificado 0318.<\/p>\n<p>&nbsp;<\/p>\n<p><strong>Precio<\/strong><\/p>\n<p>Asociados\/as AIJU\/desempleados\/as: 300 euros; 2\u00ba asistente y siguientes de la misma empresa: 240 euros.<br \/>\nNo asociados\/as AIJU: 360 euros; 2\u00ba asistente y siguientes de la misma empresa: 300 euros.<br \/>\nPersonas colegiadas en el Colegio de Qu\u00edmicos de la CV y\/o asociadas a la Asociaci\u00f3n de Qu\u00edmicos de la CV: 270 euros.<\/p>\n<p>&nbsp;<\/p>\n<p><strong>Observaciones:<\/strong><br \/>\nUna vez aceptada su solicitud, AIJU le indicar\u00e1 cu\u00e1ndo debe efectuar el pago.<br \/>\nIMPORTANTE: La solicitud de preinscripci\u00f3n es tambi\u00e9n un compromiso de pago en caso de ser admitido en la acci\u00f3n formativa. S\u00f3lo se admitir\u00e1n cancelaciones con derecho a devoluci\u00f3n o anulaci\u00f3n del pago, si se comunican a AIJU con al menos 5 d\u00edas laborables de antelaci\u00f3n a la fecha de inicio. Una vez confirmada la plaza al alumno\/a, si \u00e9ste no asistiera al curso y no lo notifica, se le cobrar\u00e1 el importe integro del mismo.<br \/>\n* BONIFICACI\u00d3N CURSOS: el importe de este curso puede bonificarse de forma parcial si se solicita a la FUNDAE. Gesti\u00f3n de la bonificaci\u00f3n gratuita por parte de AIJU. Cons\u00faltenos.<br \/>\nAIJU se reserva el derecho a anular o aplazar este curso si no se llega a un m\u00ednimo de inscripciones.<\/p>\n","protected":false},"excerpt":{"rendered":"<p>Identifica las necesidades para trabajar con productos sanitarios a trav\u00e9s del cumplimiento de los requisitos del Reglamento (UE) 2017\/745 sobre productos sanitarios.<\/p>\n","protected":false},"featured_media":4875,"comment_status":"closed","ping_status":"closed","template":"","meta":{"_acf_changed":false,"_vibebp_attr":"","_vibebp_dimensions":"","_vibebp_responsive_height":"","_vibebp_accordion_ie_support":""},"product_brand":[],"product_cat":[161,36],"product_tag":[],"class_list":{"0":"post-4874","1":"product","2":"type-product","3":"status-publish","4":"has-post-thumbnail","6":"product_cat-finalizado","7":"product_cat-parcialmente-bonificable","9":"first","10":"instock","11":"shipping-taxable","12":"product-type-simple"},"acf":[],"_links":{"self":[{"href":"https:\/\/formacionaiju.es\/en\/wp-json\/wp\/v2\/product\/4874","targetHints":{"allow":["GET"]}}],"collection":[{"href":"https:\/\/formacionaiju.es\/en\/wp-json\/wp\/v2\/product"}],"about":[{"href":"https:\/\/formacionaiju.es\/en\/wp-json\/wp\/v2\/types\/product"}],"replies":[{"embeddable":true,"href":"https:\/\/formacionaiju.es\/en\/wp-json\/wp\/v2\/comments?post=4874"}],"version-history":[{"count":18,"href":"https:\/\/formacionaiju.es\/en\/wp-json\/wp\/v2\/product\/4874\/revisions"}],"predecessor-version":[{"id":4905,"href":"https:\/\/formacionaiju.es\/en\/wp-json\/wp\/v2\/product\/4874\/revisions\/4905"}],"wp:featuredmedia":[{"embeddable":true,"href":"https:\/\/formacionaiju.es\/en\/wp-json\/wp\/v2\/media\/4875"}],"wp:attachment":[{"href":"https:\/\/formacionaiju.es\/en\/wp-json\/wp\/v2\/media?parent=4874"}],"wp:term":[{"taxonomy":"product_brand","embeddable":true,"href":"https:\/\/formacionaiju.es\/en\/wp-json\/wp\/v2\/product_brand?post=4874"},{"taxonomy":"product_cat","embeddable":true,"href":"https:\/\/formacionaiju.es\/en\/wp-json\/wp\/v2\/product_cat?post=4874"},{"taxonomy":"product_tag","embeddable":true,"href":"https:\/\/formacionaiju.es\/en\/wp-json\/wp\/v2\/product_tag?post=4874"}],"curies":[{"name":"wp","href":"https:\/\/api.w.org\/{rel}","templated":true}]}}