{"id":4892,"date":"2024-06-10T11:46:26","date_gmt":"2024-06-10T09:46:26","guid":{"rendered":"https:\/\/formacionaiju.es\/?post_type=product&#038;p=4892"},"modified":"2024-07-12T08:53:24","modified_gmt":"2024-07-12T06:53:24","slug":"inyeccion-de-plasticos","status":"publish","type":"product","link":"https:\/\/formacionaiju.es\/en\/product\/inyeccion-de-plasticos\/","title":{"rendered":"Inyecci\u00f3n de pl\u00e1sticos"},"content":{"rendered":"<p><strong>Destinatarios\/as<\/strong><\/p>\n<p>Trabajadores\/as en activo, desempleados\/as.<\/p>\n<p>&nbsp;<\/p>\n<p><strong>Objetivos<\/strong><\/p>\n<p>&#8211; Obtener informaci\u00f3n sobre tipolog\u00eda de pl\u00e1sticos, estructura, propiedades.<br \/>\n&#8211; Conocer y aprender a controlar el proceso de inyecci\u00f3n.<br \/>\n&#8211; Conocer los defectos m\u00e1s comunes en piezas inyectadas y analizar sus posibles causas.<br \/>\n&#8211; Realizar pr\u00e1cticas a pie de m\u00e1quina que permitan ajustar par\u00e1metros, resolver dudas y observar de forma directa el proceso de inyecci\u00f3n y los defectos en las piezas inyectadas.<\/p>\n<p>&nbsp;<\/p>\n<p><strong>Contenido<\/strong><\/p>\n<p><strong>Sesi\u00f3n 1 &#8211; Teor\u00eda<\/strong><\/p>\n<p>1. Materiales termopl\u00e1sticos:<br \/>\n\u00ad Tipos de materiales.<br \/>\n\u00ad Fichas t\u00e9cnicas de los materiales.<br \/>\n\u00ad Caracter\u00edsticas de los materiales para su procesado.<br \/>\n\u00ad Caracter\u00edsticas que determinan la m\u00e1quina de inyecci\u00f3n.<\/p>\n<p>2. La m\u00e1quina de inyecci\u00f3n:<br \/>\n\u00ad Controles b\u00e1sicos para el mantenimiento de la m\u00e1quina.<br \/>\n\u00ad Movimientos de la m\u00e1quina de inyecci\u00f3n.<\/p>\n<p><strong>Sesi\u00f3n 2 &#8211; Teor\u00eda<\/strong><\/p>\n<p>3. El ciclo de inyecci\u00f3n de termopl\u00e1sticos:<br \/>\n\u00ad Sistema de plastificaci\u00f3n y par\u00e1metros.<br \/>\n\u00ad Inyecci\u00f3n y par\u00e1metros.<br \/>\n\u00ad Determinaci\u00f3n inicial de la carga (c\u00e1lculo).<br \/>\n\u00ad Llenado del molde, par\u00e1metros.<br \/>\n\u00ad Defectos habituales en las piezas de inyecci\u00f3n.<br \/>\n\u00ad Sistemas de expulsi\u00f3n y par\u00e1metros.<\/p>\n<p><strong>Sesi\u00f3n 3.A &#8211; Teor\u00eda<\/strong><\/p>\n<p>4. Factores previos al arranque de la m\u00e1quina:<br \/>\n\u00ad Estado de los materiales, calculo necesidades de secado.<br \/>\n\u00ad Sistema de refrigeraci\u00f3n moldes.<br \/>\n\u00ad Relaci\u00f3n Molde y m\u00e1quina.<br \/>\n\u00ad Mantenimiento de moldes.<br \/>\n\u00ad Calcular el tiempo de remanencia.<\/p>\n<p><strong>Sesi\u00f3n 3.B y 4 &#8211; Pr\u00e1ctica en m\u00e1quina<\/strong><\/p>\n<p>5. Pr\u00e1cticas:<br \/>\n\u00ad Colocar correctamente el seguro de molde.<br \/>\n\u00ad Llenado del molde con la primera etapa a m\u00e1xima velocidad posible.<br \/>\nColocar correctamente el punto de conmutaci\u00f3n.<br \/>\n\u00ad Colocar correctamente el tama\u00f1o de coj\u00edn.<br \/>\n\u00ad Verificar la fuerza de cierre.<br \/>\n\u00ad Verificar la capacidad de carga del husillo vs tiempo de enfriamiento.<\/p>\n<p>&nbsp;<\/p>\n<p><strong>CV Profesorado<\/strong><\/p>\n<p><strong>D. Juan Luis G\u00e1mez:<\/strong> Doctor por la universidad Polit\u00e9cnica de Valencia (UPV), ingeniero T\u00e9cnico industrial, Profesor asociado en la UPV impartiendo clases en la Universidad polit\u00e9cnica de Valencia en el departamento de Ingenier\u00eda Gr\u00e1fica, responsable del Departamento t\u00e9cnico en distintas empresas, Especialista en moldes y matrices y en procesos de transformaci\u00f3n de pol\u00edmeros, Asesor y formador para empresas de Inyecci\u00f3n de termopl\u00e1sticos. 20 a\u00f1os de experiencia en diversas empresas en el sector de la transformaci\u00f3n del pl\u00e1sticos y fabricaci\u00f3n de moldes.<\/p>\n<p><strong>D. Antonio Rico:<\/strong> Titulado T\u00e9cnico Superior en Pl\u00e1stico y Caucho. Ha realizado formaci\u00f3n complementaria sobre neum\u00e1tica y electricidad. Cuenta con m\u00e1s de 25 a\u00f1os de experiencia profesional. Actualmente es responsable de planta en la empresa Grupo Riber (Ibi-Alicante). Es docente habitual en cursos sobre inyecci\u00f3n, realizando tambi\u00e9n formaci\u00f3n a medida para empresas.<\/p>\n<p>&nbsp;<\/p>\n<p><strong>Precio<\/strong><\/p>\n<p>Asociados\/as AIJU-desempleados\/as: 400 euros; 2\u00ba asistente y siguientes de la misma empresa: 320 euros.<br \/>\nNo asociados\/as AIJU: 480 euros; 2\u00ba asistente y siguientes de la misma empresa: 400 euros.<br \/>\nPersonas colegiadas en el Colegio de Qu\u00edmicos de la CV y\/o asociadas a la Asociaci\u00f3n de Qu\u00edmicos de la CV: 360 euros.<\/p>\n<p>&nbsp;<\/p>\n<p><strong>Observaciones:<\/strong><br \/>\nUna vez aceptada su solicitud, AIJU le indicar\u00e1 cu\u00e1ndo debe efectuar el pago.<br \/>\nIMPORTANTE: La solicitud de preinscripci\u00f3n es tambi\u00e9n un compromiso de pago en caso de ser admitido en la acci\u00f3n formativa. S\u00f3lo se admitir\u00e1n cancelaciones con derecho a devoluci\u00f3n o anulaci\u00f3n del pago, si se comunican a AIJU con al menos 5 d\u00edas laborables de antelaci\u00f3n a la fecha de inicio. Una vez confirmada la plaza al alumno\/a, si \u00e9ste no asistiera al curso y no lo notifica, se le cobrar\u00e1 el importe integro del mismo.<br \/>\n* BONIFICACI\u00d3N CURSOS: el importe de este curso puede bonificarse parcialmente si se solicita a la FUNDAE. Gesti\u00f3n de la bonificaci\u00f3n gratuita por parte de AIJU. Cons\u00faltenos.<br \/>\nAIJU se reserva el derecho a anular o aplazar este curso si no se llega a un m\u00ednimo de inscripciones.<\/p>\n","protected":false},"excerpt":{"rendered":"<p><strong>(CURSO COMPLETO &#8211; Si est\u00e1s interesado en asitir, ponte en contacto con nosotros y te informaremos de la pr\u00f3xima edici\u00f3n del curso)<\/strong><\/p>\n<p><strong>Formaci\u00f3n teorico-pr\u00e1ctica.\u00a0<\/strong><\/p>\n<p>Aprende sobre tipos de pl\u00e1sticos, control del proceso de inyecci\u00f3n y an\u00e1lisis de defectos comunes. Realiza pr\u00e1cticas en m\u00e1quinas reales y ajusta par\u00e1metros con expertos en el campo.<\/p>\n","protected":false},"featured_media":4893,"comment_status":"closed","ping_status":"closed","template":"","meta":{"_acf_changed":false,"_vibebp_attr":"","_vibebp_dimensions":"","_vibebp_responsive_height":"","_vibebp_accordion_ie_support":""},"product_brand":[],"product_cat":[161,36],"product_tag":[],"class_list":{"0":"post-4892","1":"product","2":"type-product","3":"status-publish","4":"has-post-thumbnail","6":"product_cat-finalizado","7":"product_cat-parcialmente-bonificable","9":"first","10":"instock","11":"shipping-taxable","12":"product-type-simple"},"acf":[],"_links":{"self":[{"href":"https:\/\/formacionaiju.es\/en\/wp-json\/wp\/v2\/product\/4892","targetHints":{"allow":["GET"]}}],"collection":[{"href":"https:\/\/formacionaiju.es\/en\/wp-json\/wp\/v2\/product"}],"about":[{"href":"https:\/\/formacionaiju.es\/en\/wp-json\/wp\/v2\/types\/product"}],"replies":[{"embeddable":true,"href":"https:\/\/formacionaiju.es\/en\/wp-json\/wp\/v2\/comments?post=4892"}],"version-history":[{"count":11,"href":"https:\/\/formacionaiju.es\/en\/wp-json\/wp\/v2\/product\/4892\/revisions"}],"predecessor-version":[{"id":5014,"href":"https:\/\/formacionaiju.es\/en\/wp-json\/wp\/v2\/product\/4892\/revisions\/5014"}],"wp:featuredmedia":[{"embeddable":true,"href":"https:\/\/formacionaiju.es\/en\/wp-json\/wp\/v2\/media\/4893"}],"wp:attachment":[{"href":"https:\/\/formacionaiju.es\/en\/wp-json\/wp\/v2\/media?parent=4892"}],"wp:term":[{"taxonomy":"product_brand","embeddable":true,"href":"https:\/\/formacionaiju.es\/en\/wp-json\/wp\/v2\/product_brand?post=4892"},{"taxonomy":"product_cat","embeddable":true,"href":"https:\/\/formacionaiju.es\/en\/wp-json\/wp\/v2\/product_cat?post=4892"},{"taxonomy":"product_tag","embeddable":true,"href":"https:\/\/formacionaiju.es\/en\/wp-json\/wp\/v2\/product_tag?post=4892"}],"curies":[{"name":"wp","href":"https:\/\/api.w.org\/{rel}","templated":true}]}}