{"id":4990,"date":"2024-06-28T11:53:34","date_gmt":"2024-06-28T09:53:34","guid":{"rendered":"https:\/\/formacionaiju.es\/?post_type=product&#038;p=4990"},"modified":"2024-07-12T08:53:14","modified_gmt":"2024-07-12T06:53:14","slug":"webinar-ayudas-perte-de-economia-circular-del-sector-del-plastico","status":"publish","type":"product","link":"https:\/\/formacionaiju.es\/en\/product\/webinar-ayudas-perte-de-economia-circular-del-sector-del-plastico\/","title":{"rendered":"Webinar: Ayudas PERTE de Econom\u00eda Circular del sector del pl\u00e1stico"},"content":{"rendered":"<p style=\"text-align: left;\"><strong>Destinatarios\/as<\/strong><\/p>\n<p class=\"_04xlpA direction-ltr align-justify para-style-body\" style=\"text-align: left;\">Empresas de cualquier sector y que tengan iniciativas, ideas o proyectos para realizar actuaciones en el marco de la Econom\u00eda Circular sobre residuos de pol\u00edmeros pl\u00e1sticos.<\/p>\n<p>&nbsp;<\/p>\n<p style=\"text-align: left;\"><strong>Objetivos<\/strong><\/p>\n<p>&#8211; Entender los fundamentos de la convocatoria.<br \/>\n&#8211; Explicar los aspectos m\u00e1s importantes a tener en cuenta para la solicitud de las ayudas.<br \/>\n&#8211; Ejemplificar posibles proyectos que encajan en la convocatoria.<\/p>\n<p>&nbsp;<\/p>\n<p style=\"text-align: left;\"><strong>Contenido<\/strong><\/p>\n<p>&#8211; Requisitos m\u00e1s importantes para ser beneficiario.<br \/>\n&#8211; Tipolog\u00eda de proyectos financiables.<br \/>\n&#8211; Intensidad de ayuda seg\u00fan tipolog\u00eda de proyecto.<br \/>\n&#8211; Conceptos de gasto subvencionables seg\u00fan tipolog\u00eda de proyecto.<br \/>\n&#8211; Plazos de solicitud de ayuda y ejecuci\u00f3n de proyectos.<br \/>\n&#8211; Ejemplos de proyectos.<br \/>\n&#8211; Recomendaciones de cara a planificar y plantear los proyectos.<br \/>\n&#8211; Dudas y preguntas<\/p>\n<p>&nbsp;<\/p>\n<p style=\"text-align: left;\"><strong>CV Profesorado<\/strong><\/p>\n<p><strong>D. Iv\u00e1n Pont: <\/strong>T\u00e9cnico en Innovaci\u00f3n y Financiaci\u00f3n en Proyecta Innovaci\u00f3n<\/p>\n<p>&nbsp;<\/p>\n<p style=\"text-align: left;\"><strong>Precio<\/strong><\/p>\n<p>Gratuito<\/p>\n","protected":false},"excerpt":{"rendered":"<p>Con motivo de la publicaci\u00f3n de la Convocatoria de ayudas para el Impulso a la Econom\u00eda Circular en el sector del pl\u00e1stico convocamos una jornada online donde explicaremos los aspectos m\u00e1s importantes de la convocatoria para facilitar la solicitud de ayudas.<\/p>\n","protected":false},"featured_media":4996,"comment_status":"closed","ping_status":"closed","template":"","meta":{"_acf_changed":false,"_vibebp_attr":"","_vibebp_dimensions":"","_vibebp_responsive_height":"","_vibebp_accordion_ie_support":""},"product_brand":[],"product_cat":[161,138],"product_tag":[],"class_list":{"0":"post-4990","1":"product","2":"type-product","3":"status-publish","4":"has-post-thumbnail","6":"product_cat-finalizado","7":"product_cat-gratuito","9":"first","10":"instock","11":"shipping-taxable","12":"product-type-simple"},"acf":[],"_links":{"self":[{"href":"https:\/\/formacionaiju.es\/en\/wp-json\/wp\/v2\/product\/4990","targetHints":{"allow":["GET"]}}],"collection":[{"href":"https:\/\/formacionaiju.es\/en\/wp-json\/wp\/v2\/product"}],"about":[{"href":"https:\/\/formacionaiju.es\/en\/wp-json\/wp\/v2\/types\/product"}],"replies":[{"embeddable":true,"href":"https:\/\/formacionaiju.es\/en\/wp-json\/wp\/v2\/comments?post=4990"}],"version-history":[{"count":4,"href":"https:\/\/formacionaiju.es\/en\/wp-json\/wp\/v2\/product\/4990\/revisions"}],"predecessor-version":[{"id":5009,"href":"https:\/\/formacionaiju.es\/en\/wp-json\/wp\/v2\/product\/4990\/revisions\/5009"}],"wp:featuredmedia":[{"embeddable":true,"href":"https:\/\/formacionaiju.es\/en\/wp-json\/wp\/v2\/media\/4996"}],"wp:attachment":[{"href":"https:\/\/formacionaiju.es\/en\/wp-json\/wp\/v2\/media?parent=4990"}],"wp:term":[{"taxonomy":"product_brand","embeddable":true,"href":"https:\/\/formacionaiju.es\/en\/wp-json\/wp\/v2\/product_brand?post=4990"},{"taxonomy":"product_cat","embeddable":true,"href":"https:\/\/formacionaiju.es\/en\/wp-json\/wp\/v2\/product_cat?post=4990"},{"taxonomy":"product_tag","embeddable":true,"href":"https:\/\/formacionaiju.es\/en\/wp-json\/wp\/v2\/product_tag?post=4990"}],"curies":[{"name":"wp","href":"https:\/\/api.w.org\/{rel}","templated":true}]}}