{"id":5279,"date":"2024-09-30T12:51:55","date_gmt":"2024-09-30T10:51:55","guid":{"rendered":"https:\/\/formacionaiju.es\/?post_type=product&#038;p=5279"},"modified":"2024-10-24T17:06:30","modified_gmt":"2024-10-24T15:06:30","slug":"economia-circular-innovacion-y-futuro-en-el-sector-del-plastico","status":"publish","type":"product","link":"https:\/\/formacionaiju.es\/en\/product\/economia-circular-innovacion-y-futuro-en-el-sector-del-plastico\/","title":{"rendered":"Econom\u00eda circular: Innovaci\u00f3n y futuro en el sector del pl\u00e1stico"},"content":{"rendered":"<p><strong>Programa<\/strong><\/p>\n<p><img fetchpriority=\"high\" decoding=\"async\" class=\"alignnone  wp-image-5375\" src=\"https:\/\/formacionaiju.es\/wp-content\/uploads\/2024\/09\/Programa-evento-castellano-9-460x574.jpg\" alt=\"\" width=\"594\" height=\"740\" srcset=\"https:\/\/formacionaiju.es\/wp-content\/uploads\/2024\/09\/Programa-evento-castellano-9-460x574.jpg 460w, https:\/\/formacionaiju.es\/wp-content\/uploads\/2024\/09\/Programa-evento-castellano-9-300x375.jpg 300w, https:\/\/formacionaiju.es\/wp-content\/uploads\/2024\/09\/Programa-evento-castellano-9-96x120.jpg 96w, https:\/\/formacionaiju.es\/wp-content\/uploads\/2024\/09\/Programa-evento-castellano-9-310x387.jpg 310w\" sizes=\"(max-width: 594px) 100vw, 594px\" \/><\/p>\n<p><img decoding=\"async\" class=\"alignnone size-medium wp-image-5282\" src=\"https:\/\/formacionaiju.es\/wp-content\/uploads\/2024\/09\/logo-cirvet-460x140.jpg\" alt=\"\" width=\"300\" height=\"91\" srcset=\"https:\/\/formacionaiju.es\/wp-content\/uploads\/2024\/09\/logo-cirvet-460x140.jpg 460w, https:\/\/formacionaiju.es\/wp-content\/uploads\/2024\/09\/logo-cirvet-300x91.jpg 300w, https:\/\/formacionaiju.es\/wp-content\/uploads\/2024\/09\/logo-cirvet-120x37.jpg 120w, https:\/\/formacionaiju.es\/wp-content\/uploads\/2024\/09\/logo-cirvet-310x94.jpg 310w, https:\/\/formacionaiju.es\/wp-content\/uploads\/2024\/09\/logo-cirvet.jpg 539w\" sizes=\"(max-width: 300px) 100vw, 300px\" \/> <img decoding=\"async\" class=\"alignnone size-medium wp-image-5284\" src=\"https:\/\/formacionaiju.es\/wp-content\/uploads\/2024\/09\/logo-precyvling.jpg\" alt=\"\" width=\"243\" height=\"105\" srcset=\"https:\/\/formacionaiju.es\/wp-content\/uploads\/2024\/09\/logo-precyvling.jpg 243w, https:\/\/formacionaiju.es\/wp-content\/uploads\/2024\/09\/logo-precyvling-120x52.jpg 120w\" sizes=\"(max-width: 243px) 100vw, 243px\" \/> <img loading=\"lazy\" decoding=\"async\" class=\"alignnone size-medium wp-image-5286\" src=\"https:\/\/formacionaiju.es\/wp-content\/uploads\/2024\/09\/logo-circsyst-460x138.jpg\" alt=\"\" width=\"300\" height=\"90\" srcset=\"https:\/\/formacionaiju.es\/wp-content\/uploads\/2024\/09\/logo-circsyst-460x138.jpg 460w, https:\/\/formacionaiju.es\/wp-content\/uploads\/2024\/09\/logo-circsyst-1024x307.jpg 1024w, https:\/\/formacionaiju.es\/wp-content\/uploads\/2024\/09\/logo-circsyst-768x230.jpg 768w, https:\/\/formacionaiju.es\/wp-content\/uploads\/2024\/09\/logo-circsyst-1536x461.jpg 1536w, https:\/\/formacionaiju.es\/wp-content\/uploads\/2024\/09\/logo-circsyst-300x90.jpg 300w, https:\/\/formacionaiju.es\/wp-content\/uploads\/2024\/09\/logo-circsyst-120x36.jpg 120w, https:\/\/formacionaiju.es\/wp-content\/uploads\/2024\/09\/logo-circsyst-310x93.jpg 310w, https:\/\/formacionaiju.es\/wp-content\/uploads\/2024\/09\/logo-circsyst.jpg 1600w\" sizes=\"(max-width: 300px) 100vw, 300px\" \/><img loading=\"lazy\" decoding=\"async\" class=\"alignnone wp-image-5360\" src=\"https:\/\/formacionaiju.es\/wp-content\/uploads\/2024\/09\/logos-2-460x98.jpg\" alt=\"\" width=\"398\" height=\"85\" srcset=\"https:\/\/formacionaiju.es\/wp-content\/uploads\/2024\/09\/logos-2-460x98.jpg 460w, https:\/\/formacionaiju.es\/wp-content\/uploads\/2024\/09\/logos-2-300x64.jpg 300w, https:\/\/formacionaiju.es\/wp-content\/uploads\/2024\/09\/logos-2-120x26.jpg 120w, https:\/\/formacionaiju.es\/wp-content\/uploads\/2024\/09\/logos-2-310x66.jpg 310w, https:\/\/formacionaiju.es\/wp-content\/uploads\/2024\/09\/logos-2.jpg 506w\" sizes=\"(max-width: 398px) 100vw, 398px\" \/><\/p>\n","protected":false},"excerpt":{"rendered":"<p>Toda la actualidad sobre innovaci\u00f3n y futuro en el sector del pl\u00e1stico.<\/p>\n","protected":false},"featured_media":5288,"comment_status":"closed","ping_status":"closed","template":"","meta":{"_acf_changed":false,"_vibebp_attr":"","_vibebp_dimensions":"","_vibebp_responsive_height":"","_vibebp_accordion_ie_support":""},"product_brand":[],"product_cat":[161,133],"product_tag":[],"class_list":{"0":"post-5279","1":"product","2":"type-product","3":"status-publish","4":"has-post-thumbnail","6":"product_cat-finalizado","7":"product_cat-otros","9":"first","10":"instock","11":"shipping-taxable","12":"product-type-simple"},"acf":[],"_links":{"self":[{"href":"https:\/\/formacionaiju.es\/en\/wp-json\/wp\/v2\/product\/5279","targetHints":{"allow":["GET"]}}],"collection":[{"href":"https:\/\/formacionaiju.es\/en\/wp-json\/wp\/v2\/product"}],"about":[{"href":"https:\/\/formacionaiju.es\/en\/wp-json\/wp\/v2\/types\/product"}],"replies":[{"embeddable":true,"href":"https:\/\/formacionaiju.es\/en\/wp-json\/wp\/v2\/comments?post=5279"}],"version-history":[{"count":9,"href":"https:\/\/formacionaiju.es\/en\/wp-json\/wp\/v2\/product\/5279\/revisions"}],"predecessor-version":[{"id":5306,"href":"https:\/\/formacionaiju.es\/en\/wp-json\/wp\/v2\/product\/5279\/revisions\/5306"}],"wp:featuredmedia":[{"embeddable":true,"href":"https:\/\/formacionaiju.es\/en\/wp-json\/wp\/v2\/media\/5288"}],"wp:attachment":[{"href":"https:\/\/formacionaiju.es\/en\/wp-json\/wp\/v2\/media?parent=5279"}],"wp:term":[{"taxonomy":"product_brand","embeddable":true,"href":"https:\/\/formacionaiju.es\/en\/wp-json\/wp\/v2\/product_brand?post=5279"},{"taxonomy":"product_cat","embeddable":true,"href":"https:\/\/formacionaiju.es\/en\/wp-json\/wp\/v2\/product_cat?post=5279"},{"taxonomy":"product_tag","embeddable":true,"href":"https:\/\/formacionaiju.es\/en\/wp-json\/wp\/v2\/product_tag?post=5279"}],"curies":[{"name":"wp","href":"https:\/\/api.w.org\/{rel}","templated":true}]}}