{"id":5532,"date":"2024-11-11T21:27:18","date_gmt":"2024-11-11T19:27:18","guid":{"rendered":"https:\/\/formacionaiju.es\/?post_type=product&#038;p=5532"},"modified":"2025-05-26T08:42:07","modified_gmt":"2025-05-26T06:42:07","slug":"gestion-optima-de-la-logistica-aplicando-filosofia-lean-2a-edicion","status":"publish","type":"product","link":"https:\/\/formacionaiju.es\/en\/product\/gestion-optima-de-la-logistica-aplicando-filosofia-lean-2a-edicion\/","title":{"rendered":"Gesti\u00f3n \u00f3ptima de la log\u00edstica aplicando filosof\u00eda LEAN. 2\u00aa edici\u00f3n."},"content":{"rendered":"<p><strong>Destinatarios\/as<\/strong><\/p>\n<p><span class=\"OYPEnA text-decoration-none text-strikethrough-none\">Responsables de almac\u00e9n, mandos intermedios, responsables de mejora continua, ingenieros de planta, supervisores log\u00edsticos, encargados de producci\u00f3n, almaceneros.<\/span><\/p>\n<p>&nbsp;<\/p>\n<p><strong>Objetivos<\/strong><\/p>\n<p><span class=\"OYPEnA text-decoration-none text-strikethrough-none\">Conocer los principios y herramientas de la filosof\u00eda lean aplicadas al \u00e1rea de log\u00edstica.<\/span><\/p>\n<p>&nbsp;<\/p>\n<p><strong>Contenido<\/strong><\/p>\n<p>1-INTRODUCCI\u00d3N A LA LOG\u00cdSTICA Y A LA GESTI\u00d3N LEAN<br \/>\n2-CADENA DE VALOR<br \/>\n3-ORGANIZACI\u00d3N OHP<br \/>\n4-MAPA DE PROCESOS (ESTANDARIZACI\u00d3N CON PROCESOS OPERACIONALES)<br \/>\n5-HERRAMIENTAS LEAN<br \/>\n6-KPI\u2019s LOG\u00cdSTICOS<br \/>\n7-PLANES DE ACCI\u00d3N<br \/>\n8-HERRAMIENTAS DE PRODUCTIVIDAD LOG\u00cdSTICA<br \/>\n9-PLANIFICACI\u00d3N \u2013 NIVELACI\u00d3N DE CARGAS<br \/>\n10-GESTI\u00d3N DE INVENTARIOS<br \/>\n11-SISTEMA PULL<br \/>\n12-LOGISTICA DE APROVISIONAMIENTO Y LOG\u00cdSTICA INTERNA<br \/>\n13-DISE\u00d1O DE ALMACENES \u00d3PTIMOS<\/p>\n<p>&nbsp;<\/p>\n<p><strong>CV Profesorado<\/strong><\/p>\n<p><strong>Rub\u00e9n Soler Escoda:<\/strong> Ingeniero de Organizaci\u00f3n Industrial e Ingeniero T\u00e9cnico Industrial especializado en electr\u00f3nica industrial. Cuenta adem\u00e1s con un M\u00e1ster MBA y con las certificaciones Lean Yellow Belt y Green Belt en Log\u00edstica y Supply Chain. Ha trabajado en las siguientes multinacionales como Ingeniero de Planta (Procter&amp;Gamble), Responsable de Calidad de Producci\u00f3n (Famosa), Logistics Manager (Inditex) y Logistics Manager (Smurfit Kappa).<br \/>\nSus dos \u00faltimas etapas profesionales han estado m\u00e1s ligadas al \u00e1rea de log\u00edstica, las cuales le han permitido profesionalizarse en log\u00edstica interna, liderando equipos de hasta 100 personas y coordinando las \u00e1reas de recepciones, expediciones y abastecimiento a producci\u00f3n utilizando tanto almacenes inteligentes como almacenes convencionales.<\/p>\n<p>&nbsp;<\/p>\n<p><strong>Precio<\/strong><br \/>\nAsociados\/as AIJU: 210 euros; 2\u00ba asistente y siguientes de la misma empresa: 189 euros.<br \/>\nNo asociados\/as AIJU: 252 euros; 2\u00ba asistente y siguientes de la misma empresa: 210 euros.<\/p>\n<p><strong>Coste m\u00e1ximo bonificable por alumno: <\/strong>156\u20ac<\/p>\n<p>&nbsp;<\/p>\n<p><strong>Observaciones<\/strong><br \/>\nUna vez aceptada su solicitud, AIJU le indicar\u00e1 cu\u00e1ndo debe efectuar el pago.<br \/>\nIMPORTANTE: La solicitud de preinscripci\u00f3n es tambi\u00e9n un compromiso de pago en caso de ser admitido en la acci\u00f3n formativa. S\u00f3lo se admitir\u00e1n cancelaciones con derecho a devoluci\u00f3n o anulaci\u00f3n del pago, si se comunican a AIJU con al menos 5 d\u00edas laborables de antelaci\u00f3n a la fecha de inicio. Una vez confirmada la plaza al alumno\/a, si \u00e9ste no asistiera al curso y no lo notifica, se le cobrar\u00e1 el importe integro del mismo.<br \/>\n* BONIFICACI\u00d3N CURSOS: el importe de este curso puede bonificarse parcialmente si se solicita a la FUNDAE. Gesti\u00f3n de la bonificaci\u00f3n gratuita por parte de AIJU. Cons\u00faltenos.<\/p>\n","protected":false},"excerpt":{"rendered":"<p>Optimiza el \u00e1rea de log\u00edstica utilizando la filosof\u00eda LEAN.<\/p>\n","protected":false},"featured_media":5536,"comment_status":"closed","ping_status":"closed","template":"","meta":{"_acf_changed":false,"_vibebp_attr":"","_vibebp_dimensions":"","_vibebp_responsive_height":"","_vibebp_accordion_ie_support":""},"product_brand":[],"product_cat":[161,36],"product_tag":[],"class_list":{"0":"post-5532","1":"product","2":"type-product","3":"status-publish","4":"has-post-thumbnail","6":"product_cat-finalizado","7":"product_cat-parcialmente-bonificable","9":"first","10":"instock","11":"shipping-taxable","12":"product-type-simple"},"acf":[],"_links":{"self":[{"href":"https:\/\/formacionaiju.es\/en\/wp-json\/wp\/v2\/product\/5532","targetHints":{"allow":["GET"]}}],"collection":[{"href":"https:\/\/formacionaiju.es\/en\/wp-json\/wp\/v2\/product"}],"about":[{"href":"https:\/\/formacionaiju.es\/en\/wp-json\/wp\/v2\/types\/product"}],"replies":[{"embeddable":true,"href":"https:\/\/formacionaiju.es\/en\/wp-json\/wp\/v2\/comments?post=5532"}],"version-history":[{"count":10,"href":"https:\/\/formacionaiju.es\/en\/wp-json\/wp\/v2\/product\/5532\/revisions"}],"predecessor-version":[{"id":6173,"href":"https:\/\/formacionaiju.es\/en\/wp-json\/wp\/v2\/product\/5532\/revisions\/6173"}],"wp:featuredmedia":[{"embeddable":true,"href":"https:\/\/formacionaiju.es\/en\/wp-json\/wp\/v2\/media\/5536"}],"wp:attachment":[{"href":"https:\/\/formacionaiju.es\/en\/wp-json\/wp\/v2\/media?parent=5532"}],"wp:term":[{"taxonomy":"product_brand","embeddable":true,"href":"https:\/\/formacionaiju.es\/en\/wp-json\/wp\/v2\/product_brand?post=5532"},{"taxonomy":"product_cat","embeddable":true,"href":"https:\/\/formacionaiju.es\/en\/wp-json\/wp\/v2\/product_cat?post=5532"},{"taxonomy":"product_tag","embeddable":true,"href":"https:\/\/formacionaiju.es\/en\/wp-json\/wp\/v2\/product_tag?post=5532"}],"curies":[{"name":"wp","href":"https:\/\/api.w.org\/{rel}","templated":true}]}}