{"id":5562,"date":"2024-11-12T17:27:47","date_gmt":"2024-11-12T15:27:47","guid":{"rendered":"https:\/\/formacionaiju.es\/?post_type=product&#038;p=5562"},"modified":"2025-10-24T11:22:21","modified_gmt":"2025-10-24T09:22:21","slug":"tecnologia-y-diseno-de-moldes","status":"publish","type":"product","link":"https:\/\/formacionaiju.es\/en\/product\/tecnologia-y-diseno-de-moldes\/","title":{"rendered":"Tecnolog\u00eda y dise\u00f1o de moldes"},"content":{"rendered":"<p><strong>Destinatarios\/as<\/strong><br \/>\nPrioritariamente trabajadores en activo, aunque podr\u00e1 participar un porcentaje de desempleados.<\/p>\n<p>&nbsp;<\/p>\n<p><strong>Objetivos<\/strong><br \/>\nIdentificar la tecnolog\u00eda de moldeo de termopl\u00e1sticos y la configuraci\u00f3n de un molde de inyecci\u00f3n seg\u00fan los principios de funcionamiento y participar en un proceso de planteamiento y dise\u00f1o de un molde.<\/p>\n<p>&nbsp;<\/p>\n<p><strong>Contenido<\/strong><br \/>\nM\u00f3dulo 1. Conceptos de pl\u00e1sticos y procesos de conformaci\u00f3n para el moldeado.<br \/>\nM\u00f3dulo 2. Tecnolog\u00eda del molde.<br \/>\nM\u00f3dulo 3. Dise\u00f1o del molde.<\/p>\n<p>&nbsp;<\/p>\n<p><strong>Precio<\/strong><br \/>\nCurso subvencionado<\/p>\n<p>&nbsp;<\/p>\n<p><strong>Requisitos de acceso:\u00a0<\/strong><\/p>\n<p>Contar con alguna de las siguientes acreditaciones\/titulaciones:<\/p>\n<p>Certificado de profesionalidad de nivel 1.<br \/>\nT\u00edtulo Profesional B\u00e1sico (FP B\u00e1sica).<br \/>\nT\u00edtulo de Graduado en Educaci\u00f3n Secundaria Obligatoria (ESO) o equivalente.<br \/>\nT\u00edtulo de T\u00e9cnico (FP Grado medio) o equivalente Certificado de profesionalidad de nivel 2.<br \/>\nHaber superado la prueba de acceso a Ciclos Formativos de Grado Medio.<br \/>\nHaber superado cualquier prueba oficial de acceso a la universidad.<\/p>\n<p>&nbsp;<\/p>\n<p><img decoding=\"async\" class=\"alignnone wp-image-6206\" src=\"https:\/\/formacionaiju.es\/wp-content\/uploads\/2024\/11\/logos-todos-460x46.png\" alt=\"\" width=\"660\" height=\"66\" srcset=\"https:\/\/formacionaiju.es\/wp-content\/uploads\/2024\/11\/logos-todos-460x46.png 460w, https:\/\/formacionaiju.es\/wp-content\/uploads\/2024\/11\/logos-todos-1024x103.png 1024w, https:\/\/formacionaiju.es\/wp-content\/uploads\/2024\/11\/logos-todos-768x77.png 768w, https:\/\/formacionaiju.es\/wp-content\/uploads\/2024\/11\/logos-todos-1536x154.png 1536w, https:\/\/formacionaiju.es\/wp-content\/uploads\/2024\/11\/logos-todos-300x30.png 300w, https:\/\/formacionaiju.es\/wp-content\/uploads\/2024\/11\/logos-todos-120x12.png 120w, https:\/\/formacionaiju.es\/wp-content\/uploads\/2024\/11\/logos-todos-310x31.png 310w, https:\/\/formacionaiju.es\/wp-content\/uploads\/2024\/11\/logos-todos.png 1768w\" sizes=\"(max-width: 660px) 100vw, 660px\" \/><\/p>\n","protected":false},"excerpt":{"rendered":"<p>Este curso te brinda las claves para identificar la tecnolog\u00eda de moldeo de termopl\u00e1sticos y configurar moldes de inyecci\u00f3n siguiendo principios funcionales. Impulsa tu carrera en la industria del moldeo con un enfoque pr\u00e1ctico y especializado.<\/p>\n","protected":false},"featured_media":3788,"comment_status":"closed","ping_status":"closed","template":"","meta":{"_acf_changed":false,"_vibebp_attr":"","_vibebp_dimensions":"","_vibebp_responsive_height":"","_vibebp_accordion_ie_support":""},"product_brand":[],"product_cat":[161,136,178],"product_tag":[],"class_list":{"0":"post-5562","1":"product","2":"type-product","3":"status-publish","4":"has-post-thumbnail","6":"product_cat-finalizado","7":"product_cat-subvencionados","8":"product_cat-plan-nacional-ocupados","10":"first","11":"instock","12":"shipping-taxable","13":"product-type-simple"},"acf":[],"_links":{"self":[{"href":"https:\/\/formacionaiju.es\/en\/wp-json\/wp\/v2\/product\/5562","targetHints":{"allow":["GET"]}}],"collection":[{"href":"https:\/\/formacionaiju.es\/en\/wp-json\/wp\/v2\/product"}],"about":[{"href":"https:\/\/formacionaiju.es\/en\/wp-json\/wp\/v2\/types\/product"}],"replies":[{"embeddable":true,"href":"https:\/\/formacionaiju.es\/en\/wp-json\/wp\/v2\/comments?post=5562"}],"version-history":[{"count":13,"href":"https:\/\/formacionaiju.es\/en\/wp-json\/wp\/v2\/product\/5562\/revisions"}],"predecessor-version":[{"id":6209,"href":"https:\/\/formacionaiju.es\/en\/wp-json\/wp\/v2\/product\/5562\/revisions\/6209"}],"wp:featuredmedia":[{"embeddable":true,"href":"https:\/\/formacionaiju.es\/en\/wp-json\/wp\/v2\/media\/3788"}],"wp:attachment":[{"href":"https:\/\/formacionaiju.es\/en\/wp-json\/wp\/v2\/media?parent=5562"}],"wp:term":[{"taxonomy":"product_brand","embeddable":true,"href":"https:\/\/formacionaiju.es\/en\/wp-json\/wp\/v2\/product_brand?post=5562"},{"taxonomy":"product_cat","embeddable":true,"href":"https:\/\/formacionaiju.es\/en\/wp-json\/wp\/v2\/product_cat?post=5562"},{"taxonomy":"product_tag","embeddable":true,"href":"https:\/\/formacionaiju.es\/en\/wp-json\/wp\/v2\/product_tag?post=5562"}],"curies":[{"name":"wp","href":"https:\/\/api.w.org\/{rel}","templated":true}]}}