{"id":5595,"date":"2024-12-09T12:47:17","date_gmt":"2024-12-09T10:47:17","guid":{"rendered":"https:\/\/formacionaiju.es\/?post_type=product&#038;p=5595"},"modified":"2025-05-09T08:43:39","modified_gmt":"2025-05-09T06:43:39","slug":"defectos-en-piezas-de-plastico","status":"publish","type":"product","link":"https:\/\/formacionaiju.es\/en\/product\/defectos-en-piezas-de-plastico\/","title":{"rendered":"Defectos en piezas de pl\u00e1stico"},"content":{"rendered":"<p><strong>Destinatarios\/as<\/strong><br \/>\nTrabajadores\/as en activo, desempleados\/as.<\/p>\n<p>&nbsp;<\/p>\n<p><strong>Objetivos<\/strong><br \/>\nConocer los principales defectos en piezas inyectadas y aprender a valorar posibles causas y soluciones a los mismos.<\/p>\n<p>&nbsp;<\/p>\n<p><strong>Contenido<\/strong><br \/>\n<strong>1.<\/strong>\u00a0Clasificaci\u00f3n de defectos (identificaci\u00f3n): Rechupes, R\u00e1fagas, Burbujas, L\u00edneas de soldadura, Brillo, Efectos &#8220;jetting&#8221;, chorro, gusanillo, Efecto disco, Manchas opacas cerca de la entrada, Llenado incompleto de la pieza, Efecto diesel, Piezas sobreinyectadas, Coloraci\u00f3n blanca por tensi\u00f3n, Marcas visibles del expulsor, Deformaci\u00f3n durante el desmoldeo, Marcas de extracci\u00f3n, Delaminaci\u00f3n de la capa superficial, Tapones fr\u00edos, Formaci\u00f3n de filamentos, Puntos oscuros, Formaci\u00f3n de dep\u00f3sitos, Bisagra de l\u00e1mina fracturada, Distorsi\u00f3n por alabeo, Tecnolog\u00eda multicomponente, Rayas de tigre, Defectos por inyecci\u00f3n de espuma estructural, Llenado no uniforme, Variaciones dimensionales y de peso<br \/>\n<strong>2. <\/strong>Causas f\u00edsicas y remedios<br \/>\n<strong>3.<\/strong>\u00a0Efecto de las modificaciones de par\u00e1mentos sobre el proceso y la calidad de la pieza moldeada<br \/>\n<strong>4.<\/strong>\u00a0Indicaciones generales sobre la identificaci\u00f3n y correcci\u00f3n de defectos<\/p>\n<p><strong>Observaciones: Formaci\u00f3n fundamentalmente pr\u00e1ctica impartida a pie de m\u00e1quina<\/strong><\/p>\n<p>&nbsp;<\/p>\n<p><strong>CV Profesorado<\/strong><\/p>\n<p><strong>D. Manuel Guindo Garc\u00eda<\/strong>. Titulado T\u00e9cnico Superior en Pl\u00e1stico y Caucho. Ha realizado formaci\u00f3n complementaria sobre gesti\u00f3n y control de calidad, planificaci\u00f3n, organizaci\u00f3n y control de la producci\u00f3n, automatismos y electromec\u00e1nica, corriente continua, etc. Cuenta con 11 a\u00f1os de experiencia profesional en la empresa FEBER (Ibi-Alicante), desempe\u00f1ando, entre otras, funciones de responsable de montaje de juguetes o responsable de calidad. Posteriormente trabaj\u00f3 en la empresa GAVIOTA SIMBAC (Sax-Alicante) ocup\u00e1ndose de la puesta en marcha y optimizaci\u00f3n de la planta de inyecci\u00f3n de termopl\u00e1sticos y ejerciendo tambi\u00e9n las funciones de jefe de planta. Posteriormente fue jefe de planta de inyecci\u00f3n de termopl\u00e1sticos, inyecci\u00f3n con IML y programaci\u00f3n de robots en la empresa INYECTADOS ALCOY, S.L. Seguidamente fue responsable de la planta de inyecci\u00f3n de la empresa IMPRESIONES SEYCA (Ibi-Alicante) y actualmente ejerce funciones similares en otra empresa de la comarca. Es docente habitual en cursos sobre inyecci\u00f3n, realizando tambi\u00e9n formaci\u00f3n a medida para empresas. As\u00ed mismo, ha ejercicio de profesor de formaci\u00f3n reglada, colaborando en la impartici\u00f3n de los ciclos formativos de T\u00e9cnico de Transformaci\u00f3n de Pl\u00e1sticos y Caucho desde el a\u00f1o 2006.<\/p>\n<p>&nbsp;<\/p>\n<p><strong>Precio<\/strong><br \/>\nAsociados\/as AIJU: 300 euros; 2\u00ba asistente y siguientes de la misma empresa: 270 euros.<br \/>\nNo asociados\/as AIJU: 360 euros; 2\u00ba asistente y siguientes de la misma empresa: 330 euros.<\/p>\n<p>10% Descuento para colegiados en Colegio Qu\u00edmicos Comunidad Valenciana<\/p>\n<p><strong>Coste m\u00e1ximo bonificable por alumno: <\/strong>195\u20ac<\/p>\n<p>&nbsp;<\/p>\n<p><strong>Observaciones<\/strong><br \/>\nUna vez aceptada su solicitud, AIJU le indicar\u00e1 cu\u00e1ndo debe efectuar el pago.<br \/>\nIMPORTANTE: La solicitud de preinscripci\u00f3n es tambi\u00e9n un compromiso de pago en caso de ser admitido en la acci\u00f3n formativa. S\u00f3lo se admitir\u00e1n cancelaciones con derecho a devoluci\u00f3n o anulaci\u00f3n del pago, si se comunican a AIJU con al menos 5 d\u00edas laborables de antelaci\u00f3n a la fecha de inicio. Una vez confirmada la plaza al alumno\/a, si \u00e9ste no asistiera al curso y no lo notifica, se le cobrar\u00e1 el importe integro del mismo.<br \/>\n* BONIFICACI\u00d3N CURSOS: el importe de este curso puede bonificarse parcialmente si se solicita a la FUNDAE. Gesti\u00f3n de la bonificaci\u00f3n gratuita por parte de AIJU. Cons\u00faltenos.<\/p>\n","protected":false},"excerpt":{"rendered":"<p>Conoce las posibles causas y soluciones sobre los principales defectos en piezas de pl\u00e1stico inyectadas.<\/p>\n","protected":false},"featured_media":5597,"comment_status":"closed","ping_status":"closed","template":"","meta":{"_acf_changed":false,"_vibebp_attr":"","_vibebp_dimensions":"","_vibebp_responsive_height":"","_vibebp_accordion_ie_support":""},"product_brand":[],"product_cat":[161,36],"product_tag":[],"class_list":{"0":"post-5595","1":"product","2":"type-product","3":"status-publish","4":"has-post-thumbnail","6":"product_cat-finalizado","7":"product_cat-parcialmente-bonificable","9":"first","10":"instock","11":"shipping-taxable","12":"product-type-simple"},"acf":[],"_links":{"self":[{"href":"https:\/\/formacionaiju.es\/en\/wp-json\/wp\/v2\/product\/5595","targetHints":{"allow":["GET"]}}],"collection":[{"href":"https:\/\/formacionaiju.es\/en\/wp-json\/wp\/v2\/product"}],"about":[{"href":"https:\/\/formacionaiju.es\/en\/wp-json\/wp\/v2\/types\/product"}],"replies":[{"embeddable":true,"href":"https:\/\/formacionaiju.es\/en\/wp-json\/wp\/v2\/comments?post=5595"}],"version-history":[{"count":13,"href":"https:\/\/formacionaiju.es\/en\/wp-json\/wp\/v2\/product\/5595\/revisions"}],"predecessor-version":[{"id":5617,"href":"https:\/\/formacionaiju.es\/en\/wp-json\/wp\/v2\/product\/5595\/revisions\/5617"}],"wp:featuredmedia":[{"embeddable":true,"href":"https:\/\/formacionaiju.es\/en\/wp-json\/wp\/v2\/media\/5597"}],"wp:attachment":[{"href":"https:\/\/formacionaiju.es\/en\/wp-json\/wp\/v2\/media?parent=5595"}],"wp:term":[{"taxonomy":"product_brand","embeddable":true,"href":"https:\/\/formacionaiju.es\/en\/wp-json\/wp\/v2\/product_brand?post=5595"},{"taxonomy":"product_cat","embeddable":true,"href":"https:\/\/formacionaiju.es\/en\/wp-json\/wp\/v2\/product_cat?post=5595"},{"taxonomy":"product_tag","embeddable":true,"href":"https:\/\/formacionaiju.es\/en\/wp-json\/wp\/v2\/product_tag?post=5595"}],"curies":[{"name":"wp","href":"https:\/\/api.w.org\/{rel}","templated":true}]}}