{"id":5632,"date":"2024-12-16T17:47:48","date_gmt":"2024-12-16T15:47:48","guid":{"rendered":"https:\/\/formacionaiju.es\/?post_type=product&#038;p=5632"},"modified":"2025-04-07T11:54:46","modified_gmt":"2025-04-07T09:54:46","slug":"reglamento-de-seguridad-general-de-los-productos-nuevo-marco-legal-claves-para-el-sector-de-los-productos-infantiles","status":"publish","type":"product","link":"https:\/\/formacionaiju.es\/en\/product\/reglamento-de-seguridad-general-de-los-productos-nuevo-marco-legal-claves-para-el-sector-de-los-productos-infantiles\/","title":{"rendered":"Reglamento de Seguridad General de los Productos: nuevo marco legal. Claves para el sector de los productos infantiles"},"content":{"rendered":"<p><strong>Destinatarios\/as<\/strong><\/p>\n<p>&#8211; Personal de empresas de productos infantiles y productos de consumo en general. (fabricantes, importadores, distribuidores, plataformas online).<\/p>\n<p>&#8211; Personal t\u00e9cnico de organizaciones de consumidores, autoridades de consumo a cargo de actividades de vigilancia de mercado.<\/p>\n<p>&nbsp;<\/p>\n<p><strong>Objetivos<\/strong><\/p>\n<p>&#8211; El Reglamento (UE) 2023\/988 se aplica a partir del 13 de diciembre 2024 a todos los productos de consumo comercializados en la UE. Este curso tiene como objetivo abordar el reglamento de seguridad general de los productos de consumo comercializados en la UE y explorar c\u00f3mo el nuevo marco legal afecta a los productos infantiles, a fin de ofrecer a las empresas del sector una formaci\u00f3n de acuerdo a sus necesidades espec\u00edficas.<\/p>\n<p>&#8211; Los diferentes m\u00f3dulos del curso abordar\u00e1n aspectos clave como las nuevas obligaciones para los distintos operadores econ\u00f3micos bajo el nuevo Reglamento, los procesos de an\u00e1lisis de riesgos o los requisitos qu\u00edmicos. Este curso tambi\u00e9n incluye formaci\u00f3n sobre seguridad de juguetes y otros productos infantiles y la importancia de la seguridad por dise\u00f1o. A trav\u00e9s de lecciones y casos pr\u00e1cticos los asistentes podr\u00e1n ampliar sus conocimientos de este nuevo marco de seguridad y estar preparados para adaptarse al mismo.<\/p>\n<p>&nbsp;<\/p>\n<p><strong>Contenido<\/strong><\/p>\n<p><img fetchpriority=\"high\" decoding=\"async\" class=\"alignnone wp-image-5642\" src=\"https:\/\/formacionaiju.es\/wp-content\/uploads\/2024\/12\/PLANIFICACION-buena-1-460x482.jpg\" alt=\"\" width=\"581\" height=\"608\" srcset=\"https:\/\/formacionaiju.es\/wp-content\/uploads\/2024\/12\/PLANIFICACION-buena-1-460x482.jpg 460w, https:\/\/formacionaiju.es\/wp-content\/uploads\/2024\/12\/PLANIFICACION-buena-1-768x805.jpg 768w, https:\/\/formacionaiju.es\/wp-content\/uploads\/2024\/12\/PLANIFICACION-buena-1-300x314.jpg 300w, https:\/\/formacionaiju.es\/wp-content\/uploads\/2024\/12\/PLANIFICACION-buena-1-115x120.jpg 115w, https:\/\/formacionaiju.es\/wp-content\/uploads\/2024\/12\/PLANIFICACION-buena-1-310x325.jpg 310w, https:\/\/formacionaiju.es\/wp-content\/uploads\/2024\/12\/PLANIFICACION-buena-1.jpg 778w\" sizes=\"(max-width: 581px) 100vw, 581px\" \/><\/p>\n<p>&nbsp;<\/p>\n<p>Horarios aula virtual: 9:30 &#8211; 11:30h.<br \/>\nSesi\u00f3n presencial: 9:30 &#8211; 13:30h.<\/p>\n<p><span style=\"color: #008080;\"><strong>Por favor, en caso de inscripci\u00f3n indicad en el apartado de observaciones los m\u00f3dulos a los que se desea inscribir o en su defecto, si se quiere cursar la formaci\u00f3n completa. Tambi\u00e9n pod\u00e9is contactar con formacion<span class=\"atwho-query\">@aiju.es<\/span><\/strong><\/span><\/p>\n<p>&nbsp;<\/p>\n<p><span style=\"color: #000000;\"><strong>Plazo de inscripci\u00f3n<br \/>\n<\/strong>M\u00f3dulo 1 y curso completo: 15 febrero<br \/>\nM\u00f3dulo 2: 22 febrero<br \/>\nM\u00f3dulo 3: 8 marzo <strong>(COMPLETO)<\/strong><br \/>\nM\u00f3dulo 4:\u00a0 17 marzo<br \/>\nM\u00f3dulo 5:\u00a0 22 marzo<br \/>\nM\u00f3dulo 6 : 29 marzo<br \/>\nM\u00f3dulo 7: 29 marzo (es presencial)<\/span><\/p>\n<p>&nbsp;<\/p>\n<p><strong>Precio<\/strong><\/p>\n<p><img decoding=\"async\" class=\"alignnone wp-image-5655\" src=\"https:\/\/formacionaiju.es\/wp-content\/uploads\/2024\/12\/coste-modulos-1-460x403.jpg\" alt=\"\" width=\"383\" height=\"336\" srcset=\"https:\/\/formacionaiju.es\/wp-content\/uploads\/2024\/12\/coste-modulos-1-460x403.jpg 460w, https:\/\/formacionaiju.es\/wp-content\/uploads\/2024\/12\/coste-modulos-1-300x263.jpg 300w, https:\/\/formacionaiju.es\/wp-content\/uploads\/2024\/12\/coste-modulos-1-120x105.jpg 120w, https:\/\/formacionaiju.es\/wp-content\/uploads\/2024\/12\/coste-modulos-1-310x271.jpg 310w, https:\/\/formacionaiju.es\/wp-content\/uploads\/2024\/12\/coste-modulos-1.jpg 681w\" sizes=\"(max-width: 383px) 100vw, 383px\" \/><\/p>\n<p>Precio para socios: curso completo <strong>900\u20ac<\/strong>.<br \/>\nPrecio no socios: incremento <strong>20%<\/strong> tanto en el curso completo como en m\u00f3dulos.<br \/>\nSegunda inscripci\u00f3n y siguientes de la misma empresa: <strong>10%<\/strong> descuento.<\/p>\n<p><strong>Coste m\u00e1ximo bonificable por alumno: <\/strong>390 euros (SOLO SE GESTIONAR\u00c1 LA BONIFICACI\u00d3N SI SE REALIZA EL CURSO COMPLETO)<\/p>\n<p>&nbsp;<\/p>\n<p><strong>Observaciones<\/strong><br \/>\nUna vez aceptada su solicitud, AIJU le indicar\u00e1 cu\u00e1ndo debe efectuar el pago.<br \/>\nIMPORTANTE: La solicitud de preinscripci\u00f3n es tambi\u00e9n un compromiso de pago en caso de ser admitido en la acci\u00f3n formativa. S\u00f3lo se admitir\u00e1n cancelaciones con derecho a devoluci\u00f3n o anulaci\u00f3n del pago, si se comunican a AIJU con al menos 5 d\u00edas laborables de antelaci\u00f3n a la fecha de inicio. Una vez confirmada la plaza al alumno\/a, si \u00e9ste no asistiera al curso y no lo notifica, se le cobrar\u00e1 el importe integro del mismo.<br \/>\n* BONIFICACI\u00d3N CURSOS: el importe de este curso puede bonificarse de forma parcial si se solicita a la FUNDAE. Gesti\u00f3n de la bonificaci\u00f3n gratuita por parte de AIJU. Cons\u00faltenos.<\/p>\n","protected":false},"excerpt":{"rendered":"<p>Nos adaptamos a tus necesidades. Elige tus m\u00f3dulos o el curso completo.<\/p>\n","protected":false},"featured_media":5649,"comment_status":"closed","ping_status":"closed","template":"","meta":{"_acf_changed":false,"_vibebp_attr":"","_vibebp_dimensions":"","_vibebp_responsive_height":"","_vibebp_accordion_ie_support":""},"product_brand":[],"product_cat":[161,36],"product_tag":[],"class_list":{"0":"post-5632","1":"product","2":"type-product","3":"status-publish","4":"has-post-thumbnail","6":"product_cat-finalizado","7":"product_cat-parcialmente-bonificable","9":"first","10":"instock","11":"shipping-taxable","12":"product-type-simple"},"acf":[],"_links":{"self":[{"href":"https:\/\/formacionaiju.es\/en\/wp-json\/wp\/v2\/product\/5632","targetHints":{"allow":["GET"]}}],"collection":[{"href":"https:\/\/formacionaiju.es\/en\/wp-json\/wp\/v2\/product"}],"about":[{"href":"https:\/\/formacionaiju.es\/en\/wp-json\/wp\/v2\/types\/product"}],"replies":[{"embeddable":true,"href":"https:\/\/formacionaiju.es\/en\/wp-json\/wp\/v2\/comments?post=5632"}],"version-history":[{"count":14,"href":"https:\/\/formacionaiju.es\/en\/wp-json\/wp\/v2\/product\/5632\/revisions"}],"predecessor-version":[{"id":5652,"href":"https:\/\/formacionaiju.es\/en\/wp-json\/wp\/v2\/product\/5632\/revisions\/5652"}],"wp:featuredmedia":[{"embeddable":true,"href":"https:\/\/formacionaiju.es\/en\/wp-json\/wp\/v2\/media\/5649"}],"wp:attachment":[{"href":"https:\/\/formacionaiju.es\/en\/wp-json\/wp\/v2\/media?parent=5632"}],"wp:term":[{"taxonomy":"product_brand","embeddable":true,"href":"https:\/\/formacionaiju.es\/en\/wp-json\/wp\/v2\/product_brand?post=5632"},{"taxonomy":"product_cat","embeddable":true,"href":"https:\/\/formacionaiju.es\/en\/wp-json\/wp\/v2\/product_cat?post=5632"},{"taxonomy":"product_tag","embeddable":true,"href":"https:\/\/formacionaiju.es\/en\/wp-json\/wp\/v2\/product_tag?post=5632"}],"curies":[{"name":"wp","href":"https:\/\/api.w.org\/{rel}","templated":true}]}}