{"id":5659,"date":"2024-12-17T11:38:40","date_gmt":"2024-12-17T09:38:40","guid":{"rendered":"https:\/\/formacionaiju.es\/?post_type=product&#038;p=5659"},"modified":"2025-01-29T17:22:13","modified_gmt":"2025-01-29T15:22:13","slug":"webinar-preparado-para-el-reglamento-ue-2023-988-aspectos-clave-para-empresas-de-productos-infantiles","status":"publish","type":"product","link":"https:\/\/formacionaiju.es\/en\/product\/webinar-preparado-para-el-reglamento-ue-2023-988-aspectos-clave-para-empresas-de-productos-infantiles\/","title":{"rendered":"Webinar: \u00bfPreparado para el Reglamento (UE) 2023\/988? Aspectos clave para empresas de productos infantiles"},"content":{"rendered":"<p style=\"text-align: left;\"><strong>Destinatarios\/as<\/strong><\/p>\n<p>&#8211; Personal de empresas de productos infantiles y productos de consumo en general (fabricantes, importadores, distribuidores, plataformas online).<br \/>\n&#8211; Personal t\u00e9cnico de organizaciones de consumidores y autoridades de consumo a cargo de actividades de vigilancia de mercado.<\/p>\n<p>&nbsp;<\/p>\n<p style=\"text-align: left;\"><strong>Objetivos<\/strong><\/p>\n<p class=\"_04xlpA direction-ltr align-justify para-style-body\" style=\"text-align: left;\">&#8211; Abordar los principales aspectos del nuevo Reglamento (UE) 2023\/988 sobre seguridad general de los productos de aplicaci\u00f3n desde el 13 de diciembre de 2024 a todos los productos de consumo comercializados en el mercado de la UE.<br \/>\n&#8211; Dar a conocer herramientas para facilitar la adaptaci\u00f3n al nuevo reglamento por parte de las empresas de productos infantiles (juguetes, art\u00edculos de puericultura, mobiliario infantil, ropa, art\u00edculos deportivos, equipamiento de juego, etc.)<\/p>\n<p>&nbsp;<\/p>\n<p style=\"text-align: left;\"><strong>Contenido<\/strong><\/p>\n<p>&#8211; Obligaciones legales y requisitos de seguridad para los operadores econ\u00f3micos.<br \/>\n&#8211; Venta online en el nuevo marco legal.<br \/>\n&#8211; Portal Safety Gate. La vigilancia de mercado.<br \/>\n&#8211; La comunicaci\u00f3n con los consumidores.<br \/>\n&#8211; Gesti\u00f3n de riesgos para adecuar los productos al nuevo marco legal.<br \/>\n&#8211; Herramientas para las peque\u00f1as y medianas empresas en relaci\u00f3n al nuevo reglamento.<\/p>\n<p>&nbsp;<\/p>\n<p style=\"text-align: left;\"><strong>CV Profesorado<\/strong><\/p>\n<p><strong>D\u00f1a. Mar\u00eda Cruz Arenas: <\/strong>Project Manager. \u00c1rea de Seguridad de Productos y Entornos Infantiles. Instituto Tecnol\u00f3gico del Producto Infantil y de Ocio (AIJU). Investigadora en metodolog\u00edas para la evaluaci\u00f3n de riesgos en productos infantiles y gestora de proyectos nacionales y europeos en seguridad de producto.<\/p>\n<p>&nbsp;<\/p>\n<p style=\"text-align: left;\"><strong>Precio<\/strong><\/p>\n<p>Gratuito<\/p>\n<p>&nbsp;<\/p>\n<p><strong>Observaciones\u00a0<\/strong><\/p>\n<p>AIJU se reserva el derecho a anular o aplazar este curso si no se llega a un m\u00ednimo de inscripciones.<\/p>\n","protected":false},"excerpt":{"rendered":"<p>Webinar sobre los aspectos b\u00e1sicos del Reglamento Europeo de Seguridad General de los Productos, de aplicaci\u00f3n a todos los productos de consumo desde el 13 de diciembre de 2024<\/p>\n<p><span data-teams=\"true\">\u00a0<\/span><\/p>\n","protected":false},"featured_media":5666,"comment_status":"closed","ping_status":"closed","template":"","meta":{"_acf_changed":false,"_vibebp_attr":"","_vibebp_dimensions":"","_vibebp_responsive_height":"","_vibebp_accordion_ie_support":""},"product_brand":[],"product_cat":[161,171],"product_tag":[],"class_list":{"0":"post-5659","1":"product","2":"type-product","3":"status-publish","4":"has-post-thumbnail","6":"product_cat-finalizado","7":"product_cat-formacion-no-bonificable","9":"first","10":"instock","11":"shipping-taxable","12":"product-type-simple"},"acf":[],"_links":{"self":[{"href":"https:\/\/formacionaiju.es\/en\/wp-json\/wp\/v2\/product\/5659","targetHints":{"allow":["GET"]}}],"collection":[{"href":"https:\/\/formacionaiju.es\/en\/wp-json\/wp\/v2\/product"}],"about":[{"href":"https:\/\/formacionaiju.es\/en\/wp-json\/wp\/v2\/types\/product"}],"replies":[{"embeddable":true,"href":"https:\/\/formacionaiju.es\/en\/wp-json\/wp\/v2\/comments?post=5659"}],"version-history":[{"count":8,"href":"https:\/\/formacionaiju.es\/en\/wp-json\/wp\/v2\/product\/5659\/revisions"}],"predecessor-version":[{"id":5714,"href":"https:\/\/formacionaiju.es\/en\/wp-json\/wp\/v2\/product\/5659\/revisions\/5714"}],"wp:featuredmedia":[{"embeddable":true,"href":"https:\/\/formacionaiju.es\/en\/wp-json\/wp\/v2\/media\/5666"}],"wp:attachment":[{"href":"https:\/\/formacionaiju.es\/en\/wp-json\/wp\/v2\/media?parent=5659"}],"wp:term":[{"taxonomy":"product_brand","embeddable":true,"href":"https:\/\/formacionaiju.es\/en\/wp-json\/wp\/v2\/product_brand?post=5659"},{"taxonomy":"product_cat","embeddable":true,"href":"https:\/\/formacionaiju.es\/en\/wp-json\/wp\/v2\/product_cat?post=5659"},{"taxonomy":"product_tag","embeddable":true,"href":"https:\/\/formacionaiju.es\/en\/wp-json\/wp\/v2\/product_tag?post=5659"}],"curies":[{"name":"wp","href":"https:\/\/api.w.org\/{rel}","templated":true}]}}