{"id":5686,"date":"2025-01-14T13:08:39","date_gmt":"2025-01-14T11:08:39","guid":{"rendered":"https:\/\/formacionaiju.es\/?post_type=product&#038;p=5686"},"modified":"2025-03-20T16:49:14","modified_gmt":"2025-03-20T14:49:14","slug":"novedades-brcgs-v7","status":"publish","type":"product","link":"https:\/\/formacionaiju.es\/en\/product\/novedades-brcgs-v7\/","title":{"rendered":"Novedades BRCGS v7"},"content":{"rendered":"<p style=\"text-align: left;\"><strong>Destinatarios\/as<\/strong><\/p>\n<p style=\"text-align: left;\"><span data-teams=\"true\"><span class=\"ui-provider a b c d e f g h i j k l m n o p q r s t u v w x y z ab ac ae af ag ah ai aj ak\" dir=\"ltr\">T\u00e9cnicos,\u00a0 responsables de calidad y seguridad alimentaria y otros trabajadores de empresas del sector pl\u00e1stico, as\u00ed como de otros materiales de envasado para entrar en contacto con alimentos<\/span><\/span><\/p>\n<p>&nbsp;<\/p>\n<p style=\"text-align: left;\"><strong>Objetivos<\/strong><\/p>\n<p style=\"text-align: left;\"><span data-olk-copy-source=\"MessageBody\">Dar a conocer a las empresas certificadas o interesadas en certificarse en la norma de calidad y seguridad alimentaria BRCGS para materiales de envasado los principales cambios incorporados en la nueva versi\u00f3n publicada (v7) en octubre del a\u00f1o 2024 respecto a la versi\u00f3n anterior de la norma.<\/span><\/p>\n<p>&nbsp;<\/p>\n<p><strong>Contenidos<\/strong><\/p>\n<p>Principales cambios en los requisitos de la versi\u00f3n 7 de la norma BRCGS para materiales de envasado respecto a la v6:<br \/>\n&#8211; Compromiso de la gerencia.<br \/>\n&#8211; An\u00e1lisis de peligros y evaluaci\u00f3n de riesgos.<br \/>\n&#8211; Sistema de gesti\u00f3n del seguridad y calidad del producto.<br \/>\n&#8211; Normas relativas a los establecimientos.<br \/>\n&#8211; Control de producto y procesos.<br \/>\n&#8211; Personal.<br \/>\n&#8211; Requisitos para productos comercializados.<\/p>\n<p>&nbsp;<\/p>\n<p style=\"text-align: left;\"><strong>CV Profesorado<\/strong><\/p>\n<p style=\"text-align: left;\"><strong>D\u00f1a. Raquel Berbegal:<\/strong> Licenciada en Ciencias Biol\u00f3gicas por la Universidad de Murcia, Es especialista t\u00e9cnico del \u00c1rea de Medio Ambiente de la U.T. Innovaci\u00f3n y Sostenibilidad de AIJU. Dispone de m\u00e1s de 14 a\u00f1os de experiencia asesorando a las empresas del sector juguete y del tejido industrial de la zona en gesti\u00f3n ambiental (asesoramiento t\u00e9cnico y legal, implantaci\u00f3n sistemas de gesti\u00f3n, integraci\u00f3n de sistemas, auditor\u00edas internas, \u2026). Ha llevado a cabo la gesti\u00f3n de proyectos de I+D+i nacionales e internacionales dentro de tres l\u00edneas de trabajo: implantaci\u00f3n de Mejores T\u00e9cnicas Disponibles (MTD&#8217;s) al sector, adaptaci\u00f3n del sector a legislaci\u00f3n ambiental emergente, ACV y ECODISE\u00d1O de productos. Desde el a\u00f1o 2008 trabaja en Sistemas de Gesti\u00f3n alimentarios (Sistema APPCC, Protocolo BRC\/IoP, etc.) y normas para la fabricaci\u00f3n de productos sanitarios tanto en tareas de implantaci\u00f3n y auditor\u00edas. Habitualmente realiza tambi\u00e9n una labor de formaci\u00f3n, concienciaci\u00f3n y sensibilizaci\u00f3n medioambiental y de gesti\u00f3n alimentaria mediante la impartici\u00f3n de charlas, cursos y participaci\u00f3n en congresos.<\/p>\n<p>&nbsp;<\/p>\n<p style=\"text-align: left;\"><strong>Precio<\/strong><\/p>\n<p style=\"text-align: left;\">Asociados\/as AIJU-desempleados\/as: 100 euros; 2\u00ba asistente y siguientes de la misma empresa: 90 euros.<br \/>\nNo asociados\/as AIJU: 120 euros; 2\u00ba asistente y siguientes de la misma empresa: 110 euros.<\/p>\n<p>10% Descuento para colegiados en Colegio Qu\u00edmicos Comunidad Valenciana<\/p>\n<p><strong>Coste m\u00e1ximo bonificable por alumno: 26\u20ac<\/strong><\/p>\n<p>&nbsp;<\/p>\n<p style=\"text-align: left;\"><strong>Observaciones:<\/strong><br \/>\nUna vez aceptada su solicitud, AIJU le indicar\u00e1 cu\u00e1ndo debe efectuar el pago.<br \/>\nIMPORTANTE: La solicitud de preinscripci\u00f3n es tambi\u00e9n un compromiso de pago en caso de ser admitido en la acci\u00f3n formativa. S\u00f3lo se admitir\u00e1n cancelaciones con derecho a devoluci\u00f3n o anulaci\u00f3n del pago, si se comunican a AIJU con al menos 5 d\u00edas laborables de antelaci\u00f3n a la fecha de inicio. Una vez confirmada la plaza al alumno\/a, si \u00e9ste no asistiera al curso y no lo notifica, se le cobrar\u00e1 el importe integro del mismo.<br \/>\n* BONIFICACI\u00d3N CURSOS: el importe de este curso puede bonificarse parcialmente si se solicita a la FUNDAE. Gesti\u00f3n de la bonificaci\u00f3n gratuita por parte de AIJU. Cons\u00faltenos.<br \/>\nAIJU se reserva el derecho a anular o aplazar este curso si no se llega a un m\u00ednimo de inscripciones.<\/p>\n","protected":false},"excerpt":{"rendered":"<p>Curso sobre la norma BRCGS para materiales de envasado, centrado en los principales cambios de la versi\u00f3n 7 (2024) y su impacto en las empresas certificadas o en proceso de certificaci\u00f3n.<\/p>\n","protected":false},"featured_media":5193,"comment_status":"closed","ping_status":"closed","template":"","meta":{"_acf_changed":false,"_vibebp_attr":"","_vibebp_dimensions":"","_vibebp_responsive_height":"","_vibebp_accordion_ie_support":""},"product_brand":[],"product_cat":[161,36],"product_tag":[],"class_list":{"0":"post-5686","1":"product","2":"type-product","3":"status-publish","4":"has-post-thumbnail","6":"product_cat-finalizado","7":"product_cat-parcialmente-bonificable","9":"first","10":"instock","11":"shipping-taxable","12":"product-type-simple"},"acf":[],"_links":{"self":[{"href":"https:\/\/formacionaiju.es\/en\/wp-json\/wp\/v2\/product\/5686","targetHints":{"allow":["GET"]}}],"collection":[{"href":"https:\/\/formacionaiju.es\/en\/wp-json\/wp\/v2\/product"}],"about":[{"href":"https:\/\/formacionaiju.es\/en\/wp-json\/wp\/v2\/types\/product"}],"replies":[{"embeddable":true,"href":"https:\/\/formacionaiju.es\/en\/wp-json\/wp\/v2\/comments?post=5686"}],"version-history":[{"count":8,"href":"https:\/\/formacionaiju.es\/en\/wp-json\/wp\/v2\/product\/5686\/revisions"}],"predecessor-version":[{"id":5689,"href":"https:\/\/formacionaiju.es\/en\/wp-json\/wp\/v2\/product\/5686\/revisions\/5689"}],"wp:featuredmedia":[{"embeddable":true,"href":"https:\/\/formacionaiju.es\/en\/wp-json\/wp\/v2\/media\/5193"}],"wp:attachment":[{"href":"https:\/\/formacionaiju.es\/en\/wp-json\/wp\/v2\/media?parent=5686"}],"wp:term":[{"taxonomy":"product_brand","embeddable":true,"href":"https:\/\/formacionaiju.es\/en\/wp-json\/wp\/v2\/product_brand?post=5686"},{"taxonomy":"product_cat","embeddable":true,"href":"https:\/\/formacionaiju.es\/en\/wp-json\/wp\/v2\/product_cat?post=5686"},{"taxonomy":"product_tag","embeddable":true,"href":"https:\/\/formacionaiju.es\/en\/wp-json\/wp\/v2\/product_tag?post=5686"}],"curies":[{"name":"wp","href":"https:\/\/api.w.org\/{rel}","templated":true}]}}