{"id":5700,"date":"2025-01-15T14:31:36","date_gmt":"2025-01-15T12:31:36","guid":{"rendered":"https:\/\/formacionaiju.es\/?post_type=product&#038;p=5700"},"modified":"2025-03-12T11:15:20","modified_gmt":"2025-03-12T09:15:20","slug":"taller-gestion-de-equipos","status":"publish","type":"product","link":"https:\/\/formacionaiju.es\/en\/product\/taller-gestion-de-equipos\/","title":{"rendered":"Taller gesti\u00f3n de equipos"},"content":{"rendered":"<p><strong>Destinatarios\/as<\/strong><br \/>\nProfesionales y en especial a Gerentes, Directivos, Ejecutivos y Mandos Intermedios que asumen el reto de liderar equipos o quieren prepararse para dominar las estrategias y habilidades necesarias para gestionar equipos de trabajo.<\/p>\n<p>&nbsp;<\/p>\n<p><strong>Objetivos<\/strong><br \/>\n&#8211; Apoyar el desarrollo del equipo de manera personalizada, alineando los objetivos. individuales, del equipo y de la organizaci\u00f3n.<br \/>\n&#8211; Crear fuertes lazos entre colaboradores.<br \/>\n&#8211; Favorecer la cohesi\u00f3n y motivaci\u00f3n.<br \/>\n&#8211; Identificar las caracter\u00edsticas del equipo de alto rendimiento.<br \/>\n&#8211; Desarrollo en mi equipo las caracter\u00edsticas de los equipos de AR.<\/p>\n<p>&nbsp;<\/p>\n<p><strong>Contenido<\/strong><br \/>\n&#8211; Importancia del trabajo en equipo y los beneficios de generar equipos de alto rendimiento.<br \/>\n&#8211; Diferencias fundamentales entre el trabajo en grupo y el trabajo en equipo. Din\u00e1mica grupal (Palos de Helio) para trabajar sobre la importancia y la dificultad de mantener alineados los objetivos individuales y los objetivos grupales.<br \/>\n&#8211; Caracter\u00edsticas de los equipos de trabajo y sobre todo de los equipos de alto rendimiento o alto desempe\u00f1o.<br \/>\n&#8211; Din\u00e1mica grupal identificaci\u00f3n de las caracter\u00edsticas tienen los equipos de trabajo y si se corresponden con las vistas anteriormente, para poder detectar las posibles \u00e1reas de mejora.<br \/>\n&#8211; Plan de acci\u00f3n.<\/p>\n<p>&nbsp;<\/p>\n<p><strong>CV Profesorado<\/strong><\/p>\n<p><strong>D. Ra\u00fal Gallego Rodr\u00edguez: <\/strong>Psic\u00f3logo, Coach, Formador Licenciado en Psicolog\u00eda Organizacional por la Universidad de Sevilla. M\u00e1ster en Psicolog\u00eda Positiva Aplicada por la Universidad Jaime I de Castell\u00f3n (UJI). Certificado en Coaching Ejecutivo y Organizacional por ICP (Instituto de Coaching y Mentoring Psicol\u00f3gico). Acreditado como Psic\u00f3logo-Coach por el Colegio Oficial de Psicolog\u00eda de Murcia. Cuenta con m\u00e1s de 25 a\u00f1os de experiencia como profesional de los recursos humanos, en el \u00e1rea de selecci\u00f3n, formaci\u00f3n y desarrollo de habilidades. Experto en Inteligencia Emocional, es coautor de varios libros \u201cPROGRAMA ARCO IRIS DE EDUCACION EMOCIONAL\u201d Begastri, Educaci\u00f3n Infantil y Primaria, Editorial Noubooks 2016. \u201cPROGRAMA ARCO IRIS DE EDUCACION EMOCIONAL\u201d Alquipir, Educaci\u00f3n Secundaria. Editorial Noubooks 2016. \u201cEL LIBRO DE LAS FAMILIAS, Juegos y din\u00e1micas para trabajar la Inteligencia Emocional en casa\u201d. Editorial Pluma Verde 2019. Actualmente trabaja como Orientador Laboral, adem\u00e1s de ejercer como Coach, Consultor y formador en el \u00e1rea de la Inteligencia Emocional, Psicolog\u00eda Positiva y desarrollo personal y profesional.<\/p>\n<p>&nbsp;<\/p>\n<p><strong>Precio<\/strong><br \/>\nAsociados\/as AIJU: 150 euros; 2\u00ba asistente y siguientes de la misma empresa: 135 euros.<br \/>\nNo asociados\/as AIJU: 180 euros; 2\u00ba asistente y siguientes de la misma empresa: 165 euros.<\/p>\n<p>10% Descuento para colegiados en Colegio Qu\u00edmicos Comunidad Valenciana<\/p>\n<p><strong>Coste m\u00e1ximo bonificable por alumno: 104<\/strong>\u20ac<\/p>\n<p>&nbsp;<\/p>\n<p><strong>Observaciones<\/strong><br \/>\nUna vez aceptada su solicitud, AIJU le indicar\u00e1 cu\u00e1ndo debe efectuar el pago.<br \/>\nIMPORTANTE: La solicitud de preinscripci\u00f3n es tambi\u00e9n un compromiso de pago en caso de ser admitido en la acci\u00f3n formativa. S\u00f3lo se admitir\u00e1n cancelaciones con derecho a devoluci\u00f3n o anulaci\u00f3n del pago, si se comunican a AIJU con al menos 5 d\u00edas laborables de antelaci\u00f3n a la fecha de inicio. Una vez confirmada la plaza al alumno\/a, si \u00e9ste no asistiera al curso y no lo notifica, se le cobrar\u00e1 el importe integro del mismo.<br \/>\n* BONIFICACI\u00d3N CURSOS: el importe de este curso puede bonificarse parcialmente si se solicita a la FUNDAE. Gesti\u00f3n de la bonificaci\u00f3n gratuita por parte de AIJU. Cons\u00faltenos.<\/p>\n","protected":false},"excerpt":{"rendered":"<p>Curso enfocado en el desarrollo de habilidades para liderar, motivar y gestionar equipos de manera eficiente, promoviendo la comunicaci\u00f3n y el trabajo colaborativo.<\/p>\n","protected":false},"featured_media":5701,"comment_status":"closed","ping_status":"closed","template":"","meta":{"_acf_changed":false,"_vibebp_attr":"","_vibebp_dimensions":"","_vibebp_responsive_height":"","_vibebp_accordion_ie_support":""},"product_brand":[],"product_cat":[161,36],"product_tag":[],"class_list":{"0":"post-5700","1":"product","2":"type-product","3":"status-publish","4":"has-post-thumbnail","6":"product_cat-finalizado","7":"product_cat-parcialmente-bonificable","9":"first","10":"instock","11":"shipping-taxable","12":"product-type-simple"},"acf":[],"_links":{"self":[{"href":"https:\/\/formacionaiju.es\/en\/wp-json\/wp\/v2\/product\/5700","targetHints":{"allow":["GET"]}}],"collection":[{"href":"https:\/\/formacionaiju.es\/en\/wp-json\/wp\/v2\/product"}],"about":[{"href":"https:\/\/formacionaiju.es\/en\/wp-json\/wp\/v2\/types\/product"}],"replies":[{"embeddable":true,"href":"https:\/\/formacionaiju.es\/en\/wp-json\/wp\/v2\/comments?post=5700"}],"version-history":[{"count":5,"href":"https:\/\/formacionaiju.es\/en\/wp-json\/wp\/v2\/product\/5700\/revisions"}],"predecessor-version":[{"id":5869,"href":"https:\/\/formacionaiju.es\/en\/wp-json\/wp\/v2\/product\/5700\/revisions\/5869"}],"wp:featuredmedia":[{"embeddable":true,"href":"https:\/\/formacionaiju.es\/en\/wp-json\/wp\/v2\/media\/5701"}],"wp:attachment":[{"href":"https:\/\/formacionaiju.es\/en\/wp-json\/wp\/v2\/media?parent=5700"}],"wp:term":[{"taxonomy":"product_brand","embeddable":true,"href":"https:\/\/formacionaiju.es\/en\/wp-json\/wp\/v2\/product_brand?post=5700"},{"taxonomy":"product_cat","embeddable":true,"href":"https:\/\/formacionaiju.es\/en\/wp-json\/wp\/v2\/product_cat?post=5700"},{"taxonomy":"product_tag","embeddable":true,"href":"https:\/\/formacionaiju.es\/en\/wp-json\/wp\/v2\/product_tag?post=5700"}],"curies":[{"name":"wp","href":"https:\/\/api.w.org\/{rel}","templated":true}]}}