{"id":5767,"date":"2025-02-03T13:37:00","date_gmt":"2025-02-03T11:37:00","guid":{"rendered":"https:\/\/formacionaiju.es\/?post_type=product&#038;p=5767"},"modified":"2025-05-19T11:21:12","modified_gmt":"2025-05-19T09:21:12","slug":"taller-practico-huella-de-carbono","status":"publish","type":"product","link":"https:\/\/formacionaiju.es\/en\/product\/taller-practico-huella-de-carbono\/","title":{"rendered":"Taller pr\u00e1ctico: Huella de carbono"},"content":{"rendered":"<p style=\"text-align: left;\"><strong>Destinatarios:<\/strong><\/p>\n<p>Trabajadores\/as en activo, desempleados\/as.<\/p>\n<p>&nbsp;<\/p>\n<p style=\"text-align: left;\"><strong>Objetivos:<\/strong><br \/>\n&#8211; Comprender los conceptos fundamentales de la huella de carbono, su origen, metodolog\u00eda de c\u00e1lculo y su impacto en la sostenibilidad empresarial.<br \/>\n&#8211; Conocer las normativas y requisitos de certificaci\u00f3n, tanto a nivel europeo, nacional y auton\u00f3mico, as\u00ed como los sellos y certificaciones disponibles.<br \/>\n&#8211; Identificar estrategias para la reducci\u00f3n y compensaci\u00f3n de la huella de carbono, aplicando planes de mejora en procesos corporativos y productos.<\/p>\n<p>&nbsp;<\/p>\n<p style=\"text-align: left;\"><strong>Contenidos:<\/strong><\/p>\n<p>1. INTRODUCCI\u00d3N: CONCEPTOS GENERALES, OR\u00cdGENES, ACTUALIDAD<br \/>\n2. HUELLA DE CARBONO CORPORATIVA<br \/>\n2.1 ALCANCE 1+2 Y ALCANCE 3<br \/>\n2.2 METODOLOG\u00cdA (Recopilaci\u00f3n de datos, c\u00e1lculos e informes)<br \/>\n2.3 VERIFICACI\u00d3N (Requisitos\/Entidades)<br \/>\n2.4 EJEMPLO (Documentaci\u00f3n, solicitud y registro)<br \/>\n3. HUELLA DE CARBONO DE PRODUCTO<br \/>\n3.1 METODOLOG\u00cdA (Herramientas y Etapas)<br \/>\n3.2 EJEMPLO (Documentaci\u00f3n)<br \/>\n4. ESTRATEGIAS DE REDUCCI\u00d3N: PLAN DE MEJORA\/REDUCCI\u00d3N\/COMPENSACI\u00d3N<br \/>\n5. NORMATIVA: EUROPEA, ESPA\u00d1OLA Y AUTON\u00d3MICA<br \/>\n6. COMUNICACI\u00d3N Y CERTIFICACI\u00d3N: SELLOS\/CERTIFICADOS, USOS<\/p>\n<p>&nbsp;<\/p>\n<p style=\"text-align: left;\"><strong>Pofesorado:<\/strong><\/p>\n<p><strong>D. Guillermo Abad. <\/strong>Graduado en Ciencias Ambientales por la Universidad Polit\u00e9cnica de Valencia. Trabajando en el departamento de Innovaci\u00f3n y Sostenibilidad como T\u00e9cnico en Medioambiente y Econom\u00eda Circular en el Instituto Tecnol\u00f3gico de Producto Infantil y Ocio (AIJU) en Proyectos europeos, proyectos relacionados con la sostenibilidad, c\u00e1lculo de huella de carbono y auditor\u00edas de calidad ISO 9001:2015.<\/p>\n<p>&nbsp;<\/p>\n<p style=\"text-align: left;\"><strong>Precio:<\/strong><br \/>\nAsociados\/as AIJU\/desempleados\/as: 100 euros; 2\u00ba asistente y siguientes de la misma empresa: 90\u00a0 euros.<br \/>\nNo asociados\/as AIJU: 120 euros; 2\u00ba asistente y siguientes de la misma empresa: 110 euros.<\/p>\n<p>&nbsp;<\/p>\n<p style=\"text-align: left;\"><strong>Observaciones:<\/strong><br \/>\nUna vez aceptada su solicitud, AIJU le indicar\u00e1 cu\u00e1ndo debe efectuar el pago.<br \/>\nIMPORTANTE: La solicitud de preinscripci\u00f3n es tambi\u00e9n un compromiso de pago en caso de ser admitido en la acci\u00f3n formativa. S\u00f3lo se admitir\u00e1n cancelaciones con derecho a devoluci\u00f3n o anulaci\u00f3n del pago, si se comunican a AIJU con al menos 5 d\u00edas laborables de antelaci\u00f3n a la fecha de inicio. Una vez confirmada la plaza al alumno\/a, si \u00e9ste no asistiera al curso y no lo notifica, se le cobrar\u00e1 el importe integro del mismo.<br \/>\n* BONIFICACI\u00d3N CURSOS: el importe de este curso puede bonificarse parcialmente si se solicita a la FUNDAE. Gesti\u00f3n de la bonificaci\u00f3n gratuita por parte de AIJU. Cons\u00faltenos<\/p>\n","protected":false},"excerpt":{"rendered":"<p><span style=\"color: #339966;\"><strong>\u00a1\u00a1\u00daLTIMAS PLAZAS!!<\/strong><\/span><\/p>\n<p>Descubre el verdadero impacto ambiental de tu empresa. Aprende a calcular, interpretar y reducir la huella de carbono con un enfoque pr\u00e1ctico y aplicado.<\/p>\n<p>&nbsp;<\/p>\n","protected":false},"featured_media":5768,"comment_status":"closed","ping_status":"closed","template":"","meta":{"_acf_changed":false,"_vibebp_attr":"","_vibebp_dimensions":"","_vibebp_responsive_height":"","_vibebp_accordion_ie_support":""},"product_brand":[],"product_cat":[161,36],"product_tag":[],"class_list":{"0":"post-5767","1":"product","2":"type-product","3":"status-publish","4":"has-post-thumbnail","6":"product_cat-finalizado","7":"product_cat-parcialmente-bonificable","9":"first","10":"instock","11":"shipping-taxable","12":"product-type-simple"},"acf":[],"_links":{"self":[{"href":"https:\/\/formacionaiju.es\/en\/wp-json\/wp\/v2\/product\/5767","targetHints":{"allow":["GET"]}}],"collection":[{"href":"https:\/\/formacionaiju.es\/en\/wp-json\/wp\/v2\/product"}],"about":[{"href":"https:\/\/formacionaiju.es\/en\/wp-json\/wp\/v2\/types\/product"}],"replies":[{"embeddable":true,"href":"https:\/\/formacionaiju.es\/en\/wp-json\/wp\/v2\/comments?post=5767"}],"version-history":[{"count":4,"href":"https:\/\/formacionaiju.es\/en\/wp-json\/wp\/v2\/product\/5767\/revisions"}],"predecessor-version":[{"id":6064,"href":"https:\/\/formacionaiju.es\/en\/wp-json\/wp\/v2\/product\/5767\/revisions\/6064"}],"wp:featuredmedia":[{"embeddable":true,"href":"https:\/\/formacionaiju.es\/en\/wp-json\/wp\/v2\/media\/5768"}],"wp:attachment":[{"href":"https:\/\/formacionaiju.es\/en\/wp-json\/wp\/v2\/media?parent=5767"}],"wp:term":[{"taxonomy":"product_brand","embeddable":true,"href":"https:\/\/formacionaiju.es\/en\/wp-json\/wp\/v2\/product_brand?post=5767"},{"taxonomy":"product_cat","embeddable":true,"href":"https:\/\/formacionaiju.es\/en\/wp-json\/wp\/v2\/product_cat?post=5767"},{"taxonomy":"product_tag","embeddable":true,"href":"https:\/\/formacionaiju.es\/en\/wp-json\/wp\/v2\/product_tag?post=5767"}],"curies":[{"name":"wp","href":"https:\/\/api.w.org\/{rel}","templated":true}]}}