{"id":5797,"date":"2025-02-05T10:37:53","date_gmt":"2025-02-05T08:37:53","guid":{"rendered":"https:\/\/formacionaiju.es\/?post_type=product&#038;p=5797"},"modified":"2025-03-12T11:13:09","modified_gmt":"2025-03-12T09:13:09","slug":"webinar-novedades-en-los-articulos-metalicos-en-contacto-con-los-alimentos","status":"publish","type":"product","link":"https:\/\/formacionaiju.es\/en\/product\/webinar-novedades-en-los-articulos-metalicos-en-contacto-con-los-alimentos\/","title":{"rendered":"Webinar: Novedades en los art\u00edculos met\u00e1licos en contacto con los alimentos"},"content":{"rendered":"<p style=\"text-align: left;\"><strong>Destinatarios\/as<\/strong><\/p>\n<p>Empresas fabricantes e importadores de materiales y de art\u00edculos met\u00e1licos en contacto con los alimentos<\/p>\n<p>&nbsp;<\/p>\n<p style=\"text-align: left;\"><strong>Objetivos<\/strong><\/p>\n<p class=\"_04xlpA direction-ltr align-justify para-style-body\" style=\"text-align: left;\">Conocer las novedades que el Consejo de Europa ha publicado en relaci\u00f3n a la seguridad de los art\u00edculos met\u00e1licos en contacto con los alimentos.<\/p>\n<p>&nbsp;<\/p>\n<p style=\"text-align: left;\"><strong>Contenido<\/strong><\/p>\n<p>&#8211; Entorno legislativo<br \/>\n&#8211; Consejo de Europa y la Resoluci\u00f3n CM\/Res (2020)9: Principios y gu\u00edas t\u00e9cnicas<br \/>\n&#8211; Mecanismos para la evaluaci\u00f3n de la conformidad<\/p>\n<p>&nbsp;<\/p>\n<p style=\"text-align: left;\"><strong>CV Profesorado<\/strong><\/p>\n<p><strong>D\u00f1a. Luisa Mar\u00edn: <\/strong>Doctora en Ciencias Qu\u00edmicas por la Universidad de Alicante en la rama de Qu\u00edmica Anal\u00edtica. Empez\u00f3 como t\u00e9cnico especialista en el Laboratorio de AIJU hace m\u00e1s de 25 a\u00f1os y actualmente es responsable del \u00e1rea qu\u00edmica. Experta en legislaci\u00f3n y normativa qu\u00edmica de productos de consumo, campo en el que desarrolla su actividad profesional y en el que ha publicado diferentes trabajos tanto de car\u00e1cter cient\u00edfico como t\u00e9cnico. Amplia experiencia en servicios tecnol\u00f3gicos y servicios a empresas de diferentes sectores industriales (juguete, pl\u00e1stico, alimentaci\u00f3n\u2026). Investigadora en gran cantidad de proyectos de I+D nacionales e internacionales. Es docente habitual y ha realizado ponencias en congresos, jornadas y talleres formativos vinculados a estas tem\u00e1ticas.<\/p>\n<p>&nbsp;<\/p>\n<p style=\"text-align: left;\"><strong>Precio<\/strong><\/p>\n<p style=\"text-align: left;\">Asociados\/as AIJU\/desempleados\/as: 60 euros.<br \/>\nNo asociados\/as AIJU: 70 euros.<\/p>\n<p>&nbsp;<\/p>\n<p>&nbsp;<\/p>\n<p><strong>Observaciones\u00a0<\/strong><\/p>\n<p>IMPORTANTE: La solicitud de preinscripci\u00f3n es tambi\u00e9n un compromiso de pago en caso de ser admitido en la acci\u00f3n formativa. S\u00f3lo se admitir\u00e1n cancelaciones con derecho a devoluci\u00f3n o anulaci\u00f3n del pago, si se comunican a AIJU con al menos 5 d\u00edas laborables de antelaci\u00f3n a la fecha de inicio. Una vez confirmada la plaza al alumno, si \u00e9ste no asistiera al curso y no lo notifica, se le cobrar\u00e1 el importe \u00edntegro del mismo.<\/p>\n<p>AIJU se reserva el derecho a anular o aplazar este curso si no se llega a un m\u00ednimo de inscripciones.<\/p>\n","protected":false},"excerpt":{"rendered":"<p>Conoce los principales par\u00e1metros que determinan la conformidad de los materiales y los art\u00edculos met\u00e1licos destinados al contacto con los alimentos.<\/p>\n","protected":false},"featured_media":5798,"comment_status":"closed","ping_status":"closed","template":"","meta":{"_acf_changed":false,"_vibebp_attr":"","_vibebp_dimensions":"","_vibebp_responsive_height":"","_vibebp_accordion_ie_support":""},"product_brand":[],"product_cat":[161,176],"product_tag":[],"class_list":{"0":"post-5797","1":"product","2":"type-product","3":"status-publish","4":"has-post-thumbnail","6":"product_cat-finalizado","7":"product_cat-webinar","9":"first","10":"instock","11":"shipping-taxable","12":"product-type-simple"},"acf":[],"_links":{"self":[{"href":"https:\/\/formacionaiju.es\/en\/wp-json\/wp\/v2\/product\/5797","targetHints":{"allow":["GET"]}}],"collection":[{"href":"https:\/\/formacionaiju.es\/en\/wp-json\/wp\/v2\/product"}],"about":[{"href":"https:\/\/formacionaiju.es\/en\/wp-json\/wp\/v2\/types\/product"}],"replies":[{"embeddable":true,"href":"https:\/\/formacionaiju.es\/en\/wp-json\/wp\/v2\/comments?post=5797"}],"version-history":[{"count":3,"href":"https:\/\/formacionaiju.es\/en\/wp-json\/wp\/v2\/product\/5797\/revisions"}],"predecessor-version":[{"id":5801,"href":"https:\/\/formacionaiju.es\/en\/wp-json\/wp\/v2\/product\/5797\/revisions\/5801"}],"wp:featuredmedia":[{"embeddable":true,"href":"https:\/\/formacionaiju.es\/en\/wp-json\/wp\/v2\/media\/5798"}],"wp:attachment":[{"href":"https:\/\/formacionaiju.es\/en\/wp-json\/wp\/v2\/media?parent=5797"}],"wp:term":[{"taxonomy":"product_brand","embeddable":true,"href":"https:\/\/formacionaiju.es\/en\/wp-json\/wp\/v2\/product_brand?post=5797"},{"taxonomy":"product_cat","embeddable":true,"href":"https:\/\/formacionaiju.es\/en\/wp-json\/wp\/v2\/product_cat?post=5797"},{"taxonomy":"product_tag","embeddable":true,"href":"https:\/\/formacionaiju.es\/en\/wp-json\/wp\/v2\/product_tag?post=5797"}],"curies":[{"name":"wp","href":"https:\/\/api.w.org\/{rel}","templated":true}]}}