{"id":5839,"date":"2025-02-25T11:36:50","date_gmt":"2025-02-25T09:36:50","guid":{"rendered":"https:\/\/formacionaiju.es\/?post_type=product&#038;p=5839"},"modified":"2025-05-09T08:42:02","modified_gmt":"2025-05-09T06:42:02","slug":"gestion-del-talento-y-bienestar-corporativo","status":"publish","type":"product","link":"https:\/\/formacionaiju.es\/en\/product\/gestion-del-talento-y-bienestar-corporativo\/","title":{"rendered":"Gesti\u00f3n del talento y bienestar corporativo"},"content":{"rendered":"<p><strong>Destinatarios\/as<\/strong><\/p>\n<p>Profesionales de recursos humanos, l\u00edderes empresariales y responsables de gesti\u00f3n del talento que buscan mejorar sus estrategias de atracci\u00f3n, desarrollo y fidelizaci\u00f3n de talento en sus organizaciones. Tambi\u00e9n es relevante para directivos, gerentes y emprendedores interesados en optimizar la cultura organizacional y fortalecer el liderazgo en sus equipos.<\/p>\n<p>&nbsp;<\/p>\n<p><strong>Objetivos<\/strong><br \/>\n&#8211; Comprender los fundamentos de la gesti\u00f3n del talento en las organizaciones.<br \/>\n&#8211; Analizar el ciclo de vida del talento.<br \/>\n&#8211; Identificar los factores clave en la gesti\u00f3n del talento en un entorno empresarial moderno.<\/p>\n<p>&nbsp;<\/p>\n<p><strong>Contenido<\/strong><\/p>\n<p>BLOQUE 1: Introducci\u00f3n a la Gesti\u00f3n del Talento<br \/>\n\u00bfQu\u00e9 es el Talento?<br \/>\n\u00bfQu\u00e9 entendemos por gesti\u00f3n del talento dentro de las organizaciones?<br \/>\nEstructura organizativa: Dise\u00f1o de Puestos de trabajo y Organigrama<br \/>\nModelo de competencias<\/p>\n<p>BLOQUE 2: El ciclo Vital del Talento<br \/>\nEmployer branding: Atracci\u00f3n y Selecci\u00f3n de Talento<br \/>\nImpacto de la IA en la atracci\u00f3n y selecci\u00f3n de Talento<br \/>\nOn boarding e integraci\u00f3n cultural<br \/>\nFormaci\u00f3n y desarrollo del Talento<br \/>\nFidelizaci\u00f3n del Talento<br \/>\nDesvinculaci\u00f3n (outplacement)<\/p>\n<p>BLOQUE 3: Factores clave en la gesti\u00f3n del Talento<br \/>\nEl nuevo rol de recursos humanos<br \/>\nEl liderazgo y la cultura empresarial<br \/>\nLa experiencia del empleado<br \/>\n&#8211; Bienestar y salud organizaci\u00f3n<br \/>\n&#8211; Conciliaci\u00f3n y Flexibilidad<br \/>\n&#8211; Meritocracia<br \/>\n&#8211; Sistema de compensaci\u00f3n y beneficios<\/p>\n<p>&nbsp;<\/p>\n<p><strong>CV Profesorado<\/strong><\/p>\n<p><strong>D\u00f1a. Cristina Mulero Calvo: <\/strong>Licenciada en Psicolog\u00eda \/ M\u00e1ster Executive en Direcci\u00f3n de RRHH \/ M\u00e1ster en Consultor\u00eda de Empresas. + de 20 a\u00f1os de experiencia en Selecci\u00f3n y Headhunting, Consultor\u00eda de RRHH y Formaci\u00f3n. Formadora en escuelas de negocio como Fundesem, Aquora business education, EOI, etc. CEO en Brandty, empresa dedicada a la Selecci\u00f3n y al Consultor\u00eda de Recursos Humanos.<\/p>\n<p>&nbsp;<\/p>\n<p><strong>Precio<\/strong><br \/>\nAsociados\/as AIJU: 300 euros; 2\u00ba asistente y siguientes de la misma empresa: 270 euros.<br \/>\nNo asociados\/as AIJU: 360 euros; 2\u00ba asistente y siguientes de la misma empresa: 330 euros.<\/p>\n<p><strong>Coste m\u00e1ximo bonificable por alumno: 104<\/strong>\u20ac<\/p>\n<p>&nbsp;<\/p>\n<p><strong>Observaciones<\/strong><br \/>\nUna vez aceptada su solicitud, AIJU le indicar\u00e1 cu\u00e1ndo debe efectuar el pago.<br \/>\nIMPORTANTE: La solicitud de preinscripci\u00f3n es tambi\u00e9n un compromiso de pago en caso de ser admitido en la acci\u00f3n formativa. S\u00f3lo se admitir\u00e1n cancelaciones con derecho a devoluci\u00f3n o anulaci\u00f3n del pago, si se comunican a AIJU con al menos 5 d\u00edas laborables de antelaci\u00f3n a la fecha de inicio. Una vez confirmada la plaza al alumno\/a, si \u00e9ste no asistiera al curso y no lo notifica, se le cobrar\u00e1 el importe integro del mismo.<br \/>\n* BONIFICACI\u00d3N CURSOS: el importe de este curso puede bonificarse parcialmente si se solicita a la FUNDAE. Gesti\u00f3n de la bonificaci\u00f3n gratuita por parte de AIJU. Cons\u00faltenos.<\/p>\n","protected":false},"excerpt":{"rendered":"<p>Consigue estrategias para atraer, desarrollar y retener talento, fomentando el bienestar y la productividad en la empresa. Ideal para l\u00edderes y profesionales de RR.HH.<\/p>\n","protected":false},"featured_media":5840,"comment_status":"closed","ping_status":"closed","template":"","meta":{"_acf_changed":false,"_vibebp_attr":"","_vibebp_dimensions":"","_vibebp_responsive_height":"","_vibebp_accordion_ie_support":""},"product_brand":[],"product_cat":[161,36],"product_tag":[],"class_list":{"0":"post-5839","1":"product","2":"type-product","3":"status-publish","4":"has-post-thumbnail","6":"product_cat-finalizado","7":"product_cat-parcialmente-bonificable","9":"first","10":"instock","11":"shipping-taxable","12":"product-type-simple"},"acf":[],"_links":{"self":[{"href":"https:\/\/formacionaiju.es\/en\/wp-json\/wp\/v2\/product\/5839","targetHints":{"allow":["GET"]}}],"collection":[{"href":"https:\/\/formacionaiju.es\/en\/wp-json\/wp\/v2\/product"}],"about":[{"href":"https:\/\/formacionaiju.es\/en\/wp-json\/wp\/v2\/types\/product"}],"replies":[{"embeddable":true,"href":"https:\/\/formacionaiju.es\/en\/wp-json\/wp\/v2\/comments?post=5839"}],"version-history":[{"count":5,"href":"https:\/\/formacionaiju.es\/en\/wp-json\/wp\/v2\/product\/5839\/revisions"}],"predecessor-version":[{"id":5843,"href":"https:\/\/formacionaiju.es\/en\/wp-json\/wp\/v2\/product\/5839\/revisions\/5843"}],"wp:featuredmedia":[{"embeddable":true,"href":"https:\/\/formacionaiju.es\/en\/wp-json\/wp\/v2\/media\/5840"}],"wp:attachment":[{"href":"https:\/\/formacionaiju.es\/en\/wp-json\/wp\/v2\/media?parent=5839"}],"wp:term":[{"taxonomy":"product_brand","embeddable":true,"href":"https:\/\/formacionaiju.es\/en\/wp-json\/wp\/v2\/product_brand?post=5839"},{"taxonomy":"product_cat","embeddable":true,"href":"https:\/\/formacionaiju.es\/en\/wp-json\/wp\/v2\/product_cat?post=5839"},{"taxonomy":"product_tag","embeddable":true,"href":"https:\/\/formacionaiju.es\/en\/wp-json\/wp\/v2\/product_tag?post=5839"}],"curies":[{"name":"wp","href":"https:\/\/api.w.org\/{rel}","templated":true}]}}